{"id":1148,"date":"2019-10-03T12:37:36","date_gmt":"2019-10-03T10:37:36","guid":{"rendered":"https:\/\/svt-dalaine.fr\/svt\/?page_id=1148"},"modified":"2019-10-28T09:31:01","modified_gmt":"2019-10-28T08:31:01","slug":"chapitre-1-3-une-structure-complexe-la-cellule-vivante","status":"publish","type":"page","link":"https:\/\/svt-dalaine.fr\/svt\/chapitre-1-3-une-structure-complexe-la-cellule-vivante\/","title":{"rendered":"Chapitre 1.3- une structure complexe : la cellule vivante"},"content":{"rendered":"\t\t<div data-elementor-type=\"wp-page\" data-elementor-id=\"1148\" class=\"elementor elementor-1148\">\n\t\t\t\t\t\t<section class=\"elementor-section elementor-top-section elementor-element elementor-element-158b336 elementor-section-boxed elementor-section-height-default elementor-section-height-default\" data-id=\"158b336\" data-element_type=\"section\">\n\t\t\t\t\t\t<div class=\"elementor-container elementor-column-gap-default\">\n\t\t\t\t\t<div class=\"elementor-column elementor-col-100 elementor-top-column elementor-element elementor-element-a7d3cb0\" data-id=\"a7d3cb0\" data-element_type=\"column\">\n\t\t\t<div class=\"elementor-widget-wrap elementor-element-populated\">\n\t\t\t\t\t\t<div class=\"elementor-element elementor-element-e5b9335 elementor-widget elementor-widget-video\" data-id=\"e5b9335\" data-element_type=\"widget\" data-settings=\"{&quot;youtube_url&quot;:&quot;https:\\\/\\\/youtu.be\\\/4OpBylwH9DU&quot;,&quot;video_type&quot;:&quot;youtube&quot;,&quot;controls&quot;:&quot;yes&quot;}\" data-widget_type=\"video.default\">\n\t\t\t\t<div class=\"elementor-widget-container\">\n\t\t\t\t\t<div class=\"elementor-wrapper elementor-open-inline\">\n\t\t\t<div class=\"elementor-video\"><\/div>\t\t<\/div>\n\t\t\t\t<\/div>\n\t\t\t\t<\/div>\n\t\t\t\t\t<\/div>\n\t\t<\/div>\n\t\t\t\t\t<\/div>\n\t\t<\/section>\n\t\t\t\t<section class=\"elementor-section elementor-top-section elementor-element elementor-element-f7e8d6b elementor-section-boxed elementor-section-height-default elementor-section-height-default\" data-id=\"f7e8d6b\" data-element_type=\"section\">\n\t\t\t\t\t\t<div class=\"elementor-container elementor-column-gap-default\">\n\t\t\t\t\t<div class=\"elementor-column elementor-col-50 elementor-top-column elementor-element elementor-element-af02718\" data-id=\"af02718\" data-element_type=\"column\">\n\t\t\t<div class=\"elementor-widget-wrap elementor-element-populated\">\n\t\t\t\t\t\t<div class=\"elementor-element elementor-element-6b2b2d9 elementor-widget elementor-widget-text-editor\" data-id=\"6b2b2d9\" data-element_type=\"widget\" data-widget_type=\"text-editor.default\">\n\t\t\t\t<div class=\"elementor-widget-container\">\n\t\t\t\t\t\t\t<p><strong><u>Chapitre 1.3- une structure complexe\u00a0: la cellule vivante<\/u><\/strong><\/p><p>Dans le monde, la mati\u00e8re s\u2019organise en structure d\u2019ordre sup\u00e9rieur \u00e0 l\u2019\u00e9chelle mol\u00e9culaire: la structure cellulaire.<\/p><p>Il vous faudra recopier le cours en visualisant le diaporama. Les diapositives \u00e0 recopier sont nomm\u00e9es &#8220;traces \u00e9crites&#8221;: <a href=\"https:\/\/svt-dalaine.fr\/svt\/wp-content\/uploads\/2019\/10\/1_ES_Theme_1_3_theorie_cellulaire_C4_C5.pdf\">1_ES_Theme_1_3_theorie_cellulaire_C4_C5<\/a><\/p><p><strong>I. La d\u00e9couverte de l\u2019unit\u00e9 cellulaire est li\u00e9e \u00e0 l\u2019invention du microscope<\/strong><\/p><p><strong>II. La cellule est l\u2019unit\u00e9 constitutive de tous les \u00eatres vivants<\/strong><\/p><p><a href=\"https:\/\/svt-dalaine.fr\/svt\/wp-content\/uploads\/2019\/10\/1_ES_The\u0300me_1_3_TP_MO_MEB_MET_2019.pdf\">TP 4 MO, MEB, MET, les ordres de grandeur<\/a><\/p><p>Apr\u00e8s avoir suivi la pr\u00e9sentation du professeur, testez vos connaissances sur les personnages ayant contribu\u00e9 \u00e0 la construction de la th\u00e9orie cellulaire: fa\u00eetes une partie de <a href=\"https:\/\/view.genial.ly\/5d77bf253f1b540fa9289b6d\/game-qui-est-ce-theorie-cellulaire\">QUI-EST-CE<\/a><\/p><p><a href=\"https:\/\/view.genial.ly\/5d3b62dccf1fde0f1a74a08a\/horizontal-infographic-review-la-theorie-cellulaire\">Voici une activit\u00e9 de qualit\u00e9 pour confirmer vos connaissances sur la th\u00e9orie cellulaire<\/a>.<\/p><p>Enfin, un moyen rapide de r\u00e9viser: <a href=\"https:\/\/www.lesbonsprofs.com\/espace\/premiere\/generale\/sciences\/une-longue-histoire-de-la-matiere\/2238\">une vid\u00e9o<\/a><\/p>\t\t\t\t\t\t<\/div>\n\t\t\t\t<\/div>\n\t\t\t\t\t<\/div>\n\t\t<\/div>\n\t\t\t\t<div class=\"elementor-column elementor-col-50 elementor-top-column elementor-element elementor-element-63b8e63\" data-id=\"63b8e63\" data-element_type=\"column\">\n\t\t\t<div class=\"elementor-widget-wrap elementor-element-populated\">\n\t\t\t\t\t\t<div class=\"elementor-element elementor-element-141147f elementor-widget elementor-widget-image\" data-id=\"141147f\" data-element_type=\"widget\" data-widget_type=\"image.default\">\n\t\t\t\t<div class=\"elementor-widget-container\">\n\t\t\t\t\t\t\t\t\t\t\t\t\t<img fetchpriority=\"high\" decoding=\"async\" width=\"640\" height=\"638\" src=\"https:\/\/svt-dalaine.fr\/svt\/wp-content\/uploads\/2019\/10\/IMG_2913-1024x1021.png\" class=\"attachment-large size-large wp-image-1161\" alt=\"\" srcset=\"https:\/\/svt-dalaine.fr\/svt\/wp-content\/uploads\/2019\/10\/IMG_2913-1024x1021.png 1024w, https:\/\/svt-dalaine.fr\/svt\/wp-content\/uploads\/2019\/10\/IMG_2913-150x150.png 150w, https:\/\/svt-dalaine.fr\/svt\/wp-content\/uploads\/2019\/10\/IMG_2913-300x300.png 300w, https:\/\/svt-dalaine.fr\/svt\/wp-content\/uploads\/2019\/10\/IMG_2913-768x766.png 768w, https:\/\/svt-dalaine.fr\/svt\/wp-content\/uploads\/2019\/10\/IMG_2913-271x270.png 271w\" sizes=\"(max-width: 640px) 100vw, 640px\" \/>\t\t\t\t\t\t\t\t\t\t\t\t\t<\/div>\n\t\t\t\t<\/div>\n\t\t\t\t\t<\/div>\n\t\t<\/div>\n\t\t\t\t\t<\/div>\n\t\t<\/section>\n\t\t\t\t<section class=\"elementor-section elementor-top-section elementor-element elementor-element-63e8d7f elementor-section-boxed elementor-section-height-default elementor-section-height-default\" data-id=\"63e8d7f\" data-element_type=\"section\">\n\t\t\t\t\t\t<div class=\"elementor-container elementor-column-gap-default\">\n\t\t\t\t\t<div class=\"elementor-column elementor-col-100 elementor-top-column elementor-element elementor-element-080c3f6\" data-id=\"080c3f6\" data-element_type=\"column\">\n\t\t\t<div class=\"elementor-widget-wrap elementor-element-populated\">\n\t\t\t\t\t\t<div class=\"elementor-element elementor-element-8216933 elementor-widget elementor-widget-html\" data-id=\"8216933\" data-element_type=\"widget\" data-widget_type=\"html.default\">\n\t\t\t\t<div class=\"elementor-widget-container\">\n\t\t\t<div style=\"width: 100%;\"><div style=\"position: relative; padding-bottom: 56.25%; padding-top: 0; height: 0;\"><iframe frameborder=\"0\" width=\"1200px\" height=\"675px\" style=\"position: absolute; top: 0; left: 0; width: 100%; height: 100%;\" src=\"https:\/\/view.genial.ly\/5d77bf253f1b540fa9289b6d\" type=\"text\/html\" allowscriptaccess=\"always\" allowfullscreen=\"true\" scrolling=\"yes\" allownetworking=\"all\"><\/iframe> <\/div> <\/div>\t\t<\/div>\n\t\t\t\t<\/div>\n\t\t\t\t\t<\/div>\n\t\t<\/div>\n\t\t\t\t\t<\/div>\n\t\t<\/section>\n\t\t\t\t<section class=\"elementor-section elementor-top-section elementor-element elementor-element-8385c1f elementor-section-boxed elementor-section-height-default elementor-section-height-default\" data-id=\"8385c1f\" data-element_type=\"section\">\n\t\t\t\t\t\t<div class=\"elementor-container elementor-column-gap-default\">\n\t\t\t\t\t<div class=\"elementor-column elementor-col-50 elementor-top-column elementor-element elementor-element-cf29e63\" data-id=\"cf29e63\" data-element_type=\"column\">\n\t\t\t<div class=\"elementor-widget-wrap elementor-element-populated\">\n\t\t\t\t\t\t<div class=\"elementor-element elementor-element-509e22a elementor-widget elementor-widget-text-editor\" data-id=\"509e22a\" data-element_type=\"widget\" data-widget_type=\"text-editor.default\">\n\t\t\t\t<div class=\"elementor-widget-container\">\n\t\t\t\t\t\t\t<p><strong>III. La microscopie \u00e9lectronique r\u00e9v\u00e8le l\u2019ultrastructure de la membrane cellulaire<\/strong><\/p><p>La cellule est un espace s\u00e9par\u00e9 de l\u2019ext\u00e9rieur par une membrane plasmique.<\/p><p><strong>IV. La cellule ne se g\u00e9n\u00e8re pas spontan\u00e9ment, mais provient de la division d\u2019une cellule pr\u00e9existante<\/strong><\/p><p><strong><a href=\"https:\/\/svt-dalaine.fr\/svt\/wp-content\/uploads\/2019\/10\/1_ES_TP5_LibMol_membrane_plasmique.pdf\">TP 5 Sch\u00e9matisation des mol\u00e9cules membranaires<\/a><\/strong><\/p><p>Ce TP consiste en une initiation au logiciel <a href=\"https:\/\/libmol.org\/\">LibMol<\/a><\/p>\t\t\t\t\t\t<\/div>\n\t\t\t\t<\/div>\n\t\t\t\t\t<\/div>\n\t\t<\/div>\n\t\t\t\t<div class=\"elementor-column elementor-col-50 elementor-top-column elementor-element elementor-element-317953f\" data-id=\"317953f\" data-element_type=\"column\">\n\t\t\t<div class=\"elementor-widget-wrap elementor-element-populated\">\n\t\t\t\t\t\t<div class=\"elementor-element elementor-element-ed515a0 elementor-widget elementor-widget-image\" data-id=\"ed515a0\" data-element_type=\"widget\" data-widget_type=\"image.default\">\n\t\t\t\t<div class=\"elementor-widget-container\">\n\t\t\t\t\t\t\t\t\t\t\t\t\t<img decoding=\"async\" width=\"640\" height=\"526\" src=\"https:\/\/svt-dalaine.fr\/svt\/wp-content\/uploads\/2019\/10\/Bicouche-lipidique-membranaire-14-1024x841.png\" class=\"attachment-large size-large wp-image-1166\" alt=\"\" srcset=\"https:\/\/svt-dalaine.fr\/svt\/wp-content\/uploads\/2019\/10\/Bicouche-lipidique-membranaire-14-1024x841.png 1024w, https:\/\/svt-dalaine.fr\/svt\/wp-content\/uploads\/2019\/10\/Bicouche-lipidique-membranaire-14-300x246.png 300w, https:\/\/svt-dalaine.fr\/svt\/wp-content\/uploads\/2019\/10\/Bicouche-lipidique-membranaire-14-768x631.png 768w, https:\/\/svt-dalaine.fr\/svt\/wp-content\/uploads\/2019\/10\/Bicouche-lipidique-membranaire-14-329x270.png 329w, https:\/\/svt-dalaine.fr\/svt\/wp-content\/uploads\/2019\/10\/Bicouche-lipidique-membranaire-14.png 2012w\" sizes=\"(max-width: 640px) 100vw, 640px\" \/>\t\t\t\t\t\t\t\t\t\t\t\t\t<\/div>\n\t\t\t\t<\/div>\n\t\t\t\t\t<\/div>\n\t\t<\/div>\n\t\t\t\t\t<\/div>\n\t\t<\/section>\n\t\t\t\t<section class=\"elementor-section elementor-top-section elementor-element elementor-element-d20d3de elementor-section-boxed elementor-section-height-default elementor-section-height-default\" data-id=\"d20d3de\" data-element_type=\"section\">\n\t\t\t\t\t\t<div class=\"elementor-container elementor-column-gap-default\">\n\t\t\t\t\t<div class=\"elementor-column elementor-col-50 elementor-top-column elementor-element elementor-element-e89f667\" data-id=\"e89f667\" data-element_type=\"column\">\n\t\t\t<div class=\"elementor-widget-wrap elementor-element-populated\">\n\t\t\t\t\t\t<div class=\"elementor-element elementor-element-f63b3ae elementor-widget elementor-widget-text-editor\" data-id=\"f63b3ae\" data-element_type=\"widget\" data-widget_type=\"text-editor.default\">\n\t\t\t\t<div class=\"elementor-widget-container\">\n\t\t\t\t\t\t\t<p>\u00a0<\/p><div style=\"position: relative; padding-bottom: 56.25%; padding-top: 10px; height: 0; overflow: hidden;\"><iframe style=\"position: absolute; top: 0; left: 0; width: 100%; height: 100%;\" src=\"https:\/\/www.canal-u.tv\/video\/universite_de_toulon\/embed.1\/robert_hooke_et_isaac_newton_la_pomme_de_la_discorde.17329?width=100%&amp;height=100%\" width=\"550\" height=\"306\" frameborder=\"0\" scrolling=\"no\" allowfullscreen=\"allowfullscreen\"><\/iframe><\/div><p>\u00a0<\/p>\t\t\t\t\t\t<\/div>\n\t\t\t\t<\/div>\n\t\t\t\t\t<\/div>\n\t\t<\/div>\n\t\t\t\t<div class=\"elementor-column elementor-col-50 elementor-top-column elementor-element elementor-element-eb96921\" data-id=\"eb96921\" data-element_type=\"column\">\n\t\t\t<div class=\"elementor-widget-wrap elementor-element-populated\">\n\t\t\t\t\t\t<div class=\"elementor-element elementor-element-d5ff95d elementor-widget elementor-widget-text-editor\" data-id=\"d5ff95d\" data-element_type=\"widget\" data-widget_type=\"text-editor.default\">\n\t\t\t\t<div class=\"elementor-widget-container\">\n\t\t\t\t\t\t\t<p>Si vous souhaitez en savoir davantage sur Robert Hooke (1635-1703) et sa discorde avec Isaac Newton, je vous conseille la conf\u00e9rence ci-contre.<\/p>\t\t\t\t\t\t<\/div>\n\t\t\t\t<\/div>\n\t\t\t\t\t<\/div>\n\t\t<\/div>\n\t\t\t\t\t<\/div>\n\t\t<\/section>\n\t\t\t\t<\/div>\n\t\t","protected":false},"excerpt":{"rendered":"<p>https:\/\/youtu.be\/4OpBylwH9DU Chapitre 1.3- une structure complexe\u00a0: la cellule vivante Dans le monde, la mati\u00e8re s\u2019organise en structure d\u2019ordre sup\u00e9rieur \u00e0 l\u2019\u00e9chelle mol\u00e9culaire: la structure cellulaire. Il vous faudra recopier le cours en visualisant le diaporama. Les diapositives \u00e0 recopier sont&hellip;&nbsp;<a href=\"https:\/\/svt-dalaine.fr\/svt\/chapitre-1-3-une-structure-complexe-la-cellule-vivante\/\" class=\"more-link\">Lire la suite<\/a><\/p>\n","protected":false},"author":1,"featured_media":0,"parent":0,"menu_order":0,"comment_status":"closed","ping_status":"closed","template":"","meta":{"footnotes":""},"categories":[50],"tags":[],"class_list":["post-1148","page","type-page","status-publish","hentry","category-1_es_theme_1_3"],"yoast_head":"<!-- This site is optimized with the Yoast SEO plugin v21.9.1 - https:\/\/yoast.com\/wordpress\/plugins\/seo\/ -->\n<title>Chapitre 1.3- une structure complexe : la cellule vivante - Bienvenue sur le site de Sciences de la Vie et de la Terre<\/title>\n<meta name=\"robots\" content=\"index, follow, max-snippet:-1, max-image-preview:large, max-video-preview:-1\" \/>\n<link rel=\"canonical\" href=\"https:\/\/svt-dalaine.fr\/svt\/chapitre-1-3-une-structure-complexe-la-cellule-vivante\/\" \/>\n<meta property=\"og:locale\" content=\"fr_FR\" \/>\n<meta property=\"og:type\" content=\"article\" \/>\n<meta property=\"og:title\" content=\"Chapitre 1.3- une structure complexe : la cellule vivante - Bienvenue sur le site de Sciences de la Vie et de la Terre\" \/>\n<meta property=\"og:description\" content=\"https:\/\/youtu.be\/4OpBylwH9DU Chapitre 1.3- une structure complexe\u00a0: la cellule vivante Dans le monde, la mati\u00e8re s\u2019organise en structure d\u2019ordre sup\u00e9rieur \u00e0 l\u2019\u00e9chelle mol\u00e9culaire: la structure cellulaire. Il vous faudra recopier le cours en visualisant le diaporama. Les diapositives \u00e0 recopier sont&hellip;&nbsp;Lire la suite\" \/>\n<meta property=\"og:url\" content=\"https:\/\/svt-dalaine.fr\/svt\/chapitre-1-3-une-structure-complexe-la-cellule-vivante\/\" \/>\n<meta property=\"og:site_name\" content=\"Bienvenue sur le site de Sciences de la Vie et de la Terre\" \/>\n<meta property=\"article:modified_time\" content=\"2019-10-28T08:31:01+00:00\" \/>\n<meta property=\"og:image\" content=\"https:\/\/svt-dalaine.fr\/svt\/wp-content\/uploads\/2019\/10\/IMG_2913-1024x1021.png\" \/>\n<meta name=\"twitter:card\" content=\"summary_large_image\" \/>\n<meta name=\"twitter:label1\" content=\"Dur\u00e9e de lecture estim\u00e9e\" \/>\n\t<meta name=\"twitter:data1\" content=\"1 minute\" \/>\n<script type=\"application\/ld+json\" class=\"yoast-schema-graph\">{\"@context\":\"https:\/\/schema.org\",\"@graph\":[{\"@type\":\"WebPage\",\"@id\":\"https:\/\/svt-dalaine.fr\/svt\/chapitre-1-3-une-structure-complexe-la-cellule-vivante\/\",\"url\":\"https:\/\/svt-dalaine.fr\/svt\/chapitre-1-3-une-structure-complexe-la-cellule-vivante\/\",\"name\":\"Chapitre 1.3- une structure complexe : la cellule vivante - Bienvenue sur le site de Sciences de la Vie et de la Terre\",\"isPartOf\":{\"@id\":\"https:\/\/svt-dalaine.fr\/svt\/#website\"},\"datePublished\":\"2019-10-03T10:37:36+00:00\",\"dateModified\":\"2019-10-28T08:31:01+00:00\",\"breadcrumb\":{\"@id\":\"https:\/\/svt-dalaine.fr\/svt\/chapitre-1-3-une-structure-complexe-la-cellule-vivante\/#breadcrumb\"},\"inLanguage\":\"fr-FR\",\"potentialAction\":[{\"@type\":\"ReadAction\",\"target\":[\"https:\/\/svt-dalaine.fr\/svt\/chapitre-1-3-une-structure-complexe-la-cellule-vivante\/\"]}]},{\"@type\":\"BreadcrumbList\",\"@id\":\"https:\/\/svt-dalaine.fr\/svt\/chapitre-1-3-une-structure-complexe-la-cellule-vivante\/#breadcrumb\",\"itemListElement\":[{\"@type\":\"ListItem\",\"position\":1,\"name\":\"Accueil\",\"item\":\"https:\/\/svt-dalaine.fr\/svt\/\"},{\"@type\":\"ListItem\",\"position\":2,\"name\":\"Chapitre 1.3- une structure complexe : la cellule vivante\"}]},{\"@type\":\"WebSite\",\"@id\":\"https:\/\/svt-dalaine.fr\/svt\/#website\",\"url\":\"https:\/\/svt-dalaine.fr\/svt\/\",\"name\":\"Bienvenue sur le site de Sciences de la Vie et de la Terre\",\"description\":\"Ressources en SVT de St\u00e9phanie Dalaine, professeure agr\u00e9g\u00e9e exer\u00e7ant en BCPST1 ENCPB\",\"potentialAction\":[{\"@type\":\"SearchAction\",\"target\":{\"@type\":\"EntryPoint\",\"urlTemplate\":\"https:\/\/svt-dalaine.fr\/svt\/?s={search_term_string}\"},\"query-input\":\"required name=search_term_string\"}],\"inLanguage\":\"fr-FR\"}]}<\/script>\n<!-- \/ Yoast SEO plugin. -->","yoast_head_json":{"title":"Chapitre 1.3- une structure complexe : la cellule vivante - Bienvenue sur le site de Sciences de la Vie et de la Terre","robots":{"index":"index","follow":"follow","max-snippet":"max-snippet:-1","max-image-preview":"max-image-preview:large","max-video-preview":"max-video-preview:-1"},"canonical":"https:\/\/svt-dalaine.fr\/svt\/chapitre-1-3-une-structure-complexe-la-cellule-vivante\/","og_locale":"fr_FR","og_type":"article","og_title":"Chapitre 1.3- une structure complexe : la cellule vivante - Bienvenue sur le site de Sciences de la Vie et de la Terre","og_description":"https:\/\/youtu.be\/4OpBylwH9DU Chapitre 1.3- une structure complexe\u00a0: la cellule vivante Dans le monde, la mati\u00e8re s\u2019organise en structure d\u2019ordre sup\u00e9rieur \u00e0 l\u2019\u00e9chelle mol\u00e9culaire: la structure cellulaire. Il vous faudra recopier le cours en visualisant le diaporama. Les diapositives \u00e0 recopier sont&hellip;&nbsp;Lire la suite","og_url":"https:\/\/svt-dalaine.fr\/svt\/chapitre-1-3-une-structure-complexe-la-cellule-vivante\/","og_site_name":"Bienvenue sur le site de Sciences de la Vie et de la Terre","article_modified_time":"2019-10-28T08:31:01+00:00","og_image":[{"url":"https:\/\/svt-dalaine.fr\/svt\/wp-content\/uploads\/2019\/10\/IMG_2913-1024x1021.png"}],"twitter_card":"summary_large_image","twitter_misc":{"Dur\u00e9e de lecture estim\u00e9e":"1 minute"},"schema":{"@context":"https:\/\/schema.org","@graph":[{"@type":"WebPage","@id":"https:\/\/svt-dalaine.fr\/svt\/chapitre-1-3-une-structure-complexe-la-cellule-vivante\/","url":"https:\/\/svt-dalaine.fr\/svt\/chapitre-1-3-une-structure-complexe-la-cellule-vivante\/","name":"Chapitre 1.3- une structure complexe : la cellule vivante - Bienvenue sur le site de Sciences de la Vie et de la Terre","isPartOf":{"@id":"https:\/\/svt-dalaine.fr\/svt\/#website"},"datePublished":"2019-10-03T10:37:36+00:00","dateModified":"2019-10-28T08:31:01+00:00","breadcrumb":{"@id":"https:\/\/svt-dalaine.fr\/svt\/chapitre-1-3-une-structure-complexe-la-cellule-vivante\/#breadcrumb"},"inLanguage":"fr-FR","potentialAction":[{"@type":"ReadAction","target":["https:\/\/svt-dalaine.fr\/svt\/chapitre-1-3-une-structure-complexe-la-cellule-vivante\/"]}]},{"@type":"BreadcrumbList","@id":"https:\/\/svt-dalaine.fr\/svt\/chapitre-1-3-une-structure-complexe-la-cellule-vivante\/#breadcrumb","itemListElement":[{"@type":"ListItem","position":1,"name":"Accueil","item":"https:\/\/svt-dalaine.fr\/svt\/"},{"@type":"ListItem","position":2,"name":"Chapitre 1.3- une structure complexe : la cellule vivante"}]},{"@type":"WebSite","@id":"https:\/\/svt-dalaine.fr\/svt\/#website","url":"https:\/\/svt-dalaine.fr\/svt\/","name":"Bienvenue sur le site de Sciences de la Vie et de la Terre","description":"Ressources en SVT de St\u00e9phanie Dalaine, professeure agr\u00e9g\u00e9e exer\u00e7ant en BCPST1 ENCPB","potentialAction":[{"@type":"SearchAction","target":{"@type":"EntryPoint","urlTemplate":"https:\/\/svt-dalaine.fr\/svt\/?s={search_term_string}"},"query-input":"required name=search_term_string"}],"inLanguage":"fr-FR"}]}},"_links":{"self":[{"href":"https:\/\/svt-dalaine.fr\/svt\/wp-json\/wp\/v2\/pages\/1148","targetHints":{"allow":["GET"]}}],"collection":[{"href":"https:\/\/svt-dalaine.fr\/svt\/wp-json\/wp\/v2\/pages"}],"about":[{"href":"https:\/\/svt-dalaine.fr\/svt\/wp-json\/wp\/v2\/types\/page"}],"author":[{"embeddable":true,"href":"https:\/\/svt-dalaine.fr\/svt\/wp-json\/wp\/v2\/users\/1"}],"replies":[{"embeddable":true,"href":"https:\/\/svt-dalaine.fr\/svt\/wp-json\/wp\/v2\/comments?post=1148"}],"version-history":[{"count":13,"href":"https:\/\/svt-dalaine.fr\/svt\/wp-json\/wp\/v2\/pages\/1148\/revisions"}],"predecessor-version":[{"id":1187,"href":"https:\/\/svt-dalaine.fr\/svt\/wp-json\/wp\/v2\/pages\/1148\/revisions\/1187"}],"wp:attachment":[{"href":"https:\/\/svt-dalaine.fr\/svt\/wp-json\/wp\/v2\/media?parent=1148"}],"wp:term":[{"taxonomy":"category","embeddable":true,"href":"https:\/\/svt-dalaine.fr\/svt\/wp-json\/wp\/v2\/categories?post=1148"},{"taxonomy":"post_tag","embeddable":true,"href":"https:\/\/svt-dalaine.fr\/svt\/wp-json\/wp\/v2\/tags?post=1148"}],"curies":[{"name":"wp","href":"https:\/\/api.w.org\/{rel}","templated":true}]}}