{"id":1170,"date":"2019-10-25T16:22:36","date_gmt":"2019-10-25T14:22:36","guid":{"rendered":"https:\/\/svt-dalaine.fr\/svt\/?page_id=1170"},"modified":"2020-03-15T15:41:17","modified_gmt":"2020-03-15T14:41:17","slug":"1_es_theme-4_4-entendre-la-musique","status":"publish","type":"page","link":"https:\/\/svt-dalaine.fr\/svt\/1_es_theme-4_4-entendre-la-musique\/","title":{"rendered":"1_ES_Th\u00e8me 4_4 Entendre la musique"},"content":{"rendered":"\t\t<div data-elementor-type=\"wp-page\" data-elementor-id=\"1170\" class=\"elementor elementor-1170\">\n\t\t\t\t\t\t<section class=\"elementor-section elementor-top-section elementor-element elementor-element-720a955 elementor-section-boxed elementor-section-height-default elementor-section-height-default\" data-id=\"720a955\" data-element_type=\"section\">\n\t\t\t\t\t\t<div class=\"elementor-container elementor-column-gap-default\">\n\t\t\t\t\t<div class=\"elementor-column elementor-col-100 elementor-top-column elementor-element elementor-element-d692684\" data-id=\"d692684\" data-element_type=\"column\">\n\t\t\t<div class=\"elementor-widget-wrap elementor-element-populated\">\n\t\t\t\t\t\t<div class=\"elementor-element elementor-element-115a586 elementor-widget elementor-widget-image\" data-id=\"115a586\" data-element_type=\"widget\" data-widget_type=\"image.default\">\n\t\t\t\t<div class=\"elementor-widget-container\">\n\t\t\t\t\t\t\t\t\t\t\t\t\t<img fetchpriority=\"high\" decoding=\"async\" width=\"640\" height=\"459\" src=\"https:\/\/svt-dalaine.fr\/svt\/wp-content\/uploads\/2019\/10\/Capture-d\u2019e\u0301cran-2019-10-25-a\u0300-16.22.52.png\" class=\"attachment-large size-large wp-image-1176\" alt=\"\" srcset=\"https:\/\/svt-dalaine.fr\/svt\/wp-content\/uploads\/2019\/10\/Capture-d\u2019e\u0301cran-2019-10-25-a\u0300-16.22.52.png 760w, https:\/\/svt-dalaine.fr\/svt\/wp-content\/uploads\/2019\/10\/Capture-d\u2019e\u0301cran-2019-10-25-a\u0300-16.22.52-300x215.png 300w, https:\/\/svt-dalaine.fr\/svt\/wp-content\/uploads\/2019\/10\/Capture-d\u2019e\u0301cran-2019-10-25-a\u0300-16.22.52-360x258.png 360w\" sizes=\"(max-width: 640px) 100vw, 640px\" \/>\t\t\t\t\t\t\t\t\t\t\t\t\t<\/div>\n\t\t\t\t<\/div>\n\t\t\t\t\t<\/div>\n\t\t<\/div>\n\t\t\t\t\t<\/div>\n\t\t<\/section>\n\t\t\t\t<section class=\"elementor-section elementor-top-section elementor-element elementor-element-f2a4742 elementor-section-boxed elementor-section-height-default elementor-section-height-default\" data-id=\"f2a4742\" data-element_type=\"section\">\n\t\t\t\t\t\t<div class=\"elementor-container elementor-column-gap-default\">\n\t\t\t\t\t<div class=\"elementor-column elementor-col-100 elementor-top-column elementor-element elementor-element-f831ead\" data-id=\"f831ead\" data-element_type=\"column\">\n\t\t\t<div class=\"elementor-widget-wrap elementor-element-populated\">\n\t\t\t\t\t\t<div class=\"elementor-element elementor-element-1254a5a elementor-widget elementor-widget-video\" data-id=\"1254a5a\" data-element_type=\"widget\" data-settings=\"{&quot;youtube_url&quot;:&quot;https:\\\/\\\/youtu.be\\\/tGx1syJpp5k&quot;,&quot;video_type&quot;:&quot;youtube&quot;,&quot;controls&quot;:&quot;yes&quot;}\" data-widget_type=\"video.default\">\n\t\t\t\t<div class=\"elementor-widget-container\">\n\t\t\t\t\t<div class=\"elementor-wrapper elementor-open-inline\">\n\t\t\t<div class=\"elementor-video\"><\/div>\t\t<\/div>\n\t\t\t\t<\/div>\n\t\t\t\t<\/div>\n\t\t\t\t\t<\/div>\n\t\t<\/div>\n\t\t\t\t\t<\/div>\n\t\t<\/section>\n\t\t\t\t<section class=\"elementor-section elementor-top-section elementor-element elementor-element-85b7031 elementor-section-boxed elementor-section-height-default elementor-section-height-default\" data-id=\"85b7031\" data-element_type=\"section\">\n\t\t\t\t\t\t<div class=\"elementor-container elementor-column-gap-default\">\n\t\t\t\t\t<div class=\"elementor-column elementor-col-100 elementor-top-column elementor-element elementor-element-64d3324\" data-id=\"64d3324\" data-element_type=\"column\">\n\t\t\t<div class=\"elementor-widget-wrap elementor-element-populated\">\n\t\t\t\t\t\t<div class=\"elementor-element elementor-element-500a1ab elementor-widget elementor-widget-text-editor\" data-id=\"500a1ab\" data-element_type=\"widget\" data-widget_type=\"text-editor.default\">\n\t\t\t\t<div class=\"elementor-widget-container\">\n\t\t\t\t\t\t\t<p>Ce chapitre 4.4 Entendre la musique, est relativement court en SVT. Le <a href=\"https:\/\/svt-dalaine.fr\/svt\/wp-content\/uploads\/2019\/10\/1ES_theme_4_1_entendre_la_Musique_cours_2019.pdf\">cours du chapitre 4.4<\/a> traite essentiellement du fonctionnement de l&#8217;oreille. <br \/>Le <a href=\"https:\/\/svt-dalaine.fr\/svt\/wp-content\/uploads\/2019\/10\/1_ES_TP6_Amusicalite.pdf\">TP6 (Amusicalit\u00e9 chez un patient suite \u00e0 un AVC)<\/a> propos\u00e9, vous invite \u00e0 analyser des <a href=\"https:\/\/fr.wikipedia.org\/wiki\/Imagerie_par_r%C3%A9sonance_magn%C3%A9tique_fonctionnelle\">IRMf (Imagerie par R\u00e9sonance Magn\u00e9tique fonctionnelle<\/a>) afin d&#8217;identifier les cause d&#8217;une amusicalit\u00e9 chez un cas pathologique.<\/p><p>Les objectifs notionnels et m\u00e9thodologiques sont rappel\u00e9s dans le <a href=\"https:\/\/svt-dalaine.fr\/svt\/wp-content\/uploads\/2019\/10\/1_ES_CONTRAT_SVT_THEME_1.pdf\">contrat ci-joint<\/a>.<\/p><p>\u00a0<\/p>\t\t\t\t\t\t<\/div>\n\t\t\t\t<\/div>\n\t\t\t\t\t<\/div>\n\t\t<\/div>\n\t\t\t\t\t<\/div>\n\t\t<\/section>\n\t\t\t\t<section class=\"elementor-section elementor-top-section elementor-element elementor-element-4617556 elementor-section-boxed elementor-section-height-default elementor-section-height-default\" data-id=\"4617556\" data-element_type=\"section\">\n\t\t\t\t\t\t<div class=\"elementor-container elementor-column-gap-default\">\n\t\t\t\t\t<div class=\"elementor-column elementor-col-50 elementor-top-column elementor-element elementor-element-569874e\" data-id=\"569874e\" data-element_type=\"column\">\n\t\t\t<div class=\"elementor-widget-wrap elementor-element-populated\">\n\t\t\t\t\t\t<div class=\"elementor-element elementor-element-b12b2fa elementor-widget elementor-widget-heading\" data-id=\"b12b2fa\" data-element_type=\"widget\" data-widget_type=\"heading.default\">\n\t\t\t\t<div class=\"elementor-widget-container\">\n\t\t\t<h2 class=\"elementor-heading-title elementor-size-default\">Les aires c\u00e9r\u00e9brales, mises en \u00e9vidence par IRM fonctionnnelle<\/h2>\t\t<\/div>\n\t\t\t\t<\/div>\n\t\t\t\t\t<\/div>\n\t\t<\/div>\n\t\t\t\t<div class=\"elementor-column elementor-col-50 elementor-top-column elementor-element elementor-element-347a3e3\" data-id=\"347a3e3\" data-element_type=\"column\">\n\t\t\t<div class=\"elementor-widget-wrap elementor-element-populated\">\n\t\t\t\t\t\t<div class=\"elementor-element elementor-element-f28697d elementor-widget elementor-widget-video\" data-id=\"f28697d\" data-element_type=\"widget\" data-settings=\"{&quot;video_type&quot;:&quot;hosted&quot;,&quot;controls&quot;:&quot;yes&quot;}\" data-widget_type=\"video.default\">\n\t\t\t\t<div class=\"elementor-widget-container\">\n\t\t\t\t\t<div class=\"e-hosted-video elementor-wrapper elementor-open-inline\">\n\t\t\t\t\t<video class=\"elementor-video\" src=\"https:\/\/svt-dalaine.fr\/svt\/wp-content\/uploads\/2019\/11\/cpassorcierIRM.mp4\" controls=\"\" preload=\"metadata\" controlsList=\"nodownload\"><\/video>\n\t\t\t\t<\/div>\n\t\t\t\t<\/div>\n\t\t\t\t<\/div>\n\t\t\t\t\t<\/div>\n\t\t<\/div>\n\t\t\t\t\t<\/div>\n\t\t<\/section>\n\t\t\t\t<\/div>\n\t\t","protected":false},"excerpt":{"rendered":"<p>Ce chapitre 4.4 Entendre la musique, est relativement court en SVT. Le cours du chapitre 4.4 traite essentiellement du fonctionnement de l&#8217;oreille. Le TP6 (Amusicalit\u00e9 chez un patient suite \u00e0 un AVC) propos\u00e9, vous invite \u00e0 analyser des IRMf (Imagerie&hellip;&nbsp;<a href=\"https:\/\/svt-dalaine.fr\/svt\/1_es_theme-4_4-entendre-la-musique\/\" class=\"more-link\">Lire la suite<\/a><\/p>\n","protected":false},"author":1,"featured_media":0,"parent":0,"menu_order":0,"comment_status":"closed","ping_status":"closed","template":"","meta":{"footnotes":""},"categories":[54,55],"tags":[],"class_list":["post-1170","page","type-page","status-publish","hentry","category-1es-theme-4","category-1_es_them_4_4"],"yoast_head":"<!-- This site is optimized with the Yoast SEO plugin v21.9.1 - https:\/\/yoast.com\/wordpress\/plugins\/seo\/ -->\n<title>1_ES_Th\u00e8me 4_4 Entendre la musique - Bienvenue sur le site de Sciences de la Vie et de la Terre<\/title>\n<meta name=\"robots\" content=\"index, follow, max-snippet:-1, max-image-preview:large, max-video-preview:-1\" \/>\n<link rel=\"canonical\" href=\"https:\/\/svt-dalaine.fr\/svt\/1_es_theme-4_4-entendre-la-musique\/\" \/>\n<meta property=\"og:locale\" content=\"fr_FR\" \/>\n<meta property=\"og:type\" content=\"article\" \/>\n<meta property=\"og:title\" content=\"1_ES_Th\u00e8me 4_4 Entendre la musique - Bienvenue sur le site de Sciences de la Vie et de la Terre\" \/>\n<meta property=\"og:description\" content=\"Ce chapitre 4.4 Entendre la musique, est relativement court en SVT. Le cours du chapitre 4.4 traite essentiellement du fonctionnement de l&#8217;oreille. Le TP6 (Amusicalit\u00e9 chez un patient suite \u00e0 un AVC) propos\u00e9, vous invite \u00e0 analyser des IRMf (Imagerie&hellip;&nbsp;Lire la suite\" \/>\n<meta property=\"og:url\" content=\"https:\/\/svt-dalaine.fr\/svt\/1_es_theme-4_4-entendre-la-musique\/\" \/>\n<meta property=\"og:site_name\" content=\"Bienvenue sur le site de Sciences de la Vie et de la Terre\" \/>\n<meta property=\"article:modified_time\" content=\"2020-03-15T14:41:17+00:00\" \/>\n<meta name=\"twitter:card\" content=\"summary_large_image\" \/>\n<script type=\"application\/ld+json\" class=\"yoast-schema-graph\">{\"@context\":\"https:\/\/schema.org\",\"@graph\":[{\"@type\":\"WebPage\",\"@id\":\"https:\/\/svt-dalaine.fr\/svt\/1_es_theme-4_4-entendre-la-musique\/\",\"url\":\"https:\/\/svt-dalaine.fr\/svt\/1_es_theme-4_4-entendre-la-musique\/\",\"name\":\"1_ES_Th\u00e8me 4_4 Entendre la musique - Bienvenue sur le site de Sciences de la Vie et de la Terre\",\"isPartOf\":{\"@id\":\"https:\/\/svt-dalaine.fr\/svt\/#website\"},\"datePublished\":\"2019-10-25T14:22:36+00:00\",\"dateModified\":\"2020-03-15T14:41:17+00:00\",\"breadcrumb\":{\"@id\":\"https:\/\/svt-dalaine.fr\/svt\/1_es_theme-4_4-entendre-la-musique\/#breadcrumb\"},\"inLanguage\":\"fr-FR\",\"potentialAction\":[{\"@type\":\"ReadAction\",\"target\":[\"https:\/\/svt-dalaine.fr\/svt\/1_es_theme-4_4-entendre-la-musique\/\"]}]},{\"@type\":\"BreadcrumbList\",\"@id\":\"https:\/\/svt-dalaine.fr\/svt\/1_es_theme-4_4-entendre-la-musique\/#breadcrumb\",\"itemListElement\":[{\"@type\":\"ListItem\",\"position\":1,\"name\":\"Accueil\",\"item\":\"https:\/\/svt-dalaine.fr\/svt\/\"},{\"@type\":\"ListItem\",\"position\":2,\"name\":\"1_ES_Th\u00e8me 4_4 Entendre la musique\"}]},{\"@type\":\"WebSite\",\"@id\":\"https:\/\/svt-dalaine.fr\/svt\/#website\",\"url\":\"https:\/\/svt-dalaine.fr\/svt\/\",\"name\":\"Bienvenue sur le site de Sciences de la Vie et de la Terre\",\"description\":\"Ressources en SVT de St\u00e9phanie Dalaine, professeure agr\u00e9g\u00e9e exer\u00e7ant en BCPST1 ENCPB\",\"potentialAction\":[{\"@type\":\"SearchAction\",\"target\":{\"@type\":\"EntryPoint\",\"urlTemplate\":\"https:\/\/svt-dalaine.fr\/svt\/?s={search_term_string}\"},\"query-input\":\"required name=search_term_string\"}],\"inLanguage\":\"fr-FR\"}]}<\/script>\n<!-- \/ Yoast SEO plugin. -->","yoast_head_json":{"title":"1_ES_Th\u00e8me 4_4 Entendre la musique - Bienvenue sur le site de Sciences de la Vie et de la Terre","robots":{"index":"index","follow":"follow","max-snippet":"max-snippet:-1","max-image-preview":"max-image-preview:large","max-video-preview":"max-video-preview:-1"},"canonical":"https:\/\/svt-dalaine.fr\/svt\/1_es_theme-4_4-entendre-la-musique\/","og_locale":"fr_FR","og_type":"article","og_title":"1_ES_Th\u00e8me 4_4 Entendre la musique - Bienvenue sur le site de Sciences de la Vie et de la Terre","og_description":"Ce chapitre 4.4 Entendre la musique, est relativement court en SVT. Le cours du chapitre 4.4 traite essentiellement du fonctionnement de l&#8217;oreille. Le TP6 (Amusicalit\u00e9 chez un patient suite \u00e0 un AVC) propos\u00e9, vous invite \u00e0 analyser des IRMf (Imagerie&hellip;&nbsp;Lire la suite","og_url":"https:\/\/svt-dalaine.fr\/svt\/1_es_theme-4_4-entendre-la-musique\/","og_site_name":"Bienvenue sur le site de Sciences de la Vie et de la Terre","article_modified_time":"2020-03-15T14:41:17+00:00","twitter_card":"summary_large_image","schema":{"@context":"https:\/\/schema.org","@graph":[{"@type":"WebPage","@id":"https:\/\/svt-dalaine.fr\/svt\/1_es_theme-4_4-entendre-la-musique\/","url":"https:\/\/svt-dalaine.fr\/svt\/1_es_theme-4_4-entendre-la-musique\/","name":"1_ES_Th\u00e8me 4_4 Entendre la musique - Bienvenue sur le site de Sciences de la Vie et de la Terre","isPartOf":{"@id":"https:\/\/svt-dalaine.fr\/svt\/#website"},"datePublished":"2019-10-25T14:22:36+00:00","dateModified":"2020-03-15T14:41:17+00:00","breadcrumb":{"@id":"https:\/\/svt-dalaine.fr\/svt\/1_es_theme-4_4-entendre-la-musique\/#breadcrumb"},"inLanguage":"fr-FR","potentialAction":[{"@type":"ReadAction","target":["https:\/\/svt-dalaine.fr\/svt\/1_es_theme-4_4-entendre-la-musique\/"]}]},{"@type":"BreadcrumbList","@id":"https:\/\/svt-dalaine.fr\/svt\/1_es_theme-4_4-entendre-la-musique\/#breadcrumb","itemListElement":[{"@type":"ListItem","position":1,"name":"Accueil","item":"https:\/\/svt-dalaine.fr\/svt\/"},{"@type":"ListItem","position":2,"name":"1_ES_Th\u00e8me 4_4 Entendre la musique"}]},{"@type":"WebSite","@id":"https:\/\/svt-dalaine.fr\/svt\/#website","url":"https:\/\/svt-dalaine.fr\/svt\/","name":"Bienvenue sur le site de Sciences de la Vie et de la Terre","description":"Ressources en SVT de St\u00e9phanie Dalaine, professeure agr\u00e9g\u00e9e exer\u00e7ant en BCPST1 ENCPB","potentialAction":[{"@type":"SearchAction","target":{"@type":"EntryPoint","urlTemplate":"https:\/\/svt-dalaine.fr\/svt\/?s={search_term_string}"},"query-input":"required name=search_term_string"}],"inLanguage":"fr-FR"}]}},"_links":{"self":[{"href":"https:\/\/svt-dalaine.fr\/svt\/wp-json\/wp\/v2\/pages\/1170","targetHints":{"allow":["GET"]}}],"collection":[{"href":"https:\/\/svt-dalaine.fr\/svt\/wp-json\/wp\/v2\/pages"}],"about":[{"href":"https:\/\/svt-dalaine.fr\/svt\/wp-json\/wp\/v2\/types\/page"}],"author":[{"embeddable":true,"href":"https:\/\/svt-dalaine.fr\/svt\/wp-json\/wp\/v2\/users\/1"}],"replies":[{"embeddable":true,"href":"https:\/\/svt-dalaine.fr\/svt\/wp-json\/wp\/v2\/comments?post=1170"}],"version-history":[{"count":10,"href":"https:\/\/svt-dalaine.fr\/svt\/wp-json\/wp\/v2\/pages\/1170\/revisions"}],"predecessor-version":[{"id":1460,"href":"https:\/\/svt-dalaine.fr\/svt\/wp-json\/wp\/v2\/pages\/1170\/revisions\/1460"}],"wp:attachment":[{"href":"https:\/\/svt-dalaine.fr\/svt\/wp-json\/wp\/v2\/media?parent=1170"}],"wp:term":[{"taxonomy":"category","embeddable":true,"href":"https:\/\/svt-dalaine.fr\/svt\/wp-json\/wp\/v2\/categories?post=1170"},{"taxonomy":"post_tag","embeddable":true,"href":"https:\/\/svt-dalaine.fr\/svt\/wp-json\/wp\/v2\/tags?post=1170"}],"curies":[{"name":"wp","href":"https:\/\/api.w.org\/{rel}","templated":true}]}}