{"id":1287,"date":"2020-01-08T14:41:48","date_gmt":"2020-01-08T13:41:48","guid":{"rendered":"https:\/\/svt-dalaine.fr\/svt\/?page_id=1287"},"modified":"2020-02-04T17:06:10","modified_gmt":"2020-02-04T16:06:10","slug":"theme-2-3-une-conversion-biologique-de-lenergie-solaire-la-photosynthese","status":"publish","type":"page","link":"https:\/\/svt-dalaine.fr\/svt\/theme-2-3-une-conversion-biologique-de-lenergie-solaire-la-photosynthese\/","title":{"rendered":"Th\u00e8me 2.3. Une conversion biologique de l&#8217;\u00e9nergie solaire: la photosynth\u00e8se"},"content":{"rendered":"\t\t<div data-elementor-type=\"wp-page\" data-elementor-id=\"1287\" class=\"elementor elementor-1287\">\n\t\t\t\t\t\t<section class=\"elementor-section elementor-top-section elementor-element elementor-element-a999695 elementor-section-boxed elementor-section-height-default elementor-section-height-default\" data-id=\"a999695\" data-element_type=\"section\">\n\t\t\t\t\t\t<div class=\"elementor-container elementor-column-gap-default\">\n\t\t\t\t\t<div class=\"elementor-column elementor-col-50 elementor-top-column elementor-element elementor-element-addad02\" data-id=\"addad02\" data-element_type=\"column\">\n\t\t\t<div class=\"elementor-widget-wrap elementor-element-populated\">\n\t\t\t\t\t\t<div class=\"elementor-element elementor-element-98c700a elementor-widget elementor-widget-text-editor\" data-id=\"98c700a\" data-element_type=\"widget\" data-widget_type=\"text-editor.default\">\n\t\t\t\t<div class=\"elementor-widget-container\">\n\t\t\t\t\t\t\t<p>Dans ce chapitre 2.3 vous allez aborder la photosynth\u00e8se, en \u00e9tudiant les v\u00e9g\u00e9taux verts, organismes chlorophylliens capables de r\u00e9aliser la photosynth\u00e8se. <strong><br \/><\/strong><\/p><p>Le <a href=\"https:\/\/svt-dalaine.fr\/svt\/wp-content\/uploads\/2020\/01\/1_ES_TP1_CORRIGE_Photosynthese_2019.pdf\">TP1: Photosynth\u00e8se, Elod\u00e9e, eau iod\u00e9e<\/a> vous permettra de valider vos comp\u00e9tences en microscopie et d&#8217;analyser des protocoles exp\u00e9rimentaux (notion de t\u00e9moin) et leurs r\u00e9sultats.<\/p>\t\t\t\t\t\t<\/div>\n\t\t\t\t<\/div>\n\t\t\t\t\t<\/div>\n\t\t<\/div>\n\t\t\t\t<div class=\"elementor-column elementor-col-50 elementor-top-column elementor-element elementor-element-ff474d2\" data-id=\"ff474d2\" data-element_type=\"column\">\n\t\t\t<div class=\"elementor-widget-wrap elementor-element-populated\">\n\t\t\t\t\t\t<div class=\"elementor-element elementor-element-56f2f3c elementor-widget elementor-widget-image\" data-id=\"56f2f3c\" data-element_type=\"widget\" data-widget_type=\"image.default\">\n\t\t\t\t<div class=\"elementor-widget-container\">\n\t\t\t\t\t\t\t\t\t\t\t\t\t<img fetchpriority=\"high\" decoding=\"async\" width=\"640\" height=\"633\" src=\"https:\/\/svt-dalaine.fr\/svt\/wp-content\/uploads\/2020\/01\/IMG_1237-1024x1012.png\" class=\"attachment-large size-large wp-image-1296\" alt=\"\" srcset=\"https:\/\/svt-dalaine.fr\/svt\/wp-content\/uploads\/2020\/01\/IMG_1237-1024x1012.png 1024w, https:\/\/svt-dalaine.fr\/svt\/wp-content\/uploads\/2020\/01\/IMG_1237-300x296.png 300w, https:\/\/svt-dalaine.fr\/svt\/wp-content\/uploads\/2020\/01\/IMG_1237-768x759.png 768w, https:\/\/svt-dalaine.fr\/svt\/wp-content\/uploads\/2020\/01\/IMG_1237-1536x1518.png 1536w, https:\/\/svt-dalaine.fr\/svt\/wp-content\/uploads\/2020\/01\/IMG_1237-273x270.png 273w, https:\/\/svt-dalaine.fr\/svt\/wp-content\/uploads\/2020\/01\/IMG_1237.png 1768w\" sizes=\"(max-width: 640px) 100vw, 640px\" \/>\t\t\t\t\t\t\t\t\t\t\t\t\t<\/div>\n\t\t\t\t<\/div>\n\t\t\t\t\t<\/div>\n\t\t<\/div>\n\t\t\t\t\t<\/div>\n\t\t<\/section>\n\t\t\t\t<section class=\"elementor-section elementor-top-section elementor-element elementor-element-ec40291 elementor-section-boxed elementor-section-height-default elementor-section-height-default\" data-id=\"ec40291\" data-element_type=\"section\">\n\t\t\t\t\t\t<div class=\"elementor-container elementor-column-gap-default\">\n\t\t\t\t\t<div class=\"elementor-column elementor-col-50 elementor-top-column elementor-element elementor-element-f881182\" data-id=\"f881182\" data-element_type=\"column\">\n\t\t\t<div class=\"elementor-widget-wrap elementor-element-populated\">\n\t\t\t\t\t\t<div class=\"elementor-element elementor-element-55de8f6 elementor-widget elementor-widget-text-editor\" data-id=\"55de8f6\" data-element_type=\"widget\" data-widget_type=\"text-editor.default\">\n\t\t\t\t<div class=\"elementor-widget-container\">\n\t\t\t\t\t\t\t<p>Au travers du <a href=\"https:\/\/svt-dalaine.fr\/svt\/wp-content\/uploads\/2020\/01\/1_ES_TP2_CORRIGE_spectroscope_2019.pdf\">TP2: pigments, spectroscope<\/a>, vous \u00e9tudierez les pigments photosynth\u00e9tiques et le spectre d&#8217;absorption de la lumi\u00e8re et le spectre d&#8217;action de la photosynth\u00e8se.<\/p>\t\t\t\t\t\t<\/div>\n\t\t\t\t<\/div>\n\t\t\t\t\t<\/div>\n\t\t<\/div>\n\t\t\t\t<div class=\"elementor-column elementor-col-50 elementor-top-column elementor-element elementor-element-8f655a1\" data-id=\"8f655a1\" data-element_type=\"column\">\n\t\t\t<div class=\"elementor-widget-wrap elementor-element-populated\">\n\t\t\t\t\t\t<div class=\"elementor-element elementor-element-b9f9f03 elementor-widget elementor-widget-image\" data-id=\"b9f9f03\" data-element_type=\"widget\" data-widget_type=\"image.default\">\n\t\t\t\t<div class=\"elementor-widget-container\">\n\t\t\t\t\t\t\t\t\t\t\t\t\t<img decoding=\"async\" width=\"640\" height=\"853\" src=\"https:\/\/svt-dalaine.fr\/svt\/wp-content\/uploads\/2020\/01\/IMG_1404-768x1024.jpg\" class=\"attachment-large size-large wp-image-1295\" alt=\"\" srcset=\"https:\/\/svt-dalaine.fr\/svt\/wp-content\/uploads\/2020\/01\/IMG_1404-768x1024.jpg 768w, https:\/\/svt-dalaine.fr\/svt\/wp-content\/uploads\/2020\/01\/IMG_1404-225x300.jpg 225w, https:\/\/svt-dalaine.fr\/svt\/wp-content\/uploads\/2020\/01\/IMG_1404-1152x1536.jpg 1152w, https:\/\/svt-dalaine.fr\/svt\/wp-content\/uploads\/2020\/01\/IMG_1404-1536x2048.jpg 1536w, https:\/\/svt-dalaine.fr\/svt\/wp-content\/uploads\/2020\/01\/IMG_1404-203x270.jpg 203w, https:\/\/svt-dalaine.fr\/svt\/wp-content\/uploads\/2020\/01\/IMG_1404-scaled.jpg 1920w\" sizes=\"(max-width: 640px) 100vw, 640px\" \/>\t\t\t\t\t\t\t\t\t\t\t\t\t<\/div>\n\t\t\t\t<\/div>\n\t\t\t\t\t<\/div>\n\t\t<\/div>\n\t\t\t\t\t<\/div>\n\t\t<\/section>\n\t\t\t\t<section class=\"elementor-section elementor-top-section elementor-element elementor-element-230e763 elementor-section-boxed elementor-section-height-default elementor-section-height-default\" data-id=\"230e763\" data-element_type=\"section\">\n\t\t\t\t\t\t<div class=\"elementor-container elementor-column-gap-default\">\n\t\t\t\t\t<div class=\"elementor-column elementor-col-50 elementor-top-column elementor-element elementor-element-5f32cb9\" data-id=\"5f32cb9\" data-element_type=\"column\">\n\t\t\t<div class=\"elementor-widget-wrap elementor-element-populated\">\n\t\t\t\t\t\t<div class=\"elementor-element elementor-element-717f7b3 elementor-widget elementor-widget-text-editor\" data-id=\"717f7b3\" data-element_type=\"widget\" data-widget_type=\"text-editor.default\">\n\t\t\t\t<div class=\"elementor-widget-container\">\n\t\t\t\t\t\t\t<p>Le TD1 abordera les notions de r\u00e9seau trophique, pyramide des biomasses pyramide des \u00e9nergies. Il permettra d&#8217;\u00e9valuer l&#8217;impact \u00e9cologique de la consommation de c\u00e9r\u00e9ales comparativement \u00e0 celle de viande.<\/p><p><iframe title=\"Qu\u2019est ce que la biomasse ?\" width=\"640\" height=\"360\" src=\"https:\/\/www.youtube.com\/embed\/-O9_Yje0nmk?feature=oembed\" frameborder=\"0\" allow=\"accelerometer; autoplay; clipboard-write; encrypted-media; gyroscope; picture-in-picture; web-share\" referrerpolicy=\"strict-origin-when-cross-origin\" allowfullscreen><\/iframe><\/p><p>\u00a0<\/p>\t\t\t\t\t\t<\/div>\n\t\t\t\t<\/div>\n\t\t\t\t\t<\/div>\n\t\t<\/div>\n\t\t\t\t<div class=\"elementor-column elementor-col-50 elementor-top-column elementor-element elementor-element-e1ec255\" data-id=\"e1ec255\" data-element_type=\"column\">\n\t\t\t<div class=\"elementor-widget-wrap elementor-element-populated\">\n\t\t\t\t\t\t<div class=\"elementor-element elementor-element-e6ea67e elementor-widget elementor-widget-text-editor\" data-id=\"e6ea67e\" data-element_type=\"widget\" data-widget_type=\"text-editor.default\">\n\t\t\t\t<div class=\"elementor-widget-container\">\n\t\t\t\t\t\t\t<p><img decoding=\"async\" class=\"n3VNCb\" src=\"https:\/\/slideplayer.fr\/slide\/1804785\/9\/images\/7\/Exemple%3A+Pyramide+de+Biomasse.jpg\" alt=\"R\u00e9sultat de recherche d'images pour &quot;pyramide biomasse&quot;&quot;\" data-noaft=\"1\" \/><\/p>\t\t\t\t\t\t<\/div>\n\t\t\t\t<\/div>\n\t\t\t\t\t<\/div>\n\t\t<\/div>\n\t\t\t\t\t<\/div>\n\t\t<\/section>\n\t\t\t\t<section class=\"elementor-section elementor-top-section elementor-element elementor-element-a6baaa3 elementor-section-boxed elementor-section-height-default elementor-section-height-default\" data-id=\"a6baaa3\" data-element_type=\"section\">\n\t\t\t\t\t\t<div class=\"elementor-container elementor-column-gap-default\">\n\t\t\t\t\t<div class=\"elementor-column elementor-col-50 elementor-top-column elementor-element elementor-element-d2485fe\" data-id=\"d2485fe\" data-element_type=\"column\">\n\t\t\t<div class=\"elementor-widget-wrap elementor-element-populated\">\n\t\t\t\t\t\t<div class=\"elementor-element elementor-element-31ccb24 elementor-widget elementor-widget-text-editor\" data-id=\"31ccb24\" data-element_type=\"widget\" data-widget_type=\"text-editor.default\">\n\t\t\t\t<div class=\"elementor-widget-container\">\n\t\t\t\t\t\t\t<p>Le\u00a0<a href=\"https:\/\/svt-dalaine.fr\/svt\/wp-content\/uploads\/2020\/01\/1_ES_TP3_Charbon_corrige_2019.pdf\">TP3: Charbon, mol\u00e9cule organique,<\/a>sur les hydrocarbures, traitera des conditions de transformation de la mati\u00e8re organique en hydrocarbure. Il permettra de consolider vos connaissances sur les notions de mol\u00e9cules organiques vs min\u00e9rales. Le logiciel <a href=\"https:\/\/libmol.org\/\">LibMol<\/a> sera de nouveau utilis\u00e9.<\/p><p><iframe title=\"La lente formation des gisements d\u2019hydrocarbures Plane\u0300te E\u0301ne\" width=\"640\" height=\"360\" src=\"https:\/\/www.youtube.com\/embed\/gJUBy5f_VxU?feature=oembed\" frameborder=\"0\" allow=\"accelerometer; autoplay; clipboard-write; encrypted-media; gyroscope; picture-in-picture; web-share\" referrerpolicy=\"strict-origin-when-cross-origin\" allowfullscreen><\/iframe><\/p><p>\u00a0<\/p>\t\t\t\t\t\t<\/div>\n\t\t\t\t<\/div>\n\t\t\t\t\t<\/div>\n\t\t<\/div>\n\t\t\t\t<div class=\"elementor-column elementor-col-50 elementor-top-column elementor-element elementor-element-0cbb60d\" data-id=\"0cbb60d\" data-element_type=\"column\">\n\t\t\t<div class=\"elementor-widget-wrap elementor-element-populated\">\n\t\t\t\t\t\t<div class=\"elementor-element elementor-element-763f335 elementor-widget elementor-widget-image\" data-id=\"763f335\" data-element_type=\"widget\" data-widget_type=\"image.default\">\n\t\t\t\t<div class=\"elementor-widget-container\">\n\t\t\t\t\t\t\t\t\t\t\t\t\t<img decoding=\"async\" width=\"640\" height=\"457\" src=\"https:\/\/svt-dalaine.fr\/svt\/wp-content\/uploads\/2020\/01\/Liquefaction-charbon.jpg\" class=\"attachment-large size-large wp-image-1299\" alt=\"\" srcset=\"https:\/\/svt-dalaine.fr\/svt\/wp-content\/uploads\/2020\/01\/Liquefaction-charbon.jpg 650w, https:\/\/svt-dalaine.fr\/svt\/wp-content\/uploads\/2020\/01\/Liquefaction-charbon-300x214.jpg 300w, https:\/\/svt-dalaine.fr\/svt\/wp-content\/uploads\/2020\/01\/Liquefaction-charbon-360x257.jpg 360w\" sizes=\"(max-width: 640px) 100vw, 640px\" \/>\t\t\t\t\t\t\t\t\t\t\t\t\t<\/div>\n\t\t\t\t<\/div>\n\t\t\t\t\t<\/div>\n\t\t<\/div>\n\t\t\t\t\t<\/div>\n\t\t<\/section>\n\t\t\t\t<section class=\"elementor-section elementor-top-section elementor-element elementor-element-3a8b6bf elementor-section-boxed elementor-section-height-default elementor-section-height-default\" data-id=\"3a8b6bf\" data-element_type=\"section\">\n\t\t\t\t\t\t<div class=\"elementor-container elementor-column-gap-default\">\n\t\t\t\t\t<div class=\"elementor-column elementor-col-50 elementor-top-column elementor-element elementor-element-4dc4b76\" data-id=\"4dc4b76\" data-element_type=\"column\">\n\t\t\t<div class=\"elementor-widget-wrap elementor-element-populated\">\n\t\t\t\t\t\t<div class=\"elementor-element elementor-element-a4f3fe3 elementor-widget elementor-widget-text-editor\" data-id=\"a4f3fe3\" data-element_type=\"widget\" data-widget_type=\"text-editor.default\">\n\t\t\t\t<div class=\"elementor-widget-container\">\n\t\t\t\t\t\t\t<p>Les traces \u00e9crites \u00e0 recopier dans la partie cours de votre classeur figurent dans le diaporama suivant: <a href=\"https:\/\/svt-dalaine.fr\/svt\/wp-content\/uploads\/2020\/01\/1_ES_2.3.conversion_energie_solaire_en_biomasse.pdf\">1_ES_2.3.conversion_energie_solaire_en_biomasse<\/a>. Bonne lecture et bon apprentissage!<\/p>\t\t\t\t\t\t<\/div>\n\t\t\t\t<\/div>\n\t\t\t\t\t<\/div>\n\t\t<\/div>\n\t\t\t\t<div class=\"elementor-column elementor-col-50 elementor-top-column elementor-element elementor-element-1504728\" data-id=\"1504728\" data-element_type=\"column\">\n\t\t\t<div class=\"elementor-widget-wrap elementor-element-populated\">\n\t\t\t\t\t\t<div class=\"elementor-element elementor-element-5f49af2 elementor-widget elementor-widget-video\" data-id=\"5f49af2\" data-element_type=\"widget\" data-settings=\"{&quot;youtube_url&quot;:&quot;https:\\\/\\\/youtu.be\\\/BrIIwtLUvGk&quot;,&quot;video_type&quot;:&quot;youtube&quot;,&quot;controls&quot;:&quot;yes&quot;}\" data-widget_type=\"video.default\">\n\t\t\t\t<div class=\"elementor-widget-container\">\n\t\t\t\t\t<div class=\"elementor-wrapper elementor-open-inline\">\n\t\t\t<div class=\"elementor-video\"><\/div>\t\t<\/div>\n\t\t\t\t<\/div>\n\t\t\t\t<\/div>\n\t\t\t\t\t<\/div>\n\t\t<\/div>\n\t\t\t\t\t<\/div>\n\t\t<\/section>\n\t\t\t\t<\/div>\n\t\t","protected":false},"excerpt":{"rendered":"<p>Dans ce chapitre 2.3 vous allez aborder la photosynth\u00e8se, en \u00e9tudiant les v\u00e9g\u00e9taux verts, organismes chlorophylliens capables de r\u00e9aliser la photosynth\u00e8se. Le TP1: Photosynth\u00e8se, Elod\u00e9e, eau iod\u00e9e vous permettra de valider vos comp\u00e9tences en microscopie et d&#8217;analyser des protocoles exp\u00e9rimentaux&hellip;&nbsp;<a href=\"https:\/\/svt-dalaine.fr\/svt\/theme-2-3-une-conversion-biologique-de-lenergie-solaire-la-photosynthese\/\" class=\"more-link\">Lire la suite<\/a><\/p>\n","protected":false},"author":1,"featured_media":0,"parent":0,"menu_order":0,"comment_status":"closed","ping_status":"closed","template":"","meta":{"footnotes":""},"categories":[67],"tags":[],"class_list":["post-1287","page","type-page","status-publish","hentry","category-1_es_theme_2"],"yoast_head":"<!-- This site is optimized with the Yoast SEO plugin v21.9.1 - https:\/\/yoast.com\/wordpress\/plugins\/seo\/ -->\n<title>Th\u00e8me 2.3. Une conversion biologique de l&#039;\u00e9nergie solaire: la photosynth\u00e8se - Bienvenue sur le site de Sciences de la Vie et de la Terre<\/title>\n<meta name=\"robots\" content=\"index, follow, max-snippet:-1, max-image-preview:large, max-video-preview:-1\" \/>\n<link rel=\"canonical\" href=\"https:\/\/svt-dalaine.fr\/svt\/theme-2-3-une-conversion-biologique-de-lenergie-solaire-la-photosynthese\/\" \/>\n<meta property=\"og:locale\" content=\"fr_FR\" \/>\n<meta property=\"og:type\" content=\"article\" \/>\n<meta property=\"og:title\" content=\"Th\u00e8me 2.3. Une conversion biologique de l&#039;\u00e9nergie solaire: la photosynth\u00e8se - Bienvenue sur le site de Sciences de la Vie et de la Terre\" \/>\n<meta property=\"og:description\" content=\"Dans ce chapitre 2.3 vous allez aborder la photosynth\u00e8se, en \u00e9tudiant les v\u00e9g\u00e9taux verts, organismes chlorophylliens capables de r\u00e9aliser la photosynth\u00e8se. Le TP1: Photosynth\u00e8se, Elod\u00e9e, eau iod\u00e9e vous permettra de valider vos comp\u00e9tences en microscopie et d&#8217;analyser des protocoles exp\u00e9rimentaux&hellip;&nbsp;Lire la suite\" \/>\n<meta property=\"og:url\" content=\"https:\/\/svt-dalaine.fr\/svt\/theme-2-3-une-conversion-biologique-de-lenergie-solaire-la-photosynthese\/\" \/>\n<meta property=\"og:site_name\" content=\"Bienvenue sur le site de Sciences de la Vie et de la Terre\" \/>\n<meta property=\"article:modified_time\" content=\"2020-02-04T16:06:10+00:00\" \/>\n<meta property=\"og:image\" content=\"https:\/\/svt-dalaine.fr\/svt\/wp-content\/uploads\/2020\/01\/IMG_1237-1024x1012.png\" \/>\n<meta name=\"twitter:card\" content=\"summary_large_image\" \/>\n<meta name=\"twitter:label1\" content=\"Dur\u00e9e de lecture estim\u00e9e\" \/>\n\t<meta name=\"twitter:data1\" content=\"1 minute\" \/>\n<script type=\"application\/ld+json\" class=\"yoast-schema-graph\">{\"@context\":\"https:\/\/schema.org\",\"@graph\":[{\"@type\":\"WebPage\",\"@id\":\"https:\/\/svt-dalaine.fr\/svt\/theme-2-3-une-conversion-biologique-de-lenergie-solaire-la-photosynthese\/\",\"url\":\"https:\/\/svt-dalaine.fr\/svt\/theme-2-3-une-conversion-biologique-de-lenergie-solaire-la-photosynthese\/\",\"name\":\"Th\u00e8me 2.3. Une conversion biologique de l'\u00e9nergie solaire: la photosynth\u00e8se - Bienvenue sur le site de Sciences de la Vie et de la Terre\",\"isPartOf\":{\"@id\":\"https:\/\/svt-dalaine.fr\/svt\/#website\"},\"datePublished\":\"2020-01-08T13:41:48+00:00\",\"dateModified\":\"2020-02-04T16:06:10+00:00\",\"breadcrumb\":{\"@id\":\"https:\/\/svt-dalaine.fr\/svt\/theme-2-3-une-conversion-biologique-de-lenergie-solaire-la-photosynthese\/#breadcrumb\"},\"inLanguage\":\"fr-FR\",\"potentialAction\":[{\"@type\":\"ReadAction\",\"target\":[\"https:\/\/svt-dalaine.fr\/svt\/theme-2-3-une-conversion-biologique-de-lenergie-solaire-la-photosynthese\/\"]}]},{\"@type\":\"BreadcrumbList\",\"@id\":\"https:\/\/svt-dalaine.fr\/svt\/theme-2-3-une-conversion-biologique-de-lenergie-solaire-la-photosynthese\/#breadcrumb\",\"itemListElement\":[{\"@type\":\"ListItem\",\"position\":1,\"name\":\"Accueil\",\"item\":\"https:\/\/svt-dalaine.fr\/svt\/\"},{\"@type\":\"ListItem\",\"position\":2,\"name\":\"Th\u00e8me 2.3. Une conversion biologique de l&#8217;\u00e9nergie solaire: la photosynth\u00e8se\"}]},{\"@type\":\"WebSite\",\"@id\":\"https:\/\/svt-dalaine.fr\/svt\/#website\",\"url\":\"https:\/\/svt-dalaine.fr\/svt\/\",\"name\":\"Bienvenue sur le site de Sciences de la Vie et de la Terre\",\"description\":\"Ressources en SVT de St\u00e9phanie Dalaine, professeure agr\u00e9g\u00e9e exer\u00e7ant en BCPST1 ENCPB\",\"potentialAction\":[{\"@type\":\"SearchAction\",\"target\":{\"@type\":\"EntryPoint\",\"urlTemplate\":\"https:\/\/svt-dalaine.fr\/svt\/?s={search_term_string}\"},\"query-input\":\"required name=search_term_string\"}],\"inLanguage\":\"fr-FR\"}]}<\/script>\n<!-- \/ Yoast SEO plugin. -->","yoast_head_json":{"title":"Th\u00e8me 2.3. Une conversion biologique de l'\u00e9nergie solaire: la photosynth\u00e8se - Bienvenue sur le site de Sciences de la Vie et de la Terre","robots":{"index":"index","follow":"follow","max-snippet":"max-snippet:-1","max-image-preview":"max-image-preview:large","max-video-preview":"max-video-preview:-1"},"canonical":"https:\/\/svt-dalaine.fr\/svt\/theme-2-3-une-conversion-biologique-de-lenergie-solaire-la-photosynthese\/","og_locale":"fr_FR","og_type":"article","og_title":"Th\u00e8me 2.3. Une conversion biologique de l'\u00e9nergie solaire: la photosynth\u00e8se - Bienvenue sur le site de Sciences de la Vie et de la Terre","og_description":"Dans ce chapitre 2.3 vous allez aborder la photosynth\u00e8se, en \u00e9tudiant les v\u00e9g\u00e9taux verts, organismes chlorophylliens capables de r\u00e9aliser la photosynth\u00e8se. Le TP1: Photosynth\u00e8se, Elod\u00e9e, eau iod\u00e9e vous permettra de valider vos comp\u00e9tences en microscopie et d&#8217;analyser des protocoles exp\u00e9rimentaux&hellip;&nbsp;Lire la suite","og_url":"https:\/\/svt-dalaine.fr\/svt\/theme-2-3-une-conversion-biologique-de-lenergie-solaire-la-photosynthese\/","og_site_name":"Bienvenue sur le site de Sciences de la Vie et de la Terre","article_modified_time":"2020-02-04T16:06:10+00:00","og_image":[{"url":"https:\/\/svt-dalaine.fr\/svt\/wp-content\/uploads\/2020\/01\/IMG_1237-1024x1012.png"}],"twitter_card":"summary_large_image","twitter_misc":{"Dur\u00e9e de lecture estim\u00e9e":"1 minute"},"schema":{"@context":"https:\/\/schema.org","@graph":[{"@type":"WebPage","@id":"https:\/\/svt-dalaine.fr\/svt\/theme-2-3-une-conversion-biologique-de-lenergie-solaire-la-photosynthese\/","url":"https:\/\/svt-dalaine.fr\/svt\/theme-2-3-une-conversion-biologique-de-lenergie-solaire-la-photosynthese\/","name":"Th\u00e8me 2.3. Une conversion biologique de l'\u00e9nergie solaire: la photosynth\u00e8se - Bienvenue sur le site de Sciences de la Vie et de la Terre","isPartOf":{"@id":"https:\/\/svt-dalaine.fr\/svt\/#website"},"datePublished":"2020-01-08T13:41:48+00:00","dateModified":"2020-02-04T16:06:10+00:00","breadcrumb":{"@id":"https:\/\/svt-dalaine.fr\/svt\/theme-2-3-une-conversion-biologique-de-lenergie-solaire-la-photosynthese\/#breadcrumb"},"inLanguage":"fr-FR","potentialAction":[{"@type":"ReadAction","target":["https:\/\/svt-dalaine.fr\/svt\/theme-2-3-une-conversion-biologique-de-lenergie-solaire-la-photosynthese\/"]}]},{"@type":"BreadcrumbList","@id":"https:\/\/svt-dalaine.fr\/svt\/theme-2-3-une-conversion-biologique-de-lenergie-solaire-la-photosynthese\/#breadcrumb","itemListElement":[{"@type":"ListItem","position":1,"name":"Accueil","item":"https:\/\/svt-dalaine.fr\/svt\/"},{"@type":"ListItem","position":2,"name":"Th\u00e8me 2.3. Une conversion biologique de l&#8217;\u00e9nergie solaire: la photosynth\u00e8se"}]},{"@type":"WebSite","@id":"https:\/\/svt-dalaine.fr\/svt\/#website","url":"https:\/\/svt-dalaine.fr\/svt\/","name":"Bienvenue sur le site de Sciences de la Vie et de la Terre","description":"Ressources en SVT de St\u00e9phanie Dalaine, professeure agr\u00e9g\u00e9e exer\u00e7ant en BCPST1 ENCPB","potentialAction":[{"@type":"SearchAction","target":{"@type":"EntryPoint","urlTemplate":"https:\/\/svt-dalaine.fr\/svt\/?s={search_term_string}"},"query-input":"required name=search_term_string"}],"inLanguage":"fr-FR"}]}},"_links":{"self":[{"href":"https:\/\/svt-dalaine.fr\/svt\/wp-json\/wp\/v2\/pages\/1287","targetHints":{"allow":["GET"]}}],"collection":[{"href":"https:\/\/svt-dalaine.fr\/svt\/wp-json\/wp\/v2\/pages"}],"about":[{"href":"https:\/\/svt-dalaine.fr\/svt\/wp-json\/wp\/v2\/types\/page"}],"author":[{"embeddable":true,"href":"https:\/\/svt-dalaine.fr\/svt\/wp-json\/wp\/v2\/users\/1"}],"replies":[{"embeddable":true,"href":"https:\/\/svt-dalaine.fr\/svt\/wp-json\/wp\/v2\/comments?post=1287"}],"version-history":[{"count":9,"href":"https:\/\/svt-dalaine.fr\/svt\/wp-json\/wp\/v2\/pages\/1287\/revisions"}],"predecessor-version":[{"id":1313,"href":"https:\/\/svt-dalaine.fr\/svt\/wp-json\/wp\/v2\/pages\/1287\/revisions\/1313"}],"wp:attachment":[{"href":"https:\/\/svt-dalaine.fr\/svt\/wp-json\/wp\/v2\/media?parent=1287"}],"wp:term":[{"taxonomy":"category","embeddable":true,"href":"https:\/\/svt-dalaine.fr\/svt\/wp-json\/wp\/v2\/categories?post=1287"},{"taxonomy":"post_tag","embeddable":true,"href":"https:\/\/svt-dalaine.fr\/svt\/wp-json\/wp\/v2\/tags?post=1287"}],"curies":[{"name":"wp","href":"https:\/\/api.w.org\/{rel}","templated":true}]}}