{"id":1325,"date":"2020-02-20T09:21:45","date_gmt":"2020-02-20T08:21:45","guid":{"rendered":"https:\/\/svt-dalaine.fr\/svt\/?page_id=1325"},"modified":"2020-02-20T10:18:04","modified_gmt":"2020-02-20T09:18:04","slug":"les-epreuves-du-bac-2021","status":"publish","type":"page","link":"https:\/\/svt-dalaine.fr\/svt\/les-epreuves-du-bac-2021\/","title":{"rendered":"Le Grand Oral du bac 2021"},"content":{"rendered":"\t\t<div data-elementor-type=\"wp-page\" data-elementor-id=\"1325\" class=\"elementor elementor-1325\">\n\t\t\t\t\t\t<section class=\"elementor-section elementor-top-section elementor-element elementor-element-415a52c elementor-section-boxed elementor-section-height-default elementor-section-height-default\" data-id=\"415a52c\" data-element_type=\"section\">\n\t\t\t\t\t\t<div class=\"elementor-container elementor-column-gap-default\">\n\t\t\t\t\t<div class=\"elementor-column elementor-col-100 elementor-top-column elementor-element elementor-element-4e158f0\" data-id=\"4e158f0\" data-element_type=\"column\">\n\t\t\t<div class=\"elementor-widget-wrap elementor-element-populated\">\n\t\t\t\t\t\t<div class=\"elementor-element elementor-element-8dabc54 elementor-widget elementor-widget-image\" data-id=\"8dabc54\" data-element_type=\"widget\" data-widget_type=\"image.default\">\n\t\t\t\t<div class=\"elementor-widget-container\">\n\t\t\t\t\t\t\t\t\t\t<figure class=\"wp-caption\">\n\t\t\t\t\t\t\t\t\t\t<img fetchpriority=\"high\" decoding=\"async\" width=\"225\" height=\"300\" src=\"https:\/\/svt-dalaine.fr\/svt\/wp-content\/uploads\/2020\/02\/lamantin-225x300.jpg\" class=\"attachment-medium size-medium wp-image-1333\" alt=\"\" srcset=\"https:\/\/svt-dalaine.fr\/svt\/wp-content\/uploads\/2020\/02\/lamantin-225x300.jpg 225w, https:\/\/svt-dalaine.fr\/svt\/wp-content\/uploads\/2020\/02\/lamantin-768x1024.jpg 768w, https:\/\/svt-dalaine.fr\/svt\/wp-content\/uploads\/2020\/02\/lamantin-203x270.jpg 203w, https:\/\/svt-dalaine.fr\/svt\/wp-content\/uploads\/2020\/02\/lamantin.jpg 960w\" sizes=\"(max-width: 225px) 100vw, 225px\" \/>\t\t\t\t\t\t\t\t\t\t\t<figcaption class=\"widget-image-caption wp-caption-text\">Evitez le r\u00e9flexe horripilateur, cette \u00e9preuve aura \u00e9t\u00e9 pr\u00e9par\u00e9e, vous pouvez vous y pr\u00e9senter d\u00e9tendu!<\/figcaption>\n\t\t\t\t\t\t\t\t\t\t<\/figure>\n\t\t\t\t\t\t\t<\/div>\n\t\t\t\t<\/div>\n\t\t\t\t\t<\/div>\n\t\t<\/div>\n\t\t\t\t\t<\/div>\n\t\t<\/section>\n\t\t\t\t<section class=\"elementor-section elementor-top-section elementor-element elementor-element-13560d5 elementor-section-boxed elementor-section-height-default elementor-section-height-default\" data-id=\"13560d5\" data-element_type=\"section\">\n\t\t\t\t\t\t<div class=\"elementor-container elementor-column-gap-default\">\n\t\t\t\t\t<div class=\"elementor-column elementor-col-100 elementor-top-column elementor-element elementor-element-6009da2\" data-id=\"6009da2\" data-element_type=\"column\">\n\t\t\t<div class=\"elementor-widget-wrap elementor-element-populated\">\n\t\t\t\t\t\t<div class=\"elementor-element elementor-element-24d5b50 elementor-widget elementor-widget-text-editor\" data-id=\"24d5b50\" data-element_type=\"widget\" data-widget_type=\"text-editor.default\">\n\t\t\t\t<div class=\"elementor-widget-container\">\n\t\t\t\t\t\t\t<p>En classe de Terminale, les \u00e9l\u00e8ves passent 5 \u00e9preuves terminales de l&#8217;examen du baccalaur\u00e9at.\u00a0<\/p><p>Parmi ces 5 \u00e9preuves, figure une \u00e9preuve orale, qualifi\u00e9e de &#8220;Grand Oral&#8221;, de coefficient 10.<\/p><p>Le temps de pr\u00e9paration de cette \u00e9preuve est de 20 minutes.<\/p><p>Cette \u00e9preuve orale dure 20 minutes:<\/p><ul><li>5 minutes de pr\u00e9sentation d&#8217;une question (l&#8217;\u00e9l\u00e8ve aura pr\u00e9par\u00e9 deux questions transdisciplinaires, le jury choisira avant le temps de pr\u00e9paration la question qu&#8217;exposera le candidat).<\/li><li>10 minutes d&#8217;\u00e9change avec le candidat afin d&#8217;\u00e9largir les comp\u00e9tences notionnelles et de raisonnement du candidat<\/li><li>5 minutes d&#8217;\u00e9change sur le projet d&#8217;orientation du candidat<\/li><\/ul><p>Les modalit\u00e9s de l&#8217;\u00e9preuve orale sont pr\u00e9cis\u00e9es au Bulletin officiel sp\u00e9cial n\u00b02 du 13 f\u00e9vrier 2020 <a href=\"https:\/\/www.education.gouv.fr\/pid285\/bulletin_officiel.html?cid_bo=149115\">ci-joint<\/a>.<\/p>\t\t\t\t\t\t<\/div>\n\t\t\t\t<\/div>\n\t\t\t\t\t<\/div>\n\t\t<\/div>\n\t\t\t\t\t<\/div>\n\t\t<\/section>\n\t\t\t\t<section class=\"elementor-section elementor-top-section elementor-element elementor-element-f76e1a6 elementor-section-boxed elementor-section-height-default elementor-section-height-default\" data-id=\"f76e1a6\" data-element_type=\"section\">\n\t\t\t\t\t\t<div class=\"elementor-container elementor-column-gap-default\">\n\t\t\t\t\t<div class=\"elementor-column elementor-col-100 elementor-top-column elementor-element elementor-element-545f284\" data-id=\"545f284\" data-element_type=\"column\">\n\t\t\t<div class=\"elementor-widget-wrap elementor-element-populated\">\n\t\t\t\t\t\t<div class=\"elementor-element elementor-element-a686979 elementor-widget elementor-widget-image\" data-id=\"a686979\" data-element_type=\"widget\" data-widget_type=\"image.default\">\n\t\t\t\t<div class=\"elementor-widget-container\">\n\t\t\t\t\t\t\t\t\t\t\t\t\t<img decoding=\"async\" width=\"640\" height=\"483\" src=\"https:\/\/svt-dalaine.fr\/svt\/wp-content\/uploads\/2020\/02\/Capture-d\u2019e\u0301cran-2020-02-20-a\u0300-09.29.58.png\" class=\"attachment-large size-large wp-image-1334\" alt=\"\" srcset=\"https:\/\/svt-dalaine.fr\/svt\/wp-content\/uploads\/2020\/02\/Capture-d\u2019e\u0301cran-2020-02-20-a\u0300-09.29.58.png 742w, https:\/\/svt-dalaine.fr\/svt\/wp-content\/uploads\/2020\/02\/Capture-d\u2019e\u0301cran-2020-02-20-a\u0300-09.29.58-300x226.png 300w, https:\/\/svt-dalaine.fr\/svt\/wp-content\/uploads\/2020\/02\/Capture-d\u2019e\u0301cran-2020-02-20-a\u0300-09.29.58-358x270.png 358w\" sizes=\"(max-width: 640px) 100vw, 640px\" \/>\t\t\t\t\t\t\t\t\t\t\t\t\t<\/div>\n\t\t\t\t<\/div>\n\t\t\t\t\t<\/div>\n\t\t<\/div>\n\t\t\t\t\t<\/div>\n\t\t<\/section>\n\t\t\t\t<section class=\"elementor-section elementor-top-section elementor-element elementor-element-839543e elementor-section-boxed elementor-section-height-default elementor-section-height-default\" data-id=\"839543e\" data-element_type=\"section\">\n\t\t\t\t\t\t<div class=\"elementor-container elementor-column-gap-default\">\n\t\t\t\t\t<div class=\"elementor-column elementor-col-100 elementor-top-column elementor-element elementor-element-9d4b473\" data-id=\"9d4b473\" data-element_type=\"column\">\n\t\t\t<div class=\"elementor-widget-wrap elementor-element-populated\">\n\t\t\t\t\t\t<div class=\"elementor-element elementor-element-072b02c elementor-widget elementor-widget-text-editor\" data-id=\"072b02c\" data-element_type=\"widget\" data-widget_type=\"text-editor.default\">\n\t\t\t\t<div class=\"elementor-widget-container\">\n\t\t\t\t\t\t\t<p>Conseils sur le choix des deux questions<\/p><ul><li>choix des questions: privil\u00e9gier la transdisciplinarit\u00e9 afin de satisfaire aux deux membres du jury (un par discipline majeure)<\/li><li>choix des questions: \u00e9viter des questions trop larges, qui ne peuvent \u00eatre trait\u00e9es en 5 minutes (ex: &#8220;comment expliquer le r\u00e9chauffement climatique&#8221; inabordable en 5 minutes&#8230; )<\/li><li>afin de construire une argumentation, votre question doit \u00eatre un &#8220;comment expliquer&#8230;&#8221;, plut\u00f4t qu&#8217;un &#8220;pourquoi&#8221;.<\/li><li>\u00a0solliciter les enseignants encadrants sur l&#8217;ann\u00e9e, pour pr\u00e9ciser la d\u00e9marche, les connaissances<\/li><\/ul>\t\t\t\t\t\t<\/div>\n\t\t\t\t<\/div>\n\t\t\t\t\t<\/div>\n\t\t<\/div>\n\t\t\t\t\t<\/div>\n\t\t<\/section>\n\t\t\t\t<section class=\"elementor-section elementor-top-section elementor-element elementor-element-cdeeda5 elementor-section-boxed elementor-section-height-default elementor-section-height-default\" data-id=\"cdeeda5\" data-element_type=\"section\">\n\t\t\t\t\t\t<div class=\"elementor-container elementor-column-gap-default\">\n\t\t\t\t\t<div class=\"elementor-column elementor-col-100 elementor-top-column elementor-element elementor-element-e66005b\" data-id=\"e66005b\" data-element_type=\"column\">\n\t\t\t<div class=\"elementor-widget-wrap elementor-element-populated\">\n\t\t\t\t\t\t<div class=\"elementor-element elementor-element-3990948 elementor-widget elementor-widget-text-editor\" data-id=\"3990948\" data-element_type=\"widget\" data-widget_type=\"text-editor.default\">\n\t\t\t\t<div class=\"elementor-widget-container\">\n\t\t\t\t\t\t\t<p>Conseils relatifs au temps de pr\u00e9paration:<\/p><ul><li>sur une feuille de brouillon, r\u00e9diger la question et pr\u00e9ciser le plan<\/li><li>sur une seconde feuille de brouillon, r\u00e9diger les notions importantes associ\u00e9es \u00e0 chaque partie<\/li><li>sur une troisi\u00e8me feuille de brouillon, noter quelques d\u00e9finitions qui pourraient vous \u00eatre demand\u00e9es pendant la partie &#8220;\u00e9change&#8221;<\/li><\/ul>\t\t\t\t\t\t<\/div>\n\t\t\t\t<\/div>\n\t\t\t\t\t<\/div>\n\t\t<\/div>\n\t\t\t\t\t<\/div>\n\t\t<\/section>\n\t\t\t\t<section class=\"elementor-section elementor-top-section elementor-element elementor-element-fd3836b elementor-section-boxed elementor-section-height-default elementor-section-height-default\" data-id=\"fd3836b\" data-element_type=\"section\">\n\t\t\t\t\t\t<div class=\"elementor-container elementor-column-gap-default\">\n\t\t\t\t\t<div class=\"elementor-column elementor-col-100 elementor-top-column elementor-element elementor-element-7c3b431\" data-id=\"7c3b431\" data-element_type=\"column\">\n\t\t\t<div class=\"elementor-widget-wrap elementor-element-populated\">\n\t\t\t\t\t\t<div class=\"elementor-element elementor-element-35f4629 elementor-widget elementor-widget-text-editor\" data-id=\"35f4629\" data-element_type=\"widget\" data-widget_type=\"text-editor.default\">\n\t\t\t\t<div class=\"elementor-widget-container\">\n\t\t\t\t\t\t\t<p>Conseils pour la premi\u00e8re partie de l&#8217;oral, pr\u00e9sentation de la question:<\/p><ul><li>s&#8217;entra\u00eener \u00e0 passer \u00e0 l&#8217;oral, en travaillant le d\u00e9bit, la fluidit\u00e9, le niveau sonore, la posture (ouverte vers l&#8217;auditoire, \u00eatre s\u00fbr de soi tout en restant modeste)<\/li><li>pr\u00e9voir une tenue en ad\u00e9quation avec un oral d&#8217;examen&#8230; tout en \u00e9tant \u00e0 l&#8217;aise<\/li><li>se filmer et ensuite analyser les tics gestuels ou langagiers \u00e0 modifier<\/li><\/ul>\t\t\t\t\t\t<\/div>\n\t\t\t\t<\/div>\n\t\t\t\t\t<\/div>\n\t\t<\/div>\n\t\t\t\t\t<\/div>\n\t\t<\/section>\n\t\t\t\t<section class=\"elementor-section elementor-top-section elementor-element elementor-element-32b4509 elementor-section-boxed elementor-section-height-default elementor-section-height-default\" data-id=\"32b4509\" data-element_type=\"section\">\n\t\t\t\t\t\t<div class=\"elementor-container elementor-column-gap-default\">\n\t\t\t\t\t<div class=\"elementor-column elementor-col-100 elementor-top-column elementor-element elementor-element-34a0e50\" data-id=\"34a0e50\" data-element_type=\"column\">\n\t\t\t<div class=\"elementor-widget-wrap elementor-element-populated\">\n\t\t\t\t\t\t<div class=\"elementor-element elementor-element-34fc6cb elementor-widget elementor-widget-text-editor\" data-id=\"34fc6cb\" data-element_type=\"widget\" data-widget_type=\"text-editor.default\">\n\t\t\t\t<div class=\"elementor-widget-container\">\n\t\t\t\t\t\t\t<p>Conseils pour la 2de partie de l&#8217;oral, portant sur les \u00e9changes en lien avec la question:<\/p><ul><li>\u00e0 la fin de la 1\u00e8re partie, conclure en ouvrant sur un domaine de vos disciplines majeures que vous maitrisez tr\u00e8s bien, voire qui est en lien avec votre projet professionnel<\/li><li>prendre le temps d&#8217;\u00e9couter les questions et d&#8217;y r\u00e9pondre<\/li><li>ne pas h\u00e9siter \u00e0 d\u00e9velopper son raisonnement oralement, afin de montrer au jury vos comp\u00e9tences d&#8217;analyse<\/li><\/ul>\t\t\t\t\t\t<\/div>\n\t\t\t\t<\/div>\n\t\t\t\t\t<\/div>\n\t\t<\/div>\n\t\t\t\t\t<\/div>\n\t\t<\/section>\n\t\t\t\t<section class=\"elementor-section elementor-top-section elementor-element elementor-element-80a05b9 elementor-section-boxed elementor-section-height-default elementor-section-height-default\" data-id=\"80a05b9\" data-element_type=\"section\">\n\t\t\t\t\t\t<div class=\"elementor-container elementor-column-gap-default\">\n\t\t\t\t\t<div class=\"elementor-column elementor-col-100 elementor-top-column elementor-element elementor-element-ef69ce0\" data-id=\"ef69ce0\" data-element_type=\"column\">\n\t\t\t<div class=\"elementor-widget-wrap elementor-element-populated\">\n\t\t\t\t\t\t<div class=\"elementor-element elementor-element-a9802b9 elementor-widget elementor-widget-text-editor\" data-id=\"a9802b9\" data-element_type=\"widget\" data-widget_type=\"text-editor.default\">\n\t\t\t\t<div class=\"elementor-widget-container\">\n\t\t\t\t\t\t\t<p>Conseils pour la 3\u00e8me partie de l&#8217;oral, portant sur le projet d&#8217;orientation:<\/p><ul><li>\u00eatre capable de d\u00e9crire le contenu de la formation que vous souhaitez r\u00e9aliser<\/li><li>\u00eatre capable de pr\u00e9senter vos atouts, vos motivations<\/li><li>\u00e9ventuellement expliquer des projets d\u00e9j\u00e0 r\u00e9alis\u00e9s au lyc\u00e9e ou ailleurs (CVL, d\u00e9l\u00e9gu\u00e9, sport, musique, th\u00e9\u00e2tre, dessin, club, net, d\u00e9veloppement durable)<\/li><li>\u00eatre capable de r\u00e9pondre \u00e0 la question: &#8220;comment vous voyez-vous dans 10 ans?&#8221;<\/li><\/ul>\t\t\t\t\t\t<\/div>\n\t\t\t\t<\/div>\n\t\t\t\t\t<\/div>\n\t\t<\/div>\n\t\t\t\t\t<\/div>\n\t\t<\/section>\n\t\t\t\t<\/div>\n\t\t","protected":false},"excerpt":{"rendered":"<p>Evitez le r\u00e9flexe horripilateur, cette \u00e9preuve aura \u00e9t\u00e9 pr\u00e9par\u00e9e, vous pouvez vous y pr\u00e9senter d\u00e9tendu! En classe de Terminale, les \u00e9l\u00e8ves passent 5 \u00e9preuves terminales de l&#8217;examen du baccalaur\u00e9at.\u00a0 Parmi ces 5 \u00e9preuves, figure une \u00e9preuve orale, qualifi\u00e9e de &#8220;Grand&hellip;&nbsp;<a href=\"https:\/\/svt-dalaine.fr\/svt\/les-epreuves-du-bac-2021\/\" class=\"more-link\">Lire la suite<\/a><\/p>\n","protected":false},"author":1,"featured_media":0,"parent":0,"menu_order":0,"comment_status":"closed","ping_status":"closed","template":"","meta":{"footnotes":""},"categories":[60],"tags":[],"class_list":["post-1325","page","type-page","status-publish","hentry","category-spe-tale_2020"],"yoast_head":"<!-- This site is optimized with the Yoast SEO plugin v21.9.1 - https:\/\/yoast.com\/wordpress\/plugins\/seo\/ -->\n<title>Le Grand Oral du bac 2021 - Bienvenue sur le site de Sciences de la Vie et de la Terre<\/title>\n<meta name=\"robots\" content=\"index, follow, max-snippet:-1, max-image-preview:large, max-video-preview:-1\" \/>\n<link rel=\"canonical\" href=\"https:\/\/svt-dalaine.fr\/svt\/les-epreuves-du-bac-2021\/\" \/>\n<meta property=\"og:locale\" content=\"fr_FR\" \/>\n<meta property=\"og:type\" content=\"article\" \/>\n<meta property=\"og:title\" content=\"Le Grand Oral du bac 2021 - Bienvenue sur le site de Sciences de la Vie et de la Terre\" \/>\n<meta property=\"og:description\" content=\"Evitez le r\u00e9flexe horripilateur, cette \u00e9preuve aura \u00e9t\u00e9 pr\u00e9par\u00e9e, vous pouvez vous y pr\u00e9senter d\u00e9tendu! En classe de Terminale, les \u00e9l\u00e8ves passent 5 \u00e9preuves terminales de l&#8217;examen du baccalaur\u00e9at.\u00a0 Parmi ces 5 \u00e9preuves, figure une \u00e9preuve orale, qualifi\u00e9e de &#8220;Grand&hellip;&nbsp;Lire la suite\" \/>\n<meta property=\"og:url\" content=\"https:\/\/svt-dalaine.fr\/svt\/les-epreuves-du-bac-2021\/\" \/>\n<meta property=\"og:site_name\" content=\"Bienvenue sur le site de Sciences de la Vie et de la Terre\" \/>\n<meta property=\"article:modified_time\" content=\"2020-02-20T09:18:04+00:00\" \/>\n<meta property=\"og:image\" content=\"https:\/\/svt-dalaine.fr\/svt\/wp-content\/uploads\/2020\/02\/lamantin-225x300.jpg\" \/>\n<meta name=\"twitter:card\" content=\"summary_large_image\" \/>\n<meta name=\"twitter:label1\" content=\"Dur\u00e9e de lecture estim\u00e9e\" \/>\n\t<meta name=\"twitter:data1\" content=\"2 minutes\" \/>\n<script type=\"application\/ld+json\" class=\"yoast-schema-graph\">{\"@context\":\"https:\/\/schema.org\",\"@graph\":[{\"@type\":\"WebPage\",\"@id\":\"https:\/\/svt-dalaine.fr\/svt\/les-epreuves-du-bac-2021\/\",\"url\":\"https:\/\/svt-dalaine.fr\/svt\/les-epreuves-du-bac-2021\/\",\"name\":\"Le Grand Oral du bac 2021 - Bienvenue sur le site de Sciences de la Vie et de la Terre\",\"isPartOf\":{\"@id\":\"https:\/\/svt-dalaine.fr\/svt\/#website\"},\"datePublished\":\"2020-02-20T08:21:45+00:00\",\"dateModified\":\"2020-02-20T09:18:04+00:00\",\"breadcrumb\":{\"@id\":\"https:\/\/svt-dalaine.fr\/svt\/les-epreuves-du-bac-2021\/#breadcrumb\"},\"inLanguage\":\"fr-FR\",\"potentialAction\":[{\"@type\":\"ReadAction\",\"target\":[\"https:\/\/svt-dalaine.fr\/svt\/les-epreuves-du-bac-2021\/\"]}]},{\"@type\":\"BreadcrumbList\",\"@id\":\"https:\/\/svt-dalaine.fr\/svt\/les-epreuves-du-bac-2021\/#breadcrumb\",\"itemListElement\":[{\"@type\":\"ListItem\",\"position\":1,\"name\":\"Accueil\",\"item\":\"https:\/\/svt-dalaine.fr\/svt\/\"},{\"@type\":\"ListItem\",\"position\":2,\"name\":\"Le Grand Oral du bac 2021\"}]},{\"@type\":\"WebSite\",\"@id\":\"https:\/\/svt-dalaine.fr\/svt\/#website\",\"url\":\"https:\/\/svt-dalaine.fr\/svt\/\",\"name\":\"Bienvenue sur le site de Sciences de la Vie et de la Terre\",\"description\":\"Ressources en SVT de St\u00e9phanie Dalaine, professeure agr\u00e9g\u00e9e exer\u00e7ant en BCPST1 ENCPB\",\"potentialAction\":[{\"@type\":\"SearchAction\",\"target\":{\"@type\":\"EntryPoint\",\"urlTemplate\":\"https:\/\/svt-dalaine.fr\/svt\/?s={search_term_string}\"},\"query-input\":\"required name=search_term_string\"}],\"inLanguage\":\"fr-FR\"}]}<\/script>\n<!-- \/ Yoast SEO plugin. -->","yoast_head_json":{"title":"Le Grand Oral du bac 2021 - Bienvenue sur le site de Sciences de la Vie et de la Terre","robots":{"index":"index","follow":"follow","max-snippet":"max-snippet:-1","max-image-preview":"max-image-preview:large","max-video-preview":"max-video-preview:-1"},"canonical":"https:\/\/svt-dalaine.fr\/svt\/les-epreuves-du-bac-2021\/","og_locale":"fr_FR","og_type":"article","og_title":"Le Grand Oral du bac 2021 - Bienvenue sur le site de Sciences de la Vie et de la Terre","og_description":"Evitez le r\u00e9flexe horripilateur, cette \u00e9preuve aura \u00e9t\u00e9 pr\u00e9par\u00e9e, vous pouvez vous y pr\u00e9senter d\u00e9tendu! En classe de Terminale, les \u00e9l\u00e8ves passent 5 \u00e9preuves terminales de l&#8217;examen du baccalaur\u00e9at.\u00a0 Parmi ces 5 \u00e9preuves, figure une \u00e9preuve orale, qualifi\u00e9e de &#8220;Grand&hellip;&nbsp;Lire la suite","og_url":"https:\/\/svt-dalaine.fr\/svt\/les-epreuves-du-bac-2021\/","og_site_name":"Bienvenue sur le site de Sciences de la Vie et de la Terre","article_modified_time":"2020-02-20T09:18:04+00:00","og_image":[{"url":"https:\/\/svt-dalaine.fr\/svt\/wp-content\/uploads\/2020\/02\/lamantin-225x300.jpg"}],"twitter_card":"summary_large_image","twitter_misc":{"Dur\u00e9e de lecture estim\u00e9e":"2 minutes"},"schema":{"@context":"https:\/\/schema.org","@graph":[{"@type":"WebPage","@id":"https:\/\/svt-dalaine.fr\/svt\/les-epreuves-du-bac-2021\/","url":"https:\/\/svt-dalaine.fr\/svt\/les-epreuves-du-bac-2021\/","name":"Le Grand Oral du bac 2021 - Bienvenue sur le site de Sciences de la Vie et de la Terre","isPartOf":{"@id":"https:\/\/svt-dalaine.fr\/svt\/#website"},"datePublished":"2020-02-20T08:21:45+00:00","dateModified":"2020-02-20T09:18:04+00:00","breadcrumb":{"@id":"https:\/\/svt-dalaine.fr\/svt\/les-epreuves-du-bac-2021\/#breadcrumb"},"inLanguage":"fr-FR","potentialAction":[{"@type":"ReadAction","target":["https:\/\/svt-dalaine.fr\/svt\/les-epreuves-du-bac-2021\/"]}]},{"@type":"BreadcrumbList","@id":"https:\/\/svt-dalaine.fr\/svt\/les-epreuves-du-bac-2021\/#breadcrumb","itemListElement":[{"@type":"ListItem","position":1,"name":"Accueil","item":"https:\/\/svt-dalaine.fr\/svt\/"},{"@type":"ListItem","position":2,"name":"Le Grand Oral du bac 2021"}]},{"@type":"WebSite","@id":"https:\/\/svt-dalaine.fr\/svt\/#website","url":"https:\/\/svt-dalaine.fr\/svt\/","name":"Bienvenue sur le site de Sciences de la Vie et de la Terre","description":"Ressources en SVT de St\u00e9phanie Dalaine, professeure agr\u00e9g\u00e9e exer\u00e7ant en BCPST1 ENCPB","potentialAction":[{"@type":"SearchAction","target":{"@type":"EntryPoint","urlTemplate":"https:\/\/svt-dalaine.fr\/svt\/?s={search_term_string}"},"query-input":"required name=search_term_string"}],"inLanguage":"fr-FR"}]}},"_links":{"self":[{"href":"https:\/\/svt-dalaine.fr\/svt\/wp-json\/wp\/v2\/pages\/1325","targetHints":{"allow":["GET"]}}],"collection":[{"href":"https:\/\/svt-dalaine.fr\/svt\/wp-json\/wp\/v2\/pages"}],"about":[{"href":"https:\/\/svt-dalaine.fr\/svt\/wp-json\/wp\/v2\/types\/page"}],"author":[{"embeddable":true,"href":"https:\/\/svt-dalaine.fr\/svt\/wp-json\/wp\/v2\/users\/1"}],"replies":[{"embeddable":true,"href":"https:\/\/svt-dalaine.fr\/svt\/wp-json\/wp\/v2\/comments?post=1325"}],"version-history":[{"count":10,"href":"https:\/\/svt-dalaine.fr\/svt\/wp-json\/wp\/v2\/pages\/1325\/revisions"}],"predecessor-version":[{"id":1339,"href":"https:\/\/svt-dalaine.fr\/svt\/wp-json\/wp\/v2\/pages\/1325\/revisions\/1339"}],"wp:attachment":[{"href":"https:\/\/svt-dalaine.fr\/svt\/wp-json\/wp\/v2\/media?parent=1325"}],"wp:term":[{"taxonomy":"category","embeddable":true,"href":"https:\/\/svt-dalaine.fr\/svt\/wp-json\/wp\/v2\/categories?post=1325"},{"taxonomy":"post_tag","embeddable":true,"href":"https:\/\/svt-dalaine.fr\/svt\/wp-json\/wp\/v2\/tags?post=1325"}],"curies":[{"name":"wp","href":"https:\/\/api.w.org\/{rel}","templated":true}]}}