{"id":1340,"date":"2020-02-20T10:49:50","date_gmt":"2020-02-20T09:49:50","guid":{"rendered":"https:\/\/svt-dalaine.fr\/svt\/?page_id=1340"},"modified":"2020-02-20T11:11:55","modified_gmt":"2020-02-20T10:11:55","slug":"epreuve-de-lenseignement-de-specialite-baccalaureat-2021","status":"publish","type":"page","link":"https:\/\/svt-dalaine.fr\/svt\/epreuve-de-lenseignement-de-specialite-baccalaureat-2021\/","title":{"rendered":"\u00c9preuve de l&#8217;enseignement de sp\u00e9cialit\u00e9, baccalaur\u00e9at 2021"},"content":{"rendered":"\t\t<div data-elementor-type=\"wp-page\" data-elementor-id=\"1340\" class=\"elementor elementor-1340\">\n\t\t\t\t\t\t<section class=\"elementor-section elementor-top-section elementor-element elementor-element-fb3e72e elementor-section-boxed elementor-section-height-default elementor-section-height-default\" data-id=\"fb3e72e\" data-element_type=\"section\">\n\t\t\t\t\t\t<div class=\"elementor-container elementor-column-gap-default\">\n\t\t\t\t\t<div class=\"elementor-column elementor-col-100 elementor-top-column elementor-element elementor-element-ff1108c\" data-id=\"ff1108c\" data-element_type=\"column\">\n\t\t\t<div class=\"elementor-widget-wrap elementor-element-populated\">\n\t\t\t\t\t\t<div class=\"elementor-element elementor-element-8ab1e1c elementor-widget elementor-widget-image\" data-id=\"8ab1e1c\" data-element_type=\"widget\" data-widget_type=\"image.default\">\n\t\t\t\t<div class=\"elementor-widget-container\">\n\t\t\t\t\t\t\t\t\t\t<figure class=\"wp-caption\">\n\t\t\t\t\t\t\t\t\t\t<img fetchpriority=\"high\" decoding=\"async\" width=\"640\" height=\"480\" src=\"https:\/\/svt-dalaine.fr\/svt\/wp-content\/uploads\/2020\/02\/rayon_soleil_baie_somme-1024x768.jpg\" class=\"attachment-large size-large wp-image-1342\" alt=\"\" srcset=\"https:\/\/svt-dalaine.fr\/svt\/wp-content\/uploads\/2020\/02\/rayon_soleil_baie_somme-1024x768.jpg 1024w, https:\/\/svt-dalaine.fr\/svt\/wp-content\/uploads\/2020\/02\/rayon_soleil_baie_somme-300x225.jpg 300w, https:\/\/svt-dalaine.fr\/svt\/wp-content\/uploads\/2020\/02\/rayon_soleil_baie_somme-768x576.jpg 768w, https:\/\/svt-dalaine.fr\/svt\/wp-content\/uploads\/2020\/02\/rayon_soleil_baie_somme-360x270.jpg 360w, https:\/\/svt-dalaine.fr\/svt\/wp-content\/uploads\/2020\/02\/rayon_soleil_baie_somme.jpg 1280w\" sizes=\"(max-width: 640px) 100vw, 640px\" \/>\t\t\t\t\t\t\t\t\t\t\t<figcaption class=\"widget-image-caption wp-caption-text\">\u201cIl y a deux cat\u00e9gories d'\u00eatres intelligents : ceux dont l'esprit rayonne et ceux qui brillent : les premiers \u00e9clairent leur entourage, les seconds les plongent dans les t\u00e9n\u00e8bres.\u201d De Marie von Ebner-Eschenbach<\/figcaption>\n\t\t\t\t\t\t\t\t\t\t<\/figure>\n\t\t\t\t\t\t\t<\/div>\n\t\t\t\t<\/div>\n\t\t\t\t\t<\/div>\n\t\t<\/div>\n\t\t\t\t\t<\/div>\n\t\t<\/section>\n\t\t\t\t<section class=\"elementor-section elementor-top-section elementor-element elementor-element-7be95f0 elementor-section-boxed elementor-section-height-default elementor-section-height-default\" data-id=\"7be95f0\" data-element_type=\"section\">\n\t\t\t\t\t\t<div class=\"elementor-container elementor-column-gap-default\">\n\t\t\t\t\t<div class=\"elementor-column elementor-col-100 elementor-top-column elementor-element elementor-element-bf4145d\" data-id=\"bf4145d\" data-element_type=\"column\">\n\t\t\t<div class=\"elementor-widget-wrap elementor-element-populated\">\n\t\t\t\t\t\t<div class=\"elementor-element elementor-element-8be1990 elementor-widget elementor-widget-text-editor\" data-id=\"8be1990\" data-element_type=\"widget\" data-widget_type=\"text-editor.default\">\n\t\t\t\t<div class=\"elementor-widget-container\">\n\t\t\t\t\t\t\t<p class=\"Stitre1\">L&#8217;\u00e9preuve de sp\u00e9cialit\u00e9 SVT comporte <strong>deux parties<\/strong> (cf<a href=\"https:\/\/www.education.gouv.fr\/pid285\/bulletin_officiel.html?cid_bo=149264\"> BO n\u00b02 du 13 F\u00e9vrier 2020<\/a>):<\/p><ul><li class=\"Stitre1\"><strong>\u00e9preuve \u00e9crite<\/strong> de sciences de la vie et de la Terre, d&#8217;une dur\u00e9e de 3 heures 30, not\u00e9e sur <strong>15 points<\/strong>; constitu\u00e9e de deux exercices (<strong>Exercice 1<\/strong> -not\u00e9 sur 6 ou 7 points- <strong>Exercice 2<\/strong> (not\u00e9 sur 8 ou 9 points)<\/li><li><p class=\"Stitre2\"><strong>\u00e9preuve pratique<\/strong> d&#8217;\u00e9valuation des comp\u00e9tences exp\u00e9rimentales (ECE), d&#8217;une dur\u00e9e d&#8217;1 heure, not\u00e9e sur <strong>5 points<\/strong>, se d\u00e9roulant au cours du second trimestre pendant la p\u00e9riode de l&#8217;\u00e9preuve \u00e9crite de sp\u00e9cialit\u00e9; le calcul de la note se fait sur 20 points ramen\u00e9e \u00e0 une note sur 5 pour compl\u00e9ter la note de l&#8217;\u00e9preuve \u00e9crite sur 15.<\/p><\/li><\/ul>\t\t\t\t\t\t<\/div>\n\t\t\t\t<\/div>\n\t\t\t\t\t<\/div>\n\t\t<\/div>\n\t\t\t\t\t<\/div>\n\t\t<\/section>\n\t\t\t\t<section class=\"elementor-section elementor-top-section elementor-element elementor-element-d6a71ad elementor-section-boxed elementor-section-height-default elementor-section-height-default\" data-id=\"d6a71ad\" data-element_type=\"section\">\n\t\t\t\t\t\t<div class=\"elementor-container elementor-column-gap-default\">\n\t\t\t\t\t<div class=\"elementor-column elementor-col-50 elementor-top-column elementor-element elementor-element-8878e06\" data-id=\"8878e06\" data-element_type=\"column\">\n\t\t\t<div class=\"elementor-widget-wrap elementor-element-populated\">\n\t\t\t\t\t\t<div class=\"elementor-element elementor-element-a19a16b elementor-widget elementor-widget-text-editor\" data-id=\"a19a16b\" data-element_type=\"widget\" data-widget_type=\"text-editor.default\">\n\t\t\t\t<div class=\"elementor-widget-container\">\n\t\t\t\t\t\t\t<p>Certaines parties du programme de Sp\u00e9cialit\u00e9 SVT de Terminale <span style=\"text-decoration: underline;\">ne peuvent faire l&#8217;objet d&#8217;une \u00e9valuation \u00e0 l&#8217;\u00e9preuve tant \u00e9crite que pratique<\/span>:<\/p><p>Dans la th\u00e9matique la Terre, la vie et l&#8217;organisation du vivant\u00a0:<\/p><ul class=\"unIndentedList\"><li>la partie \u00ab D&#8217;autres m\u00e9canismes contribuent a\u0300 la diversit\u00e9 du vivant \u00bb.<\/li><\/ul><p>Dans la th\u00e9matique Enjeux plan\u00e9taires contemporains\u00a0:<\/p><ul class=\"unIndentedList\"><li>la partie \u00ab La domestication des plantes \u00bb\u00a0;<\/li><li>la partie \u00ab Comprendre les cons\u00e9quences du r\u00e9chauffement climatique et les possibilit\u00e9s d&#8217;actions \u00bb.<\/li><\/ul><p>Dans la th\u00e9matique Corps humain et sant\u00e9\u00a0:<\/p><ul class=\"unIndentedList\"><li>la partie \u00ab L&#8217;organisme d\u00e9bord\u00e9 dans ses capacit\u00e9s d&#8217;adaptation \u00bb.<\/li><\/ul><p>.<\/p>\t\t\t\t\t\t<\/div>\n\t\t\t\t<\/div>\n\t\t\t\t\t<\/div>\n\t\t<\/div>\n\t\t\t\t<div class=\"elementor-column elementor-col-50 elementor-top-column elementor-element elementor-element-178b1df\" data-id=\"178b1df\" data-element_type=\"column\">\n\t\t\t<div class=\"elementor-widget-wrap elementor-element-populated\">\n\t\t\t\t\t\t<div class=\"elementor-element elementor-element-7efbffe elementor-widget elementor-widget-image\" data-id=\"7efbffe\" data-element_type=\"widget\" data-widget_type=\"image.default\">\n\t\t\t\t<div class=\"elementor-widget-container\">\n\t\t\t\t\t\t\t\t\t\t\t\t\t<img decoding=\"async\" width=\"488\" height=\"269\" src=\"https:\/\/svt-dalaine.fr\/svt\/wp-content\/uploads\/2020\/02\/Capture-d\u2019e\u0301cran-2020-02-20-a\u0300-11.05.31.png\" class=\"attachment-large size-large wp-image-1349\" alt=\"\" srcset=\"https:\/\/svt-dalaine.fr\/svt\/wp-content\/uploads\/2020\/02\/Capture-d\u2019e\u0301cran-2020-02-20-a\u0300-11.05.31.png 488w, https:\/\/svt-dalaine.fr\/svt\/wp-content\/uploads\/2020\/02\/Capture-d\u2019e\u0301cran-2020-02-20-a\u0300-11.05.31-300x165.png 300w, https:\/\/svt-dalaine.fr\/svt\/wp-content\/uploads\/2020\/02\/Capture-d\u2019e\u0301cran-2020-02-20-a\u0300-11.05.31-360x198.png 360w\" sizes=\"(max-width: 488px) 100vw, 488px\" \/>\t\t\t\t\t\t\t\t\t\t\t\t\t<\/div>\n\t\t\t\t<\/div>\n\t\t\t\t\t<\/div>\n\t\t<\/div>\n\t\t\t\t\t<\/div>\n\t\t<\/section>\n\t\t\t\t<section class=\"elementor-section elementor-top-section elementor-element elementor-element-3e190ff elementor-section-boxed elementor-section-height-default elementor-section-height-default\" data-id=\"3e190ff\" data-element_type=\"section\">\n\t\t\t\t\t\t<div class=\"elementor-container elementor-column-gap-default\">\n\t\t\t\t\t<div class=\"elementor-column elementor-col-100 elementor-top-column elementor-element elementor-element-401f614\" data-id=\"401f614\" data-element_type=\"column\">\n\t\t\t<div class=\"elementor-widget-wrap elementor-element-populated\">\n\t\t\t\t\t\t<div class=\"elementor-element elementor-element-8a25b50 elementor-widget elementor-widget-text-editor\" data-id=\"8a25b50\" data-element_type=\"widget\" data-widget_type=\"text-editor.default\">\n\t\t\t\t<div class=\"elementor-widget-container\">\n\t\t\t\t\t\t\t<p>Pr\u00e9cisions sur l&#8217;\u00e9preuve \u00e9crite de 3h30 (sur 15 points):<\/p><ul><li><strong>l&#8217;exercice 1<\/strong>: <strong>texte argument\u00e9<\/strong> r\u00e9pondant \u00e0 <strong>la question scientifique pos\u00e9e<\/strong>. Le questionnement peut \u00eatre accompagn\u00e9 d&#8217;un ou plusieurs documents. L&#8217;exercice permet d&#8217;\u00e9valuer la capacit\u00e9 du candidat \u00e0 mobiliser des connaissances, \u00e0 les organiser et \u00e0 les exposer avec la syntaxe, le vocabulaire scientifique et tout mode de communication scientifique appropri\u00e9. Il appuie son expos\u00e9 et <span style=\"text-decoration: underline;\">argumente ses propos \u00e0 partir d&#8217;exp\u00e9riences, d&#8217;observations, d&#8217;exemples <\/span>\u00e9ventuellement issus du ou des documents propos\u00e9s dans le sujet.<\/li><li>\u00a0<strong>l&#8217;exercice 2<\/strong>: le candidat d\u00e9veloppe un <strong>raisonnement scientifique pour r\u00e9soudre le probl\u00e8me pos\u00e9<\/strong>. L&#8217;exercice permet d&#8217;\u00e9valuer sa capacit\u00e9 \u00e0 pratiquer une <strong>d\u00e9marche scientifique<\/strong>, \u00e0 partir de l&#8217;<strong>exploitation d&#8217;un ensemble de documents<\/strong> et en mobilisant ses <strong>connaissances.<\/strong> Le questionnement am\u00e8ne le candidat \u00e0 : choisir une d\u00e9marche de r\u00e9solution du probl\u00e8me pos\u00e9 et \u00e0 l&#8217;exposer ; analyser les documents fournis et int\u00e9grer leur analyse ; structurer et r\u00e9diger correctement son raisonnement.<\/li><\/ul>\t\t\t\t\t\t<\/div>\n\t\t\t\t<\/div>\n\t\t\t\t\t<\/div>\n\t\t<\/div>\n\t\t\t\t\t<\/div>\n\t\t<\/section>\n\t\t\t\t<section class=\"elementor-section elementor-top-section elementor-element elementor-element-e1456dd elementor-section-boxed elementor-section-height-default elementor-section-height-default\" data-id=\"e1456dd\" data-element_type=\"section\">\n\t\t\t\t\t\t<div class=\"elementor-container elementor-column-gap-default\">\n\t\t\t\t\t<div class=\"elementor-column elementor-col-100 elementor-top-column elementor-element elementor-element-df98420\" data-id=\"df98420\" data-element_type=\"column\">\n\t\t\t<div class=\"elementor-widget-wrap elementor-element-populated\">\n\t\t\t\t\t\t<div class=\"elementor-element elementor-element-d4a0081 elementor-widget elementor-widget-text-editor\" data-id=\"d4a0081\" data-element_type=\"widget\" data-widget_type=\"text-editor.default\">\n\t\t\t\t<div class=\"elementor-widget-container\">\n\t\t\t\t\t\t\t<p>Pr\u00e9cisions sur l&#8217;\u00e9preuve pratique (ECE) d&#8217;une dur\u00e9e d&#8217;une heure (sur 5 points):<\/p><p>Chaque acad\u00e9mie retient vingt-cinq situations d&#8217;\u00e9valuation parmi celles publi\u00e9es dans <a href=\"https:\/\/eduscol.education.fr\/cid58536\/serie-s.html#lien3\">une banque nationale num\u00e9rique<\/a> portant sur l&#8217;ensemble des acquis du cycle terminal \u00e0 l&#8217;exception des parties pr\u00e9cis\u00e9es ci-avant.<\/p><p>Les situations d&#8217;\u00e9valuation seront ensuite choisies par l&#8217;\u00e9tablissement parmi les vingt-cinq retenues pour la session, en fonction des \u00e9quipements disponibles dans les lyc\u00e9es et des apprentissages effectu\u00e9s par les \u00e9l\u00e8ves et en balayant les trois th\u00e9matiques des programmes, m\u00e9nageant un \u00e9quilibre 2\/3-1\/3 entre sciences de la vie et sciences de la Terre et une diversit\u00e9 repr\u00e9sentative des types de supports (supports num\u00e9riques ; supports d&#8217;observation et d&#8217;exp\u00e9rimentation). Le candidat tire son sujet au sort parmi les situations retenues par l&#8217;\u00e9tablissement.<\/p>\t\t\t\t\t\t<\/div>\n\t\t\t\t<\/div>\n\t\t\t\t\t<\/div>\n\t\t<\/div>\n\t\t\t\t\t<\/div>\n\t\t<\/section>\n\t\t\t\t<\/div>\n\t\t","protected":false},"excerpt":{"rendered":"<p>\u201cIl y a deux cat\u00e9gories d&#8217;\u00eatres intelligents : ceux dont l&#8217;esprit rayonne et ceux qui brillent : les premiers \u00e9clairent leur entourage, les seconds les plongent dans les t\u00e9n\u00e8bres.\u201d De Marie von Ebner-Eschenbach L&#8217;\u00e9preuve de sp\u00e9cialit\u00e9 SVT comporte deux parties&hellip;&nbsp;<a href=\"https:\/\/svt-dalaine.fr\/svt\/epreuve-de-lenseignement-de-specialite-baccalaureat-2021\/\" class=\"more-link\">Lire la suite<\/a><\/p>\n","protected":false},"author":1,"featured_media":0,"parent":0,"menu_order":0,"comment_status":"closed","ping_status":"closed","template":"","meta":{"footnotes":""},"categories":[60],"tags":[],"class_list":["post-1340","page","type-page","status-publish","hentry","category-spe-tale_2020"],"yoast_head":"<!-- This site is optimized with the Yoast SEO plugin v21.9.1 - https:\/\/yoast.com\/wordpress\/plugins\/seo\/ -->\n<title>\u00c9preuve de l&#039;enseignement de sp\u00e9cialit\u00e9, baccalaur\u00e9at 2021 - Bienvenue sur le site de Sciences de la Vie et de la Terre<\/title>\n<meta name=\"robots\" content=\"index, follow, max-snippet:-1, max-image-preview:large, max-video-preview:-1\" \/>\n<link rel=\"canonical\" href=\"https:\/\/svt-dalaine.fr\/svt\/epreuve-de-lenseignement-de-specialite-baccalaureat-2021\/\" \/>\n<meta property=\"og:locale\" content=\"fr_FR\" \/>\n<meta property=\"og:type\" content=\"article\" \/>\n<meta property=\"og:title\" content=\"\u00c9preuve de l&#039;enseignement de sp\u00e9cialit\u00e9, baccalaur\u00e9at 2021 - Bienvenue sur le site de Sciences de la Vie et de la Terre\" \/>\n<meta property=\"og:description\" content=\"\u201cIl y a deux cat\u00e9gories d&#8217;\u00eatres intelligents : ceux dont l&#8217;esprit rayonne et ceux qui brillent : les premiers \u00e9clairent leur entourage, les seconds les plongent dans les t\u00e9n\u00e8bres.\u201d De Marie von Ebner-Eschenbach L&#8217;\u00e9preuve de sp\u00e9cialit\u00e9 SVT comporte deux parties&hellip;&nbsp;Lire la suite\" \/>\n<meta property=\"og:url\" content=\"https:\/\/svt-dalaine.fr\/svt\/epreuve-de-lenseignement-de-specialite-baccalaureat-2021\/\" \/>\n<meta property=\"og:site_name\" content=\"Bienvenue sur le site de Sciences de la Vie et de la Terre\" \/>\n<meta property=\"article:modified_time\" content=\"2020-02-20T10:11:55+00:00\" \/>\n<meta property=\"og:image\" content=\"https:\/\/svt-dalaine.fr\/svt\/wp-content\/uploads\/2020\/02\/rayon_soleil_baie_somme-1024x768.jpg\" \/>\n<meta name=\"twitter:card\" content=\"summary_large_image\" \/>\n<meta name=\"twitter:label1\" content=\"Dur\u00e9e de lecture estim\u00e9e\" \/>\n\t<meta name=\"twitter:data1\" content=\"3 minutes\" \/>\n<script type=\"application\/ld+json\" class=\"yoast-schema-graph\">{\"@context\":\"https:\/\/schema.org\",\"@graph\":[{\"@type\":\"WebPage\",\"@id\":\"https:\/\/svt-dalaine.fr\/svt\/epreuve-de-lenseignement-de-specialite-baccalaureat-2021\/\",\"url\":\"https:\/\/svt-dalaine.fr\/svt\/epreuve-de-lenseignement-de-specialite-baccalaureat-2021\/\",\"name\":\"\u00c9preuve de l'enseignement de sp\u00e9cialit\u00e9, baccalaur\u00e9at 2021 - Bienvenue sur le site de Sciences de la Vie et de la Terre\",\"isPartOf\":{\"@id\":\"https:\/\/svt-dalaine.fr\/svt\/#website\"},\"datePublished\":\"2020-02-20T09:49:50+00:00\",\"dateModified\":\"2020-02-20T10:11:55+00:00\",\"breadcrumb\":{\"@id\":\"https:\/\/svt-dalaine.fr\/svt\/epreuve-de-lenseignement-de-specialite-baccalaureat-2021\/#breadcrumb\"},\"inLanguage\":\"fr-FR\",\"potentialAction\":[{\"@type\":\"ReadAction\",\"target\":[\"https:\/\/svt-dalaine.fr\/svt\/epreuve-de-lenseignement-de-specialite-baccalaureat-2021\/\"]}]},{\"@type\":\"BreadcrumbList\",\"@id\":\"https:\/\/svt-dalaine.fr\/svt\/epreuve-de-lenseignement-de-specialite-baccalaureat-2021\/#breadcrumb\",\"itemListElement\":[{\"@type\":\"ListItem\",\"position\":1,\"name\":\"Accueil\",\"item\":\"https:\/\/svt-dalaine.fr\/svt\/\"},{\"@type\":\"ListItem\",\"position\":2,\"name\":\"\u00c9preuve de l&#8217;enseignement de sp\u00e9cialit\u00e9, baccalaur\u00e9at 2021\"}]},{\"@type\":\"WebSite\",\"@id\":\"https:\/\/svt-dalaine.fr\/svt\/#website\",\"url\":\"https:\/\/svt-dalaine.fr\/svt\/\",\"name\":\"Bienvenue sur le site de Sciences de la Vie et de la Terre\",\"description\":\"Ressources en SVT de St\u00e9phanie Dalaine, professeure agr\u00e9g\u00e9e exer\u00e7ant en BCPST1 ENCPB\",\"potentialAction\":[{\"@type\":\"SearchAction\",\"target\":{\"@type\":\"EntryPoint\",\"urlTemplate\":\"https:\/\/svt-dalaine.fr\/svt\/?s={search_term_string}\"},\"query-input\":\"required name=search_term_string\"}],\"inLanguage\":\"fr-FR\"}]}<\/script>\n<!-- \/ Yoast SEO plugin. -->","yoast_head_json":{"title":"\u00c9preuve de l'enseignement de sp\u00e9cialit\u00e9, baccalaur\u00e9at 2021 - Bienvenue sur le site de Sciences de la Vie et de la Terre","robots":{"index":"index","follow":"follow","max-snippet":"max-snippet:-1","max-image-preview":"max-image-preview:large","max-video-preview":"max-video-preview:-1"},"canonical":"https:\/\/svt-dalaine.fr\/svt\/epreuve-de-lenseignement-de-specialite-baccalaureat-2021\/","og_locale":"fr_FR","og_type":"article","og_title":"\u00c9preuve de l'enseignement de sp\u00e9cialit\u00e9, baccalaur\u00e9at 2021 - Bienvenue sur le site de Sciences de la Vie et de la Terre","og_description":"\u201cIl y a deux cat\u00e9gories d&#8217;\u00eatres intelligents : ceux dont l&#8217;esprit rayonne et ceux qui brillent : les premiers \u00e9clairent leur entourage, les seconds les plongent dans les t\u00e9n\u00e8bres.\u201d De Marie von Ebner-Eschenbach L&#8217;\u00e9preuve de sp\u00e9cialit\u00e9 SVT comporte deux parties&hellip;&nbsp;Lire la suite","og_url":"https:\/\/svt-dalaine.fr\/svt\/epreuve-de-lenseignement-de-specialite-baccalaureat-2021\/","og_site_name":"Bienvenue sur le site de Sciences de la Vie et de la Terre","article_modified_time":"2020-02-20T10:11:55+00:00","og_image":[{"url":"https:\/\/svt-dalaine.fr\/svt\/wp-content\/uploads\/2020\/02\/rayon_soleil_baie_somme-1024x768.jpg"}],"twitter_card":"summary_large_image","twitter_misc":{"Dur\u00e9e de lecture estim\u00e9e":"3 minutes"},"schema":{"@context":"https:\/\/schema.org","@graph":[{"@type":"WebPage","@id":"https:\/\/svt-dalaine.fr\/svt\/epreuve-de-lenseignement-de-specialite-baccalaureat-2021\/","url":"https:\/\/svt-dalaine.fr\/svt\/epreuve-de-lenseignement-de-specialite-baccalaureat-2021\/","name":"\u00c9preuve de l'enseignement de sp\u00e9cialit\u00e9, baccalaur\u00e9at 2021 - Bienvenue sur le site de Sciences de la Vie et de la Terre","isPartOf":{"@id":"https:\/\/svt-dalaine.fr\/svt\/#website"},"datePublished":"2020-02-20T09:49:50+00:00","dateModified":"2020-02-20T10:11:55+00:00","breadcrumb":{"@id":"https:\/\/svt-dalaine.fr\/svt\/epreuve-de-lenseignement-de-specialite-baccalaureat-2021\/#breadcrumb"},"inLanguage":"fr-FR","potentialAction":[{"@type":"ReadAction","target":["https:\/\/svt-dalaine.fr\/svt\/epreuve-de-lenseignement-de-specialite-baccalaureat-2021\/"]}]},{"@type":"BreadcrumbList","@id":"https:\/\/svt-dalaine.fr\/svt\/epreuve-de-lenseignement-de-specialite-baccalaureat-2021\/#breadcrumb","itemListElement":[{"@type":"ListItem","position":1,"name":"Accueil","item":"https:\/\/svt-dalaine.fr\/svt\/"},{"@type":"ListItem","position":2,"name":"\u00c9preuve de l&#8217;enseignement de sp\u00e9cialit\u00e9, baccalaur\u00e9at 2021"}]},{"@type":"WebSite","@id":"https:\/\/svt-dalaine.fr\/svt\/#website","url":"https:\/\/svt-dalaine.fr\/svt\/","name":"Bienvenue sur le site de Sciences de la Vie et de la Terre","description":"Ressources en SVT de St\u00e9phanie Dalaine, professeure agr\u00e9g\u00e9e exer\u00e7ant en BCPST1 ENCPB","potentialAction":[{"@type":"SearchAction","target":{"@type":"EntryPoint","urlTemplate":"https:\/\/svt-dalaine.fr\/svt\/?s={search_term_string}"},"query-input":"required name=search_term_string"}],"inLanguage":"fr-FR"}]}},"_links":{"self":[{"href":"https:\/\/svt-dalaine.fr\/svt\/wp-json\/wp\/v2\/pages\/1340","targetHints":{"allow":["GET"]}}],"collection":[{"href":"https:\/\/svt-dalaine.fr\/svt\/wp-json\/wp\/v2\/pages"}],"about":[{"href":"https:\/\/svt-dalaine.fr\/svt\/wp-json\/wp\/v2\/types\/page"}],"author":[{"embeddable":true,"href":"https:\/\/svt-dalaine.fr\/svt\/wp-json\/wp\/v2\/users\/1"}],"replies":[{"embeddable":true,"href":"https:\/\/svt-dalaine.fr\/svt\/wp-json\/wp\/v2\/comments?post=1340"}],"version-history":[{"count":9,"href":"https:\/\/svt-dalaine.fr\/svt\/wp-json\/wp\/v2\/pages\/1340\/revisions"}],"predecessor-version":[{"id":1353,"href":"https:\/\/svt-dalaine.fr\/svt\/wp-json\/wp\/v2\/pages\/1340\/revisions\/1353"}],"wp:attachment":[{"href":"https:\/\/svt-dalaine.fr\/svt\/wp-json\/wp\/v2\/media?parent=1340"}],"wp:term":[{"taxonomy":"category","embeddable":true,"href":"https:\/\/svt-dalaine.fr\/svt\/wp-json\/wp\/v2\/categories?post=1340"},{"taxonomy":"post_tag","embeddable":true,"href":"https:\/\/svt-dalaine.fr\/svt\/wp-json\/wp\/v2\/tags?post=1340"}],"curies":[{"name":"wp","href":"https:\/\/api.w.org\/{rel}","templated":true}]}}