{"id":1370,"date":"2020-02-27T15:43:26","date_gmt":"2020-02-27T14:43:26","guid":{"rendered":"https:\/\/svt-dalaine.fr\/svt\/?page_id=1370"},"modified":"2020-03-05T14:46:25","modified_gmt":"2020-03-05T13:46:25","slug":"theme-2-a-geosciences-et-dynamique-des-sols","status":"publish","type":"page","link":"https:\/\/svt-dalaine.fr\/svt\/theme-2-a-geosciences-et-dynamique-des-sols\/","title":{"rendered":"Th\u00e8me 2-A-G\u00e9osciences et dynamique des sols"},"content":{"rendered":"\t\t<div data-elementor-type=\"wp-page\" data-elementor-id=\"1370\" class=\"elementor elementor-1370\">\n\t\t\t\t\t\t<section class=\"elementor-section elementor-top-section elementor-element elementor-element-e3ee90d elementor-section-boxed elementor-section-height-default elementor-section-height-default\" data-id=\"e3ee90d\" data-element_type=\"section\">\n\t\t\t\t\t\t<div class=\"elementor-container elementor-column-gap-default\">\n\t\t\t\t\t<div class=\"elementor-column elementor-col-100 elementor-top-column elementor-element elementor-element-ab85887\" data-id=\"ab85887\" data-element_type=\"column\">\n\t\t\t<div class=\"elementor-widget-wrap elementor-element-populated\">\n\t\t\t\t\t\t<div class=\"elementor-element elementor-element-74c0e5f elementor-widget elementor-widget-image\" data-id=\"74c0e5f\" data-element_type=\"widget\" data-widget_type=\"image.default\">\n\t\t\t\t<div class=\"elementor-widget-container\">\n\t\t\t\t\t\t\t\t\t\t<figure class=\"wp-caption\">\n\t\t\t\t\t\t\t\t\t\t<img fetchpriority=\"high\" decoding=\"async\" width=\"640\" height=\"480\" src=\"https:\/\/svt-dalaine.fr\/svt\/wp-content\/uploads\/2020\/02\/Loire_sainte_gemmes_Loire-1024x768.jpg\" class=\"attachment-large size-large wp-image-1377\" alt=\"\" srcset=\"https:\/\/svt-dalaine.fr\/svt\/wp-content\/uploads\/2020\/02\/Loire_sainte_gemmes_Loire-1024x768.jpg 1024w, https:\/\/svt-dalaine.fr\/svt\/wp-content\/uploads\/2020\/02\/Loire_sainte_gemmes_Loire-300x225.jpg 300w, https:\/\/svt-dalaine.fr\/svt\/wp-content\/uploads\/2020\/02\/Loire_sainte_gemmes_Loire-768x576.jpg 768w, https:\/\/svt-dalaine.fr\/svt\/wp-content\/uploads\/2020\/02\/Loire_sainte_gemmes_Loire-1536x1152.jpg 1536w, https:\/\/svt-dalaine.fr\/svt\/wp-content\/uploads\/2020\/02\/Loire_sainte_gemmes_Loire-2048x1536.jpg 2048w, https:\/\/svt-dalaine.fr\/svt\/wp-content\/uploads\/2020\/02\/Loire_sainte_gemmes_Loire-360x270.jpg 360w\" sizes=\"(max-width: 640px) 100vw, 640px\" \/>\t\t\t\t\t\t\t\t\t\t\t<figcaption class=\"widget-image-caption wp-caption-text\">Loire (Sainte-Gemmes-sur-Loire)<\/figcaption>\n\t\t\t\t\t\t\t\t\t\t<\/figure>\n\t\t\t\t\t\t\t<\/div>\n\t\t\t\t<\/div>\n\t\t\t\t\t<\/div>\n\t\t<\/div>\n\t\t\t\t\t<\/div>\n\t\t<\/section>\n\t\t\t\t<section class=\"elementor-section elementor-top-section elementor-element elementor-element-240ff37 elementor-section-boxed elementor-section-height-default elementor-section-height-default\" data-id=\"240ff37\" data-element_type=\"section\">\n\t\t\t\t\t\t<div class=\"elementor-container elementor-column-gap-default\">\n\t\t\t\t\t<div class=\"elementor-column elementor-col-50 elementor-top-column elementor-element elementor-element-2e1ee66\" data-id=\"2e1ee66\" data-element_type=\"column\">\n\t\t\t<div class=\"elementor-widget-wrap elementor-element-populated\">\n\t\t\t\t\t\t<div class=\"elementor-element elementor-element-d1c05af elementor-widget elementor-widget-text-editor\" data-id=\"d1c05af\" data-element_type=\"widget\" data-widget_type=\"text-editor.default\">\n\t\t\t\t<div class=\"elementor-widget-container\">\n\t\t\t\t\t\t\t<table><tbody><tr><td><p>I.\u00a0\u00a0\u00a0\u00a0\u00a0\u00a0\u00a0\u00a0\u00a0\u00a0\u00a0\u00a0\u00a0\u00a0\u00a0 L\u2019\u00e9rosion, processus et cons\u00e9quences<\/p><p>L\u2019\u00e9rosion affecte la totalit\u00e9 des reliefs terrestres. L\u2019eau est le principal facteur de leur alt\u00e9ration (modification physique et chimique des roches) et de leur \u00e9rosion (ablation et transport des produits de l\u2019alt\u00e9ration).<\/p><p>Ce\u00a0<a href=\"https:\/\/svt-dalaine.fr\/svt\/wp-content\/uploads\/2020\/02\/2nde_TP1_erosion_processus_conse\u0301quences.pdf\">TP1, sur l&#8217;\u00e9rosion et ses cons\u00e9quences<\/a> sera l&#8217;occasion d&#8217;aborder les notions d&#8217;\u00e9rosion, transport, granulom\u00e9trie, et d&#8217;initier l&#8217;utilisation du tableau Excel. <\/p><\/td><\/tr><\/tbody><\/table>\t\t\t\t\t\t<\/div>\n\t\t\t\t<\/div>\n\t\t\t\t\t<\/div>\n\t\t<\/div>\n\t\t\t\t<div class=\"elementor-column elementor-col-50 elementor-top-column elementor-element elementor-element-ca87502\" data-id=\"ca87502\" data-element_type=\"column\">\n\t\t\t<div class=\"elementor-widget-wrap elementor-element-populated\">\n\t\t\t\t\t\t<div class=\"elementor-element elementor-element-b1b079f elementor-widget elementor-widget-image\" data-id=\"b1b079f\" data-element_type=\"widget\" data-widget_type=\"image.default\">\n\t\t\t\t<div class=\"elementor-widget-container\">\n\t\t\t\t\t\t\t\t\t\t<figure class=\"wp-caption\">\n\t\t\t\t\t\t\t\t\t\t<img decoding=\"async\" width=\"640\" height=\"480\" src=\"https:\/\/svt-dalaine.fr\/svt\/wp-content\/uploads\/2020\/02\/LOire_2-1024x768.jpg\" class=\"attachment-large size-large wp-image-1378\" alt=\"\" srcset=\"https:\/\/svt-dalaine.fr\/svt\/wp-content\/uploads\/2020\/02\/LOire_2-1024x768.jpg 1024w, https:\/\/svt-dalaine.fr\/svt\/wp-content\/uploads\/2020\/02\/LOire_2-300x225.jpg 300w, https:\/\/svt-dalaine.fr\/svt\/wp-content\/uploads\/2020\/02\/LOire_2-768x576.jpg 768w, https:\/\/svt-dalaine.fr\/svt\/wp-content\/uploads\/2020\/02\/LOire_2-1536x1152.jpg 1536w, https:\/\/svt-dalaine.fr\/svt\/wp-content\/uploads\/2020\/02\/LOire_2-2048x1536.jpg 2048w, https:\/\/svt-dalaine.fr\/svt\/wp-content\/uploads\/2020\/02\/LOire_2-360x270.jpg 360w\" sizes=\"(max-width: 640px) 100vw, 640px\" \/>\t\t\t\t\t\t\t\t\t\t\t<figcaption class=\"widget-image-caption wp-caption-text\">Banc de sable sur la Loire<\/figcaption>\n\t\t\t\t\t\t\t\t\t\t<\/figure>\n\t\t\t\t\t\t\t<\/div>\n\t\t\t\t<\/div>\n\t\t\t\t\t<\/div>\n\t\t<\/div>\n\t\t\t\t\t<\/div>\n\t\t<\/section>\n\t\t\t\t<section class=\"elementor-section elementor-top-section elementor-element elementor-element-c2b16c7 elementor-section-boxed elementor-section-height-default elementor-section-height-default\" data-id=\"c2b16c7\" data-element_type=\"section\">\n\t\t\t\t\t\t<div class=\"elementor-container elementor-column-gap-default\">\n\t\t\t\t\t<div class=\"elementor-column elementor-col-50 elementor-top-column elementor-element elementor-element-5262da1\" data-id=\"5262da1\" data-element_type=\"column\">\n\t\t\t<div class=\"elementor-widget-wrap elementor-element-populated\">\n\t\t\t\t\t\t<div class=\"elementor-element elementor-element-74e77fc elementor-widget elementor-widget-text-editor\" data-id=\"74e77fc\" data-element_type=\"widget\" data-widget_type=\"text-editor.default\">\n\t\t\t\t<div class=\"elementor-widget-container\">\n\t\t\t\t\t\t\t<p>Une partie des produits d\u2019alt\u00e9ration, solubles et\/ou solides, sont transport\u00e9s jusqu\u2019au lieu de leur s\u00e9dimentation, contribuant \u00e0 leur tour \u00e0 la modification du paysage. <\/p><p>Ce <a href=\"https:\/\/svt-dalaine.fr\/svt\/wp-content\/uploads\/2020\/02\/2nde_2_A_TP2_sedimentation_produits_erosion.pdf\">TP2 (sedimentation_produits_erosion)<\/a>, permettra de valider les comp\u00e9tences d&#8217;utilisation d&#8217;un tableur.<\/p>\t\t\t\t\t\t<\/div>\n\t\t\t\t<\/div>\n\t\t\t\t\t<\/div>\n\t\t<\/div>\n\t\t\t\t<div class=\"elementor-column elementor-col-50 elementor-top-column elementor-element elementor-element-d1d70dc\" data-id=\"d1d70dc\" data-element_type=\"column\">\n\t\t\t<div class=\"elementor-widget-wrap elementor-element-populated\">\n\t\t\t\t\t\t<div class=\"elementor-element elementor-element-c33a96d elementor-widget elementor-widget-image\" data-id=\"c33a96d\" data-element_type=\"widget\" data-widget_type=\"image.default\">\n\t\t\t\t<div class=\"elementor-widget-container\">\n\t\t\t\t\t\t\t\t\t\t<figure class=\"wp-caption\">\n\t\t\t\t\t\t\t\t\t\t<img decoding=\"async\" width=\"136\" height=\"300\" src=\"https:\/\/svt-dalaine.fr\/svt\/wp-content\/uploads\/2020\/02\/Amphore_a\u0300_vin-136x300.jpg\" class=\"attachment-medium size-medium wp-image-1383\" alt=\"\" srcset=\"https:\/\/svt-dalaine.fr\/svt\/wp-content\/uploads\/2020\/02\/Amphore_a\u0300_vin-136x300.jpg 136w, https:\/\/svt-dalaine.fr\/svt\/wp-content\/uploads\/2020\/02\/Amphore_a\u0300_vin-465x1024.jpg 465w, https:\/\/svt-dalaine.fr\/svt\/wp-content\/uploads\/2020\/02\/Amphore_a\u0300_vin-768x1690.jpg 768w, https:\/\/svt-dalaine.fr\/svt\/wp-content\/uploads\/2020\/02\/Amphore_a\u0300_vin-698x1536.jpg 698w, https:\/\/svt-dalaine.fr\/svt\/wp-content\/uploads\/2020\/02\/Amphore_a\u0300_vin-931x2048.jpg 931w, https:\/\/svt-dalaine.fr\/svt\/wp-content\/uploads\/2020\/02\/Amphore_a\u0300_vin-123x270.jpg 123w, https:\/\/svt-dalaine.fr\/svt\/wp-content\/uploads\/2020\/02\/Amphore_a\u0300_vin-scaled.jpg 1164w\" sizes=\"(max-width: 136px) 100vw, 136px\" \/>\t\t\t\t\t\t\t\t\t\t\t<figcaption class=\"widget-image-caption wp-caption-text\">Amphore \u00e0 vin (source Wikip\u00e9dia)<\/figcaption>\n\t\t\t\t\t\t\t\t\t\t<\/figure>\n\t\t\t\t\t\t\t<\/div>\n\t\t\t\t<\/div>\n\t\t\t\t\t<\/div>\n\t\t<\/div>\n\t\t\t\t\t<\/div>\n\t\t<\/section>\n\t\t\t\t<section class=\"elementor-section elementor-top-section elementor-element elementor-element-9f6d2e4 elementor-section-boxed elementor-section-height-default elementor-section-height-default\" data-id=\"9f6d2e4\" data-element_type=\"section\">\n\t\t\t\t\t\t<div class=\"elementor-container elementor-column-gap-default\">\n\t\t\t\t\t<div class=\"elementor-column elementor-col-50 elementor-top-column elementor-element elementor-element-bc68adc\" data-id=\"bc68adc\" data-element_type=\"column\">\n\t\t\t<div class=\"elementor-widget-wrap elementor-element-populated\">\n\t\t\t\t\t\t<div class=\"elementor-element elementor-element-1b18a58 elementor-widget elementor-widget-text-editor\" data-id=\"1b18a58\" data-element_type=\"widget\" data-widget_type=\"text-editor.default\">\n\t\t\t\t<div class=\"elementor-widget-container\">\n\t\t\t\t\t\t\t<table><tbody><tr><td><p>II.\u00a0\u00a0\u00a0\u00a0\u00a0\u00a0\u00a0\u00a0\u00a0\u00a0\u00a0\u00a0\u00a0\u00a0 S\u00e9dimentation et milieux de s\u00e9dimentation<\/p><p>III.\u00a0\u00a0\u00a0\u00a0\u00a0\u00a0\u00a0\u00a0\u00a0\u00a0\u00a0\u00a0\u00a0 \u00c9rosion et activit\u00e9 humaine<\/p><p>Avec le <a href=\"https:\/\/svt-dalaine.fr\/svt\/wp-content\/uploads\/2020\/03\/2nde_2_A_TP3-roches-sedimentaires.pdf\">TP 3 roches s\u00e9dimentaires du Bassin parisien<\/a>, nous aborderons l&#8217;\u00e9tude des <a href=\"http:\/\/infoterre.brgm.fr\/viewerlite\/MainTileForward.do\">cartes g\u00e9ologiques du BRGM<\/a>, ainsi que les \u00e9chantillons macroscopiques des roches s\u00e9dimentaires et leur utilisation par l&#8217;homme.<\/p><\/td><\/tr><\/tbody><\/table>\t\t\t\t\t\t<\/div>\n\t\t\t\t<\/div>\n\t\t\t\t\t<\/div>\n\t\t<\/div>\n\t\t\t\t<div class=\"elementor-column elementor-col-50 elementor-top-column elementor-element elementor-element-c2e0f73\" data-id=\"c2e0f73\" data-element_type=\"column\">\n\t\t\t<div class=\"elementor-widget-wrap elementor-element-populated\">\n\t\t\t\t\t\t<div class=\"elementor-element elementor-element-7aa8de9 elementor-widget elementor-widget-image\" data-id=\"7aa8de9\" data-element_type=\"widget\" data-widget_type=\"image.default\">\n\t\t\t\t<div class=\"elementor-widget-container\">\n\t\t\t\t\t\t\t\t\t\t<figure class=\"wp-caption\">\n\t\t\t\t\t\t\t\t\t\t<img loading=\"lazy\" decoding=\"async\" width=\"640\" height=\"853\" src=\"https:\/\/svt-dalaine.fr\/svt\/wp-content\/uploads\/2020\/02\/conglomerat_atlas_marocain-768x1024.jpg\" class=\"attachment-large size-large wp-image-1369\" alt=\"\" srcset=\"https:\/\/svt-dalaine.fr\/svt\/wp-content\/uploads\/2020\/02\/conglomerat_atlas_marocain-768x1024.jpg 768w, https:\/\/svt-dalaine.fr\/svt\/wp-content\/uploads\/2020\/02\/conglomerat_atlas_marocain-225x300.jpg 225w, https:\/\/svt-dalaine.fr\/svt\/wp-content\/uploads\/2020\/02\/conglomerat_atlas_marocain-1152x1536.jpg 1152w, https:\/\/svt-dalaine.fr\/svt\/wp-content\/uploads\/2020\/02\/conglomerat_atlas_marocain-203x270.jpg 203w, https:\/\/svt-dalaine.fr\/svt\/wp-content\/uploads\/2020\/02\/conglomerat_atlas_marocain.jpg 1536w\" sizes=\"(max-width: 640px) 100vw, 640px\" \/>\t\t\t\t\t\t\t\t\t\t\t<figcaption class=\"widget-image-caption wp-caption-text\">Conglom\u00e9rat, roche d\u00e9tritique (Haut Atlas marocain)<\/figcaption>\n\t\t\t\t\t\t\t\t\t\t<\/figure>\n\t\t\t\t\t\t\t<\/div>\n\t\t\t\t<\/div>\n\t\t\t\t\t<\/div>\n\t\t<\/div>\n\t\t\t\t\t<\/div>\n\t\t<\/section>\n\t\t\t\t<\/div>\n\t\t","protected":false},"excerpt":{"rendered":"<p>Loire (Sainte-Gemmes-sur-Loire) I.\u00a0\u00a0\u00a0\u00a0\u00a0\u00a0\u00a0\u00a0\u00a0\u00a0\u00a0\u00a0\u00a0\u00a0\u00a0 L\u2019\u00e9rosion, processus et cons\u00e9quences L\u2019\u00e9rosion affecte la totalit\u00e9 des reliefs terrestres. L\u2019eau est le principal facteur de leur alt\u00e9ration (modification physique et chimique des roches) et de leur \u00e9rosion (ablation et transport des produits de l\u2019alt\u00e9ration). Ce\u00a0TP1,&hellip;&nbsp;<a href=\"https:\/\/svt-dalaine.fr\/svt\/theme-2-a-geosciences-et-dynamique-des-sols\/\" class=\"more-link\">Lire la suite<\/a><\/p>\n","protected":false},"author":1,"featured_media":0,"parent":0,"menu_order":0,"comment_status":"closed","ping_status":"closed","template":"","meta":{"footnotes":""},"categories":[68],"tags":[],"class_list":["post-1370","page","type-page","status-publish","hentry","category-2nde_theme_2_enjeux"],"yoast_head":"<!-- This site is optimized with the Yoast SEO plugin v21.9.1 - https:\/\/yoast.com\/wordpress\/plugins\/seo\/ -->\n<title>Th\u00e8me 2-A-G\u00e9osciences et dynamique des sols - Bienvenue sur le site de Sciences de la Vie et de la Terre<\/title>\n<meta name=\"robots\" content=\"index, follow, max-snippet:-1, max-image-preview:large, max-video-preview:-1\" \/>\n<link rel=\"canonical\" href=\"https:\/\/svt-dalaine.fr\/svt\/theme-2-a-geosciences-et-dynamique-des-sols\/\" \/>\n<meta property=\"og:locale\" content=\"fr_FR\" \/>\n<meta property=\"og:type\" content=\"article\" \/>\n<meta property=\"og:title\" content=\"Th\u00e8me 2-A-G\u00e9osciences et dynamique des sols - Bienvenue sur le site de Sciences de la Vie et de la Terre\" \/>\n<meta property=\"og:description\" content=\"Loire (Sainte-Gemmes-sur-Loire) I.\u00a0\u00a0\u00a0\u00a0\u00a0\u00a0\u00a0\u00a0\u00a0\u00a0\u00a0\u00a0\u00a0\u00a0\u00a0 L\u2019\u00e9rosion, processus et cons\u00e9quences L\u2019\u00e9rosion affecte la totalit\u00e9 des reliefs terrestres. L\u2019eau est le principal facteur de leur alt\u00e9ration (modification physique et chimique des roches) et de leur \u00e9rosion (ablation et transport des produits de l\u2019alt\u00e9ration). Ce\u00a0TP1,&hellip;&nbsp;Lire la suite\" \/>\n<meta property=\"og:url\" content=\"https:\/\/svt-dalaine.fr\/svt\/theme-2-a-geosciences-et-dynamique-des-sols\/\" \/>\n<meta property=\"og:site_name\" content=\"Bienvenue sur le site de Sciences de la Vie et de la Terre\" \/>\n<meta property=\"article:modified_time\" content=\"2020-03-05T13:46:25+00:00\" \/>\n<meta property=\"og:image\" content=\"https:\/\/svt-dalaine.fr\/svt\/wp-content\/uploads\/2020\/02\/Loire_sainte_gemmes_Loire-1024x768.jpg\" \/>\n<meta name=\"twitter:card\" content=\"summary_large_image\" \/>\n<meta name=\"twitter:label1\" content=\"Dur\u00e9e de lecture estim\u00e9e\" \/>\n\t<meta name=\"twitter:data1\" content=\"1 minute\" \/>\n<script type=\"application\/ld+json\" class=\"yoast-schema-graph\">{\"@context\":\"https:\/\/schema.org\",\"@graph\":[{\"@type\":\"WebPage\",\"@id\":\"https:\/\/svt-dalaine.fr\/svt\/theme-2-a-geosciences-et-dynamique-des-sols\/\",\"url\":\"https:\/\/svt-dalaine.fr\/svt\/theme-2-a-geosciences-et-dynamique-des-sols\/\",\"name\":\"Th\u00e8me 2-A-G\u00e9osciences et dynamique des sols - Bienvenue sur le site de Sciences de la Vie et de la Terre\",\"isPartOf\":{\"@id\":\"https:\/\/svt-dalaine.fr\/svt\/#website\"},\"datePublished\":\"2020-02-27T14:43:26+00:00\",\"dateModified\":\"2020-03-05T13:46:25+00:00\",\"breadcrumb\":{\"@id\":\"https:\/\/svt-dalaine.fr\/svt\/theme-2-a-geosciences-et-dynamique-des-sols\/#breadcrumb\"},\"inLanguage\":\"fr-FR\",\"potentialAction\":[{\"@type\":\"ReadAction\",\"target\":[\"https:\/\/svt-dalaine.fr\/svt\/theme-2-a-geosciences-et-dynamique-des-sols\/\"]}]},{\"@type\":\"BreadcrumbList\",\"@id\":\"https:\/\/svt-dalaine.fr\/svt\/theme-2-a-geosciences-et-dynamique-des-sols\/#breadcrumb\",\"itemListElement\":[{\"@type\":\"ListItem\",\"position\":1,\"name\":\"Accueil\",\"item\":\"https:\/\/svt-dalaine.fr\/svt\/\"},{\"@type\":\"ListItem\",\"position\":2,\"name\":\"Th\u00e8me 2-A-G\u00e9osciences et dynamique des sols\"}]},{\"@type\":\"WebSite\",\"@id\":\"https:\/\/svt-dalaine.fr\/svt\/#website\",\"url\":\"https:\/\/svt-dalaine.fr\/svt\/\",\"name\":\"Bienvenue sur le site de Sciences de la Vie et de la Terre\",\"description\":\"Ressources en SVT de St\u00e9phanie Dalaine, professeure agr\u00e9g\u00e9e exer\u00e7ant en BCPST1 ENCPB\",\"potentialAction\":[{\"@type\":\"SearchAction\",\"target\":{\"@type\":\"EntryPoint\",\"urlTemplate\":\"https:\/\/svt-dalaine.fr\/svt\/?s={search_term_string}\"},\"query-input\":\"required name=search_term_string\"}],\"inLanguage\":\"fr-FR\"}]}<\/script>\n<!-- \/ Yoast SEO plugin. -->","yoast_head_json":{"title":"Th\u00e8me 2-A-G\u00e9osciences et dynamique des sols - Bienvenue sur le site de Sciences de la Vie et de la Terre","robots":{"index":"index","follow":"follow","max-snippet":"max-snippet:-1","max-image-preview":"max-image-preview:large","max-video-preview":"max-video-preview:-1"},"canonical":"https:\/\/svt-dalaine.fr\/svt\/theme-2-a-geosciences-et-dynamique-des-sols\/","og_locale":"fr_FR","og_type":"article","og_title":"Th\u00e8me 2-A-G\u00e9osciences et dynamique des sols - Bienvenue sur le site de Sciences de la Vie et de la Terre","og_description":"Loire (Sainte-Gemmes-sur-Loire) I.\u00a0\u00a0\u00a0\u00a0\u00a0\u00a0\u00a0\u00a0\u00a0\u00a0\u00a0\u00a0\u00a0\u00a0\u00a0 L\u2019\u00e9rosion, processus et cons\u00e9quences L\u2019\u00e9rosion affecte la totalit\u00e9 des reliefs terrestres. L\u2019eau est le principal facteur de leur alt\u00e9ration (modification physique et chimique des roches) et de leur \u00e9rosion (ablation et transport des produits de l\u2019alt\u00e9ration). Ce\u00a0TP1,&hellip;&nbsp;Lire la suite","og_url":"https:\/\/svt-dalaine.fr\/svt\/theme-2-a-geosciences-et-dynamique-des-sols\/","og_site_name":"Bienvenue sur le site de Sciences de la Vie et de la Terre","article_modified_time":"2020-03-05T13:46:25+00:00","og_image":[{"url":"https:\/\/svt-dalaine.fr\/svt\/wp-content\/uploads\/2020\/02\/Loire_sainte_gemmes_Loire-1024x768.jpg"}],"twitter_card":"summary_large_image","twitter_misc":{"Dur\u00e9e de lecture estim\u00e9e":"1 minute"},"schema":{"@context":"https:\/\/schema.org","@graph":[{"@type":"WebPage","@id":"https:\/\/svt-dalaine.fr\/svt\/theme-2-a-geosciences-et-dynamique-des-sols\/","url":"https:\/\/svt-dalaine.fr\/svt\/theme-2-a-geosciences-et-dynamique-des-sols\/","name":"Th\u00e8me 2-A-G\u00e9osciences et dynamique des sols - Bienvenue sur le site de Sciences de la Vie et de la Terre","isPartOf":{"@id":"https:\/\/svt-dalaine.fr\/svt\/#website"},"datePublished":"2020-02-27T14:43:26+00:00","dateModified":"2020-03-05T13:46:25+00:00","breadcrumb":{"@id":"https:\/\/svt-dalaine.fr\/svt\/theme-2-a-geosciences-et-dynamique-des-sols\/#breadcrumb"},"inLanguage":"fr-FR","potentialAction":[{"@type":"ReadAction","target":["https:\/\/svt-dalaine.fr\/svt\/theme-2-a-geosciences-et-dynamique-des-sols\/"]}]},{"@type":"BreadcrumbList","@id":"https:\/\/svt-dalaine.fr\/svt\/theme-2-a-geosciences-et-dynamique-des-sols\/#breadcrumb","itemListElement":[{"@type":"ListItem","position":1,"name":"Accueil","item":"https:\/\/svt-dalaine.fr\/svt\/"},{"@type":"ListItem","position":2,"name":"Th\u00e8me 2-A-G\u00e9osciences et dynamique des sols"}]},{"@type":"WebSite","@id":"https:\/\/svt-dalaine.fr\/svt\/#website","url":"https:\/\/svt-dalaine.fr\/svt\/","name":"Bienvenue sur le site de Sciences de la Vie et de la Terre","description":"Ressources en SVT de St\u00e9phanie Dalaine, professeure agr\u00e9g\u00e9e exer\u00e7ant en BCPST1 ENCPB","potentialAction":[{"@type":"SearchAction","target":{"@type":"EntryPoint","urlTemplate":"https:\/\/svt-dalaine.fr\/svt\/?s={search_term_string}"},"query-input":"required name=search_term_string"}],"inLanguage":"fr-FR"}]}},"_links":{"self":[{"href":"https:\/\/svt-dalaine.fr\/svt\/wp-json\/wp\/v2\/pages\/1370","targetHints":{"allow":["GET"]}}],"collection":[{"href":"https:\/\/svt-dalaine.fr\/svt\/wp-json\/wp\/v2\/pages"}],"about":[{"href":"https:\/\/svt-dalaine.fr\/svt\/wp-json\/wp\/v2\/types\/page"}],"author":[{"embeddable":true,"href":"https:\/\/svt-dalaine.fr\/svt\/wp-json\/wp\/v2\/users\/1"}],"replies":[{"embeddable":true,"href":"https:\/\/svt-dalaine.fr\/svt\/wp-json\/wp\/v2\/comments?post=1370"}],"version-history":[{"count":14,"href":"https:\/\/svt-dalaine.fr\/svt\/wp-json\/wp\/v2\/pages\/1370\/revisions"}],"predecessor-version":[{"id":1394,"href":"https:\/\/svt-dalaine.fr\/svt\/wp-json\/wp\/v2\/pages\/1370\/revisions\/1394"}],"wp:attachment":[{"href":"https:\/\/svt-dalaine.fr\/svt\/wp-json\/wp\/v2\/media?parent=1370"}],"wp:term":[{"taxonomy":"category","embeddable":true,"href":"https:\/\/svt-dalaine.fr\/svt\/wp-json\/wp\/v2\/categories?post=1370"},{"taxonomy":"post_tag","embeddable":true,"href":"https:\/\/svt-dalaine.fr\/svt\/wp-json\/wp\/v2\/tags?post=1370"}],"curies":[{"name":"wp","href":"https:\/\/api.w.org\/{rel}","templated":true}]}}