{"id":1687,"date":"2020-05-14T14:58:03","date_gmt":"2020-05-14T12:58:03","guid":{"rendered":"https:\/\/svt-dalaine.fr\/svt\/?page_id=1687"},"modified":"2020-05-14T15:04:12","modified_gmt":"2020-05-14T13:04:12","slug":"2nde-theme-2-b-agrosysteme-et-developpement-durable","status":"publish","type":"page","link":"https:\/\/svt-dalaine.fr\/svt\/2nde-theme-2-b-agrosysteme-et-developpement-durable\/","title":{"rendered":"2nde Th\u00e8me 2-B Agrosyst\u00e8me et d\u00e9veloppement durable"},"content":{"rendered":"\t\t<div data-elementor-type=\"wp-page\" data-elementor-id=\"1687\" class=\"elementor elementor-1687\">\n\t\t\t\t\t\t<section class=\"elementor-section elementor-top-section elementor-element elementor-element-6715c23 elementor-section-boxed elementor-section-height-default elementor-section-height-default\" data-id=\"6715c23\" data-element_type=\"section\">\n\t\t\t\t\t\t<div class=\"elementor-container elementor-column-gap-default\">\n\t\t\t\t\t<div class=\"elementor-column elementor-col-100 elementor-top-column elementor-element elementor-element-da4767d\" data-id=\"da4767d\" data-element_type=\"column\">\n\t\t\t<div class=\"elementor-widget-wrap elementor-element-populated\">\n\t\t\t\t\t\t<div class=\"elementor-element elementor-element-90886da elementor-widget elementor-widget-image\" data-id=\"90886da\" data-element_type=\"widget\" data-widget_type=\"image.default\">\n\t\t\t\t<div class=\"elementor-widget-container\">\n\t\t\t\t\t\t\t\t\t\t\t\t\t<img fetchpriority=\"high\" decoding=\"async\" width=\"640\" height=\"427\" src=\"https:\/\/svt-dalaine.fr\/svt\/wp-content\/uploads\/2019\/03\/IMG_0812-1024x683.jpg\" class=\"attachment-large size-large wp-image-581\" alt=\"\" srcset=\"https:\/\/svt-dalaine.fr\/svt\/wp-content\/uploads\/2019\/03\/IMG_0812-1024x683.jpg 1024w, https:\/\/svt-dalaine.fr\/svt\/wp-content\/uploads\/2019\/03\/IMG_0812-300x200.jpg 300w, https:\/\/svt-dalaine.fr\/svt\/wp-content\/uploads\/2019\/03\/IMG_0812-768x512.jpg 768w, https:\/\/svt-dalaine.fr\/svt\/wp-content\/uploads\/2019\/03\/IMG_0812-360x240.jpg 360w\" sizes=\"(max-width: 640px) 100vw, 640px\" \/>\t\t\t\t\t\t\t\t\t\t\t\t\t<\/div>\n\t\t\t\t<\/div>\n\t\t\t\t\t<\/div>\n\t\t<\/div>\n\t\t\t\t\t<\/div>\n\t\t<\/section>\n\t\t\t\t<section class=\"elementor-section elementor-top-section elementor-element elementor-element-d570dbc elementor-section-boxed elementor-section-height-default elementor-section-height-default\" data-id=\"d570dbc\" data-element_type=\"section\">\n\t\t\t\t\t\t<div class=\"elementor-container elementor-column-gap-default\">\n\t\t\t\t\t<div class=\"elementor-column elementor-col-100 elementor-top-column elementor-element elementor-element-fcf189f\" data-id=\"fcf189f\" data-element_type=\"column\">\n\t\t\t<div class=\"elementor-widget-wrap elementor-element-populated\">\n\t\t\t\t\t\t<div class=\"elementor-element elementor-element-499e839 elementor-widget elementor-widget-text-editor\" data-id=\"499e839\" data-element_type=\"widget\" data-widget_type=\"text-editor.default\">\n\t\t\t\t<div class=\"elementor-widget-container\">\n\t\t\t\t\t\t\t<p><a href=\"https:\/\/assets.lls.fr\/pages\/7331652\/svt_2de_chap_8.mp4\">https:\/\/assets.lls.fr\/pages\/7331652\/svt_2de_chap_8.mp4<\/a><\/p>\t\t\t\t\t\t<\/div>\n\t\t\t\t<\/div>\n\t\t\t\t\t<\/div>\n\t\t<\/div>\n\t\t\t\t\t<\/div>\n\t\t<\/section>\n\t\t\t\t<section class=\"elementor-section elementor-top-section elementor-element elementor-element-21e1a1a elementor-section-boxed elementor-section-height-default elementor-section-height-default\" data-id=\"21e1a1a\" data-element_type=\"section\">\n\t\t\t\t\t\t<div class=\"elementor-container elementor-column-gap-default\">\n\t\t\t\t\t<div class=\"elementor-column elementor-col-100 elementor-top-column elementor-element elementor-element-a11b085\" data-id=\"a11b085\" data-element_type=\"column\">\n\t\t\t<div class=\"elementor-widget-wrap elementor-element-populated\">\n\t\t\t\t\t\t<div class=\"elementor-element elementor-element-e736ef4 elementor-widget elementor-widget-text-editor\" data-id=\"e736ef4\" data-element_type=\"widget\" data-widget_type=\"text-editor.default\">\n\t\t\t\t<div class=\"elementor-widget-container\">\n\t\t\t\t\t\t\t<p><a href=\"https:\/\/view.genial.ly\/5e8b869808da3f0e029814cc\">https:\/\/view.genial.ly\/5e8b869808da3f0e029814cc<\/a><\/p>\t\t\t\t\t\t<\/div>\n\t\t\t\t<\/div>\n\t\t\t\t\t<\/div>\n\t\t<\/div>\n\t\t\t\t\t<\/div>\n\t\t<\/section>\n\t\t\t\t<\/div>\n\t\t","protected":false},"excerpt":{"rendered":"<p>https:\/\/assets.lls.fr\/pages\/7331652\/svt_2de_chap_8.mp4 https:\/\/view.genial.ly\/5e8b869808da3f0e029814cc<\/p>\n","protected":false},"author":1,"featured_media":0,"parent":0,"menu_order":0,"comment_status":"closed","ping_status":"closed","template":"","meta":{"footnotes":""},"categories":[68],"tags":[],"class_list":["post-1687","page","type-page","status-publish","hentry","category-2nde_theme_2_enjeux"],"yoast_head":"<!-- This site is optimized with the Yoast SEO plugin v21.9.1 - https:\/\/yoast.com\/wordpress\/plugins\/seo\/ -->\n<title>2nde Th\u00e8me 2-B Agrosyst\u00e8me et d\u00e9veloppement durable - Bienvenue sur le site de Sciences de la Vie et de la Terre<\/title>\n<meta name=\"robots\" content=\"index, follow, max-snippet:-1, max-image-preview:large, max-video-preview:-1\" \/>\n<link rel=\"canonical\" href=\"https:\/\/svt-dalaine.fr\/svt\/2nde-theme-2-b-agrosysteme-et-developpement-durable\/\" \/>\n<meta property=\"og:locale\" content=\"fr_FR\" \/>\n<meta property=\"og:type\" content=\"article\" \/>\n<meta property=\"og:title\" content=\"2nde Th\u00e8me 2-B Agrosyst\u00e8me et d\u00e9veloppement durable - Bienvenue sur le site de Sciences de la Vie et de la Terre\" \/>\n<meta property=\"og:description\" content=\"https:\/\/assets.lls.fr\/pages\/7331652\/svt_2de_chap_8.mp4 https:\/\/view.genial.ly\/5e8b869808da3f0e029814cc\" \/>\n<meta property=\"og:url\" content=\"https:\/\/svt-dalaine.fr\/svt\/2nde-theme-2-b-agrosysteme-et-developpement-durable\/\" \/>\n<meta property=\"og:site_name\" content=\"Bienvenue sur le site de Sciences de la Vie et de la Terre\" \/>\n<meta property=\"article:modified_time\" content=\"2020-05-14T13:04:12+00:00\" \/>\n<meta property=\"og:image\" content=\"https:\/\/svt-dalaine.fr\/svt\/wp-content\/uploads\/2019\/03\/IMG_0812-1024x683.jpg\" \/>\n<meta name=\"twitter:card\" content=\"summary_large_image\" \/>\n<script type=\"application\/ld+json\" class=\"yoast-schema-graph\">{\"@context\":\"https:\/\/schema.org\",\"@graph\":[{\"@type\":\"WebPage\",\"@id\":\"https:\/\/svt-dalaine.fr\/svt\/2nde-theme-2-b-agrosysteme-et-developpement-durable\/\",\"url\":\"https:\/\/svt-dalaine.fr\/svt\/2nde-theme-2-b-agrosysteme-et-developpement-durable\/\",\"name\":\"2nde Th\u00e8me 2-B Agrosyst\u00e8me et d\u00e9veloppement durable - Bienvenue sur le site de Sciences de la Vie et de la Terre\",\"isPartOf\":{\"@id\":\"https:\/\/svt-dalaine.fr\/svt\/#website\"},\"datePublished\":\"2020-05-14T12:58:03+00:00\",\"dateModified\":\"2020-05-14T13:04:12+00:00\",\"breadcrumb\":{\"@id\":\"https:\/\/svt-dalaine.fr\/svt\/2nde-theme-2-b-agrosysteme-et-developpement-durable\/#breadcrumb\"},\"inLanguage\":\"fr-FR\",\"potentialAction\":[{\"@type\":\"ReadAction\",\"target\":[\"https:\/\/svt-dalaine.fr\/svt\/2nde-theme-2-b-agrosysteme-et-developpement-durable\/\"]}]},{\"@type\":\"BreadcrumbList\",\"@id\":\"https:\/\/svt-dalaine.fr\/svt\/2nde-theme-2-b-agrosysteme-et-developpement-durable\/#breadcrumb\",\"itemListElement\":[{\"@type\":\"ListItem\",\"position\":1,\"name\":\"Accueil\",\"item\":\"https:\/\/svt-dalaine.fr\/svt\/\"},{\"@type\":\"ListItem\",\"position\":2,\"name\":\"2nde Th\u00e8me 2-B Agrosyst\u00e8me et d\u00e9veloppement durable\"}]},{\"@type\":\"WebSite\",\"@id\":\"https:\/\/svt-dalaine.fr\/svt\/#website\",\"url\":\"https:\/\/svt-dalaine.fr\/svt\/\",\"name\":\"Bienvenue sur le site de Sciences de la Vie et de la Terre\",\"description\":\"Ressources en SVT de St\u00e9phanie Dalaine, professeure agr\u00e9g\u00e9e exer\u00e7ant en BCPST1 ENCPB\",\"potentialAction\":[{\"@type\":\"SearchAction\",\"target\":{\"@type\":\"EntryPoint\",\"urlTemplate\":\"https:\/\/svt-dalaine.fr\/svt\/?s={search_term_string}\"},\"query-input\":\"required name=search_term_string\"}],\"inLanguage\":\"fr-FR\"}]}<\/script>\n<!-- \/ Yoast SEO plugin. -->","yoast_head_json":{"title":"2nde Th\u00e8me 2-B Agrosyst\u00e8me et d\u00e9veloppement durable - Bienvenue sur le site de Sciences de la Vie et de la Terre","robots":{"index":"index","follow":"follow","max-snippet":"max-snippet:-1","max-image-preview":"max-image-preview:large","max-video-preview":"max-video-preview:-1"},"canonical":"https:\/\/svt-dalaine.fr\/svt\/2nde-theme-2-b-agrosysteme-et-developpement-durable\/","og_locale":"fr_FR","og_type":"article","og_title":"2nde Th\u00e8me 2-B Agrosyst\u00e8me et d\u00e9veloppement durable - Bienvenue sur le site de Sciences de la Vie et de la Terre","og_description":"https:\/\/assets.lls.fr\/pages\/7331652\/svt_2de_chap_8.mp4 https:\/\/view.genial.ly\/5e8b869808da3f0e029814cc","og_url":"https:\/\/svt-dalaine.fr\/svt\/2nde-theme-2-b-agrosysteme-et-developpement-durable\/","og_site_name":"Bienvenue sur le site de Sciences de la Vie et de la Terre","article_modified_time":"2020-05-14T13:04:12+00:00","og_image":[{"url":"https:\/\/svt-dalaine.fr\/svt\/wp-content\/uploads\/2019\/03\/IMG_0812-1024x683.jpg"}],"twitter_card":"summary_large_image","schema":{"@context":"https:\/\/schema.org","@graph":[{"@type":"WebPage","@id":"https:\/\/svt-dalaine.fr\/svt\/2nde-theme-2-b-agrosysteme-et-developpement-durable\/","url":"https:\/\/svt-dalaine.fr\/svt\/2nde-theme-2-b-agrosysteme-et-developpement-durable\/","name":"2nde Th\u00e8me 2-B Agrosyst\u00e8me et d\u00e9veloppement durable - Bienvenue sur le site de Sciences de la Vie et de la Terre","isPartOf":{"@id":"https:\/\/svt-dalaine.fr\/svt\/#website"},"datePublished":"2020-05-14T12:58:03+00:00","dateModified":"2020-05-14T13:04:12+00:00","breadcrumb":{"@id":"https:\/\/svt-dalaine.fr\/svt\/2nde-theme-2-b-agrosysteme-et-developpement-durable\/#breadcrumb"},"inLanguage":"fr-FR","potentialAction":[{"@type":"ReadAction","target":["https:\/\/svt-dalaine.fr\/svt\/2nde-theme-2-b-agrosysteme-et-developpement-durable\/"]}]},{"@type":"BreadcrumbList","@id":"https:\/\/svt-dalaine.fr\/svt\/2nde-theme-2-b-agrosysteme-et-developpement-durable\/#breadcrumb","itemListElement":[{"@type":"ListItem","position":1,"name":"Accueil","item":"https:\/\/svt-dalaine.fr\/svt\/"},{"@type":"ListItem","position":2,"name":"2nde Th\u00e8me 2-B Agrosyst\u00e8me et d\u00e9veloppement durable"}]},{"@type":"WebSite","@id":"https:\/\/svt-dalaine.fr\/svt\/#website","url":"https:\/\/svt-dalaine.fr\/svt\/","name":"Bienvenue sur le site de Sciences de la Vie et de la Terre","description":"Ressources en SVT de St\u00e9phanie Dalaine, professeure agr\u00e9g\u00e9e exer\u00e7ant en BCPST1 ENCPB","potentialAction":[{"@type":"SearchAction","target":{"@type":"EntryPoint","urlTemplate":"https:\/\/svt-dalaine.fr\/svt\/?s={search_term_string}"},"query-input":"required name=search_term_string"}],"inLanguage":"fr-FR"}]}},"_links":{"self":[{"href":"https:\/\/svt-dalaine.fr\/svt\/wp-json\/wp\/v2\/pages\/1687","targetHints":{"allow":["GET"]}}],"collection":[{"href":"https:\/\/svt-dalaine.fr\/svt\/wp-json\/wp\/v2\/pages"}],"about":[{"href":"https:\/\/svt-dalaine.fr\/svt\/wp-json\/wp\/v2\/types\/page"}],"author":[{"embeddable":true,"href":"https:\/\/svt-dalaine.fr\/svt\/wp-json\/wp\/v2\/users\/1"}],"replies":[{"embeddable":true,"href":"https:\/\/svt-dalaine.fr\/svt\/wp-json\/wp\/v2\/comments?post=1687"}],"version-history":[{"count":6,"href":"https:\/\/svt-dalaine.fr\/svt\/wp-json\/wp\/v2\/pages\/1687\/revisions"}],"predecessor-version":[{"id":1696,"href":"https:\/\/svt-dalaine.fr\/svt\/wp-json\/wp\/v2\/pages\/1687\/revisions\/1696"}],"wp:attachment":[{"href":"https:\/\/svt-dalaine.fr\/svt\/wp-json\/wp\/v2\/media?parent=1687"}],"wp:term":[{"taxonomy":"category","embeddable":true,"href":"https:\/\/svt-dalaine.fr\/svt\/wp-json\/wp\/v2\/categories?post=1687"},{"taxonomy":"post_tag","embeddable":true,"href":"https:\/\/svt-dalaine.fr\/svt\/wp-json\/wp\/v2\/tags?post=1687"}],"curies":[{"name":"wp","href":"https:\/\/api.w.org\/{rel}","templated":true}]}}