{"id":1879,"date":"2023-10-08T20:56:27","date_gmt":"2023-10-08T18:56:27","guid":{"rendered":"https:\/\/svt-dalaine.fr\/svt\/?page_id=1879"},"modified":"2024-11-06T19:13:01","modified_gmt":"2024-11-06T18:13:01","slug":"sv-d-organisation-fonctionnelle-des-molecules","status":"publish","type":"page","link":"https:\/\/svt-dalaine.fr\/svt\/sv-d-organisation-fonctionnelle-des-molecules\/","title":{"rendered":"SV-D Organisation fonctionnelle des mol\u00e9cules"},"content":{"rendered":"\t\t<div data-elementor-type=\"wp-page\" data-elementor-id=\"1879\" class=\"elementor elementor-1879\">\n\t\t\t\t\t\t<section class=\"elementor-section elementor-top-section elementor-element elementor-element-9fd41f0 elementor-section-boxed elementor-section-height-default elementor-section-height-default\" data-id=\"9fd41f0\" data-element_type=\"section\">\n\t\t\t\t\t\t<div class=\"elementor-container elementor-column-gap-default\">\n\t\t\t\t\t<div class=\"elementor-column elementor-col-100 elementor-top-column elementor-element elementor-element-39eeb6f\" data-id=\"39eeb6f\" data-element_type=\"column\">\n\t\t\t<div class=\"elementor-widget-wrap elementor-element-populated\">\n\t\t\t\t\t\t<div class=\"elementor-element elementor-element-e222f8a elementor-widget elementor-widget-image\" data-id=\"e222f8a\" data-element_type=\"widget\" data-widget_type=\"image.default\">\n\t\t\t\t<div class=\"elementor-widget-container\">\n\t\t\t\t\t\t\t\t\t\t\t\t\t<img fetchpriority=\"high\" decoding=\"async\" width=\"300\" height=\"292\" src=\"https:\/\/svt-dalaine.fr\/svt\/wp-content\/uploads\/2024\/11\/Capture-decran-2024-11-06-191021-300x292.png\" class=\"attachment-medium size-medium wp-image-2556\" alt=\"\" srcset=\"https:\/\/svt-dalaine.fr\/svt\/wp-content\/uploads\/2024\/11\/Capture-decran-2024-11-06-191021-300x292.png 300w, https:\/\/svt-dalaine.fr\/svt\/wp-content\/uploads\/2024\/11\/Capture-decran-2024-11-06-191021-277x270.png 277w, https:\/\/svt-dalaine.fr\/svt\/wp-content\/uploads\/2024\/11\/Capture-decran-2024-11-06-191021.png 733w\" sizes=\"(max-width: 300px) 100vw, 300px\" \/>\t\t\t\t\t\t\t\t\t\t\t\t\t<\/div>\n\t\t\t\t<\/div>\n\t\t\t\t\t<\/div>\n\t\t<\/div>\n\t\t\t\t\t<\/div>\n\t\t<\/section>\n\t\t\t\t<section class=\"elementor-section elementor-top-section elementor-element elementor-element-778be92 elementor-section-boxed elementor-section-height-default elementor-section-height-default\" data-id=\"778be92\" data-element_type=\"section\">\n\t\t\t\t\t\t<div class=\"elementor-container elementor-column-gap-default\">\n\t\t\t\t\t<div class=\"elementor-column elementor-col-100 elementor-top-column elementor-element elementor-element-dd6dfc1\" data-id=\"dd6dfc1\" data-element_type=\"column\">\n\t\t\t<div class=\"elementor-widget-wrap elementor-element-populated\">\n\t\t\t\t\t\t<div class=\"elementor-element elementor-element-abdb600 elementor-widget elementor-widget-text-editor\" data-id=\"abdb600\" data-element_type=\"widget\" data-widget_type=\"text-editor.default\">\n\t\t\t\t<div class=\"elementor-widget-container\">\n\t\t\t\t\t\t\t<p>Extrait du B.O.<\/p><p>La structure et le fonctionnement des cellules reposent sur les propri\u00e9t\u00e9s des nombreuses mol\u00e9cules qui les constituent. Cette partie met en exergue la structure et les propri\u00e9t\u00e9s physico-chimiques des principales biomol\u00e9cules et ne prend son sens que si ces propri\u00e9t\u00e9s sont mises en relation avec les fonctions biologiques des mol\u00e9cules envisag\u00e9es.<br \/>Afin d\u2019\u00e9viter que la m\u00e9morisation ne prenne le pas sur la compr\u00e9hension des relations structure-propri\u00e9t\u00e9s-fonctions, un formulaire regroupant les principales biomol\u00e9cules sera fourni aux \u00e9tudiants lors des situations d\u2019\u00e9valuation lorsque cela est n\u00e9cessaire. Son contenu est pr\u00e9cis\u00e9 en fin de chaque sous-partie.<br \/>Cette partie gagnera \u00e0 \u00eatre construite en interaction avec le professeur de physique-chimie (Cf. Th\u00e8me 4 : constitution et transformations de la mati\u00e8re) et prendra pr\u00e9f\u00e9rentiellement place au second semestre de BCPST 1 afin de s\u2019appuyer sur les acquis de chimie organique<\/p>\t\t\t\t\t\t<\/div>\n\t\t\t\t<\/div>\n\t\t\t\t\t<\/div>\n\t\t<\/div>\n\t\t\t\t\t<\/div>\n\t\t<\/section>\n\t\t\t\t<section class=\"elementor-section elementor-top-section elementor-element elementor-element-6aeef03 elementor-section-boxed elementor-section-height-default elementor-section-height-default\" data-id=\"6aeef03\" data-element_type=\"section\">\n\t\t\t\t\t\t<div class=\"elementor-container elementor-column-gap-default\">\n\t\t\t\t\t<div class=\"elementor-column elementor-col-100 elementor-top-column elementor-element elementor-element-974cb40\" data-id=\"974cb40\" data-element_type=\"column\">\n\t\t\t<div class=\"elementor-widget-wrap elementor-element-populated\">\n\t\t\t\t\t\t<div class=\"elementor-element elementor-element-2dfb4dd elementor-widget elementor-widget-button\" data-id=\"2dfb4dd\" data-element_type=\"widget\" data-widget_type=\"button.default\">\n\t\t\t\t<div class=\"elementor-widget-container\">\n\t\t\t\t\t<div class=\"elementor-button-wrapper\">\n\t\t\t<a class=\"elementor-button elementor-button-link elementor-size-sm\" href=\"https:\/\/svt-dalaine.fr\/svt\/sv-d-1-les-constituants-du-vivant\/\">\n\t\t\t\t\t\t<span class=\"elementor-button-content-wrapper\">\n\t\t\t\t\t\t<span class=\"elementor-button-text\">SV-D-1- Les constituants du vivant<\/span>\n\t\t<\/span>\n\t\t\t\t\t<\/a>\n\t\t<\/div>\n\t\t\t\t<\/div>\n\t\t\t\t<\/div>\n\t\t\t\t\t<\/div>\n\t\t<\/div>\n\t\t\t\t\t<\/div>\n\t\t<\/section>\n\t\t\t\t<section class=\"elementor-section elementor-top-section elementor-element elementor-element-40d38e9 elementor-section-boxed elementor-section-height-default elementor-section-height-default\" data-id=\"40d38e9\" data-element_type=\"section\">\n\t\t\t\t\t\t<div class=\"elementor-container elementor-column-gap-default\">\n\t\t\t\t\t<div class=\"elementor-column elementor-col-100 elementor-top-column elementor-element elementor-element-6a90ba0\" data-id=\"6a90ba0\" data-element_type=\"column\">\n\t\t\t<div class=\"elementor-widget-wrap elementor-element-populated\">\n\t\t\t\t\t\t<div class=\"elementor-element elementor-element-850dba7 elementor-widget elementor-widget-button\" data-id=\"850dba7\" data-element_type=\"widget\" data-widget_type=\"button.default\">\n\t\t\t\t<div class=\"elementor-widget-container\">\n\t\t\t\t\t<div class=\"elementor-button-wrapper\">\n\t\t\t<a class=\"elementor-button elementor-button-link elementor-size-sm\" href=\"#\">\n\t\t\t\t\t\t<span class=\"elementor-button-content-wrapper\">\n\t\t\t\t\t\t<span class=\"elementor-button-text\">SV-D-2 Les grandes familles  biochimiques<\/span>\n\t\t<\/span>\n\t\t\t\t\t<\/a>\n\t\t<\/div>\n\t\t\t\t<\/div>\n\t\t\t\t<\/div>\n\t\t\t\t\t<\/div>\n\t\t<\/div>\n\t\t\t\t\t<\/div>\n\t\t<\/section>\n\t\t\t\t<\/div>\n\t\t","protected":false},"excerpt":{"rendered":"<p>Extrait du B.O. La structure et le fonctionnement des cellules reposent sur les propri\u00e9t\u00e9s des nombreuses mol\u00e9cules qui les constituent. Cette partie met en exergue la structure et les propri\u00e9t\u00e9s physico-chimiques des principales biomol\u00e9cules et ne prend son sens que&hellip;&nbsp;<a href=\"https:\/\/svt-dalaine.fr\/svt\/sv-d-organisation-fonctionnelle-des-molecules\/\" class=\"more-link\">Lire la suite<\/a><\/p>\n","protected":false},"author":1,"featured_media":0,"parent":0,"menu_order":0,"comment_status":"closed","ping_status":"closed","template":"","meta":{"footnotes":""},"categories":[74],"tags":[],"class_list":["post-1879","page","type-page","status-publish","hentry","category-bcpst1-sv"],"yoast_head":"<!-- This site is optimized with the Yoast SEO plugin v21.9.1 - https:\/\/yoast.com\/wordpress\/plugins\/seo\/ -->\n<title>SV-D Organisation fonctionnelle des mol\u00e9cules - Bienvenue sur le site de Sciences de la Vie et de la Terre<\/title>\n<meta name=\"robots\" content=\"index, follow, max-snippet:-1, max-image-preview:large, max-video-preview:-1\" \/>\n<link rel=\"canonical\" href=\"https:\/\/svt-dalaine.fr\/svt\/sv-d-organisation-fonctionnelle-des-molecules\/\" \/>\n<meta property=\"og:locale\" content=\"fr_FR\" \/>\n<meta property=\"og:type\" content=\"article\" \/>\n<meta property=\"og:title\" content=\"SV-D Organisation fonctionnelle des mol\u00e9cules - Bienvenue sur le site de Sciences de la Vie et de la Terre\" \/>\n<meta property=\"og:description\" content=\"Extrait du B.O. La structure et le fonctionnement des cellules reposent sur les propri\u00e9t\u00e9s des nombreuses mol\u00e9cules qui les constituent. Cette partie met en exergue la structure et les propri\u00e9t\u00e9s physico-chimiques des principales biomol\u00e9cules et ne prend son sens que&hellip;&nbsp;Lire la suite\" \/>\n<meta property=\"og:url\" content=\"https:\/\/svt-dalaine.fr\/svt\/sv-d-organisation-fonctionnelle-des-molecules\/\" \/>\n<meta property=\"og:site_name\" content=\"Bienvenue sur le site de Sciences de la Vie et de la Terre\" \/>\n<meta property=\"article:modified_time\" content=\"2024-11-06T18:13:01+00:00\" \/>\n<meta property=\"og:image\" content=\"https:\/\/svt-dalaine.fr\/svt\/wp-content\/uploads\/2024\/11\/Capture-decran-2024-11-06-191021-300x292.png\" \/>\n<meta name=\"twitter:card\" content=\"summary_large_image\" \/>\n<meta name=\"twitter:label1\" content=\"Dur\u00e9e de lecture estim\u00e9e\" \/>\n\t<meta name=\"twitter:data1\" content=\"1 minute\" \/>\n<script type=\"application\/ld+json\" class=\"yoast-schema-graph\">{\"@context\":\"https:\/\/schema.org\",\"@graph\":[{\"@type\":\"WebPage\",\"@id\":\"https:\/\/svt-dalaine.fr\/svt\/sv-d-organisation-fonctionnelle-des-molecules\/\",\"url\":\"https:\/\/svt-dalaine.fr\/svt\/sv-d-organisation-fonctionnelle-des-molecules\/\",\"name\":\"SV-D Organisation fonctionnelle des mol\u00e9cules - Bienvenue sur le site de Sciences de la Vie et de la Terre\",\"isPartOf\":{\"@id\":\"https:\/\/svt-dalaine.fr\/svt\/#website\"},\"datePublished\":\"2023-10-08T18:56:27+00:00\",\"dateModified\":\"2024-11-06T18:13:01+00:00\",\"breadcrumb\":{\"@id\":\"https:\/\/svt-dalaine.fr\/svt\/sv-d-organisation-fonctionnelle-des-molecules\/#breadcrumb\"},\"inLanguage\":\"fr-FR\",\"potentialAction\":[{\"@type\":\"ReadAction\",\"target\":[\"https:\/\/svt-dalaine.fr\/svt\/sv-d-organisation-fonctionnelle-des-molecules\/\"]}]},{\"@type\":\"BreadcrumbList\",\"@id\":\"https:\/\/svt-dalaine.fr\/svt\/sv-d-organisation-fonctionnelle-des-molecules\/#breadcrumb\",\"itemListElement\":[{\"@type\":\"ListItem\",\"position\":1,\"name\":\"Accueil\",\"item\":\"https:\/\/svt-dalaine.fr\/svt\/\"},{\"@type\":\"ListItem\",\"position\":2,\"name\":\"SV-D Organisation fonctionnelle des mol\u00e9cules\"}]},{\"@type\":\"WebSite\",\"@id\":\"https:\/\/svt-dalaine.fr\/svt\/#website\",\"url\":\"https:\/\/svt-dalaine.fr\/svt\/\",\"name\":\"Bienvenue sur le site de Sciences de la Vie et de la Terre\",\"description\":\"Ressources en SVT de St\u00e9phanie Dalaine, professeure agr\u00e9g\u00e9e exer\u00e7ant en BCPST1 ENCPB\",\"potentialAction\":[{\"@type\":\"SearchAction\",\"target\":{\"@type\":\"EntryPoint\",\"urlTemplate\":\"https:\/\/svt-dalaine.fr\/svt\/?s={search_term_string}\"},\"query-input\":\"required name=search_term_string\"}],\"inLanguage\":\"fr-FR\"}]}<\/script>\n<!-- \/ Yoast SEO plugin. -->","yoast_head_json":{"title":"SV-D Organisation fonctionnelle des mol\u00e9cules - Bienvenue sur le site de Sciences de la Vie et de la Terre","robots":{"index":"index","follow":"follow","max-snippet":"max-snippet:-1","max-image-preview":"max-image-preview:large","max-video-preview":"max-video-preview:-1"},"canonical":"https:\/\/svt-dalaine.fr\/svt\/sv-d-organisation-fonctionnelle-des-molecules\/","og_locale":"fr_FR","og_type":"article","og_title":"SV-D Organisation fonctionnelle des mol\u00e9cules - Bienvenue sur le site de Sciences de la Vie et de la Terre","og_description":"Extrait du B.O. La structure et le fonctionnement des cellules reposent sur les propri\u00e9t\u00e9s des nombreuses mol\u00e9cules qui les constituent. Cette partie met en exergue la structure et les propri\u00e9t\u00e9s physico-chimiques des principales biomol\u00e9cules et ne prend son sens que&hellip;&nbsp;Lire la suite","og_url":"https:\/\/svt-dalaine.fr\/svt\/sv-d-organisation-fonctionnelle-des-molecules\/","og_site_name":"Bienvenue sur le site de Sciences de la Vie et de la Terre","article_modified_time":"2024-11-06T18:13:01+00:00","og_image":[{"url":"https:\/\/svt-dalaine.fr\/svt\/wp-content\/uploads\/2024\/11\/Capture-decran-2024-11-06-191021-300x292.png"}],"twitter_card":"summary_large_image","twitter_misc":{"Dur\u00e9e de lecture estim\u00e9e":"1 minute"},"schema":{"@context":"https:\/\/schema.org","@graph":[{"@type":"WebPage","@id":"https:\/\/svt-dalaine.fr\/svt\/sv-d-organisation-fonctionnelle-des-molecules\/","url":"https:\/\/svt-dalaine.fr\/svt\/sv-d-organisation-fonctionnelle-des-molecules\/","name":"SV-D Organisation fonctionnelle des mol\u00e9cules - Bienvenue sur le site de Sciences de la Vie et de la Terre","isPartOf":{"@id":"https:\/\/svt-dalaine.fr\/svt\/#website"},"datePublished":"2023-10-08T18:56:27+00:00","dateModified":"2024-11-06T18:13:01+00:00","breadcrumb":{"@id":"https:\/\/svt-dalaine.fr\/svt\/sv-d-organisation-fonctionnelle-des-molecules\/#breadcrumb"},"inLanguage":"fr-FR","potentialAction":[{"@type":"ReadAction","target":["https:\/\/svt-dalaine.fr\/svt\/sv-d-organisation-fonctionnelle-des-molecules\/"]}]},{"@type":"BreadcrumbList","@id":"https:\/\/svt-dalaine.fr\/svt\/sv-d-organisation-fonctionnelle-des-molecules\/#breadcrumb","itemListElement":[{"@type":"ListItem","position":1,"name":"Accueil","item":"https:\/\/svt-dalaine.fr\/svt\/"},{"@type":"ListItem","position":2,"name":"SV-D Organisation fonctionnelle des mol\u00e9cules"}]},{"@type":"WebSite","@id":"https:\/\/svt-dalaine.fr\/svt\/#website","url":"https:\/\/svt-dalaine.fr\/svt\/","name":"Bienvenue sur le site de Sciences de la Vie et de la Terre","description":"Ressources en SVT de St\u00e9phanie Dalaine, professeure agr\u00e9g\u00e9e exer\u00e7ant en BCPST1 ENCPB","potentialAction":[{"@type":"SearchAction","target":{"@type":"EntryPoint","urlTemplate":"https:\/\/svt-dalaine.fr\/svt\/?s={search_term_string}"},"query-input":"required name=search_term_string"}],"inLanguage":"fr-FR"}]}},"_links":{"self":[{"href":"https:\/\/svt-dalaine.fr\/svt\/wp-json\/wp\/v2\/pages\/1879","targetHints":{"allow":["GET"]}}],"collection":[{"href":"https:\/\/svt-dalaine.fr\/svt\/wp-json\/wp\/v2\/pages"}],"about":[{"href":"https:\/\/svt-dalaine.fr\/svt\/wp-json\/wp\/v2\/types\/page"}],"author":[{"embeddable":true,"href":"https:\/\/svt-dalaine.fr\/svt\/wp-json\/wp\/v2\/users\/1"}],"replies":[{"embeddable":true,"href":"https:\/\/svt-dalaine.fr\/svt\/wp-json\/wp\/v2\/comments?post=1879"}],"version-history":[{"count":4,"href":"https:\/\/svt-dalaine.fr\/svt\/wp-json\/wp\/v2\/pages\/1879\/revisions"}],"predecessor-version":[{"id":2559,"href":"https:\/\/svt-dalaine.fr\/svt\/wp-json\/wp\/v2\/pages\/1879\/revisions\/2559"}],"wp:attachment":[{"href":"https:\/\/svt-dalaine.fr\/svt\/wp-json\/wp\/v2\/media?parent=1879"}],"wp:term":[{"taxonomy":"category","embeddable":true,"href":"https:\/\/svt-dalaine.fr\/svt\/wp-json\/wp\/v2\/categories?post=1879"},{"taxonomy":"post_tag","embeddable":true,"href":"https:\/\/svt-dalaine.fr\/svt\/wp-json\/wp\/v2\/tags?post=1879"}],"curies":[{"name":"wp","href":"https:\/\/api.w.org\/{rel}","templated":true}]}}