{"id":1891,"date":"2023-10-10T21:56:01","date_gmt":"2023-10-10T19:56:01","guid":{"rendered":"https:\/\/svt-dalaine.fr\/svt\/?page_id=1891"},"modified":"2025-10-13T08:56:09","modified_gmt":"2025-10-13T06:56:09","slug":"st-a-la-carte-geologique-au-millionieme","status":"publish","type":"page","link":"https:\/\/svt-dalaine.fr\/svt\/st-a-la-carte-geologique-au-millionieme\/","title":{"rendered":"ST-A La carte g\u00e9ologique au millioni\u00e8me"},"content":{"rendered":"\t\t<div data-elementor-type=\"wp-page\" data-elementor-id=\"1891\" class=\"elementor elementor-1891\">\n\t\t\t\t\t\t<section class=\"elementor-section elementor-top-section elementor-element elementor-element-8e39079 elementor-section-boxed elementor-section-height-default elementor-section-height-default\" data-id=\"8e39079\" data-element_type=\"section\">\n\t\t\t\t\t\t<div class=\"elementor-container elementor-column-gap-default\">\n\t\t\t\t\t<div class=\"elementor-column elementor-col-100 elementor-top-column elementor-element elementor-element-e8c8948\" data-id=\"e8c8948\" data-element_type=\"column\">\n\t\t\t<div class=\"elementor-widget-wrap elementor-element-populated\">\n\t\t\t\t\t\t<div class=\"elementor-element elementor-element-e84e7d8 elementor-widget elementor-widget-image\" data-id=\"e84e7d8\" data-element_type=\"widget\" data-widget_type=\"image.default\">\n\t\t\t\t<div class=\"elementor-widget-container\">\n\t\t\t\t\t\t\t\t\t\t\t\t\t<img fetchpriority=\"high\" decoding=\"async\" width=\"300\" height=\"282\" src=\"https:\/\/svt-dalaine.fr\/svt\/wp-content\/uploads\/2023\/10\/Capture-decran-2023-08-23-085222-300x282.png\" class=\"attachment-medium size-medium wp-image-1896\" alt=\"\" srcset=\"https:\/\/svt-dalaine.fr\/svt\/wp-content\/uploads\/2023\/10\/Capture-decran-2023-08-23-085222-300x282.png 300w, https:\/\/svt-dalaine.fr\/svt\/wp-content\/uploads\/2023\/10\/Capture-decran-2023-08-23-085222-768x722.png 768w, https:\/\/svt-dalaine.fr\/svt\/wp-content\/uploads\/2023\/10\/Capture-decran-2023-08-23-085222-287x270.png 287w, https:\/\/svt-dalaine.fr\/svt\/wp-content\/uploads\/2023\/10\/Capture-decran-2023-08-23-085222.png 898w\" sizes=\"(max-width: 300px) 100vw, 300px\" \/>\t\t\t\t\t\t\t\t\t\t\t\t\t<\/div>\n\t\t\t\t<\/div>\n\t\t\t\t\t<\/div>\n\t\t<\/div>\n\t\t\t\t\t<\/div>\n\t\t<\/section>\n\t\t\t\t<section class=\"elementor-section elementor-top-section elementor-element elementor-element-7aab87f elementor-section-boxed elementor-section-height-default elementor-section-height-default\" data-id=\"7aab87f\" data-element_type=\"section\">\n\t\t\t\t\t\t<div class=\"elementor-container elementor-column-gap-default\">\n\t\t\t\t\t<div class=\"elementor-column elementor-col-100 elementor-top-column elementor-element elementor-element-f5c5738\" data-id=\"f5c5738\" data-element_type=\"column\">\n\t\t\t<div class=\"elementor-widget-wrap elementor-element-populated\">\n\t\t\t\t\t\t<div class=\"elementor-element elementor-element-823b35a elementor-widget elementor-widget-text-editor\" data-id=\"823b35a\" data-element_type=\"widget\" data-widget_type=\"text-editor.default\">\n\t\t\t\t<div class=\"elementor-widget-container\">\n\t\t\t\t\t\t\t<p>Extrait du B.O.<\/p><p>Une carte g\u00e9ologique est une repr\u00e9sentation de la nature, de la g\u00e9om\u00e9trie et de l\u2019\u00e2ge des roches \u00e0<br \/>l\u2019affleurement. Elle repr\u00e9sente l\u2019intersection d\u2019un agencement \u00e0 trois dimensions avec la surface<br \/>topographique. Elle r\u00e9sulte de l\u2019exploitation et de l\u2019interpr\u00e9tation de diverses donn\u00e9es (levers de<br \/>terrain, photographies a\u00e9riennes, forages, etc.).<br \/>Elle repr\u00e9sente un mod\u00e8le de l\u2019\u00e9tat des connaissances au moment de sa r\u00e9alisation.<br \/>Les mod\u00e8les num\u00e9riques de terrain (MNT) utilis\u00e9s dans des syst\u00e8mes d\u2019informations g\u00e9ographiques<br \/>(SIG) permettent de corr\u00e9ler des informations g\u00e9ologiques g\u00e9or\u00e9f\u00e9renc\u00e9es et permettent de<br \/>produire et de visualiser des cartes topographiques et des cartes th\u00e9matiques.<br \/>Les cartes g\u00e9ologiques de la France apportent des informations compl\u00e9mentaires \u00e0 diff\u00e9rentes \u00e9chelles.<br \/>La carte de France au 1\/1 000 000 permet de visualiser des grands ensembles g\u00e9ologiques : cha\u00eenes<br \/>de montagnes, bassins s\u00e9dimentaires.<\/p>\t\t\t\t\t\t<\/div>\n\t\t\t\t<\/div>\n\t\t\t\t\t<\/div>\n\t\t<\/div>\n\t\t\t\t\t<\/div>\n\t\t<\/section>\n\t\t\t\t<section class=\"elementor-section elementor-top-section elementor-element elementor-element-aa6c060 elementor-section-boxed elementor-section-height-default elementor-section-height-default\" data-id=\"aa6c060\" data-element_type=\"section\">\n\t\t\t\t\t\t<div class=\"elementor-container elementor-column-gap-default\">\n\t\t\t\t\t<div class=\"elementor-column elementor-col-50 elementor-top-column elementor-element elementor-element-a9aaa36\" data-id=\"a9aaa36\" data-element_type=\"column\">\n\t\t\t<div class=\"elementor-widget-wrap elementor-element-populated\">\n\t\t\t\t\t\t<div class=\"elementor-element elementor-element-6e919e0 elementor-widget elementor-widget-text-editor\" data-id=\"6e919e0\" data-element_type=\"widget\" data-widget_type=\"text-editor.default\">\n\t\t\t\t<div class=\"elementor-widget-container\">\n\t\t\t\t\t\t\t<p>La carte g\u00e9ologique de la France au 1\/1 000 000e est accessible sur l&#8217;animation <a href=\"https:\/\/www.pedagogie.ac-nice.fr\/svt\/productions\/tectoglob3d\/\" target=\"_blank\" rel=\"noopener\">Tectoglob 3D<\/a><\/p><p>https:\/\/www.pedagogie.ac-nice.fr\/svt\/productions\/tectoglob3d\/<\/p>\t\t\t\t\t\t<\/div>\n\t\t\t\t<\/div>\n\t\t\t\t\t<\/div>\n\t\t<\/div>\n\t\t\t\t<div class=\"elementor-column elementor-col-50 elementor-top-column elementor-element elementor-element-4bd8eea\" data-id=\"4bd8eea\" data-element_type=\"column\">\n\t\t\t<div class=\"elementor-widget-wrap elementor-element-populated\">\n\t\t\t\t\t\t<div class=\"elementor-element elementor-element-f85391c elementor-widget elementor-widget-text-editor\" data-id=\"f85391c\" data-element_type=\"widget\" data-widget_type=\"text-editor.default\">\n\t\t\t\t<div class=\"elementor-widget-container\">\n\t\t\t\t\t\t\t<p>Les cartes g\u00e9ologiques de la France m\u00e9tropolitaine au 1\/ 50 000e sont accessibles sur le site du BRGM:<\/p><p><a href=\"http:\/\/infoterre.brgm.fr\/viewerlite\/MainTileForward.do\" target=\"_blank\" rel=\"noopener\">http:\/\/infoterre.brgm.fr\/viewerlite\/MainTileForward.do<\/a><\/p><p>\u00a0<\/p>\t\t\t\t\t\t<\/div>\n\t\t\t\t<\/div>\n\t\t\t\t\t<\/div>\n\t\t<\/div>\n\t\t\t\t\t<\/div>\n\t\t<\/section>\n\t\t\t\t<\/div>\n\t\t","protected":false},"excerpt":{"rendered":"<p>Extrait du B.O. Une carte g\u00e9ologique est une repr\u00e9sentation de la nature, de la g\u00e9om\u00e9trie et de l\u2019\u00e2ge des roches \u00e0 l\u2019affleurement. Elle repr\u00e9sente l\u2019intersection d\u2019un agencement \u00e0 trois dimensions avec la surface topographique. Elle r\u00e9sulte de l\u2019exploitation et de&hellip;&nbsp;<a href=\"https:\/\/svt-dalaine.fr\/svt\/st-a-la-carte-geologique-au-millionieme\/\" class=\"more-link\">Lire la suite<\/a><\/p>\n","protected":false},"author":1,"featured_media":0,"parent":0,"menu_order":0,"comment_status":"closed","ping_status":"closed","template":"","meta":{"footnotes":""},"categories":[],"tags":[],"class_list":["post-1891","page","type-page","status-publish","hentry"],"yoast_head":"<!-- This site is optimized with the Yoast SEO plugin v21.9.1 - https:\/\/yoast.com\/wordpress\/plugins\/seo\/ -->\n<title>ST-A La carte g\u00e9ologique au millioni\u00e8me - Bienvenue sur le site de Sciences de la Vie et de la Terre<\/title>\n<meta name=\"robots\" content=\"index, follow, max-snippet:-1, max-image-preview:large, max-video-preview:-1\" \/>\n<link rel=\"canonical\" href=\"https:\/\/svt-dalaine.fr\/svt\/st-a-la-carte-geologique-au-millionieme\/\" \/>\n<meta property=\"og:locale\" content=\"fr_FR\" \/>\n<meta property=\"og:type\" content=\"article\" \/>\n<meta property=\"og:title\" content=\"ST-A La carte g\u00e9ologique au millioni\u00e8me - Bienvenue sur le site de Sciences de la Vie et de la Terre\" \/>\n<meta property=\"og:description\" content=\"Extrait du B.O. Une carte g\u00e9ologique est une repr\u00e9sentation de la nature, de la g\u00e9om\u00e9trie et de l\u2019\u00e2ge des roches \u00e0 l\u2019affleurement. Elle repr\u00e9sente l\u2019intersection d\u2019un agencement \u00e0 trois dimensions avec la surface topographique. Elle r\u00e9sulte de l\u2019exploitation et de&hellip;&nbsp;Lire la suite\" \/>\n<meta property=\"og:url\" content=\"https:\/\/svt-dalaine.fr\/svt\/st-a-la-carte-geologique-au-millionieme\/\" \/>\n<meta property=\"og:site_name\" content=\"Bienvenue sur le site de Sciences de la Vie et de la Terre\" \/>\n<meta property=\"article:modified_time\" content=\"2025-10-13T06:56:09+00:00\" \/>\n<meta property=\"og:image\" content=\"https:\/\/svt-dalaine.fr\/svt\/wp-content\/uploads\/2023\/10\/Capture-decran-2023-08-23-085222-300x282.png\" \/>\n<meta name=\"twitter:card\" content=\"summary_large_image\" \/>\n<meta name=\"twitter:label1\" content=\"Dur\u00e9e de lecture estim\u00e9e\" \/>\n\t<meta name=\"twitter:data1\" content=\"2 minutes\" \/>\n<script type=\"application\/ld+json\" class=\"yoast-schema-graph\">{\"@context\":\"https:\/\/schema.org\",\"@graph\":[{\"@type\":\"WebPage\",\"@id\":\"https:\/\/svt-dalaine.fr\/svt\/st-a-la-carte-geologique-au-millionieme\/\",\"url\":\"https:\/\/svt-dalaine.fr\/svt\/st-a-la-carte-geologique-au-millionieme\/\",\"name\":\"ST-A La carte g\u00e9ologique au millioni\u00e8me - Bienvenue sur le site de Sciences de la Vie et de la Terre\",\"isPartOf\":{\"@id\":\"https:\/\/svt-dalaine.fr\/svt\/#website\"},\"datePublished\":\"2023-10-10T19:56:01+00:00\",\"dateModified\":\"2025-10-13T06:56:09+00:00\",\"breadcrumb\":{\"@id\":\"https:\/\/svt-dalaine.fr\/svt\/st-a-la-carte-geologique-au-millionieme\/#breadcrumb\"},\"inLanguage\":\"fr-FR\",\"potentialAction\":[{\"@type\":\"ReadAction\",\"target\":[\"https:\/\/svt-dalaine.fr\/svt\/st-a-la-carte-geologique-au-millionieme\/\"]}]},{\"@type\":\"BreadcrumbList\",\"@id\":\"https:\/\/svt-dalaine.fr\/svt\/st-a-la-carte-geologique-au-millionieme\/#breadcrumb\",\"itemListElement\":[{\"@type\":\"ListItem\",\"position\":1,\"name\":\"Accueil\",\"item\":\"https:\/\/svt-dalaine.fr\/svt\/\"},{\"@type\":\"ListItem\",\"position\":2,\"name\":\"ST-A La carte g\u00e9ologique au millioni\u00e8me\"}]},{\"@type\":\"WebSite\",\"@id\":\"https:\/\/svt-dalaine.fr\/svt\/#website\",\"url\":\"https:\/\/svt-dalaine.fr\/svt\/\",\"name\":\"Bienvenue sur le site de Sciences de la Vie et de la Terre\",\"description\":\"Ressources en SVT de St\u00e9phanie Dalaine, professeure agr\u00e9g\u00e9e exer\u00e7ant en BCPST1 ENCPB\",\"potentialAction\":[{\"@type\":\"SearchAction\",\"target\":{\"@type\":\"EntryPoint\",\"urlTemplate\":\"https:\/\/svt-dalaine.fr\/svt\/?s={search_term_string}\"},\"query-input\":\"required name=search_term_string\"}],\"inLanguage\":\"fr-FR\"}]}<\/script>\n<!-- \/ Yoast SEO plugin. -->","yoast_head_json":{"title":"ST-A La carte g\u00e9ologique au millioni\u00e8me - Bienvenue sur le site de Sciences de la Vie et de la Terre","robots":{"index":"index","follow":"follow","max-snippet":"max-snippet:-1","max-image-preview":"max-image-preview:large","max-video-preview":"max-video-preview:-1"},"canonical":"https:\/\/svt-dalaine.fr\/svt\/st-a-la-carte-geologique-au-millionieme\/","og_locale":"fr_FR","og_type":"article","og_title":"ST-A La carte g\u00e9ologique au millioni\u00e8me - Bienvenue sur le site de Sciences de la Vie et de la Terre","og_description":"Extrait du B.O. Une carte g\u00e9ologique est une repr\u00e9sentation de la nature, de la g\u00e9om\u00e9trie et de l\u2019\u00e2ge des roches \u00e0 l\u2019affleurement. Elle repr\u00e9sente l\u2019intersection d\u2019un agencement \u00e0 trois dimensions avec la surface topographique. Elle r\u00e9sulte de l\u2019exploitation et de&hellip;&nbsp;Lire la suite","og_url":"https:\/\/svt-dalaine.fr\/svt\/st-a-la-carte-geologique-au-millionieme\/","og_site_name":"Bienvenue sur le site de Sciences de la Vie et de la Terre","article_modified_time":"2025-10-13T06:56:09+00:00","og_image":[{"url":"https:\/\/svt-dalaine.fr\/svt\/wp-content\/uploads\/2023\/10\/Capture-decran-2023-08-23-085222-300x282.png"}],"twitter_card":"summary_large_image","twitter_misc":{"Dur\u00e9e de lecture estim\u00e9e":"2 minutes"},"schema":{"@context":"https:\/\/schema.org","@graph":[{"@type":"WebPage","@id":"https:\/\/svt-dalaine.fr\/svt\/st-a-la-carte-geologique-au-millionieme\/","url":"https:\/\/svt-dalaine.fr\/svt\/st-a-la-carte-geologique-au-millionieme\/","name":"ST-A La carte g\u00e9ologique au millioni\u00e8me - Bienvenue sur le site de Sciences de la Vie et de la Terre","isPartOf":{"@id":"https:\/\/svt-dalaine.fr\/svt\/#website"},"datePublished":"2023-10-10T19:56:01+00:00","dateModified":"2025-10-13T06:56:09+00:00","breadcrumb":{"@id":"https:\/\/svt-dalaine.fr\/svt\/st-a-la-carte-geologique-au-millionieme\/#breadcrumb"},"inLanguage":"fr-FR","potentialAction":[{"@type":"ReadAction","target":["https:\/\/svt-dalaine.fr\/svt\/st-a-la-carte-geologique-au-millionieme\/"]}]},{"@type":"BreadcrumbList","@id":"https:\/\/svt-dalaine.fr\/svt\/st-a-la-carte-geologique-au-millionieme\/#breadcrumb","itemListElement":[{"@type":"ListItem","position":1,"name":"Accueil","item":"https:\/\/svt-dalaine.fr\/svt\/"},{"@type":"ListItem","position":2,"name":"ST-A La carte g\u00e9ologique au millioni\u00e8me"}]},{"@type":"WebSite","@id":"https:\/\/svt-dalaine.fr\/svt\/#website","url":"https:\/\/svt-dalaine.fr\/svt\/","name":"Bienvenue sur le site de Sciences de la Vie et de la Terre","description":"Ressources en SVT de St\u00e9phanie Dalaine, professeure agr\u00e9g\u00e9e exer\u00e7ant en BCPST1 ENCPB","potentialAction":[{"@type":"SearchAction","target":{"@type":"EntryPoint","urlTemplate":"https:\/\/svt-dalaine.fr\/svt\/?s={search_term_string}"},"query-input":"required name=search_term_string"}],"inLanguage":"fr-FR"}]}},"_links":{"self":[{"href":"https:\/\/svt-dalaine.fr\/svt\/wp-json\/wp\/v2\/pages\/1891","targetHints":{"allow":["GET"]}}],"collection":[{"href":"https:\/\/svt-dalaine.fr\/svt\/wp-json\/wp\/v2\/pages"}],"about":[{"href":"https:\/\/svt-dalaine.fr\/svt\/wp-json\/wp\/v2\/types\/page"}],"author":[{"embeddable":true,"href":"https:\/\/svt-dalaine.fr\/svt\/wp-json\/wp\/v2\/users\/1"}],"replies":[{"embeddable":true,"href":"https:\/\/svt-dalaine.fr\/svt\/wp-json\/wp\/v2\/comments?post=1891"}],"version-history":[{"count":12,"href":"https:\/\/svt-dalaine.fr\/svt\/wp-json\/wp\/v2\/pages\/1891\/revisions"}],"predecessor-version":[{"id":1985,"href":"https:\/\/svt-dalaine.fr\/svt\/wp-json\/wp\/v2\/pages\/1891\/revisions\/1985"}],"wp:attachment":[{"href":"https:\/\/svt-dalaine.fr\/svt\/wp-json\/wp\/v2\/media?parent=1891"}],"wp:term":[{"taxonomy":"category","embeddable":true,"href":"https:\/\/svt-dalaine.fr\/svt\/wp-json\/wp\/v2\/categories?post=1891"},{"taxonomy":"post_tag","embeddable":true,"href":"https:\/\/svt-dalaine.fr\/svt\/wp-json\/wp\/v2\/tags?post=1891"}],"curies":[{"name":"wp","href":"https:\/\/api.w.org\/{rel}","templated":true}]}}