{"id":1943,"date":"2023-11-06T22:46:00","date_gmt":"2023-11-06T21:46:00","guid":{"rendered":"https:\/\/svt-dalaine.fr\/svt\/?page_id=1943"},"modified":"2025-12-04T08:47:01","modified_gmt":"2025-12-04T07:47:01","slug":"sv-d-2-3-nucleotides-et-acides-nucleiques","status":"publish","type":"page","link":"https:\/\/svt-dalaine.fr\/svt\/sv-d-2-3-nucleotides-et-acides-nucleiques\/","title":{"rendered":"SV-D-2-3 Nucl\u00e9otides et acides nucl\u00e9iques"},"content":{"rendered":"\t\t<div data-elementor-type=\"wp-page\" data-elementor-id=\"1943\" class=\"elementor elementor-1943\">\n\t\t\t\t\t\t<section class=\"elementor-section elementor-top-section elementor-element elementor-element-cf79fa9 elementor-section-boxed elementor-section-height-default elementor-section-height-default\" data-id=\"cf79fa9\" data-element_type=\"section\">\n\t\t\t\t\t\t<div class=\"elementor-container elementor-column-gap-default\">\n\t\t\t\t\t<div class=\"elementor-column elementor-col-100 elementor-top-column elementor-element elementor-element-f6a0f2e\" data-id=\"f6a0f2e\" data-element_type=\"column\">\n\t\t\t<div class=\"elementor-widget-wrap elementor-element-populated\">\n\t\t\t\t\t\t<div class=\"elementor-element elementor-element-10c7fc6 elementor-widget elementor-widget-image\" data-id=\"10c7fc6\" data-element_type=\"widget\" data-widget_type=\"image.default\">\n\t\t\t\t<div class=\"elementor-widget-container\">\n\t\t\t\t\t\t\t\t\t\t\t\t\t<img fetchpriority=\"high\" decoding=\"async\" width=\"300\" height=\"218\" src=\"https:\/\/svt-dalaine.fr\/svt\/wp-content\/uploads\/2023\/11\/Capture-decran-2023-11-06-225037-300x218.png\" class=\"attachment-medium size-medium wp-image-1948\" alt=\"\" srcset=\"https:\/\/svt-dalaine.fr\/svt\/wp-content\/uploads\/2023\/11\/Capture-decran-2023-11-06-225037-300x218.png 300w, https:\/\/svt-dalaine.fr\/svt\/wp-content\/uploads\/2023\/11\/Capture-decran-2023-11-06-225037-768x558.png 768w, https:\/\/svt-dalaine.fr\/svt\/wp-content\/uploads\/2023\/11\/Capture-decran-2023-11-06-225037-360x262.png 360w, https:\/\/svt-dalaine.fr\/svt\/wp-content\/uploads\/2023\/11\/Capture-decran-2023-11-06-225037.png 797w\" sizes=\"(max-width: 300px) 100vw, 300px\" \/>\t\t\t\t\t\t\t\t\t\t\t\t\t<\/div>\n\t\t\t\t<\/div>\n\t\t\t\t\t<\/div>\n\t\t<\/div>\n\t\t\t\t\t<\/div>\n\t\t<\/section>\n\t\t\t\t<section class=\"elementor-section elementor-top-section elementor-element elementor-element-6b2c3f5 elementor-section-boxed elementor-section-height-default elementor-section-height-default\" data-id=\"6b2c3f5\" data-element_type=\"section\">\n\t\t\t\t\t\t<div class=\"elementor-container elementor-column-gap-default\">\n\t\t\t\t\t<div class=\"elementor-column elementor-col-100 elementor-top-column elementor-element elementor-element-c0feca6\" data-id=\"c0feca6\" data-element_type=\"column\">\n\t\t\t<div class=\"elementor-widget-wrap elementor-element-populated\">\n\t\t\t\t\t\t<div class=\"elementor-element elementor-element-ff293e1 elementor-widget elementor-widget-text-editor\" data-id=\"ff293e1\" data-element_type=\"widget\" data-widget_type=\"text-editor.default\">\n\t\t\t\t<div class=\"elementor-widget-container\">\n\t\t\t\t\t\t\t<p>Extrait du B.O.<\/p><p>Les nucl\u00e9otides sont des mol\u00e9cules organiques compos\u00e9es d&#8217;une base azot\u00e9e purique ou pyrimidique et d&#8217;un pentose phosphoryl\u00e9.<\/p><p>\u00a0<\/p><p>Leur diversit\u00e9 est due \u00e0 la nature de la base azot\u00e9e.<\/p><p>Ils forment des mol\u00e9cules de petite taille solubles et mobiles ou susceptibles de s\u2019associer \u00e0 des prot\u00e9ines.<\/p><p>Les acides nucl\u00e9iques sont des polym\u00e8res s\u00e9quenc\u00e9s de nucl\u00e9otides. Vecteurs d\u2019information, ils peuvent interagir avec des prot\u00e9ines.<\/p>\t\t\t\t\t\t<\/div>\n\t\t\t\t<\/div>\n\t\t\t\t\t<\/div>\n\t\t<\/div>\n\t\t\t\t\t<\/div>\n\t\t<\/section>\n\t\t\t\t<\/div>\n\t\t","protected":false},"excerpt":{"rendered":"<p>Extrait du B.O. Les nucl\u00e9otides sont des mol\u00e9cules organiques compos\u00e9es d&#8217;une base azot\u00e9e purique ou pyrimidique et d&#8217;un pentose phosphoryl\u00e9. \u00a0 Leur diversit\u00e9 est due \u00e0 la nature de la base azot\u00e9e. Ils forment des mol\u00e9cules de petite taille solubles&hellip;&nbsp;<a href=\"https:\/\/svt-dalaine.fr\/svt\/sv-d-2-3-nucleotides-et-acides-nucleiques\/\" class=\"more-link\">Lire la suite<\/a><\/p>\n","protected":false},"author":1,"featured_media":0,"parent":0,"menu_order":0,"comment_status":"closed","ping_status":"closed","template":"","meta":{"footnotes":""},"categories":[],"tags":[],"class_list":["post-1943","page","type-page","status-publish","hentry"],"yoast_head":"<!-- This site is optimized with the Yoast SEO plugin v21.9.1 - https:\/\/yoast.com\/wordpress\/plugins\/seo\/ -->\n<title>SV-D-2-3 Nucl\u00e9otides et acides nucl\u00e9iques - Bienvenue sur le site de Sciences de la Vie et de la Terre<\/title>\n<meta name=\"robots\" content=\"index, follow, max-snippet:-1, max-image-preview:large, max-video-preview:-1\" \/>\n<link rel=\"canonical\" href=\"https:\/\/svt-dalaine.fr\/svt\/sv-d-2-3-nucleotides-et-acides-nucleiques\/\" \/>\n<meta property=\"og:locale\" content=\"fr_FR\" \/>\n<meta property=\"og:type\" content=\"article\" \/>\n<meta property=\"og:title\" content=\"SV-D-2-3 Nucl\u00e9otides et acides nucl\u00e9iques - Bienvenue sur le site de Sciences de la Vie et de la Terre\" \/>\n<meta property=\"og:description\" content=\"Extrait du B.O. Les nucl\u00e9otides sont des mol\u00e9cules organiques compos\u00e9es d&#8217;une base azot\u00e9e purique ou pyrimidique et d&#8217;un pentose phosphoryl\u00e9. \u00a0 Leur diversit\u00e9 est due \u00e0 la nature de la base azot\u00e9e. Ils forment des mol\u00e9cules de petite taille solubles&hellip;&nbsp;Lire la suite\" \/>\n<meta property=\"og:url\" content=\"https:\/\/svt-dalaine.fr\/svt\/sv-d-2-3-nucleotides-et-acides-nucleiques\/\" \/>\n<meta property=\"og:site_name\" content=\"Bienvenue sur le site de Sciences de la Vie et de la Terre\" \/>\n<meta property=\"article:modified_time\" content=\"2025-12-04T07:47:01+00:00\" \/>\n<meta property=\"og:image\" content=\"https:\/\/svt-dalaine.fr\/svt\/wp-content\/uploads\/2023\/11\/Capture-decran-2023-11-06-225037-300x218.png\" \/>\n<meta name=\"twitter:card\" content=\"summary_large_image\" \/>\n<meta name=\"twitter:label1\" content=\"Dur\u00e9e de lecture estim\u00e9e\" \/>\n\t<meta name=\"twitter:data1\" content=\"1 minute\" \/>\n<script type=\"application\/ld+json\" class=\"yoast-schema-graph\">{\"@context\":\"https:\/\/schema.org\",\"@graph\":[{\"@type\":\"WebPage\",\"@id\":\"https:\/\/svt-dalaine.fr\/svt\/sv-d-2-3-nucleotides-et-acides-nucleiques\/\",\"url\":\"https:\/\/svt-dalaine.fr\/svt\/sv-d-2-3-nucleotides-et-acides-nucleiques\/\",\"name\":\"SV-D-2-3 Nucl\u00e9otides et acides nucl\u00e9iques - Bienvenue sur le site de Sciences de la Vie et de la Terre\",\"isPartOf\":{\"@id\":\"https:\/\/svt-dalaine.fr\/svt\/#website\"},\"datePublished\":\"2023-11-06T21:46:00+00:00\",\"dateModified\":\"2025-12-04T07:47:01+00:00\",\"breadcrumb\":{\"@id\":\"https:\/\/svt-dalaine.fr\/svt\/sv-d-2-3-nucleotides-et-acides-nucleiques\/#breadcrumb\"},\"inLanguage\":\"fr-FR\",\"potentialAction\":[{\"@type\":\"ReadAction\",\"target\":[\"https:\/\/svt-dalaine.fr\/svt\/sv-d-2-3-nucleotides-et-acides-nucleiques\/\"]}]},{\"@type\":\"BreadcrumbList\",\"@id\":\"https:\/\/svt-dalaine.fr\/svt\/sv-d-2-3-nucleotides-et-acides-nucleiques\/#breadcrumb\",\"itemListElement\":[{\"@type\":\"ListItem\",\"position\":1,\"name\":\"Accueil\",\"item\":\"https:\/\/svt-dalaine.fr\/svt\/\"},{\"@type\":\"ListItem\",\"position\":2,\"name\":\"SV-D-2-3 Nucl\u00e9otides et acides nucl\u00e9iques\"}]},{\"@type\":\"WebSite\",\"@id\":\"https:\/\/svt-dalaine.fr\/svt\/#website\",\"url\":\"https:\/\/svt-dalaine.fr\/svt\/\",\"name\":\"Bienvenue sur le site de Sciences de la Vie et de la Terre\",\"description\":\"Ressources en SVT de St\u00e9phanie Dalaine, professeure agr\u00e9g\u00e9e exer\u00e7ant en BCPST1 ENCPB\",\"potentialAction\":[{\"@type\":\"SearchAction\",\"target\":{\"@type\":\"EntryPoint\",\"urlTemplate\":\"https:\/\/svt-dalaine.fr\/svt\/?s={search_term_string}\"},\"query-input\":\"required name=search_term_string\"}],\"inLanguage\":\"fr-FR\"}]}<\/script>\n<!-- \/ Yoast SEO plugin. -->","yoast_head_json":{"title":"SV-D-2-3 Nucl\u00e9otides et acides nucl\u00e9iques - Bienvenue sur le site de Sciences de la Vie et de la Terre","robots":{"index":"index","follow":"follow","max-snippet":"max-snippet:-1","max-image-preview":"max-image-preview:large","max-video-preview":"max-video-preview:-1"},"canonical":"https:\/\/svt-dalaine.fr\/svt\/sv-d-2-3-nucleotides-et-acides-nucleiques\/","og_locale":"fr_FR","og_type":"article","og_title":"SV-D-2-3 Nucl\u00e9otides et acides nucl\u00e9iques - Bienvenue sur le site de Sciences de la Vie et de la Terre","og_description":"Extrait du B.O. Les nucl\u00e9otides sont des mol\u00e9cules organiques compos\u00e9es d&#8217;une base azot\u00e9e purique ou pyrimidique et d&#8217;un pentose phosphoryl\u00e9. \u00a0 Leur diversit\u00e9 est due \u00e0 la nature de la base azot\u00e9e. Ils forment des mol\u00e9cules de petite taille solubles&hellip;&nbsp;Lire la suite","og_url":"https:\/\/svt-dalaine.fr\/svt\/sv-d-2-3-nucleotides-et-acides-nucleiques\/","og_site_name":"Bienvenue sur le site de Sciences de la Vie et de la Terre","article_modified_time":"2025-12-04T07:47:01+00:00","og_image":[{"url":"https:\/\/svt-dalaine.fr\/svt\/wp-content\/uploads\/2023\/11\/Capture-decran-2023-11-06-225037-300x218.png"}],"twitter_card":"summary_large_image","twitter_misc":{"Dur\u00e9e de lecture estim\u00e9e":"1 minute"},"schema":{"@context":"https:\/\/schema.org","@graph":[{"@type":"WebPage","@id":"https:\/\/svt-dalaine.fr\/svt\/sv-d-2-3-nucleotides-et-acides-nucleiques\/","url":"https:\/\/svt-dalaine.fr\/svt\/sv-d-2-3-nucleotides-et-acides-nucleiques\/","name":"SV-D-2-3 Nucl\u00e9otides et acides nucl\u00e9iques - Bienvenue sur le site de Sciences de la Vie et de la Terre","isPartOf":{"@id":"https:\/\/svt-dalaine.fr\/svt\/#website"},"datePublished":"2023-11-06T21:46:00+00:00","dateModified":"2025-12-04T07:47:01+00:00","breadcrumb":{"@id":"https:\/\/svt-dalaine.fr\/svt\/sv-d-2-3-nucleotides-et-acides-nucleiques\/#breadcrumb"},"inLanguage":"fr-FR","potentialAction":[{"@type":"ReadAction","target":["https:\/\/svt-dalaine.fr\/svt\/sv-d-2-3-nucleotides-et-acides-nucleiques\/"]}]},{"@type":"BreadcrumbList","@id":"https:\/\/svt-dalaine.fr\/svt\/sv-d-2-3-nucleotides-et-acides-nucleiques\/#breadcrumb","itemListElement":[{"@type":"ListItem","position":1,"name":"Accueil","item":"https:\/\/svt-dalaine.fr\/svt\/"},{"@type":"ListItem","position":2,"name":"SV-D-2-3 Nucl\u00e9otides et acides nucl\u00e9iques"}]},{"@type":"WebSite","@id":"https:\/\/svt-dalaine.fr\/svt\/#website","url":"https:\/\/svt-dalaine.fr\/svt\/","name":"Bienvenue sur le site de Sciences de la Vie et de la Terre","description":"Ressources en SVT de St\u00e9phanie Dalaine, professeure agr\u00e9g\u00e9e exer\u00e7ant en BCPST1 ENCPB","potentialAction":[{"@type":"SearchAction","target":{"@type":"EntryPoint","urlTemplate":"https:\/\/svt-dalaine.fr\/svt\/?s={search_term_string}"},"query-input":"required name=search_term_string"}],"inLanguage":"fr-FR"}]}},"_links":{"self":[{"href":"https:\/\/svt-dalaine.fr\/svt\/wp-json\/wp\/v2\/pages\/1943","targetHints":{"allow":["GET"]}}],"collection":[{"href":"https:\/\/svt-dalaine.fr\/svt\/wp-json\/wp\/v2\/pages"}],"about":[{"href":"https:\/\/svt-dalaine.fr\/svt\/wp-json\/wp\/v2\/types\/page"}],"author":[{"embeddable":true,"href":"https:\/\/svt-dalaine.fr\/svt\/wp-json\/wp\/v2\/users\/1"}],"replies":[{"embeddable":true,"href":"https:\/\/svt-dalaine.fr\/svt\/wp-json\/wp\/v2\/comments?post=1943"}],"version-history":[{"count":10,"href":"https:\/\/svt-dalaine.fr\/svt\/wp-json\/wp\/v2\/pages\/1943\/revisions"}],"predecessor-version":[{"id":1968,"href":"https:\/\/svt-dalaine.fr\/svt\/wp-json\/wp\/v2\/pages\/1943\/revisions\/1968"}],"wp:attachment":[{"href":"https:\/\/svt-dalaine.fr\/svt\/wp-json\/wp\/v2\/media?parent=1943"}],"wp:term":[{"taxonomy":"category","embeddable":true,"href":"https:\/\/svt-dalaine.fr\/svt\/wp-json\/wp\/v2\/categories?post=1943"},{"taxonomy":"post_tag","embeddable":true,"href":"https:\/\/svt-dalaine.fr\/svt\/wp-json\/wp\/v2\/tags?post=1943"}],"curies":[{"name":"wp","href":"https:\/\/api.w.org\/{rel}","templated":true}]}}