{"id":2082,"date":"2024-01-01T18:12:56","date_gmt":"2024-01-01T17:12:56","guid":{"rendered":"https:\/\/svt-dalaine.fr\/svt\/?page_id=2082"},"modified":"2026-01-13T12:16:03","modified_gmt":"2026-01-13T11:16:03","slug":"sv-a-1-regards-sur-un-organisme-metazoaire-un-bovide","status":"publish","type":"page","link":"https:\/\/svt-dalaine.fr\/svt\/sv-a-1-regards-sur-un-organisme-metazoaire-un-bovide\/","title":{"rendered":"SV-A-1 Regards sur un organisme M\u00e9tazoaire: un bovid\u00e9"},"content":{"rendered":"\t\t<div data-elementor-type=\"wp-page\" data-elementor-id=\"2082\" class=\"elementor elementor-2082\">\n\t\t\t\t\t\t<section class=\"elementor-section elementor-top-section elementor-element elementor-element-4e6c799 elementor-section-boxed elementor-section-height-default elementor-section-height-default\" data-id=\"4e6c799\" data-element_type=\"section\">\n\t\t\t\t\t\t<div class=\"elementor-container elementor-column-gap-default\">\n\t\t\t\t\t<div class=\"elementor-column elementor-col-100 elementor-top-column elementor-element elementor-element-f40a131\" data-id=\"f40a131\" data-element_type=\"column\">\n\t\t\t<div class=\"elementor-widget-wrap elementor-element-populated\">\n\t\t\t\t\t\t<div class=\"elementor-element elementor-element-7a225eb elementor-widget elementor-widget-image\" data-id=\"7a225eb\" data-element_type=\"widget\" data-widget_type=\"image.default\">\n\t\t\t\t<div class=\"elementor-widget-container\">\n\t\t\t\t\t\t\t\t\t\t\t\t\t<img fetchpriority=\"high\" decoding=\"async\" width=\"225\" height=\"300\" src=\"https:\/\/svt-dalaine.fr\/svt\/wp-content\/uploads\/2024\/01\/IMG_7780-225x300.jpg\" class=\"attachment-medium size-medium wp-image-2085\" alt=\"\" srcset=\"https:\/\/svt-dalaine.fr\/svt\/wp-content\/uploads\/2024\/01\/IMG_7780-225x300.jpg 225w, https:\/\/svt-dalaine.fr\/svt\/wp-content\/uploads\/2024\/01\/IMG_7780-768x1024.jpg 768w, https:\/\/svt-dalaine.fr\/svt\/wp-content\/uploads\/2024\/01\/IMG_7780-1152x1536.jpg 1152w, https:\/\/svt-dalaine.fr\/svt\/wp-content\/uploads\/2024\/01\/IMG_7780-1536x2048.jpg 1536w, https:\/\/svt-dalaine.fr\/svt\/wp-content\/uploads\/2024\/01\/IMG_7780-203x270.jpg 203w, https:\/\/svt-dalaine.fr\/svt\/wp-content\/uploads\/2024\/01\/IMG_7780-scaled.jpg 1920w\" sizes=\"(max-width: 225px) 100vw, 225px\" \/>\t\t\t\t\t\t\t\t\t\t\t\t\t<\/div>\n\t\t\t\t<\/div>\n\t\t\t\t\t<\/div>\n\t\t<\/div>\n\t\t\t\t\t<\/div>\n\t\t<\/section>\n\t\t\t\t<section class=\"elementor-section elementor-top-section elementor-element elementor-element-daa20eb elementor-section-boxed elementor-section-height-default elementor-section-height-default\" data-id=\"daa20eb\" data-element_type=\"section\">\n\t\t\t\t\t\t<div class=\"elementor-container elementor-column-gap-default\">\n\t\t\t\t\t<div class=\"elementor-column elementor-col-100 elementor-top-column elementor-element elementor-element-be0dfb2\" data-id=\"be0dfb2\" data-element_type=\"column\">\n\t\t\t<div class=\"elementor-widget-wrap elementor-element-populated\">\n\t\t\t\t\t\t<div class=\"elementor-element elementor-element-c59febc elementor-widget elementor-widget-text-editor\" data-id=\"c59febc\" data-element_type=\"widget\" data-widget_type=\"text-editor.default\">\n\t\t\t\t<div class=\"elementor-widget-container\">\n\t\t\t\t\t\t\t<p>Extrait du B.O.<\/p><table><tbody><tr><td><p>Les vaches appartiennent au groupe des M\u00e9tazoaires et \u00e0 la famille des Bovid\u00e9s.<\/p><p>Les diff\u00e9rents appareils de l\u2019organisme sont reli\u00e9s aux fonctions de nutrition, reproduction et relation. Certaines de leurs caract\u00e9ristiques sont li\u00e9es au milieu de vie.<\/p><p>La compartimentation de l\u2019appareil digestif permet l\u2019ingestion d\u2019aliments (h\u00e9t\u00e9rotrophie), leur simplification en nutriments et leur absorption, ainsi que l\u2019\u00e9gestion de la mati\u00e8re non absorb\u00e9e.<\/p><p>Le microbiote du rumen par son action joue un r\u00f4le majeur dans l&#8217;origine des nutriments utilis\u00e9s par la vache.<\/p><p>Les nutriments sont distribu\u00e9s dans l\u2019ensemble de l\u2019organisme par l\u2019appareil circulatoire et entrent ainsi dans le m\u00e9tabolisme cellulaire.<\/p><p>L\u2019appareil respiratoire assure les \u00e9changes gazeux li\u00e9s au m\u00e9tabolisme \u00e9nerg\u00e9tique a\u00e9robie.<\/p><\/td><\/tr><\/tbody><\/table><p>L\u2019appareil excr\u00e9teur \u00e9limine les d\u00e9chets azot\u00e9s et contribue \u00e0 l\u2019\u00e9quilibre hydromin\u00e9ral de l\u2019organisme.<\/p>\t\t\t\t\t\t<\/div>\n\t\t\t\t<\/div>\n\t\t\t\t\t<\/div>\n\t\t<\/div>\n\t\t\t\t\t<\/div>\n\t\t<\/section>\n\t\t\t\t<section class=\"elementor-section elementor-top-section elementor-element elementor-element-a446313 elementor-section-boxed elementor-section-height-default elementor-section-height-default\" data-id=\"a446313\" data-element_type=\"section\">\n\t\t\t\t\t\t<div class=\"elementor-container elementor-column-gap-default\">\n\t\t\t\t\t<div class=\"elementor-column elementor-col-100 elementor-top-column elementor-element elementor-element-c477081\" data-id=\"c477081\" data-element_type=\"column\">\n\t\t\t<div class=\"elementor-widget-wrap elementor-element-populated\">\n\t\t\t\t\t\t<div class=\"elementor-element elementor-element-52b6113 elementor-widget elementor-widget-text-editor\" data-id=\"52b6113\" data-element_type=\"widget\" data-widget_type=\"text-editor.default\">\n\t\t\t\t<div class=\"elementor-widget-container\">\n\t\t\t\t\t\t\t<p>Extrait du B.O. (fonction de reproduction)<\/p><p>L\u2019appareil reproducteur est le lieu de production des gam\u00e8tes (m\u00e9iose et diff\u00e9renciation) et de s\u00e9cr\u00e9tion d\u2019hormones. C\u2019est \u00e9galement le lieu de la f\u00e9condation et de la gestation dans l\u2019organisme maternel. La reproduction sexu\u00e9e est un processus conservatoire et diversificateur. Elle g\u00e9n\u00e8re des individus qui sont de la m\u00eame esp\u00e8ce que les parents, mais dont la diversit\u00e9 permet la s\u00e9lection.<\/p>\t\t\t\t\t\t<\/div>\n\t\t\t\t<\/div>\n\t\t\t\t\t<\/div>\n\t\t<\/div>\n\t\t\t\t\t<\/div>\n\t\t<\/section>\n\t\t\t\t<section class=\"elementor-section elementor-top-section elementor-element elementor-element-f1ec2d2 elementor-section-boxed elementor-section-height-default elementor-section-height-default\" data-id=\"f1ec2d2\" data-element_type=\"section\">\n\t\t\t\t\t\t<div class=\"elementor-container elementor-column-gap-default\">\n\t\t\t\t\t<div class=\"elementor-column elementor-col-100 elementor-top-column elementor-element elementor-element-fd1e1c7\" data-id=\"fd1e1c7\" data-element_type=\"column\">\n\t\t\t<div class=\"elementor-widget-wrap elementor-element-populated\">\n\t\t\t\t\t\t<div class=\"elementor-element elementor-element-e228eca elementor-widget elementor-widget-text-editor\" data-id=\"e228eca\" data-element_type=\"widget\" data-widget_type=\"text-editor.default\">\n\t\t\t\t<div class=\"elementor-widget-container\">\n\t\t\t\t\t\t\t<p>Extrait du B.O. (fonction de relation)<\/p><table><tbody><tr><td width=\"434\"><p>L\u2019organisme est en interaction avec son environnement biotique et abiotique. La vache est incluse dans diff\u00e9rents syst\u00e8mes de relations intrasp\u00e9cifiques et intersp\u00e9cifiques (dont les relations avec l\u2019\u00eatre humain responsable de la domestication des animaux d\u2019\u00e9levage). Les relations intersp\u00e9cifiques avec les microorganismes d\u00e9finissent l\u2019organisme comme un holobionte.<\/p><\/td><\/tr><tr><td width=\"434\"><p>La survie individuelle des organismes d\u00e9pend de leur perception du milieu et de leur capacit\u00e9 de r\u00e9action et\/ou de leurs syst\u00e8mes de protection. Les informations per\u00e7ues par les r\u00e9cepteurs sensoriels sont int\u00e9gr\u00e9es au niveau du syst\u00e8me nerveux central qui \u00e9labore des r\u00e9ponses. Le d\u00e9placement de l\u2019animal suite \u00e0 la perception d\u2019un stimulus met en jeu son squelette et les muscles stri\u00e9s associ\u00e9s. Le t\u00e9gument joue un r\u00f4le d\u2019isolant thermique et de barri\u00e8re contre les agents pathog\u00e8nes et les parasites. Face aux variations d\u2019origine interne ou externe, les interrelations entre fonctions permettent une r\u00e9ponse de l\u2019organisme. Une boucle de r\u00e9gulation permet le retour \u00e0 une valeur de consigne d\u2019un param\u00e8tre physiologique suite \u00e0 la d\u00e9tection de ses variations par des r\u00e9cepteurs, au traitement et \u00e0 l&#8217;int\u00e9gration de l&#8217;information conduisant \u00e0 une r\u00e9ponse coordonn\u00e9e li\u00e9e \u00e0 des effets sur des organes cibles (effecteurs)<\/p><\/td><\/tr><\/tbody><\/table><p>\u00a0<\/p>\t\t\t\t\t\t<\/div>\n\t\t\t\t<\/div>\n\t\t\t\t\t<\/div>\n\t\t<\/div>\n\t\t\t\t\t<\/div>\n\t\t<\/section>\n\t\t\t\t<\/div>\n\t\t","protected":false},"excerpt":{"rendered":"<p>Extrait du B.O. Les vaches appartiennent au groupe des M\u00e9tazoaires et \u00e0 la famille des Bovid\u00e9s. Les diff\u00e9rents appareils de l\u2019organisme sont reli\u00e9s aux fonctions de nutrition, reproduction et relation. Certaines de leurs caract\u00e9ristiques sont li\u00e9es au milieu de vie.&hellip;&nbsp;<a href=\"https:\/\/svt-dalaine.fr\/svt\/sv-a-1-regards-sur-un-organisme-metazoaire-un-bovide\/\" class=\"more-link\">Lire la suite<\/a><\/p>\n","protected":false},"author":1,"featured_media":0,"parent":0,"menu_order":0,"comment_status":"closed","ping_status":"closed","template":"","meta":{"footnotes":""},"categories":[],"tags":[],"class_list":["post-2082","page","type-page","status-publish","hentry"],"yoast_head":"<!-- This site is optimized with the Yoast SEO plugin v21.9.1 - https:\/\/yoast.com\/wordpress\/plugins\/seo\/ -->\n<title>SV-A-1 Regards sur un organisme M\u00e9tazoaire: un bovid\u00e9 - Bienvenue sur le site de Sciences de la Vie et de la Terre<\/title>\n<meta name=\"robots\" content=\"index, follow, max-snippet:-1, max-image-preview:large, max-video-preview:-1\" \/>\n<link rel=\"canonical\" href=\"https:\/\/svt-dalaine.fr\/svt\/sv-a-1-regards-sur-un-organisme-metazoaire-un-bovide\/\" \/>\n<meta property=\"og:locale\" content=\"fr_FR\" \/>\n<meta property=\"og:type\" content=\"article\" \/>\n<meta property=\"og:title\" content=\"SV-A-1 Regards sur un organisme M\u00e9tazoaire: un bovid\u00e9 - Bienvenue sur le site de Sciences de la Vie et de la Terre\" \/>\n<meta property=\"og:description\" content=\"Extrait du B.O. Les vaches appartiennent au groupe des M\u00e9tazoaires et \u00e0 la famille des Bovid\u00e9s. Les diff\u00e9rents appareils de l\u2019organisme sont reli\u00e9s aux fonctions de nutrition, reproduction et relation. Certaines de leurs caract\u00e9ristiques sont li\u00e9es au milieu de vie.&hellip;&nbsp;Lire la suite\" \/>\n<meta property=\"og:url\" content=\"https:\/\/svt-dalaine.fr\/svt\/sv-a-1-regards-sur-un-organisme-metazoaire-un-bovide\/\" \/>\n<meta property=\"og:site_name\" content=\"Bienvenue sur le site de Sciences de la Vie et de la Terre\" \/>\n<meta property=\"article:modified_time\" content=\"2026-01-13T11:16:03+00:00\" \/>\n<meta property=\"og:image\" content=\"https:\/\/svt-dalaine.fr\/svt\/wp-content\/uploads\/2024\/01\/IMG_7780-225x300.jpg\" \/>\n<meta name=\"twitter:card\" content=\"summary_large_image\" \/>\n<meta name=\"twitter:label1\" content=\"Dur\u00e9e de lecture estim\u00e9e\" \/>\n\t<meta name=\"twitter:data1\" content=\"3 minutes\" \/>\n<script type=\"application\/ld+json\" class=\"yoast-schema-graph\">{\"@context\":\"https:\/\/schema.org\",\"@graph\":[{\"@type\":\"WebPage\",\"@id\":\"https:\/\/svt-dalaine.fr\/svt\/sv-a-1-regards-sur-un-organisme-metazoaire-un-bovide\/\",\"url\":\"https:\/\/svt-dalaine.fr\/svt\/sv-a-1-regards-sur-un-organisme-metazoaire-un-bovide\/\",\"name\":\"SV-A-1 Regards sur un organisme M\u00e9tazoaire: un bovid\u00e9 - Bienvenue sur le site de Sciences de la Vie et de la Terre\",\"isPartOf\":{\"@id\":\"https:\/\/svt-dalaine.fr\/svt\/#website\"},\"datePublished\":\"2024-01-01T17:12:56+00:00\",\"dateModified\":\"2026-01-13T11:16:03+00:00\",\"breadcrumb\":{\"@id\":\"https:\/\/svt-dalaine.fr\/svt\/sv-a-1-regards-sur-un-organisme-metazoaire-un-bovide\/#breadcrumb\"},\"inLanguage\":\"fr-FR\",\"potentialAction\":[{\"@type\":\"ReadAction\",\"target\":[\"https:\/\/svt-dalaine.fr\/svt\/sv-a-1-regards-sur-un-organisme-metazoaire-un-bovide\/\"]}]},{\"@type\":\"BreadcrumbList\",\"@id\":\"https:\/\/svt-dalaine.fr\/svt\/sv-a-1-regards-sur-un-organisme-metazoaire-un-bovide\/#breadcrumb\",\"itemListElement\":[{\"@type\":\"ListItem\",\"position\":1,\"name\":\"Accueil\",\"item\":\"https:\/\/svt-dalaine.fr\/svt\/\"},{\"@type\":\"ListItem\",\"position\":2,\"name\":\"SV-A-1 Regards sur un organisme M\u00e9tazoaire: un bovid\u00e9\"}]},{\"@type\":\"WebSite\",\"@id\":\"https:\/\/svt-dalaine.fr\/svt\/#website\",\"url\":\"https:\/\/svt-dalaine.fr\/svt\/\",\"name\":\"Bienvenue sur le site de Sciences de la Vie et de la Terre\",\"description\":\"Ressources en SVT de St\u00e9phanie Dalaine, professeure agr\u00e9g\u00e9e exer\u00e7ant en BCPST1 ENCPB\",\"potentialAction\":[{\"@type\":\"SearchAction\",\"target\":{\"@type\":\"EntryPoint\",\"urlTemplate\":\"https:\/\/svt-dalaine.fr\/svt\/?s={search_term_string}\"},\"query-input\":\"required name=search_term_string\"}],\"inLanguage\":\"fr-FR\"}]}<\/script>\n<!-- \/ Yoast SEO plugin. -->","yoast_head_json":{"title":"SV-A-1 Regards sur un organisme M\u00e9tazoaire: un bovid\u00e9 - Bienvenue sur le site de Sciences de la Vie et de la Terre","robots":{"index":"index","follow":"follow","max-snippet":"max-snippet:-1","max-image-preview":"max-image-preview:large","max-video-preview":"max-video-preview:-1"},"canonical":"https:\/\/svt-dalaine.fr\/svt\/sv-a-1-regards-sur-un-organisme-metazoaire-un-bovide\/","og_locale":"fr_FR","og_type":"article","og_title":"SV-A-1 Regards sur un organisme M\u00e9tazoaire: un bovid\u00e9 - Bienvenue sur le site de Sciences de la Vie et de la Terre","og_description":"Extrait du B.O. Les vaches appartiennent au groupe des M\u00e9tazoaires et \u00e0 la famille des Bovid\u00e9s. Les diff\u00e9rents appareils de l\u2019organisme sont reli\u00e9s aux fonctions de nutrition, reproduction et relation. Certaines de leurs caract\u00e9ristiques sont li\u00e9es au milieu de vie.&hellip;&nbsp;Lire la suite","og_url":"https:\/\/svt-dalaine.fr\/svt\/sv-a-1-regards-sur-un-organisme-metazoaire-un-bovide\/","og_site_name":"Bienvenue sur le site de Sciences de la Vie et de la Terre","article_modified_time":"2026-01-13T11:16:03+00:00","og_image":[{"url":"https:\/\/svt-dalaine.fr\/svt\/wp-content\/uploads\/2024\/01\/IMG_7780-225x300.jpg"}],"twitter_card":"summary_large_image","twitter_misc":{"Dur\u00e9e de lecture estim\u00e9e":"3 minutes"},"schema":{"@context":"https:\/\/schema.org","@graph":[{"@type":"WebPage","@id":"https:\/\/svt-dalaine.fr\/svt\/sv-a-1-regards-sur-un-organisme-metazoaire-un-bovide\/","url":"https:\/\/svt-dalaine.fr\/svt\/sv-a-1-regards-sur-un-organisme-metazoaire-un-bovide\/","name":"SV-A-1 Regards sur un organisme M\u00e9tazoaire: un bovid\u00e9 - Bienvenue sur le site de Sciences de la Vie et de la Terre","isPartOf":{"@id":"https:\/\/svt-dalaine.fr\/svt\/#website"},"datePublished":"2024-01-01T17:12:56+00:00","dateModified":"2026-01-13T11:16:03+00:00","breadcrumb":{"@id":"https:\/\/svt-dalaine.fr\/svt\/sv-a-1-regards-sur-un-organisme-metazoaire-un-bovide\/#breadcrumb"},"inLanguage":"fr-FR","potentialAction":[{"@type":"ReadAction","target":["https:\/\/svt-dalaine.fr\/svt\/sv-a-1-regards-sur-un-organisme-metazoaire-un-bovide\/"]}]},{"@type":"BreadcrumbList","@id":"https:\/\/svt-dalaine.fr\/svt\/sv-a-1-regards-sur-un-organisme-metazoaire-un-bovide\/#breadcrumb","itemListElement":[{"@type":"ListItem","position":1,"name":"Accueil","item":"https:\/\/svt-dalaine.fr\/svt\/"},{"@type":"ListItem","position":2,"name":"SV-A-1 Regards sur un organisme M\u00e9tazoaire: un bovid\u00e9"}]},{"@type":"WebSite","@id":"https:\/\/svt-dalaine.fr\/svt\/#website","url":"https:\/\/svt-dalaine.fr\/svt\/","name":"Bienvenue sur le site de Sciences de la Vie et de la Terre","description":"Ressources en SVT de St\u00e9phanie Dalaine, professeure agr\u00e9g\u00e9e exer\u00e7ant en BCPST1 ENCPB","potentialAction":[{"@type":"SearchAction","target":{"@type":"EntryPoint","urlTemplate":"https:\/\/svt-dalaine.fr\/svt\/?s={search_term_string}"},"query-input":"required name=search_term_string"}],"inLanguage":"fr-FR"}]}},"_links":{"self":[{"href":"https:\/\/svt-dalaine.fr\/svt\/wp-json\/wp\/v2\/pages\/2082","targetHints":{"allow":["GET"]}}],"collection":[{"href":"https:\/\/svt-dalaine.fr\/svt\/wp-json\/wp\/v2\/pages"}],"about":[{"href":"https:\/\/svt-dalaine.fr\/svt\/wp-json\/wp\/v2\/types\/page"}],"author":[{"embeddable":true,"href":"https:\/\/svt-dalaine.fr\/svt\/wp-json\/wp\/v2\/users\/1"}],"replies":[{"embeddable":true,"href":"https:\/\/svt-dalaine.fr\/svt\/wp-json\/wp\/v2\/comments?post=2082"}],"version-history":[{"count":4,"href":"https:\/\/svt-dalaine.fr\/svt\/wp-json\/wp\/v2\/pages\/2082\/revisions"}],"predecessor-version":[{"id":2088,"href":"https:\/\/svt-dalaine.fr\/svt\/wp-json\/wp\/v2\/pages\/2082\/revisions\/2088"}],"wp:attachment":[{"href":"https:\/\/svt-dalaine.fr\/svt\/wp-json\/wp\/v2\/media?parent=2082"}],"wp:term":[{"taxonomy":"category","embeddable":true,"href":"https:\/\/svt-dalaine.fr\/svt\/wp-json\/wp\/v2\/categories?post=2082"},{"taxonomy":"post_tag","embeddable":true,"href":"https:\/\/svt-dalaine.fr\/svt\/wp-json\/wp\/v2\/tags?post=2082"}],"curies":[{"name":"wp","href":"https:\/\/api.w.org\/{rel}","templated":true}]}}