{"id":2097,"date":"2024-01-12T10:42:18","date_gmt":"2024-01-12T09:42:18","guid":{"rendered":"https:\/\/svt-dalaine.fr\/svt\/?page_id=2097"},"modified":"2025-01-09T16:39:34","modified_gmt":"2025-01-09T15:39:34","slug":"sv-b-interactions-entre-les-organismes-et-leur-milieu-de-vie","status":"publish","type":"page","link":"https:\/\/svt-dalaine.fr\/svt\/sv-b-interactions-entre-les-organismes-et-leur-milieu-de-vie\/","title":{"rendered":"SV-B Interactions entre les organismes et leur milieu de vie"},"content":{"rendered":"\t\t<div data-elementor-type=\"wp-page\" data-elementor-id=\"2097\" class=\"elementor elementor-2097\">\n\t\t\t\t\t\t<section class=\"elementor-section elementor-top-section elementor-element elementor-element-3ea5fb6 elementor-section-boxed elementor-section-height-default elementor-section-height-default\" data-id=\"3ea5fb6\" data-element_type=\"section\">\n\t\t\t\t\t\t<div class=\"elementor-container elementor-column-gap-default\">\n\t\t\t\t\t<div class=\"elementor-column elementor-col-100 elementor-top-column elementor-element elementor-element-bbc193e\" data-id=\"bbc193e\" data-element_type=\"column\">\n\t\t\t<div class=\"elementor-widget-wrap elementor-element-populated\">\n\t\t\t\t\t\t<div class=\"elementor-element elementor-element-819c0e2 elementor-widget elementor-widget-image\" data-id=\"819c0e2\" data-element_type=\"widget\" data-widget_type=\"image.default\">\n\t\t\t\t<div class=\"elementor-widget-container\">\n\t\t\t\t\t\t\t\t\t\t\t\t\t<img fetchpriority=\"high\" decoding=\"async\" width=\"640\" height=\"342\" src=\"https:\/\/svt-dalaine.fr\/svt\/wp-content\/uploads\/2024\/01\/icone_SV_B-1024x547.jpg\" class=\"attachment-large size-large wp-image-2102\" alt=\"\" srcset=\"https:\/\/svt-dalaine.fr\/svt\/wp-content\/uploads\/2024\/01\/icone_SV_B-1024x547.jpg 1024w, https:\/\/svt-dalaine.fr\/svt\/wp-content\/uploads\/2024\/01\/icone_SV_B-300x160.jpg 300w, https:\/\/svt-dalaine.fr\/svt\/wp-content\/uploads\/2024\/01\/icone_SV_B-768x410.jpg 768w, https:\/\/svt-dalaine.fr\/svt\/wp-content\/uploads\/2024\/01\/icone_SV_B-360x192.jpg 360w, https:\/\/svt-dalaine.fr\/svt\/wp-content\/uploads\/2024\/01\/icone_SV_B.jpg 1263w\" sizes=\"(max-width: 640px) 100vw, 640px\" \/>\t\t\t\t\t\t\t\t\t\t\t\t\t<\/div>\n\t\t\t\t<\/div>\n\t\t\t\t\t<\/div>\n\t\t<\/div>\n\t\t\t\t\t<\/div>\n\t\t<\/section>\n\t\t\t\t<section class=\"elementor-section elementor-top-section elementor-element elementor-element-a768a92 elementor-section-boxed elementor-section-height-default elementor-section-height-default\" data-id=\"a768a92\" data-element_type=\"section\">\n\t\t\t\t\t\t<div class=\"elementor-container elementor-column-gap-default\">\n\t\t\t\t\t<div class=\"elementor-column elementor-col-100 elementor-top-column elementor-element elementor-element-bdd45e3\" data-id=\"bdd45e3\" data-element_type=\"column\">\n\t\t\t<div class=\"elementor-widget-wrap elementor-element-populated\">\n\t\t\t\t\t\t<div class=\"elementor-element elementor-element-258da41 elementor-widget elementor-widget-text-editor\" data-id=\"258da41\" data-element_type=\"widget\" data-widget_type=\"text-editor.default\">\n\t\t\t\t<div class=\"elementor-widget-container\">\n\t\t\t\t\t\t\t<p>L\u2019\u00e9tude de la respiration chez les M\u00e9tazoaires et l\u2019\u00e9tude de la nutrition et du d\u00e9veloppement post-embryonnaire chez les Angiospermes sont l\u2019occasion de pr\u00e9senter les interactions \u00e9troites entre les organismes et leur environnement, biotique et abiotique, et de caract\u00e9riser des adaptations anatomiques, morphologiques ou physiologiques, observables \u00e0 diff\u00e9rentes \u00e9chelles.<br>La fonction de respiration permet d\u2019envisager les \u00e9changes gazeux entre l\u2019organisme et son milieu de vie en relation avec les besoins physiologiques. Dans des milieux de vie comparables, on identifie des homologies et des convergences dans l\u2019organisation des diff\u00e9rentes structures.<br>L\u2019analyse du fonctionnement et du d\u00e9veloppement d\u2019un Angiosperme se construit autour de plusieurs<br>probl\u00e9matiques.<br>L\u2019organisme fix\u00e9, vivant \u00e0 l\u2019interface entre sol et atmosph\u00e8re, puise ses ressources dans ces deux environnements assurant ainsi sa nutrition. Des corr\u00e9lations trophiques et hormonales au sein de l\u2019organisme assurent le fonctionnement int\u00e9gr\u00e9 du v\u00e9g\u00e9tal, en relation avec le rythme saisonnier en r\u00e9gions temp\u00e9r\u00e9es.<br>Les sp\u00e9cificit\u00e9s du d\u00e9veloppement v\u00e9g\u00e9tatif et reproducteur des Angiospermes, en particulier la plasticit\u00e9 ph\u00e9notypique, sont \u00e9galement \u00e0 mettre en relation avec leur mode de vie fix\u00e9e et l\u2019int\u00e9gration de signaux environnementaux. Certaines de ces adaptations rendent compte de convergence ou de r\u00e9gression \u00e9volutive entre les taxons.<\/p>\t\t\t\t\t\t<\/div>\n\t\t\t\t<\/div>\n\t\t\t\t\t<\/div>\n\t\t<\/div>\n\t\t\t\t\t<\/div>\n\t\t<\/section>\n\t\t\t\t<\/div>\n\t\t","protected":false},"excerpt":{"rendered":"<p>L\u2019\u00e9tude de la respiration chez les M\u00e9tazoaires et l\u2019\u00e9tude de la nutrition et du d\u00e9veloppement post-embryonnaire chez les Angiospermes sont l\u2019occasion de pr\u00e9senter les interactions \u00e9troites entre les organismes et leur environnement, biotique et abiotique, et de caract\u00e9riser des adaptations&hellip;&nbsp;<a href=\"https:\/\/svt-dalaine.fr\/svt\/sv-b-interactions-entre-les-organismes-et-leur-milieu-de-vie\/\" class=\"more-link\">Lire la suite<\/a><\/p>\n","protected":false},"author":1,"featured_media":0,"parent":0,"menu_order":0,"comment_status":"closed","ping_status":"closed","template":"","meta":{"footnotes":""},"categories":[],"tags":[],"class_list":["post-2097","page","type-page","status-publish","hentry"],"yoast_head":"<!-- This site is optimized with the Yoast SEO plugin v21.9.1 - https:\/\/yoast.com\/wordpress\/plugins\/seo\/ -->\n<title>SV-B Interactions entre les organismes et leur milieu de vie - Bienvenue sur le site de Sciences de la Vie et de la Terre<\/title>\n<meta name=\"robots\" content=\"index, follow, max-snippet:-1, max-image-preview:large, max-video-preview:-1\" \/>\n<link rel=\"canonical\" href=\"https:\/\/svt-dalaine.fr\/svt\/sv-b-interactions-entre-les-organismes-et-leur-milieu-de-vie\/\" \/>\n<meta property=\"og:locale\" content=\"fr_FR\" \/>\n<meta property=\"og:type\" content=\"article\" \/>\n<meta property=\"og:title\" content=\"SV-B Interactions entre les organismes et leur milieu de vie - Bienvenue sur le site de Sciences de la Vie et de la Terre\" \/>\n<meta property=\"og:description\" content=\"L\u2019\u00e9tude de la respiration chez les M\u00e9tazoaires et l\u2019\u00e9tude de la nutrition et du d\u00e9veloppement post-embryonnaire chez les Angiospermes sont l\u2019occasion de pr\u00e9senter les interactions \u00e9troites entre les organismes et leur environnement, biotique et abiotique, et de caract\u00e9riser des adaptations&hellip;&nbsp;Lire la suite\" \/>\n<meta property=\"og:url\" content=\"https:\/\/svt-dalaine.fr\/svt\/sv-b-interactions-entre-les-organismes-et-leur-milieu-de-vie\/\" \/>\n<meta property=\"og:site_name\" content=\"Bienvenue sur le site de Sciences de la Vie et de la Terre\" \/>\n<meta property=\"article:modified_time\" content=\"2025-01-09T15:39:34+00:00\" \/>\n<meta property=\"og:image\" content=\"https:\/\/svt-dalaine.fr\/svt\/wp-content\/uploads\/2024\/01\/icone_SV_B-1024x547.jpg\" \/>\n<meta name=\"twitter:card\" content=\"summary_large_image\" \/>\n<meta name=\"twitter:label1\" content=\"Dur\u00e9e de lecture estim\u00e9e\" \/>\n\t<meta name=\"twitter:data1\" content=\"2 minutes\" \/>\n<script type=\"application\/ld+json\" class=\"yoast-schema-graph\">{\"@context\":\"https:\/\/schema.org\",\"@graph\":[{\"@type\":\"WebPage\",\"@id\":\"https:\/\/svt-dalaine.fr\/svt\/sv-b-interactions-entre-les-organismes-et-leur-milieu-de-vie\/\",\"url\":\"https:\/\/svt-dalaine.fr\/svt\/sv-b-interactions-entre-les-organismes-et-leur-milieu-de-vie\/\",\"name\":\"SV-B Interactions entre les organismes et leur milieu de vie - Bienvenue sur le site de Sciences de la Vie et de la Terre\",\"isPartOf\":{\"@id\":\"https:\/\/svt-dalaine.fr\/svt\/#website\"},\"datePublished\":\"2024-01-12T09:42:18+00:00\",\"dateModified\":\"2025-01-09T15:39:34+00:00\",\"breadcrumb\":{\"@id\":\"https:\/\/svt-dalaine.fr\/svt\/sv-b-interactions-entre-les-organismes-et-leur-milieu-de-vie\/#breadcrumb\"},\"inLanguage\":\"fr-FR\",\"potentialAction\":[{\"@type\":\"ReadAction\",\"target\":[\"https:\/\/svt-dalaine.fr\/svt\/sv-b-interactions-entre-les-organismes-et-leur-milieu-de-vie\/\"]}]},{\"@type\":\"BreadcrumbList\",\"@id\":\"https:\/\/svt-dalaine.fr\/svt\/sv-b-interactions-entre-les-organismes-et-leur-milieu-de-vie\/#breadcrumb\",\"itemListElement\":[{\"@type\":\"ListItem\",\"position\":1,\"name\":\"Accueil\",\"item\":\"https:\/\/svt-dalaine.fr\/svt\/\"},{\"@type\":\"ListItem\",\"position\":2,\"name\":\"SV-B Interactions entre les organismes et leur milieu de vie\"}]},{\"@type\":\"WebSite\",\"@id\":\"https:\/\/svt-dalaine.fr\/svt\/#website\",\"url\":\"https:\/\/svt-dalaine.fr\/svt\/\",\"name\":\"Bienvenue sur le site de Sciences de la Vie et de la Terre\",\"description\":\"Ressources en SVT de St\u00e9phanie Dalaine, professeure agr\u00e9g\u00e9e exer\u00e7ant en BCPST1 ENCPB\",\"potentialAction\":[{\"@type\":\"SearchAction\",\"target\":{\"@type\":\"EntryPoint\",\"urlTemplate\":\"https:\/\/svt-dalaine.fr\/svt\/?s={search_term_string}\"},\"query-input\":\"required name=search_term_string\"}],\"inLanguage\":\"fr-FR\"}]}<\/script>\n<!-- \/ Yoast SEO plugin. -->","yoast_head_json":{"title":"SV-B Interactions entre les organismes et leur milieu de vie - Bienvenue sur le site de Sciences de la Vie et de la Terre","robots":{"index":"index","follow":"follow","max-snippet":"max-snippet:-1","max-image-preview":"max-image-preview:large","max-video-preview":"max-video-preview:-1"},"canonical":"https:\/\/svt-dalaine.fr\/svt\/sv-b-interactions-entre-les-organismes-et-leur-milieu-de-vie\/","og_locale":"fr_FR","og_type":"article","og_title":"SV-B Interactions entre les organismes et leur milieu de vie - Bienvenue sur le site de Sciences de la Vie et de la Terre","og_description":"L\u2019\u00e9tude de la respiration chez les M\u00e9tazoaires et l\u2019\u00e9tude de la nutrition et du d\u00e9veloppement post-embryonnaire chez les Angiospermes sont l\u2019occasion de pr\u00e9senter les interactions \u00e9troites entre les organismes et leur environnement, biotique et abiotique, et de caract\u00e9riser des adaptations&hellip;&nbsp;Lire la suite","og_url":"https:\/\/svt-dalaine.fr\/svt\/sv-b-interactions-entre-les-organismes-et-leur-milieu-de-vie\/","og_site_name":"Bienvenue sur le site de Sciences de la Vie et de la Terre","article_modified_time":"2025-01-09T15:39:34+00:00","og_image":[{"url":"https:\/\/svt-dalaine.fr\/svt\/wp-content\/uploads\/2024\/01\/icone_SV_B-1024x547.jpg"}],"twitter_card":"summary_large_image","twitter_misc":{"Dur\u00e9e de lecture estim\u00e9e":"2 minutes"},"schema":{"@context":"https:\/\/schema.org","@graph":[{"@type":"WebPage","@id":"https:\/\/svt-dalaine.fr\/svt\/sv-b-interactions-entre-les-organismes-et-leur-milieu-de-vie\/","url":"https:\/\/svt-dalaine.fr\/svt\/sv-b-interactions-entre-les-organismes-et-leur-milieu-de-vie\/","name":"SV-B Interactions entre les organismes et leur milieu de vie - Bienvenue sur le site de Sciences de la Vie et de la Terre","isPartOf":{"@id":"https:\/\/svt-dalaine.fr\/svt\/#website"},"datePublished":"2024-01-12T09:42:18+00:00","dateModified":"2025-01-09T15:39:34+00:00","breadcrumb":{"@id":"https:\/\/svt-dalaine.fr\/svt\/sv-b-interactions-entre-les-organismes-et-leur-milieu-de-vie\/#breadcrumb"},"inLanguage":"fr-FR","potentialAction":[{"@type":"ReadAction","target":["https:\/\/svt-dalaine.fr\/svt\/sv-b-interactions-entre-les-organismes-et-leur-milieu-de-vie\/"]}]},{"@type":"BreadcrumbList","@id":"https:\/\/svt-dalaine.fr\/svt\/sv-b-interactions-entre-les-organismes-et-leur-milieu-de-vie\/#breadcrumb","itemListElement":[{"@type":"ListItem","position":1,"name":"Accueil","item":"https:\/\/svt-dalaine.fr\/svt\/"},{"@type":"ListItem","position":2,"name":"SV-B Interactions entre les organismes et leur milieu de vie"}]},{"@type":"WebSite","@id":"https:\/\/svt-dalaine.fr\/svt\/#website","url":"https:\/\/svt-dalaine.fr\/svt\/","name":"Bienvenue sur le site de Sciences de la Vie et de la Terre","description":"Ressources en SVT de St\u00e9phanie Dalaine, professeure agr\u00e9g\u00e9e exer\u00e7ant en BCPST1 ENCPB","potentialAction":[{"@type":"SearchAction","target":{"@type":"EntryPoint","urlTemplate":"https:\/\/svt-dalaine.fr\/svt\/?s={search_term_string}"},"query-input":"required name=search_term_string"}],"inLanguage":"fr-FR"}]}},"_links":{"self":[{"href":"https:\/\/svt-dalaine.fr\/svt\/wp-json\/wp\/v2\/pages\/2097","targetHints":{"allow":["GET"]}}],"collection":[{"href":"https:\/\/svt-dalaine.fr\/svt\/wp-json\/wp\/v2\/pages"}],"about":[{"href":"https:\/\/svt-dalaine.fr\/svt\/wp-json\/wp\/v2\/types\/page"}],"author":[{"embeddable":true,"href":"https:\/\/svt-dalaine.fr\/svt\/wp-json\/wp\/v2\/users\/1"}],"replies":[{"embeddable":true,"href":"https:\/\/svt-dalaine.fr\/svt\/wp-json\/wp\/v2\/comments?post=2097"}],"version-history":[{"count":4,"href":"https:\/\/svt-dalaine.fr\/svt\/wp-json\/wp\/v2\/pages\/2097\/revisions"}],"predecessor-version":[{"id":2105,"href":"https:\/\/svt-dalaine.fr\/svt\/wp-json\/wp\/v2\/pages\/2097\/revisions\/2105"}],"wp:attachment":[{"href":"https:\/\/svt-dalaine.fr\/svt\/wp-json\/wp\/v2\/media?parent=2097"}],"wp:term":[{"taxonomy":"category","embeddable":true,"href":"https:\/\/svt-dalaine.fr\/svt\/wp-json\/wp\/v2\/categories?post=2097"},{"taxonomy":"post_tag","embeddable":true,"href":"https:\/\/svt-dalaine.fr\/svt\/wp-json\/wp\/v2\/tags?post=2097"}],"curies":[{"name":"wp","href":"https:\/\/api.w.org\/{rel}","templated":true}]}}