{"id":2106,"date":"2024-01-12T10:44:57","date_gmt":"2024-01-12T09:44:57","guid":{"rendered":"https:\/\/svt-dalaine.fr\/svt\/?page_id=2106"},"modified":"2026-01-29T14:58:03","modified_gmt":"2026-01-29T13:58:03","slug":"sv-b-1-la-respiration-une-fonction-en-interaction-directe-avec-le-milieu","status":"publish","type":"page","link":"https:\/\/svt-dalaine.fr\/svt\/sv-b-1-la-respiration-une-fonction-en-interaction-directe-avec-le-milieu\/","title":{"rendered":"SV-B-1 La respiration : une fonction en interaction directe avec le milieu"},"content":{"rendered":"\t\t<div data-elementor-type=\"wp-page\" data-elementor-id=\"2106\" class=\"elementor elementor-2106\">\n\t\t\t\t\t\t<section class=\"elementor-section elementor-top-section elementor-element elementor-element-ce5e594 elementor-section-boxed elementor-section-height-default elementor-section-height-default\" data-id=\"ce5e594\" data-element_type=\"section\">\n\t\t\t\t\t\t<div class=\"elementor-container elementor-column-gap-default\">\n\t\t\t\t\t<div class=\"elementor-column elementor-col-100 elementor-top-column elementor-element elementor-element-b76289d\" data-id=\"b76289d\" data-element_type=\"column\">\n\t\t\t<div class=\"elementor-widget-wrap elementor-element-populated\">\n\t\t\t\t\t\t<div class=\"elementor-element elementor-element-1ed451c elementor-widget elementor-widget-image\" data-id=\"1ed451c\" data-element_type=\"widget\" data-widget_type=\"image.default\">\n\t\t\t\t<div class=\"elementor-widget-container\">\n\t\t\t\t\t\t\t\t\t\t\t\t\t<img fetchpriority=\"high\" decoding=\"async\" width=\"640\" height=\"345\" src=\"https:\/\/svt-dalaine.fr\/svt\/wp-content\/uploads\/2024\/01\/icone_SV_B_1-1024x552.jpg\" class=\"attachment-large size-large wp-image-2112\" alt=\"\" srcset=\"https:\/\/svt-dalaine.fr\/svt\/wp-content\/uploads\/2024\/01\/icone_SV_B_1-1024x552.jpg 1024w, https:\/\/svt-dalaine.fr\/svt\/wp-content\/uploads\/2024\/01\/icone_SV_B_1-300x162.jpg 300w, https:\/\/svt-dalaine.fr\/svt\/wp-content\/uploads\/2024\/01\/icone_SV_B_1-768x414.jpg 768w, https:\/\/svt-dalaine.fr\/svt\/wp-content\/uploads\/2024\/01\/icone_SV_B_1-360x194.jpg 360w, https:\/\/svt-dalaine.fr\/svt\/wp-content\/uploads\/2024\/01\/icone_SV_B_1.jpg 1230w\" sizes=\"(max-width: 640px) 100vw, 640px\" \/>\t\t\t\t\t\t\t\t\t\t\t\t\t<\/div>\n\t\t\t\t<\/div>\n\t\t\t\t\t<\/div>\n\t\t<\/div>\n\t\t\t\t\t<\/div>\n\t\t<\/section>\n\t\t\t\t<section class=\"elementor-section elementor-top-section elementor-element elementor-element-5a77c10 elementor-section-boxed elementor-section-height-default elementor-section-height-default\" data-id=\"5a77c10\" data-element_type=\"section\">\n\t\t\t\t\t\t<div class=\"elementor-container elementor-column-gap-default\">\n\t\t\t\t\t<div class=\"elementor-column elementor-col-100 elementor-top-column elementor-element elementor-element-dc62d85\" data-id=\"dc62d85\" data-element_type=\"column\">\n\t\t\t<div class=\"elementor-widget-wrap elementor-element-populated\">\n\t\t\t\t\t\t<div class=\"elementor-element elementor-element-588428e elementor-widget__width-initial elementor-widget elementor-widget-text-editor\" data-id=\"588428e\" data-element_type=\"widget\" data-widget_type=\"text-editor.default\">\n\t\t\t\t<div class=\"elementor-widget-container\">\n\t\t\t\t\t\t\t<p>Les \u00e9changes respiratoires des M\u00e9tazoaires sont r\u00e9alis\u00e9s au niveau de surfaces d\u2019\u00e9change (sp\u00e9cialis\u00e9es ou non), en lien avec les contraintes du milieu de vie.<br \/>Les surfaces respiratoires sp\u00e9cialis\u00e9es sont relativement \u00e9tendues, fines, et en lien avec des dispositifs de renouvellement des fluides. Les \u00e9changes de gaz respiratoires se r\u00e9alisent par diffusion simple, suivant la loi de Fick.<br \/>Dans le m\u00eame milieu, pour des organisations diff\u00e9rentes, des convergences fonctionnelles sont li\u00e9es<br \/>aux contraintes physico-chimiques du milieu de vie (aquatique ou a\u00e9rien).<br \/>La convection externe et la convection interne des fluides maintiennent les diff\u00e9rences de pression partielle \u00e0 travers l\u2019\u00e9changeur. L\u2019efficacit\u00e9 de l\u2019extraction de dioxyg\u00e8ne varie suivant les milieux et<br \/>les taxons.<\/p><p>L\u2019h\u00e9moglobine est une mol\u00e9cule de transport des gaz respiratoires qui est pr\u00e9sente dans les h\u00e9maties de Mammif\u00e8re. La quantit\u00e9 de transporteurs limite la quantit\u00e9 de dioxyg\u00e8ne transport\u00e9e et l\u2019activit\u00e9 de l\u2019organisme. La modulation de la quantit\u00e9 de gaz \u00e9chang\u00e9s passe essentiellement par des variations contr\u00f4l\u00e9es de la convection.<\/p><p>\u00a0<\/p>\t\t\t\t\t\t<\/div>\n\t\t\t\t<\/div>\n\t\t\t\t\t<\/div>\n\t\t<\/div>\n\t\t\t\t\t<\/div>\n\t\t<\/section>\n\t\t\t\t<\/div>\n\t\t","protected":false},"excerpt":{"rendered":"<p>Les \u00e9changes respiratoires des M\u00e9tazoaires sont r\u00e9alis\u00e9s au niveau de surfaces d\u2019\u00e9change (sp\u00e9cialis\u00e9es ou non), en lien avec les contraintes du milieu de vie.Les surfaces respiratoires sp\u00e9cialis\u00e9es sont relativement \u00e9tendues, fines, et en lien avec des dispositifs de renouvellement des&hellip;&nbsp;<a href=\"https:\/\/svt-dalaine.fr\/svt\/sv-b-1-la-respiration-une-fonction-en-interaction-directe-avec-le-milieu\/\" class=\"more-link\">Lire la suite<\/a><\/p>\n","protected":false},"author":1,"featured_media":0,"parent":0,"menu_order":0,"comment_status":"closed","ping_status":"closed","template":"","meta":{"footnotes":""},"categories":[],"tags":[],"class_list":["post-2106","page","type-page","status-publish","hentry"],"yoast_head":"<!-- This site is optimized with the Yoast SEO plugin v21.9.1 - https:\/\/yoast.com\/wordpress\/plugins\/seo\/ -->\n<title>SV-B-1 La respiration : une fonction en interaction directe avec le milieu - Bienvenue sur le site de Sciences de la Vie et de la Terre<\/title>\n<meta name=\"robots\" content=\"index, follow, max-snippet:-1, max-image-preview:large, max-video-preview:-1\" \/>\n<link rel=\"canonical\" href=\"https:\/\/svt-dalaine.fr\/svt\/sv-b-1-la-respiration-une-fonction-en-interaction-directe-avec-le-milieu\/\" \/>\n<meta property=\"og:locale\" content=\"fr_FR\" \/>\n<meta property=\"og:type\" content=\"article\" \/>\n<meta property=\"og:title\" content=\"SV-B-1 La respiration : une fonction en interaction directe avec le milieu - Bienvenue sur le site de Sciences de la Vie et de la Terre\" \/>\n<meta property=\"og:description\" content=\"Les \u00e9changes respiratoires des M\u00e9tazoaires sont r\u00e9alis\u00e9s au niveau de surfaces d\u2019\u00e9change (sp\u00e9cialis\u00e9es ou non), en lien avec les contraintes du milieu de vie.Les surfaces respiratoires sp\u00e9cialis\u00e9es sont relativement \u00e9tendues, fines, et en lien avec des dispositifs de renouvellement des&hellip;&nbsp;Lire la suite\" \/>\n<meta property=\"og:url\" content=\"https:\/\/svt-dalaine.fr\/svt\/sv-b-1-la-respiration-une-fonction-en-interaction-directe-avec-le-milieu\/\" \/>\n<meta property=\"og:site_name\" content=\"Bienvenue sur le site de Sciences de la Vie et de la Terre\" \/>\n<meta property=\"article:modified_time\" content=\"2026-01-29T13:58:03+00:00\" \/>\n<meta property=\"og:image\" content=\"https:\/\/svt-dalaine.fr\/svt\/wp-content\/uploads\/2024\/01\/icone_SV_B_1-1024x552.jpg\" \/>\n<meta name=\"twitter:card\" content=\"summary_large_image\" \/>\n<meta name=\"twitter:label1\" content=\"Dur\u00e9e de lecture estim\u00e9e\" \/>\n\t<meta name=\"twitter:data1\" content=\"2 minutes\" \/>\n<script type=\"application\/ld+json\" class=\"yoast-schema-graph\">{\"@context\":\"https:\/\/schema.org\",\"@graph\":[{\"@type\":\"WebPage\",\"@id\":\"https:\/\/svt-dalaine.fr\/svt\/sv-b-1-la-respiration-une-fonction-en-interaction-directe-avec-le-milieu\/\",\"url\":\"https:\/\/svt-dalaine.fr\/svt\/sv-b-1-la-respiration-une-fonction-en-interaction-directe-avec-le-milieu\/\",\"name\":\"SV-B-1 La respiration : une fonction en interaction directe avec le milieu - Bienvenue sur le site de Sciences de la Vie et de la Terre\",\"isPartOf\":{\"@id\":\"https:\/\/svt-dalaine.fr\/svt\/#website\"},\"datePublished\":\"2024-01-12T09:44:57+00:00\",\"dateModified\":\"2026-01-29T13:58:03+00:00\",\"breadcrumb\":{\"@id\":\"https:\/\/svt-dalaine.fr\/svt\/sv-b-1-la-respiration-une-fonction-en-interaction-directe-avec-le-milieu\/#breadcrumb\"},\"inLanguage\":\"fr-FR\",\"potentialAction\":[{\"@type\":\"ReadAction\",\"target\":[\"https:\/\/svt-dalaine.fr\/svt\/sv-b-1-la-respiration-une-fonction-en-interaction-directe-avec-le-milieu\/\"]}]},{\"@type\":\"BreadcrumbList\",\"@id\":\"https:\/\/svt-dalaine.fr\/svt\/sv-b-1-la-respiration-une-fonction-en-interaction-directe-avec-le-milieu\/#breadcrumb\",\"itemListElement\":[{\"@type\":\"ListItem\",\"position\":1,\"name\":\"Accueil\",\"item\":\"https:\/\/svt-dalaine.fr\/svt\/\"},{\"@type\":\"ListItem\",\"position\":2,\"name\":\"SV-B-1 La respiration : une fonction en interaction directe avec le milieu\"}]},{\"@type\":\"WebSite\",\"@id\":\"https:\/\/svt-dalaine.fr\/svt\/#website\",\"url\":\"https:\/\/svt-dalaine.fr\/svt\/\",\"name\":\"Bienvenue sur le site de Sciences de la Vie et de la Terre\",\"description\":\"Ressources en SVT de St\u00e9phanie Dalaine, professeure agr\u00e9g\u00e9e exer\u00e7ant en BCPST1 ENCPB\",\"potentialAction\":[{\"@type\":\"SearchAction\",\"target\":{\"@type\":\"EntryPoint\",\"urlTemplate\":\"https:\/\/svt-dalaine.fr\/svt\/?s={search_term_string}\"},\"query-input\":\"required name=search_term_string\"}],\"inLanguage\":\"fr-FR\"}]}<\/script>\n<!-- \/ Yoast SEO plugin. -->","yoast_head_json":{"title":"SV-B-1 La respiration : une fonction en interaction directe avec le milieu - Bienvenue sur le site de Sciences de la Vie et de la Terre","robots":{"index":"index","follow":"follow","max-snippet":"max-snippet:-1","max-image-preview":"max-image-preview:large","max-video-preview":"max-video-preview:-1"},"canonical":"https:\/\/svt-dalaine.fr\/svt\/sv-b-1-la-respiration-une-fonction-en-interaction-directe-avec-le-milieu\/","og_locale":"fr_FR","og_type":"article","og_title":"SV-B-1 La respiration : une fonction en interaction directe avec le milieu - Bienvenue sur le site de Sciences de la Vie et de la Terre","og_description":"Les \u00e9changes respiratoires des M\u00e9tazoaires sont r\u00e9alis\u00e9s au niveau de surfaces d\u2019\u00e9change (sp\u00e9cialis\u00e9es ou non), en lien avec les contraintes du milieu de vie.Les surfaces respiratoires sp\u00e9cialis\u00e9es sont relativement \u00e9tendues, fines, et en lien avec des dispositifs de renouvellement des&hellip;&nbsp;Lire la suite","og_url":"https:\/\/svt-dalaine.fr\/svt\/sv-b-1-la-respiration-une-fonction-en-interaction-directe-avec-le-milieu\/","og_site_name":"Bienvenue sur le site de Sciences de la Vie et de la Terre","article_modified_time":"2026-01-29T13:58:03+00:00","og_image":[{"url":"https:\/\/svt-dalaine.fr\/svt\/wp-content\/uploads\/2024\/01\/icone_SV_B_1-1024x552.jpg"}],"twitter_card":"summary_large_image","twitter_misc":{"Dur\u00e9e de lecture estim\u00e9e":"2 minutes"},"schema":{"@context":"https:\/\/schema.org","@graph":[{"@type":"WebPage","@id":"https:\/\/svt-dalaine.fr\/svt\/sv-b-1-la-respiration-une-fonction-en-interaction-directe-avec-le-milieu\/","url":"https:\/\/svt-dalaine.fr\/svt\/sv-b-1-la-respiration-une-fonction-en-interaction-directe-avec-le-milieu\/","name":"SV-B-1 La respiration : une fonction en interaction directe avec le milieu - Bienvenue sur le site de Sciences de la Vie et de la Terre","isPartOf":{"@id":"https:\/\/svt-dalaine.fr\/svt\/#website"},"datePublished":"2024-01-12T09:44:57+00:00","dateModified":"2026-01-29T13:58:03+00:00","breadcrumb":{"@id":"https:\/\/svt-dalaine.fr\/svt\/sv-b-1-la-respiration-une-fonction-en-interaction-directe-avec-le-milieu\/#breadcrumb"},"inLanguage":"fr-FR","potentialAction":[{"@type":"ReadAction","target":["https:\/\/svt-dalaine.fr\/svt\/sv-b-1-la-respiration-une-fonction-en-interaction-directe-avec-le-milieu\/"]}]},{"@type":"BreadcrumbList","@id":"https:\/\/svt-dalaine.fr\/svt\/sv-b-1-la-respiration-une-fonction-en-interaction-directe-avec-le-milieu\/#breadcrumb","itemListElement":[{"@type":"ListItem","position":1,"name":"Accueil","item":"https:\/\/svt-dalaine.fr\/svt\/"},{"@type":"ListItem","position":2,"name":"SV-B-1 La respiration : une fonction en interaction directe avec le milieu"}]},{"@type":"WebSite","@id":"https:\/\/svt-dalaine.fr\/svt\/#website","url":"https:\/\/svt-dalaine.fr\/svt\/","name":"Bienvenue sur le site de Sciences de la Vie et de la Terre","description":"Ressources en SVT de St\u00e9phanie Dalaine, professeure agr\u00e9g\u00e9e exer\u00e7ant en BCPST1 ENCPB","potentialAction":[{"@type":"SearchAction","target":{"@type":"EntryPoint","urlTemplate":"https:\/\/svt-dalaine.fr\/svt\/?s={search_term_string}"},"query-input":"required name=search_term_string"}],"inLanguage":"fr-FR"}]}},"_links":{"self":[{"href":"https:\/\/svt-dalaine.fr\/svt\/wp-json\/wp\/v2\/pages\/2106","targetHints":{"allow":["GET"]}}],"collection":[{"href":"https:\/\/svt-dalaine.fr\/svt\/wp-json\/wp\/v2\/pages"}],"about":[{"href":"https:\/\/svt-dalaine.fr\/svt\/wp-json\/wp\/v2\/types\/page"}],"author":[{"embeddable":true,"href":"https:\/\/svt-dalaine.fr\/svt\/wp-json\/wp\/v2\/users\/1"}],"replies":[{"embeddable":true,"href":"https:\/\/svt-dalaine.fr\/svt\/wp-json\/wp\/v2\/comments?post=2106"}],"version-history":[{"count":7,"href":"https:\/\/svt-dalaine.fr\/svt\/wp-json\/wp\/v2\/pages\/2106\/revisions"}],"predecessor-version":[{"id":2115,"href":"https:\/\/svt-dalaine.fr\/svt\/wp-json\/wp\/v2\/pages\/2106\/revisions\/2115"}],"wp:attachment":[{"href":"https:\/\/svt-dalaine.fr\/svt\/wp-json\/wp\/v2\/media?parent=2106"}],"wp:term":[{"taxonomy":"category","embeddable":true,"href":"https:\/\/svt-dalaine.fr\/svt\/wp-json\/wp\/v2\/categories?post=2106"},{"taxonomy":"post_tag","embeddable":true,"href":"https:\/\/svt-dalaine.fr\/svt\/wp-json\/wp\/v2\/tags?post=2106"}],"curies":[{"name":"wp","href":"https:\/\/api.w.org\/{rel}","templated":true}]}}