{"id":2116,"date":"2024-01-12T10:56:40","date_gmt":"2024-01-12T09:56:40","guid":{"rendered":"https:\/\/svt-dalaine.fr\/svt\/?page_id=2116"},"modified":"2026-02-10T11:48:36","modified_gmt":"2026-02-10T10:48:36","slug":"sv-b-2-nutrition-des-angiospermes-en-lien-avec-le-milieu","status":"publish","type":"page","link":"https:\/\/svt-dalaine.fr\/svt\/sv-b-2-nutrition-des-angiospermes-en-lien-avec-le-milieu\/","title":{"rendered":"SV-B-2 Nutrition des Angiospermes en lien avec le milieu"},"content":{"rendered":"\t\t<div data-elementor-type=\"wp-page\" data-elementor-id=\"2116\" class=\"elementor elementor-2116\">\n\t\t\t\t\t\t<section class=\"elementor-section elementor-top-section elementor-element elementor-element-d604e0d elementor-section-boxed elementor-section-height-default elementor-section-height-default\" data-id=\"d604e0d\" data-element_type=\"section\">\n\t\t\t\t\t\t<div class=\"elementor-container elementor-column-gap-default\">\n\t\t\t\t\t<div class=\"elementor-column elementor-col-100 elementor-top-column elementor-element elementor-element-cfc09a5\" data-id=\"cfc09a5\" data-element_type=\"column\">\n\t\t\t<div class=\"elementor-widget-wrap elementor-element-populated\">\n\t\t\t\t\t\t<div class=\"elementor-element elementor-element-4d7766b elementor-widget elementor-widget-image\" data-id=\"4d7766b\" data-element_type=\"widget\" data-widget_type=\"image.default\">\n\t\t\t\t<div class=\"elementor-widget-container\">\n\t\t\t\t\t\t\t\t\t\t\t\t\t<img fetchpriority=\"high\" decoding=\"async\" width=\"640\" height=\"359\" src=\"https:\/\/svt-dalaine.fr\/svt\/wp-content\/uploads\/2024\/01\/icone_SV_B2-1024x575.jpg\" class=\"attachment-large size-large wp-image-2118\" alt=\"\" srcset=\"https:\/\/svt-dalaine.fr\/svt\/wp-content\/uploads\/2024\/01\/icone_SV_B2-1024x575.jpg 1024w, https:\/\/svt-dalaine.fr\/svt\/wp-content\/uploads\/2024\/01\/icone_SV_B2-300x168.jpg 300w, https:\/\/svt-dalaine.fr\/svt\/wp-content\/uploads\/2024\/01\/icone_SV_B2-768x431.jpg 768w, https:\/\/svt-dalaine.fr\/svt\/wp-content\/uploads\/2024\/01\/icone_SV_B2-360x202.jpg 360w, https:\/\/svt-dalaine.fr\/svt\/wp-content\/uploads\/2024\/01\/icone_SV_B2.jpg 1243w\" sizes=\"(max-width: 640px) 100vw, 640px\" \/>\t\t\t\t\t\t\t\t\t\t\t\t\t<\/div>\n\t\t\t\t<\/div>\n\t\t\t\t\t<\/div>\n\t\t<\/div>\n\t\t\t\t\t<\/div>\n\t\t<\/section>\n\t\t\t\t<section class=\"elementor-section elementor-top-section elementor-element elementor-element-f89ca92 elementor-section-boxed elementor-section-height-default elementor-section-height-default\" data-id=\"f89ca92\" data-element_type=\"section\">\n\t\t\t\t\t\t<div class=\"elementor-container elementor-column-gap-default\">\n\t\t\t\t\t<div class=\"elementor-column elementor-col-100 elementor-top-column elementor-element elementor-element-e98d5bf\" data-id=\"e98d5bf\" data-element_type=\"column\">\n\t\t\t<div class=\"elementor-widget-wrap elementor-element-populated\">\n\t\t\t\t\t\t<div class=\"elementor-element elementor-element-e10fe28 elementor-widget__width-initial elementor-widget elementor-widget-text-editor\" data-id=\"e10fe28\" data-element_type=\"widget\" data-widget_type=\"text-editor.default\">\n\t\t\t\t<div class=\"elementor-widget-container\">\n\t\t\t\t\t\t\t<p>SV-B-2-1 Absorption d\u2019eau et d\u2019ions dans le milieu de vie<\/p>\n<p>La plante pr\u00e9l\u00e8ve la solution du sol par une absorption racinaire s\u00e9lective d\u2019eau et d\u2019ions min\u00e9raux mettant en action des \u00e9changes transmembranaires. Cette absorption s\u2019effectue soit directement \u00e0 partir de la solution du sol par des poils absorbants soit, le plus souvent, gr\u00e2ce au fonctionnement de mycorhizes. Les myc\u00e8tes impliqu\u00e9s dans ces associations symbiotiques augmentent la surface d\u2019absorption mais assurent aussi une protection physico-chimique contre les agents pathog\u00e8nes.<br>L\u2019absorption de l\u2019eau suit les diff\u00e9rences de potentiel hydrique dans la racine.<br>Il existe des voies de circulation symplasmique et apoplasmique.<br>L\u2019absorption d\u2019eau et d\u2019ions est \u00e0 l\u2019origine de la s\u00e8ve brute qui circule dans le xyl\u00e8me.<br>La transpiration foliaire et la pouss\u00e9e racinaire constituent deux moteurs compl\u00e9mentaires d\u2019ascension de la s\u00e8ve brute.<\/p>\n<p><br><\/p>\n<p>SV-B-2-2 \u00c9changes gazeux avec le milieu de vie<\/p>\n<p>Les stomates permettent un flux d\u2019eau par transpiration, qui met en mouvement la s\u00e8ve brute<br>dans le xyl\u00e8me, ainsi que les \u00e9changes de CO2 et O2 entre l\u2019atmosph\u00e8re externe et l\u2019atmosph\u00e8re interne<br>du v\u00e9g\u00e9tal. L\u2019 ouverture des stomates est contr\u00f4l\u00e9e par diff\u00e9rents facteurs du milieu : elle joue \u00e0 la fois sur l\u2019\u00e9quilibre hydrique du v\u00e9g\u00e9tal et sur son m\u00e9tabolisme.<\/p>\n<p><br><\/p>\n<p>SV-B-2-3 Distribution des assimilats photosynth\u00e9tiques au sein du v\u00e9g\u00e9tal<\/p>\n<p>Les photosynth\u00e9tats produits dans les organes sources sont distribu\u00e9s dans les organes puits via la s\u00e8ve \u00e9labor\u00e9e.<br><\/p>\n<p>Les organes de r\u00e9serve sont des organes puits\/sources qui accumulent la mati\u00e8re organique. Les r\u00e9serves sont accumul\u00e9es\/mobilis\u00e9es avec une p\u00e9riodicit\u00e9 variable, quotidienne et\/ou saisonni\u00e8re.<br>Au sein des nodosit\u00e9s d\u00e9velopp\u00e9es dans l\u2019appareil racinaire de Fabac\u00e9e, des bact\u00e9ries symbiotiques<br>utilisant les assimilats de la plante sont capables d\u2019utiliser le diazote et de le r\u00e9duire en ammonium. Les<br>cellules racinaires contenant les bact\u00e9ro\u00efdes produisent des mol\u00e9cules organiques azot\u00e9es<br>export\u00e9es dans le xyl\u00e8me. La formation de nodosit\u00e9s d\u00e9pend de la fertilit\u00e9 du sol.<br><\/p>\t\t\t\t\t\t<\/div>\n\t\t\t\t<\/div>\n\t\t\t\t\t<\/div>\n\t\t<\/div>\n\t\t\t\t\t<\/div>\n\t\t<\/section>\n\t\t\t\t<\/div>\n\t\t","protected":false},"excerpt":{"rendered":"<p>SV-B-2-1 Absorption d\u2019eau et d\u2019ions dans le milieu de vie La plante pr\u00e9l\u00e8ve la solution du sol par une absorption racinaire s\u00e9lective d\u2019eau et d\u2019ions min\u00e9raux mettant en action des \u00e9changes transmembranaires. Cette absorption s\u2019effectue soit directement \u00e0 partir de&hellip;&nbsp;<a href=\"https:\/\/svt-dalaine.fr\/svt\/sv-b-2-nutrition-des-angiospermes-en-lien-avec-le-milieu\/\" class=\"more-link\">Lire la suite<\/a><\/p>\n","protected":false},"author":1,"featured_media":0,"parent":0,"menu_order":0,"comment_status":"closed","ping_status":"closed","template":"","meta":{"footnotes":""},"categories":[],"tags":[],"class_list":["post-2116","page","type-page","status-publish","hentry"],"yoast_head":"<!-- This site is optimized with the Yoast SEO plugin v21.9.1 - https:\/\/yoast.com\/wordpress\/plugins\/seo\/ -->\n<title>SV-B-2 Nutrition des Angiospermes en lien avec le milieu - Bienvenue sur le site de Sciences de la Vie et de la Terre<\/title>\n<meta name=\"robots\" content=\"index, follow, max-snippet:-1, max-image-preview:large, max-video-preview:-1\" \/>\n<link rel=\"canonical\" href=\"https:\/\/svt-dalaine.fr\/svt\/sv-b-2-nutrition-des-angiospermes-en-lien-avec-le-milieu\/\" \/>\n<meta property=\"og:locale\" content=\"fr_FR\" \/>\n<meta property=\"og:type\" content=\"article\" \/>\n<meta property=\"og:title\" content=\"SV-B-2 Nutrition des Angiospermes en lien avec le milieu - Bienvenue sur le site de Sciences de la Vie et de la Terre\" \/>\n<meta property=\"og:description\" content=\"SV-B-2-1 Absorption d\u2019eau et d\u2019ions dans le milieu de vie La plante pr\u00e9l\u00e8ve la solution du sol par une absorption racinaire s\u00e9lective d\u2019eau et d\u2019ions min\u00e9raux mettant en action des \u00e9changes transmembranaires. Cette absorption s\u2019effectue soit directement \u00e0 partir de&hellip;&nbsp;Lire la suite\" \/>\n<meta property=\"og:url\" content=\"https:\/\/svt-dalaine.fr\/svt\/sv-b-2-nutrition-des-angiospermes-en-lien-avec-le-milieu\/\" \/>\n<meta property=\"og:site_name\" content=\"Bienvenue sur le site de Sciences de la Vie et de la Terre\" \/>\n<meta property=\"article:modified_time\" content=\"2026-02-10T10:48:36+00:00\" \/>\n<meta property=\"og:image\" content=\"https:\/\/svt-dalaine.fr\/svt\/wp-content\/uploads\/2024\/01\/icone_SV_B2-1024x575.jpg\" \/>\n<meta name=\"twitter:card\" content=\"summary_large_image\" \/>\n<meta name=\"twitter:label1\" content=\"Dur\u00e9e de lecture estim\u00e9e\" \/>\n\t<meta name=\"twitter:data1\" content=\"2 minutes\" \/>\n<script type=\"application\/ld+json\" class=\"yoast-schema-graph\">{\"@context\":\"https:\/\/schema.org\",\"@graph\":[{\"@type\":\"WebPage\",\"@id\":\"https:\/\/svt-dalaine.fr\/svt\/sv-b-2-nutrition-des-angiospermes-en-lien-avec-le-milieu\/\",\"url\":\"https:\/\/svt-dalaine.fr\/svt\/sv-b-2-nutrition-des-angiospermes-en-lien-avec-le-milieu\/\",\"name\":\"SV-B-2 Nutrition des Angiospermes en lien avec le milieu - Bienvenue sur le site de Sciences de la Vie et de la Terre\",\"isPartOf\":{\"@id\":\"https:\/\/svt-dalaine.fr\/svt\/#website\"},\"datePublished\":\"2024-01-12T09:56:40+00:00\",\"dateModified\":\"2026-02-10T10:48:36+00:00\",\"breadcrumb\":{\"@id\":\"https:\/\/svt-dalaine.fr\/svt\/sv-b-2-nutrition-des-angiospermes-en-lien-avec-le-milieu\/#breadcrumb\"},\"inLanguage\":\"fr-FR\",\"potentialAction\":[{\"@type\":\"ReadAction\",\"target\":[\"https:\/\/svt-dalaine.fr\/svt\/sv-b-2-nutrition-des-angiospermes-en-lien-avec-le-milieu\/\"]}]},{\"@type\":\"BreadcrumbList\",\"@id\":\"https:\/\/svt-dalaine.fr\/svt\/sv-b-2-nutrition-des-angiospermes-en-lien-avec-le-milieu\/#breadcrumb\",\"itemListElement\":[{\"@type\":\"ListItem\",\"position\":1,\"name\":\"Accueil\",\"item\":\"https:\/\/svt-dalaine.fr\/svt\/\"},{\"@type\":\"ListItem\",\"position\":2,\"name\":\"SV-B-2 Nutrition des Angiospermes en lien avec le milieu\"}]},{\"@type\":\"WebSite\",\"@id\":\"https:\/\/svt-dalaine.fr\/svt\/#website\",\"url\":\"https:\/\/svt-dalaine.fr\/svt\/\",\"name\":\"Bienvenue sur le site de Sciences de la Vie et de la Terre\",\"description\":\"Ressources en SVT de St\u00e9phanie Dalaine, professeure agr\u00e9g\u00e9e exer\u00e7ant en BCPST1 ENCPB\",\"potentialAction\":[{\"@type\":\"SearchAction\",\"target\":{\"@type\":\"EntryPoint\",\"urlTemplate\":\"https:\/\/svt-dalaine.fr\/svt\/?s={search_term_string}\"},\"query-input\":\"required name=search_term_string\"}],\"inLanguage\":\"fr-FR\"}]}<\/script>\n<!-- \/ Yoast SEO plugin. -->","yoast_head_json":{"title":"SV-B-2 Nutrition des Angiospermes en lien avec le milieu - Bienvenue sur le site de Sciences de la Vie et de la Terre","robots":{"index":"index","follow":"follow","max-snippet":"max-snippet:-1","max-image-preview":"max-image-preview:large","max-video-preview":"max-video-preview:-1"},"canonical":"https:\/\/svt-dalaine.fr\/svt\/sv-b-2-nutrition-des-angiospermes-en-lien-avec-le-milieu\/","og_locale":"fr_FR","og_type":"article","og_title":"SV-B-2 Nutrition des Angiospermes en lien avec le milieu - Bienvenue sur le site de Sciences de la Vie et de la Terre","og_description":"SV-B-2-1 Absorption d\u2019eau et d\u2019ions dans le milieu de vie La plante pr\u00e9l\u00e8ve la solution du sol par une absorption racinaire s\u00e9lective d\u2019eau et d\u2019ions min\u00e9raux mettant en action des \u00e9changes transmembranaires. Cette absorption s\u2019effectue soit directement \u00e0 partir de&hellip;&nbsp;Lire la suite","og_url":"https:\/\/svt-dalaine.fr\/svt\/sv-b-2-nutrition-des-angiospermes-en-lien-avec-le-milieu\/","og_site_name":"Bienvenue sur le site de Sciences de la Vie et de la Terre","article_modified_time":"2026-02-10T10:48:36+00:00","og_image":[{"url":"https:\/\/svt-dalaine.fr\/svt\/wp-content\/uploads\/2024\/01\/icone_SV_B2-1024x575.jpg"}],"twitter_card":"summary_large_image","twitter_misc":{"Dur\u00e9e de lecture estim\u00e9e":"2 minutes"},"schema":{"@context":"https:\/\/schema.org","@graph":[{"@type":"WebPage","@id":"https:\/\/svt-dalaine.fr\/svt\/sv-b-2-nutrition-des-angiospermes-en-lien-avec-le-milieu\/","url":"https:\/\/svt-dalaine.fr\/svt\/sv-b-2-nutrition-des-angiospermes-en-lien-avec-le-milieu\/","name":"SV-B-2 Nutrition des Angiospermes en lien avec le milieu - Bienvenue sur le site de Sciences de la Vie et de la Terre","isPartOf":{"@id":"https:\/\/svt-dalaine.fr\/svt\/#website"},"datePublished":"2024-01-12T09:56:40+00:00","dateModified":"2026-02-10T10:48:36+00:00","breadcrumb":{"@id":"https:\/\/svt-dalaine.fr\/svt\/sv-b-2-nutrition-des-angiospermes-en-lien-avec-le-milieu\/#breadcrumb"},"inLanguage":"fr-FR","potentialAction":[{"@type":"ReadAction","target":["https:\/\/svt-dalaine.fr\/svt\/sv-b-2-nutrition-des-angiospermes-en-lien-avec-le-milieu\/"]}]},{"@type":"BreadcrumbList","@id":"https:\/\/svt-dalaine.fr\/svt\/sv-b-2-nutrition-des-angiospermes-en-lien-avec-le-milieu\/#breadcrumb","itemListElement":[{"@type":"ListItem","position":1,"name":"Accueil","item":"https:\/\/svt-dalaine.fr\/svt\/"},{"@type":"ListItem","position":2,"name":"SV-B-2 Nutrition des Angiospermes en lien avec le milieu"}]},{"@type":"WebSite","@id":"https:\/\/svt-dalaine.fr\/svt\/#website","url":"https:\/\/svt-dalaine.fr\/svt\/","name":"Bienvenue sur le site de Sciences de la Vie et de la Terre","description":"Ressources en SVT de St\u00e9phanie Dalaine, professeure agr\u00e9g\u00e9e exer\u00e7ant en BCPST1 ENCPB","potentialAction":[{"@type":"SearchAction","target":{"@type":"EntryPoint","urlTemplate":"https:\/\/svt-dalaine.fr\/svt\/?s={search_term_string}"},"query-input":"required name=search_term_string"}],"inLanguage":"fr-FR"}]}},"_links":{"self":[{"href":"https:\/\/svt-dalaine.fr\/svt\/wp-json\/wp\/v2\/pages\/2116","targetHints":{"allow":["GET"]}}],"collection":[{"href":"https:\/\/svt-dalaine.fr\/svt\/wp-json\/wp\/v2\/pages"}],"about":[{"href":"https:\/\/svt-dalaine.fr\/svt\/wp-json\/wp\/v2\/types\/page"}],"author":[{"embeddable":true,"href":"https:\/\/svt-dalaine.fr\/svt\/wp-json\/wp\/v2\/users\/1"}],"replies":[{"embeddable":true,"href":"https:\/\/svt-dalaine.fr\/svt\/wp-json\/wp\/v2\/comments?post=2116"}],"version-history":[{"count":4,"href":"https:\/\/svt-dalaine.fr\/svt\/wp-json\/wp\/v2\/pages\/2116\/revisions"}],"predecessor-version":[{"id":2122,"href":"https:\/\/svt-dalaine.fr\/svt\/wp-json\/wp\/v2\/pages\/2116\/revisions\/2122"}],"wp:attachment":[{"href":"https:\/\/svt-dalaine.fr\/svt\/wp-json\/wp\/v2\/media?parent=2116"}],"wp:term":[{"taxonomy":"category","embeddable":true,"href":"https:\/\/svt-dalaine.fr\/svt\/wp-json\/wp\/v2\/categories?post=2116"},{"taxonomy":"post_tag","embeddable":true,"href":"https:\/\/svt-dalaine.fr\/svt\/wp-json\/wp\/v2\/tags?post=2116"}],"curies":[{"name":"wp","href":"https:\/\/api.w.org\/{rel}","templated":true}]}}