{"id":2147,"date":"2024-02-25T10:45:25","date_gmt":"2024-02-25T09:45:25","guid":{"rendered":"https:\/\/svt-dalaine.fr\/svt\/?page_id=2147"},"modified":"2024-11-06T19:41:12","modified_gmt":"2024-11-06T18:41:12","slug":"st-d-les-deformations-de-la-lithosphere","status":"publish","type":"page","link":"https:\/\/svt-dalaine.fr\/svt\/st-d-les-deformations-de-la-lithosphere\/","title":{"rendered":"ST-D- Les d\u00e9formations de la lithosph\u00e8re"},"content":{"rendered":"\t\t<div data-elementor-type=\"wp-page\" data-elementor-id=\"2147\" class=\"elementor elementor-2147\">\n\t\t\t\t\t\t<section class=\"elementor-section elementor-top-section elementor-element elementor-element-d471712 elementor-section-boxed elementor-section-height-default elementor-section-height-default\" data-id=\"d471712\" data-element_type=\"section\">\n\t\t\t\t\t\t<div class=\"elementor-container elementor-column-gap-default\">\n\t\t\t\t\t<div class=\"elementor-column elementor-col-100 elementor-top-column elementor-element elementor-element-dce5b93\" data-id=\"dce5b93\" data-element_type=\"column\">\n\t\t\t<div class=\"elementor-widget-wrap elementor-element-populated\">\n\t\t\t\t\t\t<div class=\"elementor-element elementor-element-cf66da3 elementor-widget elementor-widget-image\" data-id=\"cf66da3\" data-element_type=\"widget\" data-widget_type=\"image.default\">\n\t\t\t\t<div class=\"elementor-widget-container\">\n\t\t\t\t\t\t\t\t\t\t\t\t\t<img fetchpriority=\"high\" decoding=\"async\" width=\"640\" height=\"480\" src=\"https:\/\/svt-dalaine.fr\/svt\/wp-content\/uploads\/2024\/11\/deformation-etirement-1024x768.jpg\" class=\"attachment-large size-large wp-image-2581\" alt=\"\" srcset=\"https:\/\/svt-dalaine.fr\/svt\/wp-content\/uploads\/2024\/11\/deformation-etirement-1024x768.jpg 1024w, https:\/\/svt-dalaine.fr\/svt\/wp-content\/uploads\/2024\/11\/deformation-etirement-300x225.jpg 300w, https:\/\/svt-dalaine.fr\/svt\/wp-content\/uploads\/2024\/11\/deformation-etirement-768x576.jpg 768w, https:\/\/svt-dalaine.fr\/svt\/wp-content\/uploads\/2024\/11\/deformation-etirement-1536x1152.jpg 1536w, https:\/\/svt-dalaine.fr\/svt\/wp-content\/uploads\/2024\/11\/deformation-etirement-360x270.jpg 360w, https:\/\/svt-dalaine.fr\/svt\/wp-content\/uploads\/2024\/11\/deformation-etirement.jpg 2048w\" sizes=\"(max-width: 640px) 100vw, 640px\" \/>\t\t\t\t\t\t\t\t\t\t\t\t\t<\/div>\n\t\t\t\t<\/div>\n\t\t\t\t\t<\/div>\n\t\t<\/div>\n\t\t\t\t\t<\/div>\n\t\t<\/section>\n\t\t\t\t<section class=\"elementor-section elementor-top-section elementor-element elementor-element-eb1c9de elementor-section-boxed elementor-section-height-default elementor-section-height-default\" data-id=\"eb1c9de\" data-element_type=\"section\">\n\t\t\t\t\t\t<div class=\"elementor-container elementor-column-gap-default\">\n\t\t\t\t\t<div class=\"elementor-column elementor-col-100 elementor-top-column elementor-element elementor-element-452fb4c\" data-id=\"452fb4c\" data-element_type=\"column\">\n\t\t\t<div class=\"elementor-widget-wrap elementor-element-populated\">\n\t\t\t\t\t\t<div class=\"elementor-element elementor-element-d88ccf4 elementor-widget elementor-widget-text-editor\" data-id=\"d88ccf4\" data-element_type=\"widget\" data-widget_type=\"text-editor.default\">\n\t\t\t\t<div class=\"elementor-widget-container\">\n\t\t\t\t\t\t\t<p>Extrait du B.O.:<\/p><p>La lithosph\u00e8re, enveloppe externe de la partie solide de la Terre, est une enveloppe qui se d\u00e9forme sous l\u2019effet de forces impos\u00e9es par la dynamique interne. Cette d\u00e9formation d\u00e9pend de la rh\u00e9ologie des mat\u00e9riaux qui la composent selon les conditions de pression et de temp\u00e9rature. Ces d\u00e9formations sont \u00e0 mettre en \u00e9vidence \u00e0 partir d\u2019observations de l\u2019\u00e9chelle de l&#8217;\u00e9chantillon \u00e0 celle de la lithosph\u00e8re (observations g\u00e9ophysiques). Ces<br \/>observations permettent de construire un mod\u00e8le physique du comportement m\u00e9canique de la lithosph\u00e8re, qui permet d\u2019expliquer la construction de la topographie et les ph\u00e9nom\u00e8nes sismiques.<br \/>L\u2019\u00e9tude de la sismogen\u00e8se est l\u2019occasion de d\u00e9tailler un mode de d\u00e9formation de la lithosph\u00e8re, \u00e0 partir de mesures de d\u00e9formations actives aujourd\u2019hui pour, in fine, faire le lien avec l\u2019appr\u00e9hension d&#8217;un al\u00e9a et la compr\u00e9hension d\u2019un risque (d\u00e9velopp\u00e9 dans la partie ST-I sur les risques). Les s\u00e9ismes, comme marqueurs actifs de la d\u00e9formation cassante, constituent une donn\u00e9e clef ayant nourri les r\u00e9flexions aboutissant \u00e0 la th\u00e9orie de la tectonique des plaques. Les d\u00e9finitions de la lithosph\u00e8re introduites en ST1-A sont compl\u00e9t\u00e9es par les aspects rh\u00e9ologiques. Cette partie est l\u2019occasion d\u2019expliquer l\u2019expression de surface de la dynamique interne de la Terre.<\/p>\t\t\t\t\t\t<\/div>\n\t\t\t\t<\/div>\n\t\t\t\t\t<\/div>\n\t\t<\/div>\n\t\t\t\t\t<\/div>\n\t\t<\/section>\n\t\t\t\t<section class=\"elementor-section elementor-top-section elementor-element elementor-element-939732b elementor-section-boxed elementor-section-height-default elementor-section-height-default\" data-id=\"939732b\" data-element_type=\"section\">\n\t\t\t\t\t\t<div class=\"elementor-container elementor-column-gap-default\">\n\t\t\t\t\t<div class=\"elementor-column elementor-col-100 elementor-top-column elementor-element elementor-element-ef5db0d\" data-id=\"ef5db0d\" data-element_type=\"column\">\n\t\t\t<div class=\"elementor-widget-wrap elementor-element-populated\">\n\t\t\t\t\t\t<div class=\"elementor-element elementor-element-82e4b54 elementor-widget elementor-widget-button\" data-id=\"82e4b54\" data-element_type=\"widget\" data-widget_type=\"button.default\">\n\t\t\t\t<div class=\"elementor-widget-container\">\n\t\t\t\t\t<div class=\"elementor-button-wrapper\">\n\t\t\t<a class=\"elementor-button elementor-button-link elementor-size-sm\" href=\"https:\/\/svt-dalaine.fr\/svt\/st-d-1-la-rheologie-de-la-lithosphere\/\">\n\t\t\t\t\t\t<span class=\"elementor-button-content-wrapper\">\n\t\t\t\t\t\t<span class=\"elementor-button-text\">ST-D-1 La rh\u00e9ologie de la lithosph\u00e8re<\/span>\n\t\t<\/span>\n\t\t\t\t\t<\/a>\n\t\t<\/div>\n\t\t\t\t<\/div>\n\t\t\t\t<\/div>\n\t\t\t\t\t<\/div>\n\t\t<\/div>\n\t\t\t\t\t<\/div>\n\t\t<\/section>\n\t\t\t\t<section class=\"elementor-section elementor-top-section elementor-element elementor-element-d0ecc03 elementor-section-boxed elementor-section-height-default elementor-section-height-default\" data-id=\"d0ecc03\" data-element_type=\"section\">\n\t\t\t\t\t\t<div class=\"elementor-container elementor-column-gap-default\">\n\t\t\t\t\t<div class=\"elementor-column elementor-col-100 elementor-top-column elementor-element elementor-element-17e6991\" data-id=\"17e6991\" data-element_type=\"column\">\n\t\t\t<div class=\"elementor-widget-wrap elementor-element-populated\">\n\t\t\t\t\t\t<div class=\"elementor-element elementor-element-9b0e36a elementor-widget elementor-widget-button\" data-id=\"9b0e36a\" data-element_type=\"widget\" data-widget_type=\"button.default\">\n\t\t\t\t<div class=\"elementor-widget-container\">\n\t\t\t\t\t<div class=\"elementor-button-wrapper\">\n\t\t\t<a class=\"elementor-button elementor-button-link elementor-size-sm\" href=\"https:\/\/svt-dalaine.fr\/svt\/st-d-2-les-seismes-origine-et-consequences\/\">\n\t\t\t\t\t\t<span class=\"elementor-button-content-wrapper\">\n\t\t\t\t\t\t<span class=\"elementor-button-text\">ST-D-2 Les s\u00e9ismes: origine et cons\u00e9quences<\/span>\n\t\t<\/span>\n\t\t\t\t\t<\/a>\n\t\t<\/div>\n\t\t\t\t<\/div>\n\t\t\t\t<\/div>\n\t\t\t\t\t<\/div>\n\t\t<\/div>\n\t\t\t\t\t<\/div>\n\t\t<\/section>\n\t\t\t\t<\/div>\n\t\t","protected":false},"excerpt":{"rendered":"<p>Extrait du B.O.: La lithosph\u00e8re, enveloppe externe de la partie solide de la Terre, est une enveloppe qui se d\u00e9forme sous l\u2019effet de forces impos\u00e9es par la dynamique interne. Cette d\u00e9formation d\u00e9pend de la rh\u00e9ologie des mat\u00e9riaux qui la composent&hellip;&nbsp;<a href=\"https:\/\/svt-dalaine.fr\/svt\/st-d-les-deformations-de-la-lithosphere\/\" class=\"more-link\">Lire la suite<\/a><\/p>\n","protected":false},"author":1,"featured_media":0,"parent":0,"menu_order":0,"comment_status":"closed","ping_status":"closed","template":"","meta":{"footnotes":""},"categories":[],"tags":[],"class_list":["post-2147","page","type-page","status-publish","hentry"],"yoast_head":"<!-- This site is optimized with the Yoast SEO plugin v21.9.1 - https:\/\/yoast.com\/wordpress\/plugins\/seo\/ -->\n<title>ST-D- Les d\u00e9formations de la lithosph\u00e8re - Bienvenue sur le site de Sciences de la Vie et de la Terre<\/title>\n<meta name=\"robots\" content=\"index, follow, max-snippet:-1, max-image-preview:large, max-video-preview:-1\" \/>\n<link rel=\"canonical\" href=\"https:\/\/svt-dalaine.fr\/svt\/st-d-les-deformations-de-la-lithosphere\/\" \/>\n<meta property=\"og:locale\" content=\"fr_FR\" \/>\n<meta property=\"og:type\" content=\"article\" \/>\n<meta property=\"og:title\" content=\"ST-D- Les d\u00e9formations de la lithosph\u00e8re - Bienvenue sur le site de Sciences de la Vie et de la Terre\" \/>\n<meta property=\"og:description\" content=\"Extrait du B.O.: La lithosph\u00e8re, enveloppe externe de la partie solide de la Terre, est une enveloppe qui se d\u00e9forme sous l\u2019effet de forces impos\u00e9es par la dynamique interne. Cette d\u00e9formation d\u00e9pend de la rh\u00e9ologie des mat\u00e9riaux qui la composent&hellip;&nbsp;Lire la suite\" \/>\n<meta property=\"og:url\" content=\"https:\/\/svt-dalaine.fr\/svt\/st-d-les-deformations-de-la-lithosphere\/\" \/>\n<meta property=\"og:site_name\" content=\"Bienvenue sur le site de Sciences de la Vie et de la Terre\" \/>\n<meta property=\"article:modified_time\" content=\"2024-11-06T18:41:12+00:00\" \/>\n<meta property=\"og:image\" content=\"https:\/\/svt-dalaine.fr\/svt\/wp-content\/uploads\/2024\/11\/deformation-etirement-1024x768.jpg\" \/>\n<meta name=\"twitter:card\" content=\"summary_large_image\" \/>\n<meta name=\"twitter:label1\" content=\"Dur\u00e9e de lecture estim\u00e9e\" \/>\n\t<meta name=\"twitter:data1\" content=\"2 minutes\" \/>\n<script type=\"application\/ld+json\" class=\"yoast-schema-graph\">{\"@context\":\"https:\/\/schema.org\",\"@graph\":[{\"@type\":\"WebPage\",\"@id\":\"https:\/\/svt-dalaine.fr\/svt\/st-d-les-deformations-de-la-lithosphere\/\",\"url\":\"https:\/\/svt-dalaine.fr\/svt\/st-d-les-deformations-de-la-lithosphere\/\",\"name\":\"ST-D- Les d\u00e9formations de la lithosph\u00e8re - Bienvenue sur le site de Sciences de la Vie et de la Terre\",\"isPartOf\":{\"@id\":\"https:\/\/svt-dalaine.fr\/svt\/#website\"},\"datePublished\":\"2024-02-25T09:45:25+00:00\",\"dateModified\":\"2024-11-06T18:41:12+00:00\",\"breadcrumb\":{\"@id\":\"https:\/\/svt-dalaine.fr\/svt\/st-d-les-deformations-de-la-lithosphere\/#breadcrumb\"},\"inLanguage\":\"fr-FR\",\"potentialAction\":[{\"@type\":\"ReadAction\",\"target\":[\"https:\/\/svt-dalaine.fr\/svt\/st-d-les-deformations-de-la-lithosphere\/\"]}]},{\"@type\":\"BreadcrumbList\",\"@id\":\"https:\/\/svt-dalaine.fr\/svt\/st-d-les-deformations-de-la-lithosphere\/#breadcrumb\",\"itemListElement\":[{\"@type\":\"ListItem\",\"position\":1,\"name\":\"Accueil\",\"item\":\"https:\/\/svt-dalaine.fr\/svt\/\"},{\"@type\":\"ListItem\",\"position\":2,\"name\":\"ST-D- Les d\u00e9formations de la lithosph\u00e8re\"}]},{\"@type\":\"WebSite\",\"@id\":\"https:\/\/svt-dalaine.fr\/svt\/#website\",\"url\":\"https:\/\/svt-dalaine.fr\/svt\/\",\"name\":\"Bienvenue sur le site de Sciences de la Vie et de la Terre\",\"description\":\"Ressources en SVT de St\u00e9phanie Dalaine, professeure agr\u00e9g\u00e9e exer\u00e7ant en BCPST1 ENCPB\",\"potentialAction\":[{\"@type\":\"SearchAction\",\"target\":{\"@type\":\"EntryPoint\",\"urlTemplate\":\"https:\/\/svt-dalaine.fr\/svt\/?s={search_term_string}\"},\"query-input\":\"required name=search_term_string\"}],\"inLanguage\":\"fr-FR\"}]}<\/script>\n<!-- \/ Yoast SEO plugin. -->","yoast_head_json":{"title":"ST-D- Les d\u00e9formations de la lithosph\u00e8re - Bienvenue sur le site de Sciences de la Vie et de la Terre","robots":{"index":"index","follow":"follow","max-snippet":"max-snippet:-1","max-image-preview":"max-image-preview:large","max-video-preview":"max-video-preview:-1"},"canonical":"https:\/\/svt-dalaine.fr\/svt\/st-d-les-deformations-de-la-lithosphere\/","og_locale":"fr_FR","og_type":"article","og_title":"ST-D- Les d\u00e9formations de la lithosph\u00e8re - Bienvenue sur le site de Sciences de la Vie et de la Terre","og_description":"Extrait du B.O.: La lithosph\u00e8re, enveloppe externe de la partie solide de la Terre, est une enveloppe qui se d\u00e9forme sous l\u2019effet de forces impos\u00e9es par la dynamique interne. Cette d\u00e9formation d\u00e9pend de la rh\u00e9ologie des mat\u00e9riaux qui la composent&hellip;&nbsp;Lire la suite","og_url":"https:\/\/svt-dalaine.fr\/svt\/st-d-les-deformations-de-la-lithosphere\/","og_site_name":"Bienvenue sur le site de Sciences de la Vie et de la Terre","article_modified_time":"2024-11-06T18:41:12+00:00","og_image":[{"url":"https:\/\/svt-dalaine.fr\/svt\/wp-content\/uploads\/2024\/11\/deformation-etirement-1024x768.jpg"}],"twitter_card":"summary_large_image","twitter_misc":{"Dur\u00e9e de lecture estim\u00e9e":"2 minutes"},"schema":{"@context":"https:\/\/schema.org","@graph":[{"@type":"WebPage","@id":"https:\/\/svt-dalaine.fr\/svt\/st-d-les-deformations-de-la-lithosphere\/","url":"https:\/\/svt-dalaine.fr\/svt\/st-d-les-deformations-de-la-lithosphere\/","name":"ST-D- Les d\u00e9formations de la lithosph\u00e8re - Bienvenue sur le site de Sciences de la Vie et de la Terre","isPartOf":{"@id":"https:\/\/svt-dalaine.fr\/svt\/#website"},"datePublished":"2024-02-25T09:45:25+00:00","dateModified":"2024-11-06T18:41:12+00:00","breadcrumb":{"@id":"https:\/\/svt-dalaine.fr\/svt\/st-d-les-deformations-de-la-lithosphere\/#breadcrumb"},"inLanguage":"fr-FR","potentialAction":[{"@type":"ReadAction","target":["https:\/\/svt-dalaine.fr\/svt\/st-d-les-deformations-de-la-lithosphere\/"]}]},{"@type":"BreadcrumbList","@id":"https:\/\/svt-dalaine.fr\/svt\/st-d-les-deformations-de-la-lithosphere\/#breadcrumb","itemListElement":[{"@type":"ListItem","position":1,"name":"Accueil","item":"https:\/\/svt-dalaine.fr\/svt\/"},{"@type":"ListItem","position":2,"name":"ST-D- Les d\u00e9formations de la lithosph\u00e8re"}]},{"@type":"WebSite","@id":"https:\/\/svt-dalaine.fr\/svt\/#website","url":"https:\/\/svt-dalaine.fr\/svt\/","name":"Bienvenue sur le site de Sciences de la Vie et de la Terre","description":"Ressources en SVT de St\u00e9phanie Dalaine, professeure agr\u00e9g\u00e9e exer\u00e7ant en BCPST1 ENCPB","potentialAction":[{"@type":"SearchAction","target":{"@type":"EntryPoint","urlTemplate":"https:\/\/svt-dalaine.fr\/svt\/?s={search_term_string}"},"query-input":"required name=search_term_string"}],"inLanguage":"fr-FR"}]}},"_links":{"self":[{"href":"https:\/\/svt-dalaine.fr\/svt\/wp-json\/wp\/v2\/pages\/2147","targetHints":{"allow":["GET"]}}],"collection":[{"href":"https:\/\/svt-dalaine.fr\/svt\/wp-json\/wp\/v2\/pages"}],"about":[{"href":"https:\/\/svt-dalaine.fr\/svt\/wp-json\/wp\/v2\/types\/page"}],"author":[{"embeddable":true,"href":"https:\/\/svt-dalaine.fr\/svt\/wp-json\/wp\/v2\/users\/1"}],"replies":[{"embeddable":true,"href":"https:\/\/svt-dalaine.fr\/svt\/wp-json\/wp\/v2\/comments?post=2147"}],"version-history":[{"count":4,"href":"https:\/\/svt-dalaine.fr\/svt\/wp-json\/wp\/v2\/pages\/2147\/revisions"}],"predecessor-version":[{"id":2584,"href":"https:\/\/svt-dalaine.fr\/svt\/wp-json\/wp\/v2\/pages\/2147\/revisions\/2584"}],"wp:attachment":[{"href":"https:\/\/svt-dalaine.fr\/svt\/wp-json\/wp\/v2\/media?parent=2147"}],"wp:term":[{"taxonomy":"category","embeddable":true,"href":"https:\/\/svt-dalaine.fr\/svt\/wp-json\/wp\/v2\/categories?post=2147"},{"taxonomy":"post_tag","embeddable":true,"href":"https:\/\/svt-dalaine.fr\/svt\/wp-json\/wp\/v2\/tags?post=2147"}],"curies":[{"name":"wp","href":"https:\/\/api.w.org\/{rel}","templated":true}]}}