{"id":2249,"date":"2024-03-22T11:13:09","date_gmt":"2024-03-22T10:13:09","guid":{"rendered":"https:\/\/svt-dalaine.fr\/svt\/?page_id=2249"},"modified":"2026-04-07T16:32:54","modified_gmt":"2026-04-07T14:32:54","slug":"sv-f-2-lexpression-du-genome","status":"publish","type":"page","link":"https:\/\/svt-dalaine.fr\/svt\/sv-f-2-lexpression-du-genome\/","title":{"rendered":"SV-F-2 L&#8217;expression du g\u00e9nome"},"content":{"rendered":"\t\t<div data-elementor-type=\"wp-page\" data-elementor-id=\"2249\" class=\"elementor elementor-2249\">\n\t\t\t\t\t\t<section class=\"elementor-section elementor-top-section elementor-element elementor-element-b1f15f3 elementor-section-boxed elementor-section-height-default elementor-section-height-default\" data-id=\"b1f15f3\" data-element_type=\"section\">\n\t\t\t\t\t\t<div class=\"elementor-container elementor-column-gap-default\">\n\t\t\t\t\t<div class=\"elementor-column elementor-col-100 elementor-top-column elementor-element elementor-element-26584cc\" data-id=\"26584cc\" data-element_type=\"column\">\n\t\t\t<div class=\"elementor-widget-wrap elementor-element-populated\">\n\t\t\t\t\t\t<div class=\"elementor-element elementor-element-8822d3a elementor-widget elementor-widget-image\" data-id=\"8822d3a\" data-element_type=\"widget\" data-widget_type=\"image.default\">\n\t\t\t\t<div class=\"elementor-widget-container\">\n\t\t\t\t\t\t\t\t\t\t\t\t\t<img fetchpriority=\"high\" decoding=\"async\" width=\"640\" height=\"427\" src=\"https:\/\/svt-dalaine.fr\/svt\/wp-content\/uploads\/2024\/03\/How_proteins_are_made_NSF-modified750px.jpg\" class=\"attachment-large size-large wp-image-2253\" alt=\"\" srcset=\"https:\/\/svt-dalaine.fr\/svt\/wp-content\/uploads\/2024\/03\/How_proteins_are_made_NSF-modified750px.jpg 750w, https:\/\/svt-dalaine.fr\/svt\/wp-content\/uploads\/2024\/03\/How_proteins_are_made_NSF-modified750px-300x200.jpg 300w, https:\/\/svt-dalaine.fr\/svt\/wp-content\/uploads\/2024\/03\/How_proteins_are_made_NSF-modified750px-360x240.jpg 360w\" sizes=\"(max-width: 640px) 100vw, 640px\" \/>\t\t\t\t\t\t\t\t\t\t\t\t\t<\/div>\n\t\t\t\t<\/div>\n\t\t\t\t\t<\/div>\n\t\t<\/div>\n\t\t\t\t\t<\/div>\n\t\t<\/section>\n\t\t\t\t<section class=\"elementor-section elementor-top-section elementor-element elementor-element-9966b1c elementor-section-boxed elementor-section-height-default elementor-section-height-default\" data-id=\"9966b1c\" data-element_type=\"section\">\n\t\t\t\t\t\t<div class=\"elementor-container elementor-column-gap-default\">\n\t\t\t\t\t<div class=\"elementor-column elementor-col-100 elementor-top-column elementor-element elementor-element-069b10b\" data-id=\"069b10b\" data-element_type=\"column\">\n\t\t\t<div class=\"elementor-widget-wrap elementor-element-populated\">\n\t\t\t\t\t\t<div class=\"elementor-element elementor-element-ddd3183 elementor-widget elementor-widget-text-editor\" data-id=\"ddd3183\" data-element_type=\"widget\" data-widget_type=\"text-editor.default\">\n\t\t\t\t<div class=\"elementor-widget-container\">\n\t\t\t\t\t\t\t<p>Extrait du B.O.<\/p><table><tbody><tr><td width=\"519\"><p>La transcription de l\u2019ADN en ARN est assur\u00e9e par des ARN polym\u00e9rases. Elle se d\u00e9roule en trois \u00e9tapes (initiation, \u00e9longation, terminaison) et g\u00e9n\u00e8re plusieurs types d\u2019ARN : ARN<sub>m<\/sub>, ARN<sub>t<\/sub>, ARN<sub>r<\/sub> et petits ARN. La transcription est initi\u00e9e au niveau d\u2019un promoteur reconnu par un complexe d\u2018initiation et modul\u00e9e positivement ou n\u00e9gativement par des facteurs de transcription.<\/p><p>Un g\u00e8ne est une unit\u00e9 de transcription avec ses s\u00e9quences r\u00e9gulatrices, c\u2019est-\u00e0-dire une s\u00e9quence d\u2019ADN n\u00e9cessaire \u00e0 la synth\u00e8se d\u2019un ARN. Ce dernier peut conduire \u00e0 la synth\u00e8se d&#8217;un ou plusieurs polypeptides.<\/p><p>Chez les Eucaryotes, les ARN pr\u00e9-messagers subissent une maturation (excision-\u00e9pissage s\u2019ils sont morcel\u00e9s, ajout d\u2019une coiffe en 5&#8242;, polyad\u00e9nylation en 3\u2019) dans le noyau. Les ARN messagers obtenus sont export\u00e9s vers le cytosol.<\/p><p>Des m\u00e9canismes comme l&#8217;\u00e9pissage alternatif, produisent des ARNm diff\u00e9rents pour une m\u00eame unit\u00e9 de transcription. L\u2019ensemble des ARN transcrits et matur\u00e9s constitue le transcriptome cellulaire.<\/p><p>Dans le cytosol, les ARNm matures sont traduits en polypeptides. La traduction repose sur la coop\u00e9ration fonctionnelle entre diff\u00e9rentes classes d\u2019ARN au sein des ribosomes. Elle comprend une phase d\u2019initiation, d\u2019\u00e9longation et de terminaison. La correspondance entre un codon et un acide amin\u00e9 est assur\u00e9e par les ARN<sub>t<\/sub> suivant le code g\u00e9n\u00e9tique. Les amino-acyl ARN<sub>t<\/sub> synth\u00e9tases assurent la fid\u00e9lit\u00e9 de la correspondance acide amin\u00e9\/codon sur l\u2019ARN<sub>t<\/sub>. La transpeptidation est catalys\u00e9e par un ARN<sub>r<\/sub> (ribozyme) de la grande sous-unit\u00e9 du ribosome. La machinerie de traduction assure la conversion de l&#8217;information cod\u00e9e dans la s\u00e9quence nucl\u00e9otidique en s\u00e9quence d&#8217;acides amin\u00e9s.<\/p><p>Chez les Eucaryotes, la traduction est r\u00e9alis\u00e9e dans le cytosol et dans les organites semi-autonomes.<\/p><p>Chez les bact\u00e9ries, transcription et traduction sont simultan\u00e9es. La prot\u00e9ine synth\u00e9tis\u00e9e ou en cours de synth\u00e8se peut \u00eatre adress\u00e9e \u00e0 un compartiment particulier gr\u00e2ce \u00e0 une s\u00e9quence signal et une machinerie d\u2019adressage en interaction avec le syst\u00e8me de traduction. L\u2019acquisition de la structure tridimensionnelle d\u2019une prot\u00e9ine (repliement) peut \u00eatre assist\u00e9e par des prot\u00e9ines chaperonnes. Une prot\u00e9ine peut subir des modifications post- traductionnelles.<\/p><p>Les virus se multiplient en d\u00e9tournant la machinerie d&#8217;expression de l&#8217;information g\u00e9n\u00e9tique de la cellule h\u00f4te.<\/p><p>Des modifications de l\u2019environnement cellulaire ou des signaux internes \u00e0 la cellule influencent l\u2019expression du g\u00e9nome. Ces diverses influences conduisent \u00e0 des ph\u00e9notypes vari\u00e9s.<\/p><p>Chez les Eucaryotes, l\u2019ensemble des contr\u00f4les transcriptionnels, post-transcriptionnels et post-traductionnels expliquent la diversit\u00e9 des transcriptomes et des prot\u00e9omes. La diversit\u00e9 des ARN et prot\u00e9ines produits \u00e0 un instant donn\u00e9 est \u00e0 l\u2019origine du ph\u00e9notype des cellules et des organismes.<\/p><p>Des modifications exp\u00e9rimentales par mutagen\u00e8se al\u00e9atoire ou cibl\u00e9e ou transgen\u00e8se permettent d\u2019\u00e9tudier les liens entre g\u00e9notype et ph\u00e9notype. Les transcriptomes et prot\u00e9omes peuvent \u00eatre \u00e9tudi\u00e9s \u00e0 l\u2019aide de sondes nucl\u00e9otidiques et d\u2019anticorps sp\u00e9cifiques respectivement.<\/p><p>\u00a0<\/p><\/td><\/tr><\/tbody><\/table>\t\t\t\t\t\t<\/div>\n\t\t\t\t<\/div>\n\t\t\t\t\t<\/div>\n\t\t<\/div>\n\t\t\t\t\t<\/div>\n\t\t<\/section>\n\t\t\t\t<\/div>\n\t\t","protected":false},"excerpt":{"rendered":"<p>Extrait du B.O. La transcription de l\u2019ADN en ARN est assur\u00e9e par des ARN polym\u00e9rases. Elle se d\u00e9roule en trois \u00e9tapes (initiation, \u00e9longation, terminaison) et g\u00e9n\u00e8re plusieurs types d\u2019ARN : ARNm, ARNt, ARNr et petits ARN. La transcription est initi\u00e9e&hellip;&nbsp;<a href=\"https:\/\/svt-dalaine.fr\/svt\/sv-f-2-lexpression-du-genome\/\" class=\"more-link\">Lire la suite<\/a><\/p>\n","protected":false},"author":1,"featured_media":0,"parent":0,"menu_order":0,"comment_status":"closed","ping_status":"closed","template":"","meta":{"footnotes":""},"categories":[],"tags":[],"class_list":["post-2249","page","type-page","status-publish","hentry"],"yoast_head":"<!-- This site is optimized with the Yoast SEO plugin v21.9.1 - https:\/\/yoast.com\/wordpress\/plugins\/seo\/ -->\n<title>SV-F-2 L&#039;expression du g\u00e9nome - Bienvenue sur le site de Sciences de la Vie et de la Terre<\/title>\n<meta name=\"robots\" content=\"index, follow, max-snippet:-1, max-image-preview:large, max-video-preview:-1\" \/>\n<link rel=\"canonical\" href=\"https:\/\/svt-dalaine.fr\/svt\/sv-f-2-lexpression-du-genome\/\" \/>\n<meta property=\"og:locale\" content=\"fr_FR\" \/>\n<meta property=\"og:type\" content=\"article\" \/>\n<meta property=\"og:title\" content=\"SV-F-2 L&#039;expression du g\u00e9nome - Bienvenue sur le site de Sciences de la Vie et de la Terre\" \/>\n<meta property=\"og:description\" content=\"Extrait du B.O. La transcription de l\u2019ADN en ARN est assur\u00e9e par des ARN polym\u00e9rases. Elle se d\u00e9roule en trois \u00e9tapes (initiation, \u00e9longation, terminaison) et g\u00e9n\u00e8re plusieurs types d\u2019ARN : ARNm, ARNt, ARNr et petits ARN. La transcription est initi\u00e9e&hellip;&nbsp;Lire la suite\" \/>\n<meta property=\"og:url\" content=\"https:\/\/svt-dalaine.fr\/svt\/sv-f-2-lexpression-du-genome\/\" \/>\n<meta property=\"og:site_name\" content=\"Bienvenue sur le site de Sciences de la Vie et de la Terre\" \/>\n<meta property=\"article:modified_time\" content=\"2026-04-07T14:32:54+00:00\" \/>\n<meta property=\"og:image\" content=\"https:\/\/svt-dalaine.fr\/svt\/wp-content\/uploads\/2024\/03\/How_proteins_are_made_NSF-modified750px.jpg\" \/>\n<meta name=\"twitter:card\" content=\"summary_large_image\" \/>\n<meta name=\"twitter:label1\" content=\"Dur\u00e9e de lecture estim\u00e9e\" \/>\n\t<meta name=\"twitter:data1\" content=\"3 minutes\" \/>\n<script type=\"application\/ld+json\" class=\"yoast-schema-graph\">{\"@context\":\"https:\/\/schema.org\",\"@graph\":[{\"@type\":\"WebPage\",\"@id\":\"https:\/\/svt-dalaine.fr\/svt\/sv-f-2-lexpression-du-genome\/\",\"url\":\"https:\/\/svt-dalaine.fr\/svt\/sv-f-2-lexpression-du-genome\/\",\"name\":\"SV-F-2 L'expression du g\u00e9nome - Bienvenue sur le site de Sciences de la Vie et de la Terre\",\"isPartOf\":{\"@id\":\"https:\/\/svt-dalaine.fr\/svt\/#website\"},\"datePublished\":\"2024-03-22T10:13:09+00:00\",\"dateModified\":\"2026-04-07T14:32:54+00:00\",\"breadcrumb\":{\"@id\":\"https:\/\/svt-dalaine.fr\/svt\/sv-f-2-lexpression-du-genome\/#breadcrumb\"},\"inLanguage\":\"fr-FR\",\"potentialAction\":[{\"@type\":\"ReadAction\",\"target\":[\"https:\/\/svt-dalaine.fr\/svt\/sv-f-2-lexpression-du-genome\/\"]}]},{\"@type\":\"BreadcrumbList\",\"@id\":\"https:\/\/svt-dalaine.fr\/svt\/sv-f-2-lexpression-du-genome\/#breadcrumb\",\"itemListElement\":[{\"@type\":\"ListItem\",\"position\":1,\"name\":\"Accueil\",\"item\":\"https:\/\/svt-dalaine.fr\/svt\/\"},{\"@type\":\"ListItem\",\"position\":2,\"name\":\"SV-F-2 L&#8217;expression du g\u00e9nome\"}]},{\"@type\":\"WebSite\",\"@id\":\"https:\/\/svt-dalaine.fr\/svt\/#website\",\"url\":\"https:\/\/svt-dalaine.fr\/svt\/\",\"name\":\"Bienvenue sur le site de Sciences de la Vie et de la Terre\",\"description\":\"Ressources en SVT de St\u00e9phanie Dalaine, professeure agr\u00e9g\u00e9e exer\u00e7ant en BCPST1 ENCPB\",\"potentialAction\":[{\"@type\":\"SearchAction\",\"target\":{\"@type\":\"EntryPoint\",\"urlTemplate\":\"https:\/\/svt-dalaine.fr\/svt\/?s={search_term_string}\"},\"query-input\":\"required name=search_term_string\"}],\"inLanguage\":\"fr-FR\"}]}<\/script>\n<!-- \/ Yoast SEO plugin. -->","yoast_head_json":{"title":"SV-F-2 L'expression du g\u00e9nome - Bienvenue sur le site de Sciences de la Vie et de la Terre","robots":{"index":"index","follow":"follow","max-snippet":"max-snippet:-1","max-image-preview":"max-image-preview:large","max-video-preview":"max-video-preview:-1"},"canonical":"https:\/\/svt-dalaine.fr\/svt\/sv-f-2-lexpression-du-genome\/","og_locale":"fr_FR","og_type":"article","og_title":"SV-F-2 L'expression du g\u00e9nome - Bienvenue sur le site de Sciences de la Vie et de la Terre","og_description":"Extrait du B.O. La transcription de l\u2019ADN en ARN est assur\u00e9e par des ARN polym\u00e9rases. Elle se d\u00e9roule en trois \u00e9tapes (initiation, \u00e9longation, terminaison) et g\u00e9n\u00e8re plusieurs types d\u2019ARN : ARNm, ARNt, ARNr et petits ARN. La transcription est initi\u00e9e&hellip;&nbsp;Lire la suite","og_url":"https:\/\/svt-dalaine.fr\/svt\/sv-f-2-lexpression-du-genome\/","og_site_name":"Bienvenue sur le site de Sciences de la Vie et de la Terre","article_modified_time":"2026-04-07T14:32:54+00:00","og_image":[{"url":"https:\/\/svt-dalaine.fr\/svt\/wp-content\/uploads\/2024\/03\/How_proteins_are_made_NSF-modified750px.jpg"}],"twitter_card":"summary_large_image","twitter_misc":{"Dur\u00e9e de lecture estim\u00e9e":"3 minutes"},"schema":{"@context":"https:\/\/schema.org","@graph":[{"@type":"WebPage","@id":"https:\/\/svt-dalaine.fr\/svt\/sv-f-2-lexpression-du-genome\/","url":"https:\/\/svt-dalaine.fr\/svt\/sv-f-2-lexpression-du-genome\/","name":"SV-F-2 L'expression du g\u00e9nome - Bienvenue sur le site de Sciences de la Vie et de la Terre","isPartOf":{"@id":"https:\/\/svt-dalaine.fr\/svt\/#website"},"datePublished":"2024-03-22T10:13:09+00:00","dateModified":"2026-04-07T14:32:54+00:00","breadcrumb":{"@id":"https:\/\/svt-dalaine.fr\/svt\/sv-f-2-lexpression-du-genome\/#breadcrumb"},"inLanguage":"fr-FR","potentialAction":[{"@type":"ReadAction","target":["https:\/\/svt-dalaine.fr\/svt\/sv-f-2-lexpression-du-genome\/"]}]},{"@type":"BreadcrumbList","@id":"https:\/\/svt-dalaine.fr\/svt\/sv-f-2-lexpression-du-genome\/#breadcrumb","itemListElement":[{"@type":"ListItem","position":1,"name":"Accueil","item":"https:\/\/svt-dalaine.fr\/svt\/"},{"@type":"ListItem","position":2,"name":"SV-F-2 L&#8217;expression du g\u00e9nome"}]},{"@type":"WebSite","@id":"https:\/\/svt-dalaine.fr\/svt\/#website","url":"https:\/\/svt-dalaine.fr\/svt\/","name":"Bienvenue sur le site de Sciences de la Vie et de la Terre","description":"Ressources en SVT de St\u00e9phanie Dalaine, professeure agr\u00e9g\u00e9e exer\u00e7ant en BCPST1 ENCPB","potentialAction":[{"@type":"SearchAction","target":{"@type":"EntryPoint","urlTemplate":"https:\/\/svt-dalaine.fr\/svt\/?s={search_term_string}"},"query-input":"required name=search_term_string"}],"inLanguage":"fr-FR"}]}},"_links":{"self":[{"href":"https:\/\/svt-dalaine.fr\/svt\/wp-json\/wp\/v2\/pages\/2249","targetHints":{"allow":["GET"]}}],"collection":[{"href":"https:\/\/svt-dalaine.fr\/svt\/wp-json\/wp\/v2\/pages"}],"about":[{"href":"https:\/\/svt-dalaine.fr\/svt\/wp-json\/wp\/v2\/types\/page"}],"author":[{"embeddable":true,"href":"https:\/\/svt-dalaine.fr\/svt\/wp-json\/wp\/v2\/users\/1"}],"replies":[{"embeddable":true,"href":"https:\/\/svt-dalaine.fr\/svt\/wp-json\/wp\/v2\/comments?post=2249"}],"version-history":[{"count":5,"href":"https:\/\/svt-dalaine.fr\/svt\/wp-json\/wp\/v2\/pages\/2249\/revisions"}],"predecessor-version":[{"id":2257,"href":"https:\/\/svt-dalaine.fr\/svt\/wp-json\/wp\/v2\/pages\/2249\/revisions\/2257"}],"wp:attachment":[{"href":"https:\/\/svt-dalaine.fr\/svt\/wp-json\/wp\/v2\/media?parent=2249"}],"wp:term":[{"taxonomy":"category","embeddable":true,"href":"https:\/\/svt-dalaine.fr\/svt\/wp-json\/wp\/v2\/categories?post=2249"},{"taxonomy":"post_tag","embeddable":true,"href":"https:\/\/svt-dalaine.fr\/svt\/wp-json\/wp\/v2\/tags?post=2249"}],"curies":[{"name":"wp","href":"https:\/\/api.w.org\/{rel}","templated":true}]}}