{"id":2264,"date":"2024-03-26T10:54:23","date_gmt":"2024-03-26T09:54:23","guid":{"rendered":"https:\/\/svt-dalaine.fr\/svt\/?page_id=2264"},"modified":"2026-04-13T11:41:01","modified_gmt":"2026-04-13T09:41:01","slug":"sv-e-1-lapprovisionnement-en-matiere-organique","status":"publish","type":"page","link":"https:\/\/svt-dalaine.fr\/svt\/sv-e-1-lapprovisionnement-en-matiere-organique\/","title":{"rendered":"SV-E-1 L&#8217;approvisionnement en mati\u00e8re organique"},"content":{"rendered":"\t\t<div data-elementor-type=\"wp-page\" data-elementor-id=\"2264\" class=\"elementor elementor-2264\">\n\t\t\t\t\t\t<section class=\"elementor-section elementor-top-section elementor-element elementor-element-25c8a2e elementor-section-boxed elementor-section-height-default elementor-section-height-default\" data-id=\"25c8a2e\" data-element_type=\"section\">\n\t\t\t\t\t\t<div class=\"elementor-container elementor-column-gap-default\">\n\t\t\t\t\t<div class=\"elementor-column elementor-col-100 elementor-top-column elementor-element elementor-element-351832e\" data-id=\"351832e\" data-element_type=\"column\">\n\t\t\t<div class=\"elementor-widget-wrap elementor-element-populated\">\n\t\t\t\t\t\t<div class=\"elementor-element elementor-element-d191a9e elementor-widget elementor-widget-image\" data-id=\"d191a9e\" data-element_type=\"widget\" data-widget_type=\"image.default\">\n\t\t\t\t<div class=\"elementor-widget-container\">\n\t\t\t\t\t\t\t\t\t\t\t\t\t<img fetchpriority=\"high\" decoding=\"async\" width=\"640\" height=\"413\" src=\"https:\/\/svt-dalaine.fr\/svt\/wp-content\/uploads\/2024\/03\/chlorplaste-3D-1024x660.jpg\" class=\"attachment-large size-large wp-image-2270\" alt=\"\" srcset=\"https:\/\/svt-dalaine.fr\/svt\/wp-content\/uploads\/2024\/03\/chlorplaste-3D-1024x660.jpg 1024w, https:\/\/svt-dalaine.fr\/svt\/wp-content\/uploads\/2024\/03\/chlorplaste-3D-300x193.jpg 300w, https:\/\/svt-dalaine.fr\/svt\/wp-content\/uploads\/2024\/03\/chlorplaste-3D-768x495.jpg 768w, https:\/\/svt-dalaine.fr\/svt\/wp-content\/uploads\/2024\/03\/chlorplaste-3D-360x232.jpg 360w, https:\/\/svt-dalaine.fr\/svt\/wp-content\/uploads\/2024\/03\/chlorplaste-3D.jpg 1489w\" sizes=\"(max-width: 640px) 100vw, 640px\" \/>\t\t\t\t\t\t\t\t\t\t\t\t\t<\/div>\n\t\t\t\t<\/div>\n\t\t\t\t\t<\/div>\n\t\t<\/div>\n\t\t\t\t\t<\/div>\n\t\t<\/section>\n\t\t\t\t<section class=\"elementor-section elementor-top-section elementor-element elementor-element-d9ef8a5 elementor-section-boxed elementor-section-height-default elementor-section-height-default\" data-id=\"d9ef8a5\" data-element_type=\"section\">\n\t\t\t\t\t\t<div class=\"elementor-container elementor-column-gap-default\">\n\t\t\t\t\t<div class=\"elementor-column elementor-col-100 elementor-top-column elementor-element elementor-element-c661275\" data-id=\"c661275\" data-element_type=\"column\">\n\t\t\t<div class=\"elementor-widget-wrap elementor-element-populated\">\n\t\t\t\t\t\t<div class=\"elementor-element elementor-element-a9b19dc elementor-widget elementor-widget-text-editor\" data-id=\"a9b19dc\" data-element_type=\"widget\" data-widget_type=\"text-editor.default\">\n\t\t\t\t<div class=\"elementor-widget-container\">\n\t\t\t\t\t\t\t<p>Extrait du B.O.<\/p><p>L\u2019approvisionnement des cellules en mati\u00e8re organique se fait, soit par pr\u00e9l\u00e8vement direct dans l\u2019environnement (h\u00e9t\u00e9rotrophes), soit par pr\u00e9l\u00e8vement puis r\u00e9duction de mati\u00e8re min\u00e9rale (autotrophes).<\/p><p>Les cellules autotrophes synth\u00e9tisent de la mati\u00e8re organique par r\u00e9duction de mati\u00e8re min\u00e9rale. Au cours du cycle de Calvin, le carbone du CO<sub>2<\/sub> est r\u00e9duit en mati\u00e8re organique gr\u00e2ce aux produits de la phase photochimique.<\/p><p>L&#8217;hydrolyse de l\u2019ATP fournit l&#8217;\u00e9nergie n\u00e9cessaire au fonctionnement du cycle et la r\u00e9g\u00e9n\u00e9ration du ribulose 1,5 bisphosphate (RuBP).<\/p><p>La RubisCO est une enzyme clef permettant l&#8217;incorporation du CO<sub>2<\/sub>. Dans le cas de la cellule v\u00e9g\u00e9tale chlorophyllienne, l&#8217;\u00e9nergie utilis\u00e9e dans le cycle de Calvin provient de la conversion de l&#8217;\u00e9nergie lumineuse (phototrophie).<\/p><p>Les \u00e9lectrons n\u00e9cessaires \u00e0 la r\u00e9duction proviennent d\u2019une mol\u00e9cule min\u00e9rale, l&#8217;eau (lithotrophie).<\/p><p>La membrane des thylako\u00efdes contient des photosyst\u00e8mes qui font partie d\u2019une cha\u00eene de transport d\u2019\u00e9lectrons convertissant l\u2019\u00e9nergie lumineuse en \u00e9nergie potentielle chimique. L\u2019ATP est synth\u00e9tis\u00e9e par couplage osmochimique gr\u00e2ce \u00e0 l\u2019ATP synthase.<\/p><p>La RubisCO est une enzyme oligom\u00e9rique michaelienne \u00e0 activit\u00e9 carboxylase (cycle de Calvin) et oxyg\u00e9nase (photorespiration).<\/p><p>Dans le cas des bact\u00e9ries nitratantes comme Nitrobacter, l&#8217;\u00e9nergie est apport\u00e9e par conversion d\u2019\u00e9nergie potentielle chimique (chimiotrophie). Les \u00e9lectrons n\u00e9cessaires \u00e0 la r\u00e9duction proviennent d\u2019une mol\u00e9cule min\u00e9rale, l\u2019ion nitrite (lithotrophie).<\/p><p>Les cellules h\u00e9t\u00e9rotrophes pr\u00e9l\u00e8vent directement la mati\u00e8re organique dans leur environnement. Ce pr\u00e9l\u00e8vement implique des \u00e9changes transmembranaires que ce soit au niveau des cellules constituant les surfaces d\u2019\u00e9change avec le milieu ou au niveau des cellules consommatrices. Au sein d\u2019un organisme pluricellulaire, un fluide circulant assure g\u00e9n\u00e9ralement le transport des mol\u00e9cules entre les diff\u00e9rentes cellules.<\/p>\t\t\t\t\t\t<\/div>\n\t\t\t\t<\/div>\n\t\t\t\t\t<\/div>\n\t\t<\/div>\n\t\t\t\t\t<\/div>\n\t\t<\/section>\n\t\t\t\t<\/div>\n\t\t","protected":false},"excerpt":{"rendered":"<p>Extrait du B.O. L\u2019approvisionnement des cellules en mati\u00e8re organique se fait, soit par pr\u00e9l\u00e8vement direct dans l\u2019environnement (h\u00e9t\u00e9rotrophes), soit par pr\u00e9l\u00e8vement puis r\u00e9duction de mati\u00e8re min\u00e9rale (autotrophes). Les cellules autotrophes synth\u00e9tisent de la mati\u00e8re organique par r\u00e9duction de mati\u00e8re min\u00e9rale.&hellip;&nbsp;<a href=\"https:\/\/svt-dalaine.fr\/svt\/sv-e-1-lapprovisionnement-en-matiere-organique\/\" class=\"more-link\">Lire la suite<\/a><\/p>\n","protected":false},"author":1,"featured_media":0,"parent":0,"menu_order":0,"comment_status":"closed","ping_status":"closed","template":"","meta":{"footnotes":""},"categories":[],"tags":[],"class_list":["post-2264","page","type-page","status-publish","hentry"],"yoast_head":"<!-- This site is optimized with the Yoast SEO plugin v21.9.1 - https:\/\/yoast.com\/wordpress\/plugins\/seo\/ -->\n<title>SV-E-1 L&#039;approvisionnement en mati\u00e8re organique - Bienvenue sur le site de Sciences de la Vie et de la Terre<\/title>\n<meta name=\"robots\" content=\"index, follow, max-snippet:-1, max-image-preview:large, max-video-preview:-1\" \/>\n<link rel=\"canonical\" href=\"https:\/\/svt-dalaine.fr\/svt\/sv-e-1-lapprovisionnement-en-matiere-organique\/\" \/>\n<meta property=\"og:locale\" content=\"fr_FR\" \/>\n<meta property=\"og:type\" content=\"article\" \/>\n<meta property=\"og:title\" content=\"SV-E-1 L&#039;approvisionnement en mati\u00e8re organique - Bienvenue sur le site de Sciences de la Vie et de la Terre\" \/>\n<meta property=\"og:description\" content=\"Extrait du B.O. L\u2019approvisionnement des cellules en mati\u00e8re organique se fait, soit par pr\u00e9l\u00e8vement direct dans l\u2019environnement (h\u00e9t\u00e9rotrophes), soit par pr\u00e9l\u00e8vement puis r\u00e9duction de mati\u00e8re min\u00e9rale (autotrophes). Les cellules autotrophes synth\u00e9tisent de la mati\u00e8re organique par r\u00e9duction de mati\u00e8re min\u00e9rale.&hellip;&nbsp;Lire la suite\" \/>\n<meta property=\"og:url\" content=\"https:\/\/svt-dalaine.fr\/svt\/sv-e-1-lapprovisionnement-en-matiere-organique\/\" \/>\n<meta property=\"og:site_name\" content=\"Bienvenue sur le site de Sciences de la Vie et de la Terre\" \/>\n<meta property=\"article:modified_time\" content=\"2026-04-13T09:41:01+00:00\" \/>\n<meta property=\"og:image\" content=\"https:\/\/svt-dalaine.fr\/svt\/wp-content\/uploads\/2024\/03\/chlorplaste-3D-1024x660.jpg\" \/>\n<meta name=\"twitter:card\" content=\"summary_large_image\" \/>\n<meta name=\"twitter:label1\" content=\"Dur\u00e9e de lecture estim\u00e9e\" \/>\n\t<meta name=\"twitter:data1\" content=\"2 minutes\" \/>\n<script type=\"application\/ld+json\" class=\"yoast-schema-graph\">{\"@context\":\"https:\/\/schema.org\",\"@graph\":[{\"@type\":\"WebPage\",\"@id\":\"https:\/\/svt-dalaine.fr\/svt\/sv-e-1-lapprovisionnement-en-matiere-organique\/\",\"url\":\"https:\/\/svt-dalaine.fr\/svt\/sv-e-1-lapprovisionnement-en-matiere-organique\/\",\"name\":\"SV-E-1 L'approvisionnement en mati\u00e8re organique - Bienvenue sur le site de Sciences de la Vie et de la Terre\",\"isPartOf\":{\"@id\":\"https:\/\/svt-dalaine.fr\/svt\/#website\"},\"datePublished\":\"2024-03-26T09:54:23+00:00\",\"dateModified\":\"2026-04-13T09:41:01+00:00\",\"breadcrumb\":{\"@id\":\"https:\/\/svt-dalaine.fr\/svt\/sv-e-1-lapprovisionnement-en-matiere-organique\/#breadcrumb\"},\"inLanguage\":\"fr-FR\",\"potentialAction\":[{\"@type\":\"ReadAction\",\"target\":[\"https:\/\/svt-dalaine.fr\/svt\/sv-e-1-lapprovisionnement-en-matiere-organique\/\"]}]},{\"@type\":\"BreadcrumbList\",\"@id\":\"https:\/\/svt-dalaine.fr\/svt\/sv-e-1-lapprovisionnement-en-matiere-organique\/#breadcrumb\",\"itemListElement\":[{\"@type\":\"ListItem\",\"position\":1,\"name\":\"Accueil\",\"item\":\"https:\/\/svt-dalaine.fr\/svt\/\"},{\"@type\":\"ListItem\",\"position\":2,\"name\":\"SV-E-1 L&#8217;approvisionnement en mati\u00e8re organique\"}]},{\"@type\":\"WebSite\",\"@id\":\"https:\/\/svt-dalaine.fr\/svt\/#website\",\"url\":\"https:\/\/svt-dalaine.fr\/svt\/\",\"name\":\"Bienvenue sur le site de Sciences de la Vie et de la Terre\",\"description\":\"Ressources en SVT de St\u00e9phanie Dalaine, professeure agr\u00e9g\u00e9e exer\u00e7ant en BCPST1 ENCPB\",\"potentialAction\":[{\"@type\":\"SearchAction\",\"target\":{\"@type\":\"EntryPoint\",\"urlTemplate\":\"https:\/\/svt-dalaine.fr\/svt\/?s={search_term_string}\"},\"query-input\":\"required name=search_term_string\"}],\"inLanguage\":\"fr-FR\"}]}<\/script>\n<!-- \/ Yoast SEO plugin. -->","yoast_head_json":{"title":"SV-E-1 L'approvisionnement en mati\u00e8re organique - Bienvenue sur le site de Sciences de la Vie et de la Terre","robots":{"index":"index","follow":"follow","max-snippet":"max-snippet:-1","max-image-preview":"max-image-preview:large","max-video-preview":"max-video-preview:-1"},"canonical":"https:\/\/svt-dalaine.fr\/svt\/sv-e-1-lapprovisionnement-en-matiere-organique\/","og_locale":"fr_FR","og_type":"article","og_title":"SV-E-1 L'approvisionnement en mati\u00e8re organique - Bienvenue sur le site de Sciences de la Vie et de la Terre","og_description":"Extrait du B.O. L\u2019approvisionnement des cellules en mati\u00e8re organique se fait, soit par pr\u00e9l\u00e8vement direct dans l\u2019environnement (h\u00e9t\u00e9rotrophes), soit par pr\u00e9l\u00e8vement puis r\u00e9duction de mati\u00e8re min\u00e9rale (autotrophes). Les cellules autotrophes synth\u00e9tisent de la mati\u00e8re organique par r\u00e9duction de mati\u00e8re min\u00e9rale.&hellip;&nbsp;Lire la suite","og_url":"https:\/\/svt-dalaine.fr\/svt\/sv-e-1-lapprovisionnement-en-matiere-organique\/","og_site_name":"Bienvenue sur le site de Sciences de la Vie et de la Terre","article_modified_time":"2026-04-13T09:41:01+00:00","og_image":[{"url":"https:\/\/svt-dalaine.fr\/svt\/wp-content\/uploads\/2024\/03\/chlorplaste-3D-1024x660.jpg"}],"twitter_card":"summary_large_image","twitter_misc":{"Dur\u00e9e de lecture estim\u00e9e":"2 minutes"},"schema":{"@context":"https:\/\/schema.org","@graph":[{"@type":"WebPage","@id":"https:\/\/svt-dalaine.fr\/svt\/sv-e-1-lapprovisionnement-en-matiere-organique\/","url":"https:\/\/svt-dalaine.fr\/svt\/sv-e-1-lapprovisionnement-en-matiere-organique\/","name":"SV-E-1 L'approvisionnement en mati\u00e8re organique - Bienvenue sur le site de Sciences de la Vie et de la Terre","isPartOf":{"@id":"https:\/\/svt-dalaine.fr\/svt\/#website"},"datePublished":"2024-03-26T09:54:23+00:00","dateModified":"2026-04-13T09:41:01+00:00","breadcrumb":{"@id":"https:\/\/svt-dalaine.fr\/svt\/sv-e-1-lapprovisionnement-en-matiere-organique\/#breadcrumb"},"inLanguage":"fr-FR","potentialAction":[{"@type":"ReadAction","target":["https:\/\/svt-dalaine.fr\/svt\/sv-e-1-lapprovisionnement-en-matiere-organique\/"]}]},{"@type":"BreadcrumbList","@id":"https:\/\/svt-dalaine.fr\/svt\/sv-e-1-lapprovisionnement-en-matiere-organique\/#breadcrumb","itemListElement":[{"@type":"ListItem","position":1,"name":"Accueil","item":"https:\/\/svt-dalaine.fr\/svt\/"},{"@type":"ListItem","position":2,"name":"SV-E-1 L&#8217;approvisionnement en mati\u00e8re organique"}]},{"@type":"WebSite","@id":"https:\/\/svt-dalaine.fr\/svt\/#website","url":"https:\/\/svt-dalaine.fr\/svt\/","name":"Bienvenue sur le site de Sciences de la Vie et de la Terre","description":"Ressources en SVT de St\u00e9phanie Dalaine, professeure agr\u00e9g\u00e9e exer\u00e7ant en BCPST1 ENCPB","potentialAction":[{"@type":"SearchAction","target":{"@type":"EntryPoint","urlTemplate":"https:\/\/svt-dalaine.fr\/svt\/?s={search_term_string}"},"query-input":"required name=search_term_string"}],"inLanguage":"fr-FR"}]}},"_links":{"self":[{"href":"https:\/\/svt-dalaine.fr\/svt\/wp-json\/wp\/v2\/pages\/2264","targetHints":{"allow":["GET"]}}],"collection":[{"href":"https:\/\/svt-dalaine.fr\/svt\/wp-json\/wp\/v2\/pages"}],"about":[{"href":"https:\/\/svt-dalaine.fr\/svt\/wp-json\/wp\/v2\/types\/page"}],"author":[{"embeddable":true,"href":"https:\/\/svt-dalaine.fr\/svt\/wp-json\/wp\/v2\/users\/1"}],"replies":[{"embeddable":true,"href":"https:\/\/svt-dalaine.fr\/svt\/wp-json\/wp\/v2\/comments?post=2264"}],"version-history":[{"count":13,"href":"https:\/\/svt-dalaine.fr\/svt\/wp-json\/wp\/v2\/pages\/2264\/revisions"}],"predecessor-version":[{"id":2280,"href":"https:\/\/svt-dalaine.fr\/svt\/wp-json\/wp\/v2\/pages\/2264\/revisions\/2280"}],"wp:attachment":[{"href":"https:\/\/svt-dalaine.fr\/svt\/wp-json\/wp\/v2\/media?parent=2264"}],"wp:term":[{"taxonomy":"category","embeddable":true,"href":"https:\/\/svt-dalaine.fr\/svt\/wp-json\/wp\/v2\/categories?post=2264"},{"taxonomy":"post_tag","embeddable":true,"href":"https:\/\/svt-dalaine.fr\/svt\/wp-json\/wp\/v2\/tags?post=2264"}],"curies":[{"name":"wp","href":"https:\/\/api.w.org\/{rel}","templated":true}]}}