{"id":2292,"date":"2024-04-22T17:41:35","date_gmt":"2024-04-22T15:41:35","guid":{"rendered":"https:\/\/svt-dalaine.fr\/svt\/?page_id=2292"},"modified":"2026-04-14T11:45:34","modified_gmt":"2026-04-14T09:45:34","slug":"sv-e-2-le-devenir-de-la-matiere-organique","status":"publish","type":"page","link":"https:\/\/svt-dalaine.fr\/svt\/sv-e-2-le-devenir-de-la-matiere-organique\/","title":{"rendered":"SV-E-2 Le devenir de la mati\u00e8re organique"},"content":{"rendered":"\t\t<div data-elementor-type=\"wp-page\" data-elementor-id=\"2292\" class=\"elementor elementor-2292\">\n\t\t\t\t\t\t<section class=\"elementor-section elementor-top-section elementor-element elementor-element-b7fa2a6 elementor-section-boxed elementor-section-height-default elementor-section-height-default\" data-id=\"b7fa2a6\" data-element_type=\"section\">\n\t\t\t\t\t\t<div class=\"elementor-container elementor-column-gap-default\">\n\t\t\t\t\t<div class=\"elementor-column elementor-col-100 elementor-top-column elementor-element elementor-element-6c18ba3\" data-id=\"6c18ba3\" data-element_type=\"column\">\n\t\t\t<div class=\"elementor-widget-wrap elementor-element-populated\">\n\t\t\t\t\t\t<div class=\"elementor-element elementor-element-2621e4e elementor-widget elementor-widget-image\" data-id=\"2621e4e\" data-element_type=\"widget\" data-widget_type=\"image.default\">\n\t\t\t\t<div class=\"elementor-widget-container\">\n\t\t\t\t\t\t\t\t\t\t\t\t\t<img fetchpriority=\"high\" decoding=\"async\" width=\"640\" height=\"361\" src=\"https:\/\/svt-dalaine.fr\/svt\/wp-content\/uploads\/2024\/04\/devenir_mat_orga_bilan_s_dalaine-1024x578.jpg\" class=\"attachment-large size-large wp-image-2299\" alt=\"\" srcset=\"https:\/\/svt-dalaine.fr\/svt\/wp-content\/uploads\/2024\/04\/devenir_mat_orga_bilan_s_dalaine-1024x578.jpg 1024w, https:\/\/svt-dalaine.fr\/svt\/wp-content\/uploads\/2024\/04\/devenir_mat_orga_bilan_s_dalaine-300x169.jpg 300w, https:\/\/svt-dalaine.fr\/svt\/wp-content\/uploads\/2024\/04\/devenir_mat_orga_bilan_s_dalaine-768x433.jpg 768w, https:\/\/svt-dalaine.fr\/svt\/wp-content\/uploads\/2024\/04\/devenir_mat_orga_bilan_s_dalaine-360x203.jpg 360w, https:\/\/svt-dalaine.fr\/svt\/wp-content\/uploads\/2024\/04\/devenir_mat_orga_bilan_s_dalaine.jpg 1276w\" sizes=\"(max-width: 640px) 100vw, 640px\" \/>\t\t\t\t\t\t\t\t\t\t\t\t\t<\/div>\n\t\t\t\t<\/div>\n\t\t\t\t\t<\/div>\n\t\t<\/div>\n\t\t\t\t\t<\/div>\n\t\t<\/section>\n\t\t\t\t<section class=\"elementor-section elementor-top-section elementor-element elementor-element-c4b81c3 elementor-section-boxed elementor-section-height-default elementor-section-height-default\" data-id=\"c4b81c3\" data-element_type=\"section\">\n\t\t\t\t\t\t<div class=\"elementor-container elementor-column-gap-default\">\n\t\t\t\t\t<div class=\"elementor-column elementor-col-100 elementor-top-column elementor-element elementor-element-e406052\" data-id=\"e406052\" data-element_type=\"column\">\n\t\t\t<div class=\"elementor-widget-wrap elementor-element-populated\">\n\t\t\t\t\t\t<div class=\"elementor-element elementor-element-0f42259 elementor-widget elementor-widget-text-editor\" data-id=\"0f42259\" data-element_type=\"widget\" data-widget_type=\"text-editor.default\">\n\t\t\t\t<div class=\"elementor-widget-container\">\n\t\t\t\t\t\t\t<p>Extrait du B.O.<\/p><p>Dans les cellules, aussi bien autotrophes qu\u2019h\u00e9t\u00e9rotrophes, la mati\u00e8re organique a trois devenirs : elle peut (1) \u00eatre stock\u00e9e ou export\u00e9e, (2) servir \u00e0 la biosynth\u00e8se de nouvelles mol\u00e9cules organiques, ou (3) entrer dans les voies cataboliques fournissant son \u00e9nergie \u00e0 la cellule.<\/p><p>(1) Le stockage de la mati\u00e8re organique permet de constituer des r\u00e9serves. Chez les Chlorophytes, les trioses phosphates produits par le cycle de Calvin sont stock\u00e9s transitoirement sous forme d&#8217;amidon dans le stroma chloroplastique ou sont convertis en glucides exportables vers d&#8217;autres cellules. Le glucose absorb\u00e9 par une cellule h\u00e9t\u00e9rotrophe animale peut \u00eatre stock\u00e9 sous forme de glycog\u00e8ne dans le cytosol. Le stockage ou le d\u00e9stockage des r\u00e9serves glucidiques d\u00e9pend de l\u2019activit\u00e9 d\u2019enzymes.<\/p><p>(2) La mati\u00e8re organique permet de synth\u00e9tiser de nouvelles mol\u00e9cules : c&#8217;est l&#8217;anabolisme. Les principales mol\u00e9cules du vivant ont un squelette carbon\u00e9 qui d\u00e9rive d&#8217;interm\u00e9diaires de voies du m\u00e9tabolisme. Des interconversions entre familles de mol\u00e9cules sont possibles, elles aboutissent \u00e0 la biosynth\u00e8se des principales mol\u00e9cules \u00e0 r\u00f4le structural, m\u00e9tabolique ou informationnel \u00e0 partir de carrefours m\u00e9taboliques.<\/p><p>(3) La mati\u00e8re organique absorb\u00e9e ou stock\u00e9e peut entrer dans les voies cataboliques desquelles la cellule tire son \u00e9nergie. Le catabolisme peut \u00eatre oxydatif a\u00e9robie (respiration) ou non (fermentation).<\/p><p>La glycolyse est une voie m\u00e9tabolique permettant la biosynth\u00e8se d\u2019ATP (par transphosphorylation ou phosphorylation li\u00e9e au substrat), de coenzymes r\u00e9duits et de pyruvate par une cha\u00eene de r\u00e9actions partant du glucose. L\u2019oxydation du glyc\u00e9rald\u00e9hyde-3-P dans le cytosol en est une r\u00e9action clef. La glycolyse est l\u2019objet d\u2019un contr\u00f4le cellulaire. Il participe \u00e0 l\u2019ajustement de la production d\u2019ATP aux besoins de la cellule.<\/p><p>Dans le cas de la fermentation, la glycolyse est la seule voie de production d&#8217;ATP. Des r\u00e9actions biochimiques sp\u00e9cifiques de chaque voie fermentaire oxydent les coenzymes r\u00e9duits, les rendant \u00e0 nouveau disponibles pour la glycolyse.<\/p><p>Dans le cas de la respiration cellulaire, le pyruvate est import\u00e9 dans la mitochondrie et subit une d\u00e9carboxylation \u00e0 l\u2019origine d&#8217;ac\u00e9tyl-CoA.<\/p><p>Les acides gras peuvent \u00e9galement \u00eatre import\u00e9s dans la matrice mitochondriale et produire de l&#8217;ac\u00e9tyl-CoA par \u03b2-oxydation. Le catabolisme des acides amin\u00e9s passe par le pyruvate ou un interm\u00e9diaire du cycle de Krebs.<\/p><p>Le cycle de Krebs est une voie de convergence du catabolisme utilisant l&#8217;ac\u00e9tyl-CoA chez toutes les cellules \u00e0 catabolisme a\u00e9robie. Il r\u00e9alise la d\u00e9carboxylation oxydative totale des compos\u00e9s, coupl\u00e9e \u00e0 la production de nucl\u00e9otides \u00e9nerg\u00e9tiques et la r\u00e9duction de coenzymes.<\/p><p>La cha\u00eene respiratoire est une cha\u00eene de transfert d&#8217;\u00e9lectrons issus de coenzymes r\u00e9duits vers un accepteur final min\u00e9ral \u00e0 plus fort potentiel d\u2019oxydor\u00e9duction. Ce transfert est associ\u00e9 \u00e0 des conversions chimio-osmotiques (via la cha\u00eene respiratoire) et osmo-chimiques (via l&#8217;ATP synthase) qui permettent la production d&#8217;ATP. L\u2019ATP est donc synth\u00e9tis\u00e9e en quantit\u00e9 variable selon le m\u00e9tabolite initial et la voie m\u00e9tabolique.<\/p>\t\t\t\t\t\t<\/div>\n\t\t\t\t<\/div>\n\t\t\t\t\t<\/div>\n\t\t<\/div>\n\t\t\t\t\t<\/div>\n\t\t<\/section>\n\t\t\t\t<\/div>\n\t\t","protected":false},"excerpt":{"rendered":"<p>Extrait du B.O. Dans les cellules, aussi bien autotrophes qu\u2019h\u00e9t\u00e9rotrophes, la mati\u00e8re organique a trois devenirs : elle peut (1) \u00eatre stock\u00e9e ou export\u00e9e, (2) servir \u00e0 la biosynth\u00e8se de nouvelles mol\u00e9cules organiques, ou (3) entrer dans les voies cataboliques&hellip;&nbsp;<a href=\"https:\/\/svt-dalaine.fr\/svt\/sv-e-2-le-devenir-de-la-matiere-organique\/\" class=\"more-link\">Lire la suite<\/a><\/p>\n","protected":false},"author":1,"featured_media":0,"parent":0,"menu_order":0,"comment_status":"closed","ping_status":"closed","template":"","meta":{"footnotes":""},"categories":[],"tags":[],"class_list":["post-2292","page","type-page","status-publish","hentry"],"yoast_head":"<!-- This site is optimized with the Yoast SEO plugin v21.9.1 - https:\/\/yoast.com\/wordpress\/plugins\/seo\/ -->\n<title>SV-E-2 Le devenir de la mati\u00e8re organique - Bienvenue sur le site de Sciences de la Vie et de la Terre<\/title>\n<meta name=\"robots\" content=\"index, follow, max-snippet:-1, max-image-preview:large, max-video-preview:-1\" \/>\n<link rel=\"canonical\" href=\"https:\/\/svt-dalaine.fr\/svt\/sv-e-2-le-devenir-de-la-matiere-organique\/\" \/>\n<meta property=\"og:locale\" content=\"fr_FR\" \/>\n<meta property=\"og:type\" content=\"article\" \/>\n<meta property=\"og:title\" content=\"SV-E-2 Le devenir de la mati\u00e8re organique - Bienvenue sur le site de Sciences de la Vie et de la Terre\" \/>\n<meta property=\"og:description\" content=\"Extrait du B.O. Dans les cellules, aussi bien autotrophes qu\u2019h\u00e9t\u00e9rotrophes, la mati\u00e8re organique a trois devenirs : elle peut (1) \u00eatre stock\u00e9e ou export\u00e9e, (2) servir \u00e0 la biosynth\u00e8se de nouvelles mol\u00e9cules organiques, ou (3) entrer dans les voies cataboliques&hellip;&nbsp;Lire la suite\" \/>\n<meta property=\"og:url\" content=\"https:\/\/svt-dalaine.fr\/svt\/sv-e-2-le-devenir-de-la-matiere-organique\/\" \/>\n<meta property=\"og:site_name\" content=\"Bienvenue sur le site de Sciences de la Vie et de la Terre\" \/>\n<meta property=\"article:modified_time\" content=\"2026-04-14T09:45:34+00:00\" \/>\n<meta property=\"og:image\" content=\"https:\/\/svt-dalaine.fr\/svt\/wp-content\/uploads\/2024\/04\/devenir_mat_orga_bilan_s_dalaine-1024x578.jpg\" \/>\n<meta name=\"twitter:card\" content=\"summary_large_image\" \/>\n<meta name=\"twitter:label1\" content=\"Dur\u00e9e de lecture estim\u00e9e\" \/>\n\t<meta name=\"twitter:data1\" content=\"3 minutes\" \/>\n<script type=\"application\/ld+json\" class=\"yoast-schema-graph\">{\"@context\":\"https:\/\/schema.org\",\"@graph\":[{\"@type\":\"WebPage\",\"@id\":\"https:\/\/svt-dalaine.fr\/svt\/sv-e-2-le-devenir-de-la-matiere-organique\/\",\"url\":\"https:\/\/svt-dalaine.fr\/svt\/sv-e-2-le-devenir-de-la-matiere-organique\/\",\"name\":\"SV-E-2 Le devenir de la mati\u00e8re organique - Bienvenue sur le site de Sciences de la Vie et de la Terre\",\"isPartOf\":{\"@id\":\"https:\/\/svt-dalaine.fr\/svt\/#website\"},\"datePublished\":\"2024-04-22T15:41:35+00:00\",\"dateModified\":\"2026-04-14T09:45:34+00:00\",\"breadcrumb\":{\"@id\":\"https:\/\/svt-dalaine.fr\/svt\/sv-e-2-le-devenir-de-la-matiere-organique\/#breadcrumb\"},\"inLanguage\":\"fr-FR\",\"potentialAction\":[{\"@type\":\"ReadAction\",\"target\":[\"https:\/\/svt-dalaine.fr\/svt\/sv-e-2-le-devenir-de-la-matiere-organique\/\"]}]},{\"@type\":\"BreadcrumbList\",\"@id\":\"https:\/\/svt-dalaine.fr\/svt\/sv-e-2-le-devenir-de-la-matiere-organique\/#breadcrumb\",\"itemListElement\":[{\"@type\":\"ListItem\",\"position\":1,\"name\":\"Accueil\",\"item\":\"https:\/\/svt-dalaine.fr\/svt\/\"},{\"@type\":\"ListItem\",\"position\":2,\"name\":\"SV-E-2 Le devenir de la mati\u00e8re organique\"}]},{\"@type\":\"WebSite\",\"@id\":\"https:\/\/svt-dalaine.fr\/svt\/#website\",\"url\":\"https:\/\/svt-dalaine.fr\/svt\/\",\"name\":\"Bienvenue sur le site de Sciences de la Vie et de la Terre\",\"description\":\"Ressources en SVT de St\u00e9phanie Dalaine, professeure agr\u00e9g\u00e9e exer\u00e7ant en BCPST1 ENCPB\",\"potentialAction\":[{\"@type\":\"SearchAction\",\"target\":{\"@type\":\"EntryPoint\",\"urlTemplate\":\"https:\/\/svt-dalaine.fr\/svt\/?s={search_term_string}\"},\"query-input\":\"required name=search_term_string\"}],\"inLanguage\":\"fr-FR\"}]}<\/script>\n<!-- \/ Yoast SEO plugin. -->","yoast_head_json":{"title":"SV-E-2 Le devenir de la mati\u00e8re organique - Bienvenue sur le site de Sciences de la Vie et de la Terre","robots":{"index":"index","follow":"follow","max-snippet":"max-snippet:-1","max-image-preview":"max-image-preview:large","max-video-preview":"max-video-preview:-1"},"canonical":"https:\/\/svt-dalaine.fr\/svt\/sv-e-2-le-devenir-de-la-matiere-organique\/","og_locale":"fr_FR","og_type":"article","og_title":"SV-E-2 Le devenir de la mati\u00e8re organique - Bienvenue sur le site de Sciences de la Vie et de la Terre","og_description":"Extrait du B.O. Dans les cellules, aussi bien autotrophes qu\u2019h\u00e9t\u00e9rotrophes, la mati\u00e8re organique a trois devenirs : elle peut (1) \u00eatre stock\u00e9e ou export\u00e9e, (2) servir \u00e0 la biosynth\u00e8se de nouvelles mol\u00e9cules organiques, ou (3) entrer dans les voies cataboliques&hellip;&nbsp;Lire la suite","og_url":"https:\/\/svt-dalaine.fr\/svt\/sv-e-2-le-devenir-de-la-matiere-organique\/","og_site_name":"Bienvenue sur le site de Sciences de la Vie et de la Terre","article_modified_time":"2026-04-14T09:45:34+00:00","og_image":[{"url":"https:\/\/svt-dalaine.fr\/svt\/wp-content\/uploads\/2024\/04\/devenir_mat_orga_bilan_s_dalaine-1024x578.jpg"}],"twitter_card":"summary_large_image","twitter_misc":{"Dur\u00e9e de lecture estim\u00e9e":"3 minutes"},"schema":{"@context":"https:\/\/schema.org","@graph":[{"@type":"WebPage","@id":"https:\/\/svt-dalaine.fr\/svt\/sv-e-2-le-devenir-de-la-matiere-organique\/","url":"https:\/\/svt-dalaine.fr\/svt\/sv-e-2-le-devenir-de-la-matiere-organique\/","name":"SV-E-2 Le devenir de la mati\u00e8re organique - Bienvenue sur le site de Sciences de la Vie et de la Terre","isPartOf":{"@id":"https:\/\/svt-dalaine.fr\/svt\/#website"},"datePublished":"2024-04-22T15:41:35+00:00","dateModified":"2026-04-14T09:45:34+00:00","breadcrumb":{"@id":"https:\/\/svt-dalaine.fr\/svt\/sv-e-2-le-devenir-de-la-matiere-organique\/#breadcrumb"},"inLanguage":"fr-FR","potentialAction":[{"@type":"ReadAction","target":["https:\/\/svt-dalaine.fr\/svt\/sv-e-2-le-devenir-de-la-matiere-organique\/"]}]},{"@type":"BreadcrumbList","@id":"https:\/\/svt-dalaine.fr\/svt\/sv-e-2-le-devenir-de-la-matiere-organique\/#breadcrumb","itemListElement":[{"@type":"ListItem","position":1,"name":"Accueil","item":"https:\/\/svt-dalaine.fr\/svt\/"},{"@type":"ListItem","position":2,"name":"SV-E-2 Le devenir de la mati\u00e8re organique"}]},{"@type":"WebSite","@id":"https:\/\/svt-dalaine.fr\/svt\/#website","url":"https:\/\/svt-dalaine.fr\/svt\/","name":"Bienvenue sur le site de Sciences de la Vie et de la Terre","description":"Ressources en SVT de St\u00e9phanie Dalaine, professeure agr\u00e9g\u00e9e exer\u00e7ant en BCPST1 ENCPB","potentialAction":[{"@type":"SearchAction","target":{"@type":"EntryPoint","urlTemplate":"https:\/\/svt-dalaine.fr\/svt\/?s={search_term_string}"},"query-input":"required name=search_term_string"}],"inLanguage":"fr-FR"}]}},"_links":{"self":[{"href":"https:\/\/svt-dalaine.fr\/svt\/wp-json\/wp\/v2\/pages\/2292","targetHints":{"allow":["GET"]}}],"collection":[{"href":"https:\/\/svt-dalaine.fr\/svt\/wp-json\/wp\/v2\/pages"}],"about":[{"href":"https:\/\/svt-dalaine.fr\/svt\/wp-json\/wp\/v2\/types\/page"}],"author":[{"embeddable":true,"href":"https:\/\/svt-dalaine.fr\/svt\/wp-json\/wp\/v2\/users\/1"}],"replies":[{"embeddable":true,"href":"https:\/\/svt-dalaine.fr\/svt\/wp-json\/wp\/v2\/comments?post=2292"}],"version-history":[{"count":7,"href":"https:\/\/svt-dalaine.fr\/svt\/wp-json\/wp\/v2\/pages\/2292\/revisions"}],"predecessor-version":[{"id":2302,"href":"https:\/\/svt-dalaine.fr\/svt\/wp-json\/wp\/v2\/pages\/2292\/revisions\/2302"}],"wp:attachment":[{"href":"https:\/\/svt-dalaine.fr\/svt\/wp-json\/wp\/v2\/media?parent=2292"}],"wp:term":[{"taxonomy":"category","embeddable":true,"href":"https:\/\/svt-dalaine.fr\/svt\/wp-json\/wp\/v2\/categories?post=2292"},{"taxonomy":"post_tag","embeddable":true,"href":"https:\/\/svt-dalaine.fr\/svt\/wp-json\/wp\/v2\/tags?post=2292"}],"curies":[{"name":"wp","href":"https:\/\/api.w.org\/{rel}","templated":true}]}}