{"id":2328,"date":"2024-05-14T11:11:15","date_gmt":"2024-05-14T09:11:15","guid":{"rendered":"https:\/\/svt-dalaine.fr\/svt\/?page_id=2328"},"modified":"2025-05-22T15:08:42","modified_gmt":"2025-05-22T13:08:42","slug":"sv-j-2-les-ecosystemes-structure-et-fonctionnement-dynamique","status":"publish","type":"page","link":"https:\/\/svt-dalaine.fr\/svt\/sv-j-2-les-ecosystemes-structure-et-fonctionnement-dynamique\/","title":{"rendered":"SV-J-2 Les \u00e9cosyst\u00e8mes, structure et fonctionnement dynamique"},"content":{"rendered":"\t\t<div data-elementor-type=\"wp-page\" data-elementor-id=\"2328\" class=\"elementor elementor-2328\">\n\t\t\t\t\t\t<section class=\"elementor-section elementor-top-section elementor-element elementor-element-e2baae5 elementor-section-boxed elementor-section-height-default elementor-section-height-default\" data-id=\"e2baae5\" data-element_type=\"section\">\n\t\t\t\t\t\t<div class=\"elementor-container elementor-column-gap-default\">\n\t\t\t\t\t<div class=\"elementor-column elementor-col-100 elementor-top-column elementor-element elementor-element-a7d97f5\" data-id=\"a7d97f5\" data-element_type=\"column\">\n\t\t\t<div class=\"elementor-widget-wrap elementor-element-populated\">\n\t\t\t\t\t\t<div class=\"elementor-element elementor-element-5a2a353 elementor-widget elementor-widget-image\" data-id=\"5a2a353\" data-element_type=\"widget\" data-widget_type=\"image.default\">\n\t\t\t\t<div class=\"elementor-widget-container\">\n\t\t\t\t\t\t\t\t\t\t\t\t\t<img fetchpriority=\"high\" decoding=\"async\" width=\"640\" height=\"480\" src=\"https:\/\/svt-dalaine.fr\/svt\/wp-content\/uploads\/2024\/05\/aubrac-lozere-prairie-1024x768.jpg\" class=\"attachment-large size-large wp-image-2330\" alt=\"\" srcset=\"https:\/\/svt-dalaine.fr\/svt\/wp-content\/uploads\/2024\/05\/aubrac-lozere-prairie-1024x768.jpg 1024w, https:\/\/svt-dalaine.fr\/svt\/wp-content\/uploads\/2024\/05\/aubrac-lozere-prairie-300x225.jpg 300w, https:\/\/svt-dalaine.fr\/svt\/wp-content\/uploads\/2024\/05\/aubrac-lozere-prairie-768x576.jpg 768w, https:\/\/svt-dalaine.fr\/svt\/wp-content\/uploads\/2024\/05\/aubrac-lozere-prairie-1536x1152.jpg 1536w, https:\/\/svt-dalaine.fr\/svt\/wp-content\/uploads\/2024\/05\/aubrac-lozere-prairie-2048x1536.jpg 2048w, https:\/\/svt-dalaine.fr\/svt\/wp-content\/uploads\/2024\/05\/aubrac-lozere-prairie-360x270.jpg 360w\" sizes=\"(max-width: 640px) 100vw, 640px\" \/>\t\t\t\t\t\t\t\t\t\t\t\t\t<\/div>\n\t\t\t\t<\/div>\n\t\t\t\t\t<\/div>\n\t\t<\/div>\n\t\t\t\t\t<\/div>\n\t\t<\/section>\n\t\t\t\t<section class=\"elementor-section elementor-top-section elementor-element elementor-element-573e9a4 elementor-section-boxed elementor-section-height-default elementor-section-height-default\" data-id=\"573e9a4\" data-element_type=\"section\">\n\t\t\t\t\t\t<div class=\"elementor-container elementor-column-gap-default\">\n\t\t\t\t\t<div class=\"elementor-column elementor-col-100 elementor-top-column elementor-element elementor-element-788c772\" data-id=\"788c772\" data-element_type=\"column\">\n\t\t\t<div class=\"elementor-widget-wrap elementor-element-populated\">\n\t\t\t\t\t\t<div class=\"elementor-element elementor-element-ed40953 elementor-widget elementor-widget-text-editor\" data-id=\"ed40953\" data-element_type=\"widget\" data-widget_type=\"text-editor.default\">\n\t\t\t\t<div class=\"elementor-widget-container\">\n\t\t\t\t\t\t\t<p>Extrait du B.O.<\/p><p>L\u2019\u00e9cosyst\u00e8me est un ensemble circonscrit par un observateur, constitu\u00e9 d\u2019un biotope et d\u2019une bioc\u00e9nose (diversit\u00e9 de groupes fonctionnels).<\/p><p>La richesse sp\u00e9cifique est une mesure du nombre d\u2019esp\u00e8ces. Il existe des indices de biodiversit\u00e9.<\/p><p>Les organismes ing\u00e9nieurs sont des esp\u00e8ces qui construisent le milieu et\/ou modifient l\u2019habitat pour d\u2019autres esp\u00e8ces.<\/p><p>La distribution spatiale des composants de l\u2019\u00e9cosyst\u00e8me d\u00e9termine sa structure.<\/p><p>\u00a0<\/p><p>Dans l\u2019\u00e9cosyst\u00e8me, les esp\u00e8ces entretiennent des relations vari\u00e9es qui affectent la valeur s\u00e9lective des organismes, et dont la typologie pr\u00e9sente des cas limites d\u00e9pendant du contexte \u00e9cologique (niche \u00e9cologique potentielle \/ r\u00e9alis\u00e9e, esp\u00e8ces cl\u00e9s de vo\u00fbte).<\/p><p>\u00a0<\/p><p>Les interactions trophiques (cha\u00eenes trophiques, r\u00e9seaux trophiques, producteurs primaires, niveaux trophiques) comportent des consommateurs qui tous (y compris microbiens) effectuent une d\u00e9composition et une min\u00e9ralisation, participant au recyclage de la biomasse.<\/p><p>Leur fonctionnement peur \u00eatre repr\u00e9sent\u00e9 quantitativement par des pyramides.<\/p><p>Dans le syst\u00e8me herbe-vache, la symbiose avec les micro-organismes et l\u2019utilisation crois\u00e9e des d\u00e9chets augmentent le rendement entre \u00e9chelons trophiques.<\/p><p>Il existe des r\u00e9gulations des effectifs de fa\u00e7on ascendante (bottom-up) et descendante (top-down).<\/p><p>La productivit\u00e9, d\u00e9finie comme la production divis\u00e9e par la biomasse de producteur, varie selon l\u2019\u00e9cosyst\u00e8me.<\/p>\t\t\t\t\t\t<\/div>\n\t\t\t\t<\/div>\n\t\t\t\t\t<\/div>\n\t\t<\/div>\n\t\t\t\t\t<\/div>\n\t\t<\/section>\n\t\t\t\t<section class=\"elementor-section elementor-top-section elementor-element elementor-element-830a90f elementor-section-boxed elementor-section-height-default elementor-section-height-default\" data-id=\"830a90f\" data-element_type=\"section\">\n\t\t\t\t\t\t<div class=\"elementor-container elementor-column-gap-default\">\n\t\t\t\t\t<div class=\"elementor-column elementor-col-100 elementor-top-column elementor-element elementor-element-739bc82\" data-id=\"739bc82\" data-element_type=\"column\">\n\t\t\t<div class=\"elementor-widget-wrap elementor-element-populated\">\n\t\t\t\t\t\t<div class=\"elementor-element elementor-element-4f7decb elementor-widget elementor-widget-html\" data-id=\"4f7decb\" data-element_type=\"widget\" data-widget_type=\"html.default\">\n\t\t\t\t<div class=\"elementor-widget-container\">\n\t\t\t<div style=\"width: 100%;\"><div style=\"position: relative; padding-bottom: 56.25%; padding-top: 0; height: 0;\"><iframe title=\"quizz_SV_J_2_ecosyst\u00e8me_S_Dalaine\" frameborder=\"0\" width=\"1200\" height=\"675\" style=\"position: absolute; top: 0; left: 0; width: 100%; height: 100%;\" src=\"https:\/\/view.genially.com\/6640a703cf1c11001388fd87\" type=\"text\/html\" allowscriptaccess=\"always\" allowfullscreen=\"true\" scrolling=\"yes\" allownetworking=\"all\"><\/iframe> <\/div> <\/div>\t\t<\/div>\n\t\t\t\t<\/div>\n\t\t\t\t\t<\/div>\n\t\t<\/div>\n\t\t\t\t\t<\/div>\n\t\t<\/section>\n\t\t\t\t<\/div>\n\t\t","protected":false},"excerpt":{"rendered":"<p>Extrait du B.O. L\u2019\u00e9cosyst\u00e8me est un ensemble circonscrit par un observateur, constitu\u00e9 d\u2019un biotope et d\u2019une bioc\u00e9nose (diversit\u00e9 de groupes fonctionnels). La richesse sp\u00e9cifique est une mesure du nombre d\u2019esp\u00e8ces. Il existe des indices de biodiversit\u00e9. Les organismes ing\u00e9nieurs sont&hellip;&nbsp;<a href=\"https:\/\/svt-dalaine.fr\/svt\/sv-j-2-les-ecosystemes-structure-et-fonctionnement-dynamique\/\" class=\"more-link\">Lire la suite<\/a><\/p>\n","protected":false},"author":1,"featured_media":0,"parent":0,"menu_order":0,"comment_status":"closed","ping_status":"closed","template":"","meta":{"footnotes":""},"categories":[],"tags":[],"class_list":["post-2328","page","type-page","status-publish","hentry"],"yoast_head":"<!-- This site is optimized with the Yoast SEO plugin v21.9.1 - https:\/\/yoast.com\/wordpress\/plugins\/seo\/ -->\n<title>SV-J-2 Les \u00e9cosyst\u00e8mes, structure et fonctionnement dynamique - Bienvenue sur le site de Sciences de la Vie et de la Terre<\/title>\n<meta name=\"robots\" content=\"index, follow, max-snippet:-1, max-image-preview:large, max-video-preview:-1\" \/>\n<link rel=\"canonical\" href=\"https:\/\/svt-dalaine.fr\/svt\/sv-j-2-les-ecosystemes-structure-et-fonctionnement-dynamique\/\" \/>\n<meta property=\"og:locale\" content=\"fr_FR\" \/>\n<meta property=\"og:type\" content=\"article\" \/>\n<meta property=\"og:title\" content=\"SV-J-2 Les \u00e9cosyst\u00e8mes, structure et fonctionnement dynamique - Bienvenue sur le site de Sciences de la Vie et de la Terre\" \/>\n<meta property=\"og:description\" content=\"Extrait du B.O. L\u2019\u00e9cosyst\u00e8me est un ensemble circonscrit par un observateur, constitu\u00e9 d\u2019un biotope et d\u2019une bioc\u00e9nose (diversit\u00e9 de groupes fonctionnels). La richesse sp\u00e9cifique est une mesure du nombre d\u2019esp\u00e8ces. Il existe des indices de biodiversit\u00e9. Les organismes ing\u00e9nieurs sont&hellip;&nbsp;Lire la suite\" \/>\n<meta property=\"og:url\" content=\"https:\/\/svt-dalaine.fr\/svt\/sv-j-2-les-ecosystemes-structure-et-fonctionnement-dynamique\/\" \/>\n<meta property=\"og:site_name\" content=\"Bienvenue sur le site de Sciences de la Vie et de la Terre\" \/>\n<meta property=\"article:modified_time\" content=\"2025-05-22T13:08:42+00:00\" \/>\n<meta property=\"og:image\" content=\"https:\/\/svt-dalaine.fr\/svt\/wp-content\/uploads\/2024\/05\/aubrac-lozere-prairie-1024x768.jpg\" \/>\n<meta name=\"twitter:card\" content=\"summary_large_image\" \/>\n<meta name=\"twitter:label1\" content=\"Dur\u00e9e de lecture estim\u00e9e\" \/>\n\t<meta name=\"twitter:data1\" content=\"2 minutes\" \/>\n<script type=\"application\/ld+json\" class=\"yoast-schema-graph\">{\"@context\":\"https:\/\/schema.org\",\"@graph\":[{\"@type\":\"WebPage\",\"@id\":\"https:\/\/svt-dalaine.fr\/svt\/sv-j-2-les-ecosystemes-structure-et-fonctionnement-dynamique\/\",\"url\":\"https:\/\/svt-dalaine.fr\/svt\/sv-j-2-les-ecosystemes-structure-et-fonctionnement-dynamique\/\",\"name\":\"SV-J-2 Les \u00e9cosyst\u00e8mes, structure et fonctionnement dynamique - Bienvenue sur le site de Sciences de la Vie et de la Terre\",\"isPartOf\":{\"@id\":\"https:\/\/svt-dalaine.fr\/svt\/#website\"},\"datePublished\":\"2024-05-14T09:11:15+00:00\",\"dateModified\":\"2025-05-22T13:08:42+00:00\",\"breadcrumb\":{\"@id\":\"https:\/\/svt-dalaine.fr\/svt\/sv-j-2-les-ecosystemes-structure-et-fonctionnement-dynamique\/#breadcrumb\"},\"inLanguage\":\"fr-FR\",\"potentialAction\":[{\"@type\":\"ReadAction\",\"target\":[\"https:\/\/svt-dalaine.fr\/svt\/sv-j-2-les-ecosystemes-structure-et-fonctionnement-dynamique\/\"]}]},{\"@type\":\"BreadcrumbList\",\"@id\":\"https:\/\/svt-dalaine.fr\/svt\/sv-j-2-les-ecosystemes-structure-et-fonctionnement-dynamique\/#breadcrumb\",\"itemListElement\":[{\"@type\":\"ListItem\",\"position\":1,\"name\":\"Accueil\",\"item\":\"https:\/\/svt-dalaine.fr\/svt\/\"},{\"@type\":\"ListItem\",\"position\":2,\"name\":\"SV-J-2 Les \u00e9cosyst\u00e8mes, structure et fonctionnement dynamique\"}]},{\"@type\":\"WebSite\",\"@id\":\"https:\/\/svt-dalaine.fr\/svt\/#website\",\"url\":\"https:\/\/svt-dalaine.fr\/svt\/\",\"name\":\"Bienvenue sur le site de Sciences de la Vie et de la Terre\",\"description\":\"Ressources en SVT de St\u00e9phanie Dalaine, professeure agr\u00e9g\u00e9e exer\u00e7ant en BCPST1 ENCPB\",\"potentialAction\":[{\"@type\":\"SearchAction\",\"target\":{\"@type\":\"EntryPoint\",\"urlTemplate\":\"https:\/\/svt-dalaine.fr\/svt\/?s={search_term_string}\"},\"query-input\":\"required name=search_term_string\"}],\"inLanguage\":\"fr-FR\"}]}<\/script>\n<!-- \/ Yoast SEO plugin. -->","yoast_head_json":{"title":"SV-J-2 Les \u00e9cosyst\u00e8mes, structure et fonctionnement dynamique - Bienvenue sur le site de Sciences de la Vie et de la Terre","robots":{"index":"index","follow":"follow","max-snippet":"max-snippet:-1","max-image-preview":"max-image-preview:large","max-video-preview":"max-video-preview:-1"},"canonical":"https:\/\/svt-dalaine.fr\/svt\/sv-j-2-les-ecosystemes-structure-et-fonctionnement-dynamique\/","og_locale":"fr_FR","og_type":"article","og_title":"SV-J-2 Les \u00e9cosyst\u00e8mes, structure et fonctionnement dynamique - Bienvenue sur le site de Sciences de la Vie et de la Terre","og_description":"Extrait du B.O. L\u2019\u00e9cosyst\u00e8me est un ensemble circonscrit par un observateur, constitu\u00e9 d\u2019un biotope et d\u2019une bioc\u00e9nose (diversit\u00e9 de groupes fonctionnels). La richesse sp\u00e9cifique est une mesure du nombre d\u2019esp\u00e8ces. Il existe des indices de biodiversit\u00e9. Les organismes ing\u00e9nieurs sont&hellip;&nbsp;Lire la suite","og_url":"https:\/\/svt-dalaine.fr\/svt\/sv-j-2-les-ecosystemes-structure-et-fonctionnement-dynamique\/","og_site_name":"Bienvenue sur le site de Sciences de la Vie et de la Terre","article_modified_time":"2025-05-22T13:08:42+00:00","og_image":[{"url":"https:\/\/svt-dalaine.fr\/svt\/wp-content\/uploads\/2024\/05\/aubrac-lozere-prairie-1024x768.jpg"}],"twitter_card":"summary_large_image","twitter_misc":{"Dur\u00e9e de lecture estim\u00e9e":"2 minutes"},"schema":{"@context":"https:\/\/schema.org","@graph":[{"@type":"WebPage","@id":"https:\/\/svt-dalaine.fr\/svt\/sv-j-2-les-ecosystemes-structure-et-fonctionnement-dynamique\/","url":"https:\/\/svt-dalaine.fr\/svt\/sv-j-2-les-ecosystemes-structure-et-fonctionnement-dynamique\/","name":"SV-J-2 Les \u00e9cosyst\u00e8mes, structure et fonctionnement dynamique - Bienvenue sur le site de Sciences de la Vie et de la Terre","isPartOf":{"@id":"https:\/\/svt-dalaine.fr\/svt\/#website"},"datePublished":"2024-05-14T09:11:15+00:00","dateModified":"2025-05-22T13:08:42+00:00","breadcrumb":{"@id":"https:\/\/svt-dalaine.fr\/svt\/sv-j-2-les-ecosystemes-structure-et-fonctionnement-dynamique\/#breadcrumb"},"inLanguage":"fr-FR","potentialAction":[{"@type":"ReadAction","target":["https:\/\/svt-dalaine.fr\/svt\/sv-j-2-les-ecosystemes-structure-et-fonctionnement-dynamique\/"]}]},{"@type":"BreadcrumbList","@id":"https:\/\/svt-dalaine.fr\/svt\/sv-j-2-les-ecosystemes-structure-et-fonctionnement-dynamique\/#breadcrumb","itemListElement":[{"@type":"ListItem","position":1,"name":"Accueil","item":"https:\/\/svt-dalaine.fr\/svt\/"},{"@type":"ListItem","position":2,"name":"SV-J-2 Les \u00e9cosyst\u00e8mes, structure et fonctionnement dynamique"}]},{"@type":"WebSite","@id":"https:\/\/svt-dalaine.fr\/svt\/#website","url":"https:\/\/svt-dalaine.fr\/svt\/","name":"Bienvenue sur le site de Sciences de la Vie et de la Terre","description":"Ressources en SVT de St\u00e9phanie Dalaine, professeure agr\u00e9g\u00e9e exer\u00e7ant en BCPST1 ENCPB","potentialAction":[{"@type":"SearchAction","target":{"@type":"EntryPoint","urlTemplate":"https:\/\/svt-dalaine.fr\/svt\/?s={search_term_string}"},"query-input":"required name=search_term_string"}],"inLanguage":"fr-FR"}]}},"_links":{"self":[{"href":"https:\/\/svt-dalaine.fr\/svt\/wp-json\/wp\/v2\/pages\/2328","targetHints":{"allow":["GET"]}}],"collection":[{"href":"https:\/\/svt-dalaine.fr\/svt\/wp-json\/wp\/v2\/pages"}],"about":[{"href":"https:\/\/svt-dalaine.fr\/svt\/wp-json\/wp\/v2\/types\/page"}],"author":[{"embeddable":true,"href":"https:\/\/svt-dalaine.fr\/svt\/wp-json\/wp\/v2\/users\/1"}],"replies":[{"embeddable":true,"href":"https:\/\/svt-dalaine.fr\/svt\/wp-json\/wp\/v2\/comments?post=2328"}],"version-history":[{"count":8,"href":"https:\/\/svt-dalaine.fr\/svt\/wp-json\/wp\/v2\/pages\/2328\/revisions"}],"predecessor-version":[{"id":2361,"href":"https:\/\/svt-dalaine.fr\/svt\/wp-json\/wp\/v2\/pages\/2328\/revisions\/2361"}],"wp:attachment":[{"href":"https:\/\/svt-dalaine.fr\/svt\/wp-json\/wp\/v2\/media?parent=2328"}],"wp:term":[{"taxonomy":"category","embeddable":true,"href":"https:\/\/svt-dalaine.fr\/svt\/wp-json\/wp\/v2\/categories?post=2328"},{"taxonomy":"post_tag","embeddable":true,"href":"https:\/\/svt-dalaine.fr\/svt\/wp-json\/wp\/v2\/tags?post=2328"}],"curies":[{"name":"wp","href":"https:\/\/api.w.org\/{rel}","templated":true}]}}