{"id":2366,"date":"2024-05-31T16:52:50","date_gmt":"2024-05-31T14:52:50","guid":{"rendered":"https:\/\/svt-dalaine.fr\/svt\/?page_id=2366"},"modified":"2025-06-23T10:37:36","modified_gmt":"2025-06-23T08:37:36","slug":"sv-k-2-1-approche-phylogenetique-de-la-biodiversite-classer-le-vivant","status":"publish","type":"page","link":"https:\/\/svt-dalaine.fr\/svt\/sv-k-2-1-approche-phylogenetique-de-la-biodiversite-classer-le-vivant\/","title":{"rendered":"SV-K-2-1 Approche phylog\u00e9n\u00e9tique de la biodiversit\u00e9 &#8211; classer le vivant"},"content":{"rendered":"\t\t<div data-elementor-type=\"wp-page\" data-elementor-id=\"2366\" class=\"elementor elementor-2366\">\n\t\t\t\t\t\t<section class=\"elementor-section elementor-top-section elementor-element elementor-element-c5292c1 elementor-section-boxed elementor-section-height-default elementor-section-height-default\" data-id=\"c5292c1\" data-element_type=\"section\">\n\t\t\t\t\t\t<div class=\"elementor-container elementor-column-gap-default\">\n\t\t\t\t\t<div class=\"elementor-column elementor-col-100 elementor-top-column elementor-element elementor-element-c4c282c\" data-id=\"c4c282c\" data-element_type=\"column\">\n\t\t\t<div class=\"elementor-widget-wrap elementor-element-populated\">\n\t\t\t\t\t\t<div class=\"elementor-element elementor-element-169787f elementor-widget elementor-widget-image\" data-id=\"169787f\" data-element_type=\"widget\" data-widget_type=\"image.default\">\n\t\t\t\t<div class=\"elementor-widget-container\">\n\t\t\t\t\t\t\t\t\t\t\t\t\t<img decoding=\"async\" width=\"147\" height=\"300\" src=\"https:\/\/svt-dalaine.fr\/svt\/wp-content\/uploads\/2024\/05\/arbre_darwin-147x300.jpg\" class=\"attachment-medium size-medium wp-image-2373\" alt=\"\" srcset=\"https:\/\/svt-dalaine.fr\/svt\/wp-content\/uploads\/2024\/05\/arbre_darwin-147x300.jpg 147w, https:\/\/svt-dalaine.fr\/svt\/wp-content\/uploads\/2024\/05\/arbre_darwin-132x270.jpg 132w, https:\/\/svt-dalaine.fr\/svt\/wp-content\/uploads\/2024\/05\/arbre_darwin.jpg 344w\" sizes=\"(max-width: 147px) 100vw, 147px\" \/>\t\t\t\t\t\t\t\t\t\t\t\t\t<\/div>\n\t\t\t\t<\/div>\n\t\t\t\t\t<\/div>\n\t\t<\/div>\n\t\t\t\t\t<\/div>\n\t\t<\/section>\n\t\t\t\t<section class=\"elementor-section elementor-top-section elementor-element elementor-element-922f639 elementor-section-boxed elementor-section-height-default elementor-section-height-default\" data-id=\"922f639\" data-element_type=\"section\">\n\t\t\t\t\t\t<div class=\"elementor-container elementor-column-gap-default\">\n\t\t\t\t\t<div class=\"elementor-column elementor-col-100 elementor-top-column elementor-element elementor-element-26eeda5\" data-id=\"26eeda5\" data-element_type=\"column\">\n\t\t\t<div class=\"elementor-widget-wrap elementor-element-populated\">\n\t\t\t\t\t\t<div class=\"elementor-element elementor-element-3b2bd4f elementor-widget elementor-widget-text-editor\" data-id=\"3b2bd4f\" data-element_type=\"widget\" data-widget_type=\"text-editor.default\">\n\t\t\t\t<div class=\"elementor-widget-container\">\n\t\t\t\t\t\t\t<p>Extrait du B.O.<\/p><p>Plusieurs types de classification existent en biologie selon les objectifs poursuivis : utilitaire, fonctionnel (\u00e9cologique, physiologique), phylog\u00e9n\u00e9tique. Elles s\u2019appuient sur diff\u00e9rents caract\u00e8res : fonctionnels, morphologiques, anatomiques, embryologiques (pour les pluricellulaires), biochimiques ou mol\u00e9culaires (en plein essor gr\u00e2ce aux outils de la biologie mol\u00e9culaire et de la bioinformatique). Les classifications utilisent la ressemblance, qui peut \u00eatre due \u00e0 des homoplasies ou \u00e0 des homologies.<\/p><p>Les classifications ph\u00e9n\u00e9tiques classent les taxons selon leur ressemblance globale (exemple des m\u00e9thodes de distances g\u00e9n\u00e9tiques). Elles sont de moins en moins utilis\u00e9es en taxonomie.<\/p><p>Les classifications post-darwiniennes cherchent \u00e0 refl\u00e9ter les parent\u00e9s \u00e9volutives. Les classifications dites \u00e9volutionnistes ne retenaient que les homologies mais acceptaient les groupes paraphyl\u00e9tiques ; elles ne sont plus utilis\u00e9es en taxonomie. Les classifications phylog\u00e9n\u00e9tiques (ou cladistiques) ne retiennent que les ressemblances particuli\u00e8res \u00e0 une partie des organismes \u00e0 classer (ce sont les synapomorphies, ou caract\u00e8res partag\u00e9s \u00e0 l\u2019\u00e9tat d\u00e9riv\u00e9) : elles d\u00e9finissent des groupes monophyl\u00e9tiques.<\/p><p>Plusieurs m\u00e9thodes sont utilis\u00e9es pour \u00e9laborer des phylog\u00e9nies. Certaines utilisent des groupes externes (actuels ou fossiles), ce qui permet d\u2019identifier les \u00e9tats ancestraux (pl\u00e9siomorphes) et d\u00e9riv\u00e9s (apomorphes) des caract\u00e8res. La plupart des autres analyses reposent sur des m\u00e9thodes d\u00e9terminant l\u2019arbre le plus probable au regard d\u2019un mod\u00e8le \u00e9volutif postul\u00e9. Dans ce cas, les pl\u00e9sio et apomorphies sont reconnues a posteriori, comme un produit de l\u2019analyse.<\/p><p>Le principe de parcimonie retient l&#8217;arbre qui maximise la coh\u00e9rence des caract\u00e8res, c\u2019est-\u00e0-dire qui n\u00e9cessite le moins de changements \u00e9volutifs. D\u2019autres m\u00e9thodes se fondent sur des mod\u00e8les probabilistes (fixant les probabilit\u00e9s des changements \u00e9volutifs) pour d\u00e9terminer le ou les arbres le(s) plus probable(s) selon le mod\u00e8le retenu (comme l\u2019approche du maximum de vraisemblance)<\/p>\t\t\t\t\t\t<\/div>\n\t\t\t\t<\/div>\n\t\t\t\t\t<\/div>\n\t\t<\/div>\n\t\t\t\t\t<\/div>\n\t\t<\/section>\n\t\t\t\t<section class=\"elementor-section elementor-top-section elementor-element elementor-element-8b1cf14 elementor-section-boxed elementor-section-height-default elementor-section-height-default\" data-id=\"8b1cf14\" data-element_type=\"section\">\n\t\t\t\t\t\t<div class=\"elementor-container elementor-column-gap-default\">\n\t\t\t\t\t<div class=\"elementor-column elementor-col-100 elementor-top-column elementor-element elementor-element-70d1161\" data-id=\"70d1161\" data-element_type=\"column\">\n\t\t\t<div class=\"elementor-widget-wrap elementor-element-populated\">\n\t\t\t\t\t\t<div class=\"elementor-element elementor-element-e5d2929 elementor-widget elementor-widget-html\" data-id=\"e5d2929\" data-element_type=\"widget\" data-widget_type=\"html.default\">\n\t\t\t\t<div class=\"elementor-widget-container\">\n\t\t\t<div style=\"width: 100%;\"><div style=\"position: relative; padding-bottom: 56.25%; padding-top: 0; height: 0;\"><iframe title=\"phylogenie_histoire\" frameborder=\"0\" width=\"1200\" height=\"675\" style=\"position: absolute; top: 0; left: 0; width: 100%; height: 100%;\" src=\"https:\/\/view.genially.com\/611e68dd62dc7b0dfc18b861\" type=\"text\/html\" allowscriptaccess=\"always\" allowfullscreen=\"true\" scrolling=\"yes\" allownetworking=\"all\"><\/iframe> <\/div> <\/div>\t\t<\/div>\n\t\t\t\t<\/div>\n\t\t\t\t\t<\/div>\n\t\t<\/div>\n\t\t\t\t\t<\/div>\n\t\t<\/section>\n\t\t\t\t<\/div>\n\t\t","protected":false},"excerpt":{"rendered":"<p>Extrait du B.O. Plusieurs types de classification existent en biologie selon les objectifs poursuivis : utilitaire, fonctionnel (\u00e9cologique, physiologique), phylog\u00e9n\u00e9tique. Elles s\u2019appuient sur diff\u00e9rents caract\u00e8res : fonctionnels, morphologiques, anatomiques, embryologiques (pour les pluricellulaires), biochimiques ou mol\u00e9culaires (en plein essor gr\u00e2ce&hellip;&nbsp;<a href=\"https:\/\/svt-dalaine.fr\/svt\/sv-k-2-1-approche-phylogenetique-de-la-biodiversite-classer-le-vivant\/\" class=\"more-link\">Lire la suite<\/a><\/p>\n","protected":false},"author":1,"featured_media":0,"parent":0,"menu_order":0,"comment_status":"closed","ping_status":"closed","template":"","meta":{"footnotes":""},"categories":[],"tags":[],"class_list":["post-2366","page","type-page","status-publish","hentry"],"yoast_head":"<!-- This site is optimized with the Yoast SEO plugin v21.9.1 - https:\/\/yoast.com\/wordpress\/plugins\/seo\/ -->\n<title>SV-K-2-1 Approche phylog\u00e9n\u00e9tique de la biodiversit\u00e9 - classer le vivant - Bienvenue sur le site de Sciences de la Vie et de la Terre<\/title>\n<meta name=\"robots\" content=\"index, follow, max-snippet:-1, max-image-preview:large, max-video-preview:-1\" \/>\n<link rel=\"canonical\" href=\"https:\/\/svt-dalaine.fr\/svt\/sv-k-2-1-approche-phylogenetique-de-la-biodiversite-classer-le-vivant\/\" \/>\n<meta property=\"og:locale\" content=\"fr_FR\" \/>\n<meta property=\"og:type\" content=\"article\" \/>\n<meta property=\"og:title\" content=\"SV-K-2-1 Approche phylog\u00e9n\u00e9tique de la biodiversit\u00e9 - classer le vivant - Bienvenue sur le site de Sciences de la Vie et de la Terre\" \/>\n<meta property=\"og:description\" content=\"Extrait du B.O. Plusieurs types de classification existent en biologie selon les objectifs poursuivis : utilitaire, fonctionnel (\u00e9cologique, physiologique), phylog\u00e9n\u00e9tique. Elles s\u2019appuient sur diff\u00e9rents caract\u00e8res : fonctionnels, morphologiques, anatomiques, embryologiques (pour les pluricellulaires), biochimiques ou mol\u00e9culaires (en plein essor gr\u00e2ce&hellip;&nbsp;Lire la suite\" \/>\n<meta property=\"og:url\" content=\"https:\/\/svt-dalaine.fr\/svt\/sv-k-2-1-approche-phylogenetique-de-la-biodiversite-classer-le-vivant\/\" \/>\n<meta property=\"og:site_name\" content=\"Bienvenue sur le site de Sciences de la Vie et de la Terre\" \/>\n<meta property=\"article:modified_time\" content=\"2025-06-23T08:37:36+00:00\" \/>\n<meta property=\"og:image\" content=\"https:\/\/svt-dalaine.fr\/svt\/wp-content\/uploads\/2024\/05\/arbre_darwin-147x300.jpg\" \/>\n<meta name=\"twitter:card\" content=\"summary_large_image\" \/>\n<meta name=\"twitter:label1\" content=\"Dur\u00e9e de lecture estim\u00e9e\" \/>\n\t<meta name=\"twitter:data1\" content=\"2 minutes\" \/>\n<script type=\"application\/ld+json\" class=\"yoast-schema-graph\">{\"@context\":\"https:\/\/schema.org\",\"@graph\":[{\"@type\":\"WebPage\",\"@id\":\"https:\/\/svt-dalaine.fr\/svt\/sv-k-2-1-approche-phylogenetique-de-la-biodiversite-classer-le-vivant\/\",\"url\":\"https:\/\/svt-dalaine.fr\/svt\/sv-k-2-1-approche-phylogenetique-de-la-biodiversite-classer-le-vivant\/\",\"name\":\"SV-K-2-1 Approche phylog\u00e9n\u00e9tique de la biodiversit\u00e9 - classer le vivant - Bienvenue sur le site de Sciences de la Vie et de la Terre\",\"isPartOf\":{\"@id\":\"https:\/\/svt-dalaine.fr\/svt\/#website\"},\"datePublished\":\"2024-05-31T14:52:50+00:00\",\"dateModified\":\"2025-06-23T08:37:36+00:00\",\"breadcrumb\":{\"@id\":\"https:\/\/svt-dalaine.fr\/svt\/sv-k-2-1-approche-phylogenetique-de-la-biodiversite-classer-le-vivant\/#breadcrumb\"},\"inLanguage\":\"fr-FR\",\"potentialAction\":[{\"@type\":\"ReadAction\",\"target\":[\"https:\/\/svt-dalaine.fr\/svt\/sv-k-2-1-approche-phylogenetique-de-la-biodiversite-classer-le-vivant\/\"]}]},{\"@type\":\"BreadcrumbList\",\"@id\":\"https:\/\/svt-dalaine.fr\/svt\/sv-k-2-1-approche-phylogenetique-de-la-biodiversite-classer-le-vivant\/#breadcrumb\",\"itemListElement\":[{\"@type\":\"ListItem\",\"position\":1,\"name\":\"Accueil\",\"item\":\"https:\/\/svt-dalaine.fr\/svt\/\"},{\"@type\":\"ListItem\",\"position\":2,\"name\":\"SV-K-2-1 Approche phylog\u00e9n\u00e9tique de la biodiversit\u00e9 &#8211; classer le vivant\"}]},{\"@type\":\"WebSite\",\"@id\":\"https:\/\/svt-dalaine.fr\/svt\/#website\",\"url\":\"https:\/\/svt-dalaine.fr\/svt\/\",\"name\":\"Bienvenue sur le site de Sciences de la Vie et de la Terre\",\"description\":\"Ressources en SVT de St\u00e9phanie Dalaine, professeure agr\u00e9g\u00e9e exer\u00e7ant en BCPST1 ENCPB\",\"potentialAction\":[{\"@type\":\"SearchAction\",\"target\":{\"@type\":\"EntryPoint\",\"urlTemplate\":\"https:\/\/svt-dalaine.fr\/svt\/?s={search_term_string}\"},\"query-input\":\"required name=search_term_string\"}],\"inLanguage\":\"fr-FR\"}]}<\/script>\n<!-- \/ Yoast SEO plugin. -->","yoast_head_json":{"title":"SV-K-2-1 Approche phylog\u00e9n\u00e9tique de la biodiversit\u00e9 - classer le vivant - Bienvenue sur le site de Sciences de la Vie et de la Terre","robots":{"index":"index","follow":"follow","max-snippet":"max-snippet:-1","max-image-preview":"max-image-preview:large","max-video-preview":"max-video-preview:-1"},"canonical":"https:\/\/svt-dalaine.fr\/svt\/sv-k-2-1-approche-phylogenetique-de-la-biodiversite-classer-le-vivant\/","og_locale":"fr_FR","og_type":"article","og_title":"SV-K-2-1 Approche phylog\u00e9n\u00e9tique de la biodiversit\u00e9 - classer le vivant - Bienvenue sur le site de Sciences de la Vie et de la Terre","og_description":"Extrait du B.O. Plusieurs types de classification existent en biologie selon les objectifs poursuivis : utilitaire, fonctionnel (\u00e9cologique, physiologique), phylog\u00e9n\u00e9tique. Elles s\u2019appuient sur diff\u00e9rents caract\u00e8res : fonctionnels, morphologiques, anatomiques, embryologiques (pour les pluricellulaires), biochimiques ou mol\u00e9culaires (en plein essor gr\u00e2ce&hellip;&nbsp;Lire la suite","og_url":"https:\/\/svt-dalaine.fr\/svt\/sv-k-2-1-approche-phylogenetique-de-la-biodiversite-classer-le-vivant\/","og_site_name":"Bienvenue sur le site de Sciences de la Vie et de la Terre","article_modified_time":"2025-06-23T08:37:36+00:00","og_image":[{"url":"https:\/\/svt-dalaine.fr\/svt\/wp-content\/uploads\/2024\/05\/arbre_darwin-147x300.jpg"}],"twitter_card":"summary_large_image","twitter_misc":{"Dur\u00e9e de lecture estim\u00e9e":"2 minutes"},"schema":{"@context":"https:\/\/schema.org","@graph":[{"@type":"WebPage","@id":"https:\/\/svt-dalaine.fr\/svt\/sv-k-2-1-approche-phylogenetique-de-la-biodiversite-classer-le-vivant\/","url":"https:\/\/svt-dalaine.fr\/svt\/sv-k-2-1-approche-phylogenetique-de-la-biodiversite-classer-le-vivant\/","name":"SV-K-2-1 Approche phylog\u00e9n\u00e9tique de la biodiversit\u00e9 - classer le vivant - Bienvenue sur le site de Sciences de la Vie et de la Terre","isPartOf":{"@id":"https:\/\/svt-dalaine.fr\/svt\/#website"},"datePublished":"2024-05-31T14:52:50+00:00","dateModified":"2025-06-23T08:37:36+00:00","breadcrumb":{"@id":"https:\/\/svt-dalaine.fr\/svt\/sv-k-2-1-approche-phylogenetique-de-la-biodiversite-classer-le-vivant\/#breadcrumb"},"inLanguage":"fr-FR","potentialAction":[{"@type":"ReadAction","target":["https:\/\/svt-dalaine.fr\/svt\/sv-k-2-1-approche-phylogenetique-de-la-biodiversite-classer-le-vivant\/"]}]},{"@type":"BreadcrumbList","@id":"https:\/\/svt-dalaine.fr\/svt\/sv-k-2-1-approche-phylogenetique-de-la-biodiversite-classer-le-vivant\/#breadcrumb","itemListElement":[{"@type":"ListItem","position":1,"name":"Accueil","item":"https:\/\/svt-dalaine.fr\/svt\/"},{"@type":"ListItem","position":2,"name":"SV-K-2-1 Approche phylog\u00e9n\u00e9tique de la biodiversit\u00e9 &#8211; classer le vivant"}]},{"@type":"WebSite","@id":"https:\/\/svt-dalaine.fr\/svt\/#website","url":"https:\/\/svt-dalaine.fr\/svt\/","name":"Bienvenue sur le site de Sciences de la Vie et de la Terre","description":"Ressources en SVT de St\u00e9phanie Dalaine, professeure agr\u00e9g\u00e9e exer\u00e7ant en BCPST1 ENCPB","potentialAction":[{"@type":"SearchAction","target":{"@type":"EntryPoint","urlTemplate":"https:\/\/svt-dalaine.fr\/svt\/?s={search_term_string}"},"query-input":"required name=search_term_string"}],"inLanguage":"fr-FR"}]}},"_links":{"self":[{"href":"https:\/\/svt-dalaine.fr\/svt\/wp-json\/wp\/v2\/pages\/2366","targetHints":{"allow":["GET"]}}],"collection":[{"href":"https:\/\/svt-dalaine.fr\/svt\/wp-json\/wp\/v2\/pages"}],"about":[{"href":"https:\/\/svt-dalaine.fr\/svt\/wp-json\/wp\/v2\/types\/page"}],"author":[{"embeddable":true,"href":"https:\/\/svt-dalaine.fr\/svt\/wp-json\/wp\/v2\/users\/1"}],"replies":[{"embeddable":true,"href":"https:\/\/svt-dalaine.fr\/svt\/wp-json\/wp\/v2\/comments?post=2366"}],"version-history":[{"count":11,"href":"https:\/\/svt-dalaine.fr\/svt\/wp-json\/wp\/v2\/pages\/2366\/revisions"}],"predecessor-version":[{"id":2692,"href":"https:\/\/svt-dalaine.fr\/svt\/wp-json\/wp\/v2\/pages\/2366\/revisions\/2692"}],"wp:attachment":[{"href":"https:\/\/svt-dalaine.fr\/svt\/wp-json\/wp\/v2\/media?parent=2366"}],"wp:term":[{"taxonomy":"category","embeddable":true,"href":"https:\/\/svt-dalaine.fr\/svt\/wp-json\/wp\/v2\/categories?post=2366"},{"taxonomy":"post_tag","embeddable":true,"href":"https:\/\/svt-dalaine.fr\/svt\/wp-json\/wp\/v2\/tags?post=2366"}],"curies":[{"name":"wp","href":"https:\/\/api.w.org\/{rel}","templated":true}]}}