{"id":2453,"date":"2024-10-30T19:04:53","date_gmt":"2024-10-30T18:04:53","guid":{"rendered":"https:\/\/svt-dalaine.fr\/svt\/?page_id=2453"},"modified":"2024-11-06T19:42:19","modified_gmt":"2024-11-06T18:42:19","slug":"bcpst1-st-sciences-de-la-terre","status":"publish","type":"page","link":"https:\/\/svt-dalaine.fr\/svt\/bcpst1-st-sciences-de-la-terre\/","title":{"rendered":"BCPST1 &#8211; ST Sciences de la Terre"},"content":{"rendered":"\t\t<div data-elementor-type=\"wp-page\" data-elementor-id=\"2453\" class=\"elementor elementor-2453\">\n\t\t\t\t\t\t<section class=\"elementor-section elementor-top-section elementor-element elementor-element-9bd5a26 elementor-section-boxed elementor-section-height-default elementor-section-height-default\" data-id=\"9bd5a26\" data-element_type=\"section\">\n\t\t\t\t\t\t<div class=\"elementor-container elementor-column-gap-default\">\n\t\t\t\t\t<div class=\"elementor-column elementor-col-100 elementor-top-column elementor-element elementor-element-5d40adf\" data-id=\"5d40adf\" data-element_type=\"column\">\n\t\t\t<div class=\"elementor-widget-wrap elementor-element-populated\">\n\t\t\t\t\t\t<div class=\"elementor-element elementor-element-99cdf5f elementor-widget elementor-widget-image\" data-id=\"99cdf5f\" data-element_type=\"widget\" data-widget_type=\"image.default\">\n\t\t\t\t<div class=\"elementor-widget-container\">\n\t\t\t\t\t\t\t\t\t\t\t\t\t<img fetchpriority=\"high\" decoding=\"async\" width=\"225\" height=\"300\" src=\"https:\/\/svt-dalaine.fr\/svt\/wp-content\/uploads\/2024\/06\/IMG_3085-225x300.jpg\" class=\"attachment-medium size-medium wp-image-2398\" alt=\"\" srcset=\"https:\/\/svt-dalaine.fr\/svt\/wp-content\/uploads\/2024\/06\/IMG_3085-225x300.jpg 225w, https:\/\/svt-dalaine.fr\/svt\/wp-content\/uploads\/2024\/06\/IMG_3085-768x1024.jpg 768w, https:\/\/svt-dalaine.fr\/svt\/wp-content\/uploads\/2024\/06\/IMG_3085-1152x1536.jpg 1152w, https:\/\/svt-dalaine.fr\/svt\/wp-content\/uploads\/2024\/06\/IMG_3085-1536x2048.jpg 1536w, https:\/\/svt-dalaine.fr\/svt\/wp-content\/uploads\/2024\/06\/IMG_3085-203x270.jpg 203w, https:\/\/svt-dalaine.fr\/svt\/wp-content\/uploads\/2024\/06\/IMG_3085-scaled.jpg 1920w\" sizes=\"(max-width: 225px) 100vw, 225px\" \/>\t\t\t\t\t\t\t\t\t\t\t\t\t<\/div>\n\t\t\t\t<\/div>\n\t\t\t\t\t<\/div>\n\t\t<\/div>\n\t\t\t\t\t<\/div>\n\t\t<\/section>\n\t\t\t\t<section class=\"elementor-section elementor-top-section elementor-element elementor-element-a0e6eb4 elementor-section-boxed elementor-section-height-default elementor-section-height-default\" data-id=\"a0e6eb4\" data-element_type=\"section\">\n\t\t\t\t\t\t<div class=\"elementor-container elementor-column-gap-default\">\n\t\t\t\t\t<div class=\"elementor-column elementor-col-100 elementor-top-column elementor-element elementor-element-2c5630b\" data-id=\"2c5630b\" data-element_type=\"column\">\n\t\t\t<div class=\"elementor-widget-wrap elementor-element-populated\">\n\t\t\t\t\t\t<div class=\"elementor-element elementor-element-fb6f14b elementor-widget elementor-widget-text-editor\" data-id=\"fb6f14b\" data-element_type=\"widget\" data-widget_type=\"text-editor.default\">\n\t\t\t\t<div class=\"elementor-widget-container\">\n\t\t\t\t\t\t\t<p>Extrait du B.O.<\/p><p>En sciences de la Terre, le programme vise essentiellement \u00e0 pr\u00e9senter la Terre solide et conjugue<br \/>la n\u00e9cessit\u00e9 de prendre en compte les g\u00e9osciences fondamentales et appliqu\u00e9es dans une soci\u00e9t\u00e9<br \/>confront\u00e9e aux enjeux de l\u2019approvisionnement en ressources naturelles et \u00e0 la gestion des risques<br \/>g\u00e9ologiques. La premi\u00e8re ann\u00e9e permet de mettre en place les outils et les concepts constituant le<br \/>cadre d\u2019\u00e9tude des g\u00e9osciences. L&#8217;\u00e9tude de la structure de la plan\u00e8te Terre permet de faire la transition<br \/>entre l\u2019enseignement secondaire dont les acquis sont repris et stabilis\u00e9s en premi\u00e8re ann\u00e9e de classe<br \/>pr\u00e9paratoire. L\u2019\u00e9tude des d\u00e9formations de la lithosph\u00e8re, des processus s\u00e9dimentaires, du<br \/>magmatisme et du m\u00e9tamorphisme vise \u00e0 la compr\u00e9hension de ph\u00e9nom\u00e8nes g\u00e9ologiques<br \/>fondamentaux. La Terre est \u00e9tudi\u00e9e dans son fonctionnement actuel mais aussi dans un cadre<br \/>historique. La partie sur la mesure du temps fournit les outils et m\u00e9thodes de la g\u00e9ologie historique,<br \/>appliqu\u00e9s \u00e0 l&#8217;\u00e9tude des grands ensembles g\u00e9ologiques fran\u00e7ais. Loin de viser l\u2019exhaustivit\u00e9 ou<br \/>l\u2019\u00e9rudition, l\u2019enjeu de la formation en sciences de la Terre est d\u2019\u00e9laborer une vision synth\u00e9tique du<br \/>syst\u00e8me Terre. Le programme permet de relier les diff\u00e9rentes \u00e9chelles d\u2019espace : couplage entre les<br \/>diff\u00e9rentes sph\u00e8res, int\u00e9gration dans le cadre de la tectonique globale, compr\u00e9hension des grands<br \/>ensembles structuraux r\u00e9gionaux. Le programme de sciences de la Terre invite \u00e0 mettre les cartes au<br \/>centre de la r\u00e9flexion, qu\u2019elles soient g\u00e9ologiques ou th\u00e9matiques, et \u00e0 conduire un va-et-vient entre<br \/>repr\u00e9sentations cartographiques et r\u00e9el chaque fois que possible. L\u2019\u00e9tude des objets g\u00e9ologiques est<br \/>l\u2019occasion de d\u00e9velopper chez les \u00e9tudiants des comp\u00e9tences scientifiques g\u00e9n\u00e9rales : capacit\u00e9<br \/>d\u2019observation d\u2019objets complexes, raisonnement \u00e0 partir de donn\u00e9es partielles et incompl\u00e8tes,<br \/>raisonnement simultan\u00e9 sur plusieurs \u00e9chelles temporelles et spatiales, importance de l\u2019histoire de<br \/>l\u2019objet \u00e9tudi\u00e9, capacit\u00e9 \u00e0 se repr\u00e9senter un objet en trois dimensions \u00e0 partir d\u2019observations<br \/>discontinues.<\/p>\t\t\t\t\t\t<\/div>\n\t\t\t\t<\/div>\n\t\t\t\t\t<\/div>\n\t\t<\/div>\n\t\t\t\t\t<\/div>\n\t\t<\/section>\n\t\t\t\t<\/div>\n\t\t","protected":false},"excerpt":{"rendered":"<p>Extrait du B.O. En sciences de la Terre, le programme vise essentiellement \u00e0 pr\u00e9senter la Terre solide et conjuguela n\u00e9cessit\u00e9 de prendre en compte les g\u00e9osciences fondamentales et appliqu\u00e9es dans une soci\u00e9t\u00e9confront\u00e9e aux enjeux de l\u2019approvisionnement en ressources naturelles et&hellip;&nbsp;<a href=\"https:\/\/svt-dalaine.fr\/svt\/bcpst1-st-sciences-de-la-terre\/\" class=\"more-link\">Lire la suite<\/a><\/p>\n","protected":false},"author":1,"featured_media":0,"parent":0,"menu_order":0,"comment_status":"closed","ping_status":"closed","template":"","meta":{"footnotes":""},"categories":[],"tags":[],"class_list":["post-2453","page","type-page","status-publish","hentry"],"yoast_head":"<!-- This site is optimized with the Yoast SEO plugin v21.9.1 - https:\/\/yoast.com\/wordpress\/plugins\/seo\/ -->\n<title>BCPST1 - ST Sciences de la Terre - Bienvenue sur le site de Sciences de la Vie et de la Terre<\/title>\n<meta name=\"robots\" content=\"index, follow, max-snippet:-1, max-image-preview:large, max-video-preview:-1\" \/>\n<link rel=\"canonical\" href=\"https:\/\/svt-dalaine.fr\/svt\/bcpst1-st-sciences-de-la-terre\/\" \/>\n<meta property=\"og:locale\" content=\"fr_FR\" \/>\n<meta property=\"og:type\" content=\"article\" \/>\n<meta property=\"og:title\" content=\"BCPST1 - ST Sciences de la Terre - Bienvenue sur le site de Sciences de la Vie et de la Terre\" \/>\n<meta property=\"og:description\" content=\"Extrait du B.O. En sciences de la Terre, le programme vise essentiellement \u00e0 pr\u00e9senter la Terre solide et conjuguela n\u00e9cessit\u00e9 de prendre en compte les g\u00e9osciences fondamentales et appliqu\u00e9es dans une soci\u00e9t\u00e9confront\u00e9e aux enjeux de l\u2019approvisionnement en ressources naturelles et&hellip;&nbsp;Lire la suite\" \/>\n<meta property=\"og:url\" content=\"https:\/\/svt-dalaine.fr\/svt\/bcpst1-st-sciences-de-la-terre\/\" \/>\n<meta property=\"og:site_name\" content=\"Bienvenue sur le site de Sciences de la Vie et de la Terre\" \/>\n<meta property=\"article:modified_time\" content=\"2024-11-06T18:42:19+00:00\" \/>\n<meta property=\"og:image\" content=\"https:\/\/svt-dalaine.fr\/svt\/wp-content\/uploads\/2024\/06\/IMG_3085-225x300.jpg\" \/>\n<meta name=\"twitter:card\" content=\"summary_large_image\" \/>\n<meta name=\"twitter:label1\" content=\"Dur\u00e9e de lecture estim\u00e9e\" \/>\n\t<meta name=\"twitter:data1\" content=\"2 minutes\" \/>\n<script type=\"application\/ld+json\" class=\"yoast-schema-graph\">{\"@context\":\"https:\/\/schema.org\",\"@graph\":[{\"@type\":\"WebPage\",\"@id\":\"https:\/\/svt-dalaine.fr\/svt\/bcpst1-st-sciences-de-la-terre\/\",\"url\":\"https:\/\/svt-dalaine.fr\/svt\/bcpst1-st-sciences-de-la-terre\/\",\"name\":\"BCPST1 - ST Sciences de la Terre - Bienvenue sur le site de Sciences de la Vie et de la Terre\",\"isPartOf\":{\"@id\":\"https:\/\/svt-dalaine.fr\/svt\/#website\"},\"datePublished\":\"2024-10-30T18:04:53+00:00\",\"dateModified\":\"2024-11-06T18:42:19+00:00\",\"breadcrumb\":{\"@id\":\"https:\/\/svt-dalaine.fr\/svt\/bcpst1-st-sciences-de-la-terre\/#breadcrumb\"},\"inLanguage\":\"fr-FR\",\"potentialAction\":[{\"@type\":\"ReadAction\",\"target\":[\"https:\/\/svt-dalaine.fr\/svt\/bcpst1-st-sciences-de-la-terre\/\"]}]},{\"@type\":\"BreadcrumbList\",\"@id\":\"https:\/\/svt-dalaine.fr\/svt\/bcpst1-st-sciences-de-la-terre\/#breadcrumb\",\"itemListElement\":[{\"@type\":\"ListItem\",\"position\":1,\"name\":\"Accueil\",\"item\":\"https:\/\/svt-dalaine.fr\/svt\/\"},{\"@type\":\"ListItem\",\"position\":2,\"name\":\"BCPST1 &#8211; ST Sciences de la Terre\"}]},{\"@type\":\"WebSite\",\"@id\":\"https:\/\/svt-dalaine.fr\/svt\/#website\",\"url\":\"https:\/\/svt-dalaine.fr\/svt\/\",\"name\":\"Bienvenue sur le site de Sciences de la Vie et de la Terre\",\"description\":\"Ressources en SVT de St\u00e9phanie Dalaine, professeure agr\u00e9g\u00e9e exer\u00e7ant en BCPST1 ENCPB\",\"potentialAction\":[{\"@type\":\"SearchAction\",\"target\":{\"@type\":\"EntryPoint\",\"urlTemplate\":\"https:\/\/svt-dalaine.fr\/svt\/?s={search_term_string}\"},\"query-input\":\"required name=search_term_string\"}],\"inLanguage\":\"fr-FR\"}]}<\/script>\n<!-- \/ Yoast SEO plugin. -->","yoast_head_json":{"title":"BCPST1 - ST Sciences de la Terre - Bienvenue sur le site de Sciences de la Vie et de la Terre","robots":{"index":"index","follow":"follow","max-snippet":"max-snippet:-1","max-image-preview":"max-image-preview:large","max-video-preview":"max-video-preview:-1"},"canonical":"https:\/\/svt-dalaine.fr\/svt\/bcpst1-st-sciences-de-la-terre\/","og_locale":"fr_FR","og_type":"article","og_title":"BCPST1 - ST Sciences de la Terre - Bienvenue sur le site de Sciences de la Vie et de la Terre","og_description":"Extrait du B.O. En sciences de la Terre, le programme vise essentiellement \u00e0 pr\u00e9senter la Terre solide et conjuguela n\u00e9cessit\u00e9 de prendre en compte les g\u00e9osciences fondamentales et appliqu\u00e9es dans une soci\u00e9t\u00e9confront\u00e9e aux enjeux de l\u2019approvisionnement en ressources naturelles et&hellip;&nbsp;Lire la suite","og_url":"https:\/\/svt-dalaine.fr\/svt\/bcpst1-st-sciences-de-la-terre\/","og_site_name":"Bienvenue sur le site de Sciences de la Vie et de la Terre","article_modified_time":"2024-11-06T18:42:19+00:00","og_image":[{"url":"https:\/\/svt-dalaine.fr\/svt\/wp-content\/uploads\/2024\/06\/IMG_3085-225x300.jpg"}],"twitter_card":"summary_large_image","twitter_misc":{"Dur\u00e9e de lecture estim\u00e9e":"2 minutes"},"schema":{"@context":"https:\/\/schema.org","@graph":[{"@type":"WebPage","@id":"https:\/\/svt-dalaine.fr\/svt\/bcpst1-st-sciences-de-la-terre\/","url":"https:\/\/svt-dalaine.fr\/svt\/bcpst1-st-sciences-de-la-terre\/","name":"BCPST1 - ST Sciences de la Terre - Bienvenue sur le site de Sciences de la Vie et de la Terre","isPartOf":{"@id":"https:\/\/svt-dalaine.fr\/svt\/#website"},"datePublished":"2024-10-30T18:04:53+00:00","dateModified":"2024-11-06T18:42:19+00:00","breadcrumb":{"@id":"https:\/\/svt-dalaine.fr\/svt\/bcpst1-st-sciences-de-la-terre\/#breadcrumb"},"inLanguage":"fr-FR","potentialAction":[{"@type":"ReadAction","target":["https:\/\/svt-dalaine.fr\/svt\/bcpst1-st-sciences-de-la-terre\/"]}]},{"@type":"BreadcrumbList","@id":"https:\/\/svt-dalaine.fr\/svt\/bcpst1-st-sciences-de-la-terre\/#breadcrumb","itemListElement":[{"@type":"ListItem","position":1,"name":"Accueil","item":"https:\/\/svt-dalaine.fr\/svt\/"},{"@type":"ListItem","position":2,"name":"BCPST1 &#8211; ST Sciences de la Terre"}]},{"@type":"WebSite","@id":"https:\/\/svt-dalaine.fr\/svt\/#website","url":"https:\/\/svt-dalaine.fr\/svt\/","name":"Bienvenue sur le site de Sciences de la Vie et de la Terre","description":"Ressources en SVT de St\u00e9phanie Dalaine, professeure agr\u00e9g\u00e9e exer\u00e7ant en BCPST1 ENCPB","potentialAction":[{"@type":"SearchAction","target":{"@type":"EntryPoint","urlTemplate":"https:\/\/svt-dalaine.fr\/svt\/?s={search_term_string}"},"query-input":"required name=search_term_string"}],"inLanguage":"fr-FR"}]}},"_links":{"self":[{"href":"https:\/\/svt-dalaine.fr\/svt\/wp-json\/wp\/v2\/pages\/2453","targetHints":{"allow":["GET"]}}],"collection":[{"href":"https:\/\/svt-dalaine.fr\/svt\/wp-json\/wp\/v2\/pages"}],"about":[{"href":"https:\/\/svt-dalaine.fr\/svt\/wp-json\/wp\/v2\/types\/page"}],"author":[{"embeddable":true,"href":"https:\/\/svt-dalaine.fr\/svt\/wp-json\/wp\/v2\/users\/1"}],"replies":[{"embeddable":true,"href":"https:\/\/svt-dalaine.fr\/svt\/wp-json\/wp\/v2\/comments?post=2453"}],"version-history":[{"count":7,"href":"https:\/\/svt-dalaine.fr\/svt\/wp-json\/wp\/v2\/pages\/2453\/revisions"}],"predecessor-version":[{"id":2587,"href":"https:\/\/svt-dalaine.fr\/svt\/wp-json\/wp\/v2\/pages\/2453\/revisions\/2587"}],"wp:attachment":[{"href":"https:\/\/svt-dalaine.fr\/svt\/wp-json\/wp\/v2\/media?parent=2453"}],"wp:term":[{"taxonomy":"category","embeddable":true,"href":"https:\/\/svt-dalaine.fr\/svt\/wp-json\/wp\/v2\/categories?post=2453"},{"taxonomy":"post_tag","embeddable":true,"href":"https:\/\/svt-dalaine.fr\/svt\/wp-json\/wp\/v2\/tags?post=2453"}],"curies":[{"name":"wp","href":"https:\/\/api.w.org\/{rel}","templated":true}]}}