{"id":2507,"date":"2024-10-30T19:41:09","date_gmt":"2024-10-30T18:41:09","guid":{"rendered":"https:\/\/svt-dalaine.fr\/svt\/?page_id=2507"},"modified":"2024-10-30T19:42:40","modified_gmt":"2024-10-30T18:42:40","slug":"un-peu-de-botanique-et-de-fabacees","status":"publish","type":"page","link":"https:\/\/svt-dalaine.fr\/svt\/un-peu-de-botanique-et-de-fabacees\/","title":{"rendered":"Un peu de botanique et de Fabac\u00e9es!"},"content":{"rendered":"\t\t<div data-elementor-type=\"wp-page\" data-elementor-id=\"2507\" class=\"elementor elementor-2507\">\n\t\t\t\t\t\t<section class=\"elementor-section elementor-top-section elementor-element elementor-element-a7ae401 elementor-section-boxed elementor-section-height-default elementor-section-height-default\" data-id=\"a7ae401\" data-element_type=\"section\">\n\t\t\t\t\t\t<div class=\"elementor-container elementor-column-gap-default\">\n\t\t\t\t\t<div class=\"elementor-column elementor-col-100 elementor-top-column elementor-element elementor-element-6e93cf3\" data-id=\"6e93cf3\" data-element_type=\"column\">\n\t\t\t<div class=\"elementor-widget-wrap elementor-element-populated\">\n\t\t\t\t\t\t<div class=\"elementor-element elementor-element-0b2f5c4 elementor-widget elementor-widget-heading\" data-id=\"0b2f5c4\" data-element_type=\"widget\" data-widget_type=\"heading.default\">\n\t\t\t\t<div class=\"elementor-widget-container\">\n\t\t\t<h2 class=\"elementor-heading-title elementor-size-default\">Initiation \u00e0 la botanique<\/h2>\t\t<\/div>\n\t\t\t\t<\/div>\n\t\t\t\t\t<\/div>\n\t\t<\/div>\n\t\t\t\t\t<\/div>\n\t\t<\/section>\n\t\t\t\t<section class=\"elementor-section elementor-top-section elementor-element elementor-element-b8c43d5 elementor-section-boxed elementor-section-height-default elementor-section-height-default\" data-id=\"b8c43d5\" data-element_type=\"section\">\n\t\t\t\t\t\t<div class=\"elementor-container elementor-column-gap-default\">\n\t\t\t\t\t<div class=\"elementor-column elementor-col-100 elementor-top-column elementor-element elementor-element-0187023\" data-id=\"0187023\" data-element_type=\"column\">\n\t\t\t<div class=\"elementor-widget-wrap elementor-element-populated\">\n\t\t\t\t\t\t<div class=\"elementor-element elementor-element-60de805 elementor-widget elementor-widget-html\" data-id=\"60de805\" data-element_type=\"widget\" data-widget_type=\"html.default\">\n\t\t\t\t<div class=\"elementor-widget-container\">\n\t\t\t<div style=\"width: 100%;\"><div style=\"position: relative; padding-bottom: 56.25%; padding-top: 0; height: 0;\"><iframe title=\"Initiation-Bota\" frameborder=\"0\" width=\"1200\" height=\"675\" style=\"position: absolute; top: 0; left: 0; width: 100%; height: 100%;\" src=\"https:\/\/view.genially.com\/648c6dd0af5ef000138aa6d1\" type=\"text\/html\" allowscriptaccess=\"always\" allowfullscreen=\"true\" scrolling=\"yes\" allownetworking=\"all\"><\/iframe> <\/div> <\/div>\t\t<\/div>\n\t\t\t\t<\/div>\n\t\t\t\t\t<\/div>\n\t\t<\/div>\n\t\t\t\t\t<\/div>\n\t\t<\/section>\n\t\t\t\t<section class=\"elementor-section elementor-top-section elementor-element elementor-element-d5afcb5 elementor-section-boxed elementor-section-height-default elementor-section-height-default\" data-id=\"d5afcb5\" data-element_type=\"section\">\n\t\t\t\t\t\t<div class=\"elementor-container elementor-column-gap-default\">\n\t\t\t\t\t<div class=\"elementor-column elementor-col-100 elementor-top-column elementor-element elementor-element-eafd087\" data-id=\"eafd087\" data-element_type=\"column\">\n\t\t\t<div class=\"elementor-widget-wrap elementor-element-populated\">\n\t\t\t\t\t\t<div class=\"elementor-element elementor-element-1e1e20f elementor-widget elementor-widget-heading\" data-id=\"1e1e20f\" data-element_type=\"widget\" data-widget_type=\"heading.default\">\n\t\t\t\t<div class=\"elementor-widget-container\">\n\t\t\t<h2 class=\"elementor-heading-title elementor-size-default\">Petit point sur les Fabac\u00e9es<\/h2>\t\t<\/div>\n\t\t\t\t<\/div>\n\t\t\t\t\t<\/div>\n\t\t<\/div>\n\t\t\t\t\t<\/div>\n\t\t<\/section>\n\t\t\t\t<section class=\"elementor-section elementor-top-section elementor-element elementor-element-0e04f8e elementor-section-boxed elementor-section-height-default elementor-section-height-default\" data-id=\"0e04f8e\" data-element_type=\"section\">\n\t\t\t\t\t\t<div class=\"elementor-container elementor-column-gap-default\">\n\t\t\t\t\t<div class=\"elementor-column elementor-col-100 elementor-top-column elementor-element elementor-element-7cd34e7\" data-id=\"7cd34e7\" data-element_type=\"column\">\n\t\t\t<div class=\"elementor-widget-wrap elementor-element-populated\">\n\t\t\t\t\t\t<div class=\"elementor-element elementor-element-13eee67 elementor-widget elementor-widget-html\" data-id=\"13eee67\" data-element_type=\"widget\" data-widget_type=\"html.default\">\n\t\t\t\t<div class=\"elementor-widget-container\">\n\t\t\t<div style=\"width: 100%;\"><div style=\"position: relative; padding-bottom: 56.25%; padding-top: 0; height: 0;\"><iframe title=\"Biologie_vegetale_Stephanie_Dalaine\" frameborder=\"0\" width=\"1200\" height=\"675\" style=\"position: absolute; top: 0; left: 0; width: 100%; height: 100%;\" src=\"https:\/\/view.genially.com\/648c51b718bf0f00183cb530\" type=\"text\/html\" allowscriptaccess=\"always\" allowfullscreen=\"true\" scrolling=\"yes\" allownetworking=\"all\"><\/iframe> <\/div> <\/div>\t\t<\/div>\n\t\t\t\t<\/div>\n\t\t\t\t\t<\/div>\n\t\t<\/div>\n\t\t\t\t\t<\/div>\n\t\t<\/section>\n\t\t\t\t<\/div>\n\t\t","protected":false},"excerpt":{"rendered":"<p>Initiation \u00e0 la botanique Petit point sur les Fabac\u00e9es<\/p>\n","protected":false},"author":1,"featured_media":0,"parent":0,"menu_order":0,"comment_status":"closed","ping_status":"closed","template":"","meta":{"footnotes":""},"categories":[],"tags":[],"class_list":["post-2507","page","type-page","status-publish","hentry"],"yoast_head":"<!-- This site is optimized with the Yoast SEO plugin v21.9.1 - https:\/\/yoast.com\/wordpress\/plugins\/seo\/ -->\n<title>Un peu de botanique et de Fabac\u00e9es! - Bienvenue sur le site de Sciences de la Vie et de la Terre<\/title>\n<meta name=\"robots\" content=\"index, follow, max-snippet:-1, max-image-preview:large, max-video-preview:-1\" \/>\n<link rel=\"canonical\" href=\"https:\/\/svt-dalaine.fr\/svt\/un-peu-de-botanique-et-de-fabacees\/\" \/>\n<meta property=\"og:locale\" content=\"fr_FR\" \/>\n<meta property=\"og:type\" content=\"article\" \/>\n<meta property=\"og:title\" content=\"Un peu de botanique et de Fabac\u00e9es! - Bienvenue sur le site de Sciences de la Vie et de la Terre\" \/>\n<meta property=\"og:description\" content=\"Initiation \u00e0 la botanique Petit point sur les Fabac\u00e9es\" \/>\n<meta property=\"og:url\" content=\"https:\/\/svt-dalaine.fr\/svt\/un-peu-de-botanique-et-de-fabacees\/\" \/>\n<meta property=\"og:site_name\" content=\"Bienvenue sur le site de Sciences de la Vie et de la Terre\" \/>\n<meta property=\"article:modified_time\" content=\"2024-10-30T18:42:40+00:00\" \/>\n<meta name=\"twitter:card\" content=\"summary_large_image\" \/>\n<meta name=\"twitter:label1\" content=\"Dur\u00e9e de lecture estim\u00e9e\" \/>\n\t<meta name=\"twitter:data1\" content=\"1 minute\" \/>\n<script type=\"application\/ld+json\" class=\"yoast-schema-graph\">{\"@context\":\"https:\/\/schema.org\",\"@graph\":[{\"@type\":\"WebPage\",\"@id\":\"https:\/\/svt-dalaine.fr\/svt\/un-peu-de-botanique-et-de-fabacees\/\",\"url\":\"https:\/\/svt-dalaine.fr\/svt\/un-peu-de-botanique-et-de-fabacees\/\",\"name\":\"Un peu de botanique et de Fabac\u00e9es! - Bienvenue sur le site de Sciences de la Vie et de la Terre\",\"isPartOf\":{\"@id\":\"https:\/\/svt-dalaine.fr\/svt\/#website\"},\"datePublished\":\"2024-10-30T18:41:09+00:00\",\"dateModified\":\"2024-10-30T18:42:40+00:00\",\"breadcrumb\":{\"@id\":\"https:\/\/svt-dalaine.fr\/svt\/un-peu-de-botanique-et-de-fabacees\/#breadcrumb\"},\"inLanguage\":\"fr-FR\",\"potentialAction\":[{\"@type\":\"ReadAction\",\"target\":[\"https:\/\/svt-dalaine.fr\/svt\/un-peu-de-botanique-et-de-fabacees\/\"]}]},{\"@type\":\"BreadcrumbList\",\"@id\":\"https:\/\/svt-dalaine.fr\/svt\/un-peu-de-botanique-et-de-fabacees\/#breadcrumb\",\"itemListElement\":[{\"@type\":\"ListItem\",\"position\":1,\"name\":\"Accueil\",\"item\":\"https:\/\/svt-dalaine.fr\/svt\/\"},{\"@type\":\"ListItem\",\"position\":2,\"name\":\"Un peu de botanique et de Fabac\u00e9es!\"}]},{\"@type\":\"WebSite\",\"@id\":\"https:\/\/svt-dalaine.fr\/svt\/#website\",\"url\":\"https:\/\/svt-dalaine.fr\/svt\/\",\"name\":\"Bienvenue sur le site de Sciences de la Vie et de la Terre\",\"description\":\"Ressources en SVT de St\u00e9phanie Dalaine, professeure agr\u00e9g\u00e9e exer\u00e7ant en BCPST1 ENCPB\",\"potentialAction\":[{\"@type\":\"SearchAction\",\"target\":{\"@type\":\"EntryPoint\",\"urlTemplate\":\"https:\/\/svt-dalaine.fr\/svt\/?s={search_term_string}\"},\"query-input\":\"required name=search_term_string\"}],\"inLanguage\":\"fr-FR\"}]}<\/script>\n<!-- \/ Yoast SEO plugin. -->","yoast_head_json":{"title":"Un peu de botanique et de Fabac\u00e9es! - Bienvenue sur le site de Sciences de la Vie et de la Terre","robots":{"index":"index","follow":"follow","max-snippet":"max-snippet:-1","max-image-preview":"max-image-preview:large","max-video-preview":"max-video-preview:-1"},"canonical":"https:\/\/svt-dalaine.fr\/svt\/un-peu-de-botanique-et-de-fabacees\/","og_locale":"fr_FR","og_type":"article","og_title":"Un peu de botanique et de Fabac\u00e9es! - Bienvenue sur le site de Sciences de la Vie et de la Terre","og_description":"Initiation \u00e0 la botanique Petit point sur les Fabac\u00e9es","og_url":"https:\/\/svt-dalaine.fr\/svt\/un-peu-de-botanique-et-de-fabacees\/","og_site_name":"Bienvenue sur le site de Sciences de la Vie et de la Terre","article_modified_time":"2024-10-30T18:42:40+00:00","twitter_card":"summary_large_image","twitter_misc":{"Dur\u00e9e de lecture estim\u00e9e":"1 minute"},"schema":{"@context":"https:\/\/schema.org","@graph":[{"@type":"WebPage","@id":"https:\/\/svt-dalaine.fr\/svt\/un-peu-de-botanique-et-de-fabacees\/","url":"https:\/\/svt-dalaine.fr\/svt\/un-peu-de-botanique-et-de-fabacees\/","name":"Un peu de botanique et de Fabac\u00e9es! - Bienvenue sur le site de Sciences de la Vie et de la Terre","isPartOf":{"@id":"https:\/\/svt-dalaine.fr\/svt\/#website"},"datePublished":"2024-10-30T18:41:09+00:00","dateModified":"2024-10-30T18:42:40+00:00","breadcrumb":{"@id":"https:\/\/svt-dalaine.fr\/svt\/un-peu-de-botanique-et-de-fabacees\/#breadcrumb"},"inLanguage":"fr-FR","potentialAction":[{"@type":"ReadAction","target":["https:\/\/svt-dalaine.fr\/svt\/un-peu-de-botanique-et-de-fabacees\/"]}]},{"@type":"BreadcrumbList","@id":"https:\/\/svt-dalaine.fr\/svt\/un-peu-de-botanique-et-de-fabacees\/#breadcrumb","itemListElement":[{"@type":"ListItem","position":1,"name":"Accueil","item":"https:\/\/svt-dalaine.fr\/svt\/"},{"@type":"ListItem","position":2,"name":"Un peu de botanique et de Fabac\u00e9es!"}]},{"@type":"WebSite","@id":"https:\/\/svt-dalaine.fr\/svt\/#website","url":"https:\/\/svt-dalaine.fr\/svt\/","name":"Bienvenue sur le site de Sciences de la Vie et de la Terre","description":"Ressources en SVT de St\u00e9phanie Dalaine, professeure agr\u00e9g\u00e9e exer\u00e7ant en BCPST1 ENCPB","potentialAction":[{"@type":"SearchAction","target":{"@type":"EntryPoint","urlTemplate":"https:\/\/svt-dalaine.fr\/svt\/?s={search_term_string}"},"query-input":"required name=search_term_string"}],"inLanguage":"fr-FR"}]}},"_links":{"self":[{"href":"https:\/\/svt-dalaine.fr\/svt\/wp-json\/wp\/v2\/pages\/2507","targetHints":{"allow":["GET"]}}],"collection":[{"href":"https:\/\/svt-dalaine.fr\/svt\/wp-json\/wp\/v2\/pages"}],"about":[{"href":"https:\/\/svt-dalaine.fr\/svt\/wp-json\/wp\/v2\/types\/page"}],"author":[{"embeddable":true,"href":"https:\/\/svt-dalaine.fr\/svt\/wp-json\/wp\/v2\/users\/1"}],"replies":[{"embeddable":true,"href":"https:\/\/svt-dalaine.fr\/svt\/wp-json\/wp\/v2\/comments?post=2507"}],"version-history":[{"count":4,"href":"https:\/\/svt-dalaine.fr\/svt\/wp-json\/wp\/v2\/pages\/2507\/revisions"}],"predecessor-version":[{"id":2512,"href":"https:\/\/svt-dalaine.fr\/svt\/wp-json\/wp\/v2\/pages\/2507\/revisions\/2512"}],"wp:attachment":[{"href":"https:\/\/svt-dalaine.fr\/svt\/wp-json\/wp\/v2\/media?parent=2507"}],"wp:term":[{"taxonomy":"category","embeddable":true,"href":"https:\/\/svt-dalaine.fr\/svt\/wp-json\/wp\/v2\/categories?post=2507"},{"taxonomy":"post_tag","embeddable":true,"href":"https:\/\/svt-dalaine.fr\/svt\/wp-json\/wp\/v2\/tags?post=2507"}],"curies":[{"name":"wp","href":"https:\/\/api.w.org\/{rel}","templated":true}]}}