{"id":258,"date":"2019-03-09T21:54:03","date_gmt":"2019-03-09T20:54:03","guid":{"rendered":"https:\/\/svt-dalaine.fr\/svt\/?page_id=258"},"modified":"2024-11-21T15:45:48","modified_gmt":"2024-11-21T14:45:48","slug":"orientation","status":"publish","type":"page","link":"https:\/\/svt-dalaine.fr\/svt\/orientation\/","title":{"rendered":"Orientation"},"content":{"rendered":"<p><\/p>\n<p><strong>Liste de liens<\/strong><\/p>\n<p><\/p>\n<p>Voici une liste de liens utiles pour l&#8217;orientation<\/p>\n<p><\/p>\n<ul>\n<li><a href=\"http:\/\/www.idf.iut.fr\/\">http:\/\/www.idf.iut.fr\/<\/a><\/li>\n<li><a href=\"https:\/\/www.parcoursup.fr\/\">https:\/\/www.parcoursup.fr\/<\/a><\/li>\n<li><a href=\"http:\/\/orientation.ac-creteil.fr\/cio-charenton\/\">http:\/\/orientation.ac-creteil.fr\/cio-charenton\/<\/a><\/li>\n<li><a href=\"http:\/\/www.concours-agro-veto.net\/\">http:\/\/www.concours-agro-veto.net\/<\/a><\/li>\n<li><a href=\"http:\/\/www.u-pec.fr\/universite-paris-est-creteil-805685.kjsp\">http:\/\/www.u-pec.fr\/universite-paris-est-creteil-805685.kjsp<\/a><\/li>\n<li><a href=\"https:\/\/prepas.org\/ups.php?entree=lycees\">https:\/\/prepas.org\/ups.php?entree=lycees<\/a><\/li>\n<li><a href=\"http:\/\/www.onisep.fr\/Pres-de-chez-vous\/Ile-de-France\">http:\/\/www.onisep.fr\/Pres-de-chez-vous\/Ile-de-France<\/a><\/li>\n<li><a href=\"https:\/\/www.letudiant.fr\/\">https:\/\/www.letudiant.fr\/<\/a><\/li>\n<li><a href=\"http:\/\/www.geipi-polytech.org\/\">http:\/\/www.geipi-polytech.org\/<\/a><\/li>\n<li><a href=\"https:\/\/www.supbiotech.fr\/\">https:\/\/www.supbiotech.fr\/<\/a><\/li>\n<li><a href=\"http:\/\/www.groupe-insa.fr\/\">http:\/\/www.groupe-insa.fr\/<\/a><\/li>\n<\/ul>\n<p><strong><\/strong><\/p>\n<p><strong>Osez la pr\u00e9pa<\/strong><\/p>\n<p><\/p>\n<ul>\n<li><a href=\"https:\/\/svt-dalaine.fr\/svt\/wp-content\/uploads\/2019\/03\/CPGE.pdf\">https:\/\/svt-dalaine.fr\/svt\/wp-content\/uploads\/2019\/03\/CPGE.pdf<\/a><\/li>\n<\/ul>\n<p><\/p>\n<p><\/p>https:\/\/youtu.be\/ySsUdebOxrc?si=fBqOhFlEHfrnSHNt<iframe frameborder=\"0\" width=\"1200px\" height=\"675px\" style=\"position: absolute; top: 0; left: 0; width: 100%; height: 100%;\" src=\"https:\/\/view.genial.ly\/5e52b590579de60ff60284e8\" type=\"text\/html\" allowscriptaccess=\"always\" allowfullscreen=\"true\" scrolling=\"yes\" allownetworking=\"all\"><\/iframe>","protected":false},"excerpt":{"rendered":"<p>Liste de liens Voici une liste de liens utiles pour l&#8217;orientation http:\/\/www.idf.iut.fr\/ https:\/\/www.parcoursup.fr\/ http:\/\/orientation.ac-creteil.fr\/cio-charenton\/ http:\/\/www.concours-agro-veto.net\/ http:\/\/www.u-pec.fr\/universite-paris-est-creteil-805685.kjsp https:\/\/prepas.org\/ups.php?entree=lycees http:\/\/www.onisep.fr\/Pres-de-chez-vous\/Ile-de-France https:\/\/www.letudiant.fr\/ http:\/\/www.geipi-polytech.org\/ https:\/\/www.supbiotech.fr\/ http:\/\/www.groupe-insa.fr\/ Osez la pr\u00e9pa https:\/\/svt-dalaine.fr\/svt\/wp-content\/uploads\/2019\/03\/CPGE.pdf https:\/\/youtu.be\/ySsUdebOxrc?si=fBqOhFlEHfrnSHNt<\/p>\n","protected":false},"author":1,"featured_media":0,"parent":0,"menu_order":0,"comment_status":"closed","ping_status":"closed","template":"","meta":{"footnotes":""},"categories":[],"tags":[],"class_list":["post-258","page","type-page","status-publish","hentry"],"yoast_head":"<!-- This site is optimized with the Yoast SEO plugin v21.9.1 - https:\/\/yoast.com\/wordpress\/plugins\/seo\/ -->\n<title>Orientation - Bienvenue sur le site de Sciences de la Vie et de la Terre Bienvenue sur le site de Sciences de la Vie et de la Terre<\/title>\n<meta name=\"description\" content=\"%\" \/>\n<meta name=\"robots\" content=\"index, follow, max-snippet:-1, max-image-preview:large, max-video-preview:-1\" \/>\n<link rel=\"canonical\" href=\"https:\/\/svt-dalaine.fr\/svt\/orientation\/\" \/>\n<meta property=\"og:locale\" content=\"fr_FR\" \/>\n<meta property=\"og:type\" content=\"article\" \/>\n<meta property=\"og:title\" content=\"Orientation - Bienvenue sur le site de Sciences de la Vie et de la Terre Bienvenue sur le site de Sciences de la Vie et de la Terre\" \/>\n<meta property=\"og:description\" content=\"%\" \/>\n<meta property=\"og:url\" content=\"https:\/\/svt-dalaine.fr\/svt\/orientation\/\" \/>\n<meta property=\"og:site_name\" content=\"Bienvenue sur le site de Sciences de la Vie et de la Terre\" \/>\n<meta property=\"article:modified_time\" content=\"2024-11-21T14:45:48+00:00\" \/>\n<meta name=\"twitter:card\" content=\"summary_large_image\" \/>\n<meta name=\"twitter:label1\" content=\"Dur\u00e9e de lecture estim\u00e9e\" \/>\n\t<meta name=\"twitter:data1\" content=\"1 minute\" \/>\n<script type=\"application\/ld+json\" class=\"yoast-schema-graph\">{\"@context\":\"https:\/\/schema.org\",\"@graph\":[{\"@type\":\"WebPage\",\"@id\":\"https:\/\/svt-dalaine.fr\/svt\/orientation\/\",\"url\":\"https:\/\/svt-dalaine.fr\/svt\/orientation\/\",\"name\":\"Orientation - Bienvenue sur le site de Sciences de la Vie et de la Terre Bienvenue sur le site de Sciences de la Vie et de la Terre\",\"isPartOf\":{\"@id\":\"https:\/\/svt-dalaine.fr\/svt\/#website\"},\"datePublished\":\"2019-03-09T20:54:03+00:00\",\"dateModified\":\"2024-11-21T14:45:48+00:00\",\"description\":\"%\",\"breadcrumb\":{\"@id\":\"https:\/\/svt-dalaine.fr\/svt\/orientation\/#breadcrumb\"},\"inLanguage\":\"fr-FR\",\"potentialAction\":[{\"@type\":\"ReadAction\",\"target\":[\"https:\/\/svt-dalaine.fr\/svt\/orientation\/\"]}]},{\"@type\":\"BreadcrumbList\",\"@id\":\"https:\/\/svt-dalaine.fr\/svt\/orientation\/#breadcrumb\",\"itemListElement\":[{\"@type\":\"ListItem\",\"position\":1,\"name\":\"Accueil\",\"item\":\"https:\/\/svt-dalaine.fr\/svt\/\"},{\"@type\":\"ListItem\",\"position\":2,\"name\":\"Orientation\"}]},{\"@type\":\"WebSite\",\"@id\":\"https:\/\/svt-dalaine.fr\/svt\/#website\",\"url\":\"https:\/\/svt-dalaine.fr\/svt\/\",\"name\":\"Bienvenue sur le site de Sciences de la Vie et de la Terre\",\"description\":\"Ressources en SVT de St\u00e9phanie Dalaine, professeure agr\u00e9g\u00e9e exer\u00e7ant en BCPST1 ENCPB\",\"potentialAction\":[{\"@type\":\"SearchAction\",\"target\":{\"@type\":\"EntryPoint\",\"urlTemplate\":\"https:\/\/svt-dalaine.fr\/svt\/?s={search_term_string}\"},\"query-input\":\"required name=search_term_string\"}],\"inLanguage\":\"fr-FR\"}]}<\/script>\n<!-- \/ Yoast SEO plugin. -->","yoast_head_json":{"title":"Orientation - Bienvenue sur le site de Sciences de la Vie et de la Terre Bienvenue sur le site de Sciences de la Vie et de la Terre","description":"%","robots":{"index":"index","follow":"follow","max-snippet":"max-snippet:-1","max-image-preview":"max-image-preview:large","max-video-preview":"max-video-preview:-1"},"canonical":"https:\/\/svt-dalaine.fr\/svt\/orientation\/","og_locale":"fr_FR","og_type":"article","og_title":"Orientation - Bienvenue sur le site de Sciences de la Vie et de la Terre Bienvenue sur le site de Sciences de la Vie et de la Terre","og_description":"%","og_url":"https:\/\/svt-dalaine.fr\/svt\/orientation\/","og_site_name":"Bienvenue sur le site de Sciences de la Vie et de la Terre","article_modified_time":"2024-11-21T14:45:48+00:00","twitter_card":"summary_large_image","twitter_misc":{"Dur\u00e9e de lecture estim\u00e9e":"1 minute"},"schema":{"@context":"https:\/\/schema.org","@graph":[{"@type":"WebPage","@id":"https:\/\/svt-dalaine.fr\/svt\/orientation\/","url":"https:\/\/svt-dalaine.fr\/svt\/orientation\/","name":"Orientation - Bienvenue sur le site de Sciences de la Vie et de la Terre Bienvenue sur le site de Sciences de la Vie et de la Terre","isPartOf":{"@id":"https:\/\/svt-dalaine.fr\/svt\/#website"},"datePublished":"2019-03-09T20:54:03+00:00","dateModified":"2024-11-21T14:45:48+00:00","description":"%","breadcrumb":{"@id":"https:\/\/svt-dalaine.fr\/svt\/orientation\/#breadcrumb"},"inLanguage":"fr-FR","potentialAction":[{"@type":"ReadAction","target":["https:\/\/svt-dalaine.fr\/svt\/orientation\/"]}]},{"@type":"BreadcrumbList","@id":"https:\/\/svt-dalaine.fr\/svt\/orientation\/#breadcrumb","itemListElement":[{"@type":"ListItem","position":1,"name":"Accueil","item":"https:\/\/svt-dalaine.fr\/svt\/"},{"@type":"ListItem","position":2,"name":"Orientation"}]},{"@type":"WebSite","@id":"https:\/\/svt-dalaine.fr\/svt\/#website","url":"https:\/\/svt-dalaine.fr\/svt\/","name":"Bienvenue sur le site de Sciences de la Vie et de la Terre","description":"Ressources en SVT de St\u00e9phanie Dalaine, professeure agr\u00e9g\u00e9e exer\u00e7ant en BCPST1 ENCPB","potentialAction":[{"@type":"SearchAction","target":{"@type":"EntryPoint","urlTemplate":"https:\/\/svt-dalaine.fr\/svt\/?s={search_term_string}"},"query-input":"required name=search_term_string"}],"inLanguage":"fr-FR"}]}},"_links":{"self":[{"href":"https:\/\/svt-dalaine.fr\/svt\/wp-json\/wp\/v2\/pages\/258","targetHints":{"allow":["GET"]}}],"collection":[{"href":"https:\/\/svt-dalaine.fr\/svt\/wp-json\/wp\/v2\/pages"}],"about":[{"href":"https:\/\/svt-dalaine.fr\/svt\/wp-json\/wp\/v2\/types\/page"}],"author":[{"embeddable":true,"href":"https:\/\/svt-dalaine.fr\/svt\/wp-json\/wp\/v2\/users\/1"}],"replies":[{"embeddable":true,"href":"https:\/\/svt-dalaine.fr\/svt\/wp-json\/wp\/v2\/comments?post=258"}],"version-history":[{"count":27,"href":"https:\/\/svt-dalaine.fr\/svt\/wp-json\/wp\/v2\/pages\/258\/revisions"}],"predecessor-version":[{"id":1959,"href":"https:\/\/svt-dalaine.fr\/svt\/wp-json\/wp\/v2\/pages\/258\/revisions\/1959"}],"wp:attachment":[{"href":"https:\/\/svt-dalaine.fr\/svt\/wp-json\/wp\/v2\/media?parent=258"}],"wp:term":[{"taxonomy":"category","embeddable":true,"href":"https:\/\/svt-dalaine.fr\/svt\/wp-json\/wp\/v2\/categories?post=258"},{"taxonomy":"post_tag","embeddable":true,"href":"https:\/\/svt-dalaine.fr\/svt\/wp-json\/wp\/v2\/tags?post=258"}],"curies":[{"name":"wp","href":"https:\/\/api.w.org\/{rel}","templated":true}]}}