{"id":2606,"date":"2024-12-10T08:48:20","date_gmt":"2024-12-10T07:48:20","guid":{"rendered":"https:\/\/svt-dalaine.fr\/svt\/?page_id=2606"},"modified":"2024-12-10T08:53:36","modified_gmt":"2024-12-10T07:53:36","slug":"calendrier-de-lavent-2024","status":"publish","type":"page","link":"https:\/\/svt-dalaine.fr\/svt\/calendrier-de-lavent-2024\/","title":{"rendered":"Calendrier de l&#8217;avent 2024"},"content":{"rendered":"\t\t<div data-elementor-type=\"wp-page\" data-elementor-id=\"2606\" class=\"elementor elementor-2606\">\n\t\t\t\t\t\t<section class=\"elementor-section elementor-top-section elementor-element elementor-element-a71f427 elementor-section-boxed elementor-section-height-default elementor-section-height-default\" data-id=\"a71f427\" data-element_type=\"section\">\n\t\t\t\t\t\t<div class=\"elementor-container elementor-column-gap-default\">\n\t\t\t\t\t<div class=\"elementor-column elementor-col-100 elementor-top-column elementor-element elementor-element-21d216e\" data-id=\"21d216e\" data-element_type=\"column\">\n\t\t\t<div class=\"elementor-widget-wrap elementor-element-populated\">\n\t\t\t\t\t\t<div class=\"elementor-element elementor-element-04df37f elementor-widget elementor-widget-text-editor\" data-id=\"04df37f\" data-element_type=\"widget\" data-widget_type=\"text-editor.default\">\n\t\t\t\t<div class=\"elementor-widget-container\">\n\t\t\t\t\t\t\t<p>&#8220;R\u00e9p\u00e9ter pour bien apprendre&#8221;. Ce calendrier de l&#8217;avent vous propose de reprendre les notions cl\u00e9s et\/ou consid\u00e9r\u00e9es comme difficiles par les \u00e9tudiants-es.<\/p>\n<p>ht<a href=\"https:\/\/theconversation.com\/repeter-pour-bien-apprendre-trois-cles-pour-memoriser-des-informations-a-long-terme-241633\" target=\"_blank\">tps:\/\/theconversation.com\/repeter-pour-bien-apprendre-trois-cles-pour-memoriser-des-informations-a-long-terme-241633<\/a><\/p>\t\t\t\t\t\t<\/div>\n\t\t\t\t<\/div>\n\t\t\t\t\t<\/div>\n\t\t<\/div>\n\t\t\t\t\t<\/div>\n\t\t<\/section>\n\t\t\t\t<section class=\"elementor-section elementor-top-section elementor-element elementor-element-9e5822b elementor-section-boxed elementor-section-height-default elementor-section-height-default\" data-id=\"9e5822b\" data-element_type=\"section\">\n\t\t\t\t\t\t<div class=\"elementor-container elementor-column-gap-default\">\n\t\t\t\t\t<div class=\"elementor-column elementor-col-100 elementor-top-column elementor-element elementor-element-f506dfe\" data-id=\"f506dfe\" data-element_type=\"column\">\n\t\t\t<div class=\"elementor-widget-wrap elementor-element-populated\">\n\t\t\t\t\t\t<div class=\"elementor-element elementor-element-1471c40 elementor-widget elementor-widget-html\" data-id=\"1471c40\" data-element_type=\"widget\" data-widget_type=\"html.default\">\n\t\t\t\t<div class=\"elementor-widget-container\">\n\t\t\t<div style=\"width: 100%;\"><div style=\"position: relative; padding-bottom: 56.25%; padding-top: 0; height: 0;\"><iframe title=\"Calendrier_avent_BCPST_2024_Dalaine_st\u00e9phanie\" frameborder=\"0\" width=\"1200\" height=\"675\" style=\"position: absolute; top: 0; left: 0; width: 100%; height: 100%;\" src=\"https:\/\/view.genially.com\/6756adb07a41cf61c9507f53\" type=\"text\/html\" allowscriptaccess=\"always\" allowfullscreen=\"true\" scrolling=\"yes\" allownetworking=\"all\"><\/iframe> <\/div> <\/div>\t\t<\/div>\n\t\t\t\t<\/div>\n\t\t\t\t\t<\/div>\n\t\t<\/div>\n\t\t\t\t\t<\/div>\n\t\t<\/section>\n\t\t\t\t<\/div>\n\t\t","protected":false},"excerpt":{"rendered":"<p>&#8220;R\u00e9p\u00e9ter pour bien apprendre&#8221;. Ce calendrier de l&#8217;avent vous propose de reprendre les notions cl\u00e9s et\/ou consid\u00e9r\u00e9es comme difficiles par les \u00e9tudiants-es. https:\/\/theconversation.com\/repeter-pour-bien-apprendre-trois-cles-pour-memoriser-des-informations-a-long-terme-241633<\/p>\n","protected":false},"author":1,"featured_media":0,"parent":0,"menu_order":0,"comment_status":"closed","ping_status":"closed","template":"","meta":{"footnotes":""},"categories":[],"tags":[],"class_list":["post-2606","page","type-page","status-publish","hentry"],"yoast_head":"<!-- This site is optimized with the Yoast SEO plugin v21.9.1 - https:\/\/yoast.com\/wordpress\/plugins\/seo\/ -->\n<title>Calendrier de l&#039;avent 2024 - Bienvenue sur le site de Sciences de la Vie et de la Terre<\/title>\n<meta name=\"robots\" content=\"index, follow, max-snippet:-1, max-image-preview:large, max-video-preview:-1\" \/>\n<link rel=\"canonical\" href=\"https:\/\/svt-dalaine.fr\/svt\/calendrier-de-lavent-2024\/\" \/>\n<meta property=\"og:locale\" content=\"fr_FR\" \/>\n<meta property=\"og:type\" content=\"article\" \/>\n<meta property=\"og:title\" content=\"Calendrier de l&#039;avent 2024 - Bienvenue sur le site de Sciences de la Vie et de la Terre\" \/>\n<meta property=\"og:description\" content=\"&#8220;R\u00e9p\u00e9ter pour bien apprendre&#8221;. Ce calendrier de l&#8217;avent vous propose de reprendre les notions cl\u00e9s et\/ou consid\u00e9r\u00e9es comme difficiles par les \u00e9tudiants-es. https:\/\/theconversation.com\/repeter-pour-bien-apprendre-trois-cles-pour-memoriser-des-informations-a-long-terme-241633\" \/>\n<meta property=\"og:url\" content=\"https:\/\/svt-dalaine.fr\/svt\/calendrier-de-lavent-2024\/\" \/>\n<meta property=\"og:site_name\" content=\"Bienvenue sur le site de Sciences de la Vie et de la Terre\" \/>\n<meta property=\"article:modified_time\" content=\"2024-12-10T07:53:36+00:00\" \/>\n<meta name=\"twitter:card\" content=\"summary_large_image\" \/>\n<meta name=\"twitter:label1\" content=\"Dur\u00e9e de lecture estim\u00e9e\" \/>\n\t<meta name=\"twitter:data1\" content=\"1 minute\" \/>\n<script type=\"application\/ld+json\" class=\"yoast-schema-graph\">{\"@context\":\"https:\/\/schema.org\",\"@graph\":[{\"@type\":\"WebPage\",\"@id\":\"https:\/\/svt-dalaine.fr\/svt\/calendrier-de-lavent-2024\/\",\"url\":\"https:\/\/svt-dalaine.fr\/svt\/calendrier-de-lavent-2024\/\",\"name\":\"Calendrier de l'avent 2024 - Bienvenue sur le site de Sciences de la Vie et de la Terre\",\"isPartOf\":{\"@id\":\"https:\/\/svt-dalaine.fr\/svt\/#website\"},\"datePublished\":\"2024-12-10T07:48:20+00:00\",\"dateModified\":\"2024-12-10T07:53:36+00:00\",\"breadcrumb\":{\"@id\":\"https:\/\/svt-dalaine.fr\/svt\/calendrier-de-lavent-2024\/#breadcrumb\"},\"inLanguage\":\"fr-FR\",\"potentialAction\":[{\"@type\":\"ReadAction\",\"target\":[\"https:\/\/svt-dalaine.fr\/svt\/calendrier-de-lavent-2024\/\"]}]},{\"@type\":\"BreadcrumbList\",\"@id\":\"https:\/\/svt-dalaine.fr\/svt\/calendrier-de-lavent-2024\/#breadcrumb\",\"itemListElement\":[{\"@type\":\"ListItem\",\"position\":1,\"name\":\"Accueil\",\"item\":\"https:\/\/svt-dalaine.fr\/svt\/\"},{\"@type\":\"ListItem\",\"position\":2,\"name\":\"Calendrier de l&#8217;avent 2024\"}]},{\"@type\":\"WebSite\",\"@id\":\"https:\/\/svt-dalaine.fr\/svt\/#website\",\"url\":\"https:\/\/svt-dalaine.fr\/svt\/\",\"name\":\"Bienvenue sur le site de Sciences de la Vie et de la Terre\",\"description\":\"Ressources en SVT de St\u00e9phanie Dalaine, professeure agr\u00e9g\u00e9e exer\u00e7ant en BCPST1 ENCPB\",\"potentialAction\":[{\"@type\":\"SearchAction\",\"target\":{\"@type\":\"EntryPoint\",\"urlTemplate\":\"https:\/\/svt-dalaine.fr\/svt\/?s={search_term_string}\"},\"query-input\":\"required name=search_term_string\"}],\"inLanguage\":\"fr-FR\"}]}<\/script>\n<!-- \/ Yoast SEO plugin. -->","yoast_head_json":{"title":"Calendrier de l'avent 2024 - Bienvenue sur le site de Sciences de la Vie et de la Terre","robots":{"index":"index","follow":"follow","max-snippet":"max-snippet:-1","max-image-preview":"max-image-preview:large","max-video-preview":"max-video-preview:-1"},"canonical":"https:\/\/svt-dalaine.fr\/svt\/calendrier-de-lavent-2024\/","og_locale":"fr_FR","og_type":"article","og_title":"Calendrier de l'avent 2024 - Bienvenue sur le site de Sciences de la Vie et de la Terre","og_description":"&#8220;R\u00e9p\u00e9ter pour bien apprendre&#8221;. Ce calendrier de l&#8217;avent vous propose de reprendre les notions cl\u00e9s et\/ou consid\u00e9r\u00e9es comme difficiles par les \u00e9tudiants-es. https:\/\/theconversation.com\/repeter-pour-bien-apprendre-trois-cles-pour-memoriser-des-informations-a-long-terme-241633","og_url":"https:\/\/svt-dalaine.fr\/svt\/calendrier-de-lavent-2024\/","og_site_name":"Bienvenue sur le site de Sciences de la Vie et de la Terre","article_modified_time":"2024-12-10T07:53:36+00:00","twitter_card":"summary_large_image","twitter_misc":{"Dur\u00e9e de lecture estim\u00e9e":"1 minute"},"schema":{"@context":"https:\/\/schema.org","@graph":[{"@type":"WebPage","@id":"https:\/\/svt-dalaine.fr\/svt\/calendrier-de-lavent-2024\/","url":"https:\/\/svt-dalaine.fr\/svt\/calendrier-de-lavent-2024\/","name":"Calendrier de l'avent 2024 - Bienvenue sur le site de Sciences de la Vie et de la Terre","isPartOf":{"@id":"https:\/\/svt-dalaine.fr\/svt\/#website"},"datePublished":"2024-12-10T07:48:20+00:00","dateModified":"2024-12-10T07:53:36+00:00","breadcrumb":{"@id":"https:\/\/svt-dalaine.fr\/svt\/calendrier-de-lavent-2024\/#breadcrumb"},"inLanguage":"fr-FR","potentialAction":[{"@type":"ReadAction","target":["https:\/\/svt-dalaine.fr\/svt\/calendrier-de-lavent-2024\/"]}]},{"@type":"BreadcrumbList","@id":"https:\/\/svt-dalaine.fr\/svt\/calendrier-de-lavent-2024\/#breadcrumb","itemListElement":[{"@type":"ListItem","position":1,"name":"Accueil","item":"https:\/\/svt-dalaine.fr\/svt\/"},{"@type":"ListItem","position":2,"name":"Calendrier de l&#8217;avent 2024"}]},{"@type":"WebSite","@id":"https:\/\/svt-dalaine.fr\/svt\/#website","url":"https:\/\/svt-dalaine.fr\/svt\/","name":"Bienvenue sur le site de Sciences de la Vie et de la Terre","description":"Ressources en SVT de St\u00e9phanie Dalaine, professeure agr\u00e9g\u00e9e exer\u00e7ant en BCPST1 ENCPB","potentialAction":[{"@type":"SearchAction","target":{"@type":"EntryPoint","urlTemplate":"https:\/\/svt-dalaine.fr\/svt\/?s={search_term_string}"},"query-input":"required name=search_term_string"}],"inLanguage":"fr-FR"}]}},"_links":{"self":[{"href":"https:\/\/svt-dalaine.fr\/svt\/wp-json\/wp\/v2\/pages\/2606","targetHints":{"allow":["GET"]}}],"collection":[{"href":"https:\/\/svt-dalaine.fr\/svt\/wp-json\/wp\/v2\/pages"}],"about":[{"href":"https:\/\/svt-dalaine.fr\/svt\/wp-json\/wp\/v2\/types\/page"}],"author":[{"embeddable":true,"href":"https:\/\/svt-dalaine.fr\/svt\/wp-json\/wp\/v2\/users\/1"}],"replies":[{"embeddable":true,"href":"https:\/\/svt-dalaine.fr\/svt\/wp-json\/wp\/v2\/comments?post=2606"}],"version-history":[{"count":4,"href":"https:\/\/svt-dalaine.fr\/svt\/wp-json\/wp\/v2\/pages\/2606\/revisions"}],"predecessor-version":[{"id":2613,"href":"https:\/\/svt-dalaine.fr\/svt\/wp-json\/wp\/v2\/pages\/2606\/revisions\/2613"}],"wp:attachment":[{"href":"https:\/\/svt-dalaine.fr\/svt\/wp-json\/wp\/v2\/media?parent=2606"}],"wp:term":[{"taxonomy":"category","embeddable":true,"href":"https:\/\/svt-dalaine.fr\/svt\/wp-json\/wp\/v2\/categories?post=2606"},{"taxonomy":"post_tag","embeddable":true,"href":"https:\/\/svt-dalaine.fr\/svt\/wp-json\/wp\/v2\/tags?post=2606"}],"curies":[{"name":"wp","href":"https:\/\/api.w.org\/{rel}","templated":true}]}}