{"id":387,"date":"2018-01-08T14:59:39","date_gmt":"2018-01-08T13:59:39","guid":{"rendered":"https:\/\/demo.axlethemes.com\/education-mind-pro\/?page_id=14"},"modified":"2019-08-27T17:56:26","modified_gmt":"2019-08-27T15:56:26","slug":"gallery","status":"publish","type":"page","link":"https:\/\/svt-dalaine.fr\/svt\/gallery\/","title":{"rendered":"Galerie"},"content":{"rendered":"\t\t<div data-elementor-type=\"wp-post\" data-elementor-id=\"387\" class=\"elementor elementor-387\">\n\t\t\t\t\t\t<section class=\"elementor-section elementor-top-section elementor-element elementor-element-55900060 elementor-section-boxed elementor-section-height-default elementor-section-height-default\" data-id=\"55900060\" data-element_type=\"section\">\n\t\t\t\t\t\t<div class=\"elementor-container elementor-column-gap-default\">\n\t\t\t\t\t<div class=\"elementor-column elementor-col-100 elementor-top-column elementor-element elementor-element-554af75a\" data-id=\"554af75a\" data-element_type=\"column\">\n\t\t\t<div class=\"elementor-widget-wrap elementor-element-populated\">\n\t\t\t\t\t\t<div class=\"elementor-element elementor-element-5d0f74b0 elementor-widget elementor-widget-text-editor\" data-id=\"5d0f74b0\" data-element_type=\"widget\" data-widget_type=\"text-editor.default\">\n\t\t\t\t<div class=\"elementor-widget-container\">\n\t\t\t\t\t\t\t<h3>Montagne<\/h3><p><div id='gallery-1' class='gallery galleryid-387 gallery-columns-2 gallery-size-large'><figure class='gallery-item'>\n\t\t\t<div class='gallery-icon landscape'>\n\t\t\t\t<a href='https:\/\/svt-dalaine.fr\/svt\/img_3154\/'><img fetchpriority=\"high\" decoding=\"async\" width=\"640\" height=\"427\" src=\"https:\/\/svt-dalaine.fr\/svt\/wp-content\/uploads\/2019\/03\/IMG_3154-1024x683.jpg\" class=\"attachment-large size-large\" alt=\"\" aria-describedby=\"gallery-1-585\" srcset=\"https:\/\/svt-dalaine.fr\/svt\/wp-content\/uploads\/2019\/03\/IMG_3154-1024x683.jpg 1024w, https:\/\/svt-dalaine.fr\/svt\/wp-content\/uploads\/2019\/03\/IMG_3154-300x200.jpg 300w, https:\/\/svt-dalaine.fr\/svt\/wp-content\/uploads\/2019\/03\/IMG_3154-768x512.jpg 768w, https:\/\/svt-dalaine.fr\/svt\/wp-content\/uploads\/2019\/03\/IMG_3154-360x240.jpg 360w\" sizes=\"(max-width: 640px) 100vw, 640px\" \/><\/a>\n\t\t\t<\/div>\n\t\t\t\t<figcaption class='wp-caption-text gallery-caption' id='gallery-1-585'>\n\t\t\t\tPyr\u00e9n\u00e9es ari\u00e9geoises , vue du pic d&#8217;Estats 3 143 m\n\t\t\t\t<\/figcaption><\/figure><figure class='gallery-item'>\n\t\t\t<div class='gallery-icon landscape'>\n\t\t\t\t<a href='https:\/\/svt-dalaine.fr\/svt\/img_3162\/'><img decoding=\"async\" width=\"640\" height=\"427\" src=\"https:\/\/svt-dalaine.fr\/svt\/wp-content\/uploads\/2019\/03\/IMG_3162-1024x683.jpg\" class=\"attachment-large size-large\" alt=\"\" aria-describedby=\"gallery-1-586\" srcset=\"https:\/\/svt-dalaine.fr\/svt\/wp-content\/uploads\/2019\/03\/IMG_3162-1024x683.jpg 1024w, https:\/\/svt-dalaine.fr\/svt\/wp-content\/uploads\/2019\/03\/IMG_3162-300x200.jpg 300w, https:\/\/svt-dalaine.fr\/svt\/wp-content\/uploads\/2019\/03\/IMG_3162-768x512.jpg 768w, https:\/\/svt-dalaine.fr\/svt\/wp-content\/uploads\/2019\/03\/IMG_3162-360x240.jpg 360w\" sizes=\"(max-width: 640px) 100vw, 640px\" \/><\/a>\n\t\t\t<\/div>\n\t\t\t\t<figcaption class='wp-caption-text gallery-caption' id='gallery-1-586'>\n\t\t\t\tPyr\u00e9n\u00e9es ari\u00e9geoises vue du pic d&#8217;Estats \n\t\t\t\t<\/figcaption><\/figure>\n\t\t<\/div>\n<\/p><figure id=\"attachment_582\" aria-describedby=\"caption-attachment-582\" style=\"width: 300px\" class=\"wp-caption alignnone\"><img decoding=\"async\" class=\"size-medium wp-image-582\" src=\"https:\/\/svt-dalaine.fr\/svt\/wp-content\/uploads\/2019\/03\/IMG_2960-300x200.jpg\" alt=\"\" width=\"300\" height=\"200\" srcset=\"https:\/\/svt-dalaine.fr\/svt\/wp-content\/uploads\/2019\/03\/IMG_2960-300x200.jpg 300w, https:\/\/svt-dalaine.fr\/svt\/wp-content\/uploads\/2019\/03\/IMG_2960-768x512.jpg 768w, https:\/\/svt-dalaine.fr\/svt\/wp-content\/uploads\/2019\/03\/IMG_2960-1024x683.jpg 1024w, https:\/\/svt-dalaine.fr\/svt\/wp-content\/uploads\/2019\/03\/IMG_2960-360x240.jpg 360w\" sizes=\"(max-width: 300px) 100vw, 300px\" \/><figcaption id=\"caption-attachment-582\" class=\"wp-caption-text\">Pli isopaque<\/figcaption><\/figure><h3>Mer<\/h3><p><img loading=\"lazy\" decoding=\"async\" class=\"alignnone size-medium wp-image-908\" src=\"https:\/\/svt-dalaine.fr\/svt\/wp-content\/uploads\/2019\/08\/IMG_4134-300x200.jpg\" alt=\"\" width=\"300\" height=\"200\" srcset=\"https:\/\/svt-dalaine.fr\/svt\/wp-content\/uploads\/2019\/08\/IMG_4134-300x200.jpg 300w, https:\/\/svt-dalaine.fr\/svt\/wp-content\/uploads\/2019\/08\/IMG_4134-768x512.jpg 768w, https:\/\/svt-dalaine.fr\/svt\/wp-content\/uploads\/2019\/08\/IMG_4134-1024x683.jpg 1024w, https:\/\/svt-dalaine.fr\/svt\/wp-content\/uploads\/2019\/08\/IMG_4134-360x240.jpg 360w\" sizes=\"(max-width: 300px) 100vw, 300px\" \/> <img loading=\"lazy\" decoding=\"async\" class=\"alignnone size-medium wp-image-906\" src=\"https:\/\/svt-dalaine.fr\/svt\/wp-content\/uploads\/2019\/08\/IMG_4514-300x200.jpg\" alt=\"\" width=\"300\" height=\"200\" srcset=\"https:\/\/svt-dalaine.fr\/svt\/wp-content\/uploads\/2019\/08\/IMG_4514-300x200.jpg 300w, https:\/\/svt-dalaine.fr\/svt\/wp-content\/uploads\/2019\/08\/IMG_4514-768x512.jpg 768w, https:\/\/svt-dalaine.fr\/svt\/wp-content\/uploads\/2019\/08\/IMG_4514-1024x683.jpg 1024w, https:\/\/svt-dalaine.fr\/svt\/wp-content\/uploads\/2019\/08\/IMG_4514-360x240.jpg 360w\" sizes=\"(max-width: 300px) 100vw, 300px\" \/><\/p><h3>Botanique<\/h3><p><div id='gallery-2' class='gallery galleryid-387 gallery-columns-3 gallery-size-medium'><figure class='gallery-item'>\n\t\t\t<div class='gallery-icon landscape'>\n\t\t\t\t<a href='https:\/\/svt-dalaine.fr\/svt\/accueil\/img_2151-2\/'><img loading=\"lazy\" decoding=\"async\" width=\"300\" height=\"200\" src=\"https:\/\/svt-dalaine.fr\/svt\/wp-content\/uploads\/2019\/03\/IMG_2151-1-300x200.jpg\" class=\"attachment-medium size-medium\" alt=\"\" aria-describedby=\"gallery-2-624\" srcset=\"https:\/\/svt-dalaine.fr\/svt\/wp-content\/uploads\/2019\/03\/IMG_2151-1-300x200.jpg 300w, https:\/\/svt-dalaine.fr\/svt\/wp-content\/uploads\/2019\/03\/IMG_2151-1-768x512.jpg 768w, https:\/\/svt-dalaine.fr\/svt\/wp-content\/uploads\/2019\/03\/IMG_2151-1-1024x683.jpg 1024w, https:\/\/svt-dalaine.fr\/svt\/wp-content\/uploads\/2019\/03\/IMG_2151-1-360x240.jpg 360w\" sizes=\"(max-width: 300px) 100vw, 300px\" \/><\/a>\n\t\t\t<\/div>\n\t\t\t\t<figcaption class='wp-caption-text gallery-caption' id='gallery-2-624'>\n\t\t\t\tPens\u00e9es\n\t\t\t\t<\/figcaption><\/figure><figure class='gallery-item'>\n\t\t\t<div class='gallery-icon portrait'>\n\t\t\t\t<a href='https:\/\/svt-dalaine.fr\/svt\/img_3029\/'><img loading=\"lazy\" decoding=\"async\" width=\"200\" height=\"300\" src=\"https:\/\/svt-dalaine.fr\/svt\/wp-content\/uploads\/2019\/03\/IMG_3029-200x300.jpg\" class=\"attachment-medium size-medium\" alt=\"\" aria-describedby=\"gallery-2-583\" srcset=\"https:\/\/svt-dalaine.fr\/svt\/wp-content\/uploads\/2019\/03\/IMG_3029-200x300.jpg 200w, https:\/\/svt-dalaine.fr\/svt\/wp-content\/uploads\/2019\/03\/IMG_3029-768x1152.jpg 768w, https:\/\/svt-dalaine.fr\/svt\/wp-content\/uploads\/2019\/03\/IMG_3029-683x1024.jpg 683w, https:\/\/svt-dalaine.fr\/svt\/wp-content\/uploads\/2019\/03\/IMG_3029-180x270.jpg 180w\" sizes=\"(max-width: 200px) 100vw, 200px\" \/><\/a>\n\t\t\t<\/div>\n\t\t\t\t<figcaption class='wp-caption-text gallery-caption' id='gallery-2-583'>\n\t\t\t\tOrchis\n\t\t\t\t<\/figcaption><\/figure><figure class='gallery-item'>\n\t\t\t<div class='gallery-icon landscape'>\n\t\t\t\t<a href='https:\/\/svt-dalaine.fr\/svt\/img_2209\/'><img loading=\"lazy\" decoding=\"async\" width=\"300\" height=\"200\" src=\"https:\/\/svt-dalaine.fr\/svt\/wp-content\/uploads\/2019\/03\/IMG_2209-300x200.jpg\" class=\"attachment-medium size-medium\" alt=\"\" aria-describedby=\"gallery-2-577\" srcset=\"https:\/\/svt-dalaine.fr\/svt\/wp-content\/uploads\/2019\/03\/IMG_2209-300x200.jpg 300w, https:\/\/svt-dalaine.fr\/svt\/wp-content\/uploads\/2019\/03\/IMG_2209-768x512.jpg 768w, https:\/\/svt-dalaine.fr\/svt\/wp-content\/uploads\/2019\/03\/IMG_2209-1024x683.jpg 1024w, https:\/\/svt-dalaine.fr\/svt\/wp-content\/uploads\/2019\/03\/IMG_2209-360x240.jpg 360w\" sizes=\"(max-width: 300px) 100vw, 300px\" \/><\/a>\n\t\t\t<\/div>\n\t\t\t\t<figcaption class='wp-caption-text gallery-caption' id='gallery-2-577'>\n\t\t\t\tAncolies\n\t\t\t\t<\/figcaption><\/figure>\n\t\t<\/div>\n<\/p><figure id=\"attachment_572\" aria-describedby=\"caption-attachment-572\" style=\"width: 300px\" class=\"wp-caption alignnone\"><img loading=\"lazy\" decoding=\"async\" class=\"size-medium wp-image-572\" src=\"https:\/\/svt-dalaine.fr\/svt\/wp-content\/uploads\/2019\/03\/IMG_0674-300x200.jpg\" alt=\"\" width=\"300\" height=\"200\" srcset=\"https:\/\/svt-dalaine.fr\/svt\/wp-content\/uploads\/2019\/03\/IMG_0674-300x200.jpg 300w, https:\/\/svt-dalaine.fr\/svt\/wp-content\/uploads\/2019\/03\/IMG_0674-768x512.jpg 768w, https:\/\/svt-dalaine.fr\/svt\/wp-content\/uploads\/2019\/03\/IMG_0674-1024x683.jpg 1024w, https:\/\/svt-dalaine.fr\/svt\/wp-content\/uploads\/2019\/03\/IMG_0674-360x240.jpg 360w\" sizes=\"(max-width: 300px) 100vw, 300px\" \/><figcaption id=\"caption-attachment-572\" class=\"wp-caption-text\">Fleur de Gingembre Sumatra Bukit Lawang<\/figcaption><\/figure><figure id=\"attachment_549\" aria-describedby=\"caption-attachment-549\" style=\"width: 224px\" class=\"wp-caption alignnone\"><img loading=\"lazy\" decoding=\"async\" class=\"size-medium wp-image-549\" src=\"https:\/\/svt-dalaine.fr\/svt\/wp-content\/uploads\/2019\/03\/P1010011-min-224x300.jpg\" alt=\"\" width=\"224\" height=\"300\" srcset=\"https:\/\/svt-dalaine.fr\/svt\/wp-content\/uploads\/2019\/03\/P1010011-min-224x300.jpg 224w, https:\/\/svt-dalaine.fr\/svt\/wp-content\/uploads\/2019\/03\/P1010011-min-202x270.jpg 202w, https:\/\/svt-dalaine.fr\/svt\/wp-content\/uploads\/2019\/03\/P1010011-min.jpg 374w\" sizes=\"(max-width: 224px) 100vw, 224px\" \/><figcaption id=\"caption-attachment-549\" class=\"wp-caption-text\">Lys Martagon<\/figcaption><\/figure><h3>Animaux<\/h3><figure id=\"attachment_569\" aria-describedby=\"caption-attachment-569\" style=\"width: 300px\" class=\"wp-caption alignnone\"><img loading=\"lazy\" decoding=\"async\" class=\"size-medium wp-image-569\" src=\"https:\/\/svt-dalaine.fr\/svt\/wp-content\/uploads\/2019\/03\/IMG_0631-300x200.jpg\" alt=\"\" width=\"300\" height=\"200\" srcset=\"https:\/\/svt-dalaine.fr\/svt\/wp-content\/uploads\/2019\/03\/IMG_0631-300x200.jpg 300w, https:\/\/svt-dalaine.fr\/svt\/wp-content\/uploads\/2019\/03\/IMG_0631-768x512.jpg 768w, https:\/\/svt-dalaine.fr\/svt\/wp-content\/uploads\/2019\/03\/IMG_0631-1024x683.jpg 1024w, https:\/\/svt-dalaine.fr\/svt\/wp-content\/uploads\/2019\/03\/IMG_0631-360x240.jpg 360w\" sizes=\"(max-width: 300px) 100vw, 300px\" \/><figcaption id=\"caption-attachment-569\" class=\"wp-caption-text\">Femelle Orang Outan et son petit &#8211; Sumatra Bukit lawang<\/figcaption><\/figure><p><img loading=\"lazy\" decoding=\"async\" class=\"alignnone size-medium wp-image-551\" src=\"https:\/\/svt-dalaine.fr\/svt\/wp-content\/uploads\/2019\/03\/IMG_0621-300x200.jpg\" alt=\"\" width=\"300\" height=\"200\" srcset=\"https:\/\/svt-dalaine.fr\/svt\/wp-content\/uploads\/2019\/03\/IMG_0621-300x200.jpg 300w, https:\/\/svt-dalaine.fr\/svt\/wp-content\/uploads\/2019\/03\/IMG_0621-768x512.jpg 768w, https:\/\/svt-dalaine.fr\/svt\/wp-content\/uploads\/2019\/03\/IMG_0621-1024x683.jpg 1024w, https:\/\/svt-dalaine.fr\/svt\/wp-content\/uploads\/2019\/03\/IMG_0621-360x240.jpg 360w\" sizes=\"(max-width: 300px) 100vw, 300px\" \/><\/p>\t\t\t\t\t\t<\/div>\n\t\t\t\t<\/div>\n\t\t\t\t\t<\/div>\n\t\t<\/div>\n\t\t\t\t\t<\/div>\n\t\t<\/section>\n\t\t\t\t<\/div>\n\t\t","protected":false},"excerpt":{"rendered":"<p>Montagne Mer Botanique Animaux<\/p>\n","protected":false},"author":1,"featured_media":0,"parent":0,"menu_order":0,"comment_status":"closed","ping_status":"closed","template":"","meta":{"footnotes":""},"categories":[],"tags":[],"class_list":["post-387","page","type-page","status-publish","hentry"],"yoast_head":"<!-- This site is optimized with the Yoast SEO plugin v21.9.1 - https:\/\/yoast.com\/wordpress\/plugins\/seo\/ -->\n<title>Galerie - Bienvenue sur le site de Sciences de la Vie et de la Terre<\/title>\n<meta name=\"description\" content=\"Les plus belles photos de g\u00e9ologie, botanique et sciences de la vie.\" \/>\n<meta name=\"robots\" content=\"index, follow, max-snippet:-1, max-image-preview:large, max-video-preview:-1\" \/>\n<link rel=\"canonical\" href=\"https:\/\/svt-dalaine.fr\/svt\/gallery\/\" \/>\n<meta property=\"og:locale\" content=\"fr_FR\" \/>\n<meta property=\"og:type\" content=\"article\" \/>\n<meta property=\"og:title\" content=\"Galerie - Bienvenue sur le site de Sciences de la Vie et de la Terre\" \/>\n<meta property=\"og:description\" content=\"Les plus belles photos de g\u00e9ologie, botanique et sciences de la vie.\" \/>\n<meta property=\"og:url\" content=\"https:\/\/svt-dalaine.fr\/svt\/gallery\/\" \/>\n<meta property=\"og:site_name\" content=\"Bienvenue sur le site de Sciences de la Vie et de la Terre\" \/>\n<meta property=\"article:modified_time\" content=\"2019-08-27T15:56:26+00:00\" \/>\n<meta property=\"og:image\" content=\"https:\/\/svt-dalaine.fr\/svt\/wp-content\/uploads\/2019\/03\/IMG_3154-1024x683.jpg\" \/>\n<meta name=\"twitter:card\" content=\"summary_large_image\" \/>\n<script type=\"application\/ld+json\" class=\"yoast-schema-graph\">{\"@context\":\"https:\/\/schema.org\",\"@graph\":[{\"@type\":\"WebPage\",\"@id\":\"https:\/\/svt-dalaine.fr\/svt\/gallery\/\",\"url\":\"https:\/\/svt-dalaine.fr\/svt\/gallery\/\",\"name\":\"Galerie - Bienvenue sur le site de Sciences de la Vie et de la Terre\",\"isPartOf\":{\"@id\":\"https:\/\/svt-dalaine.fr\/svt\/#website\"},\"datePublished\":\"2018-01-08T13:59:39+00:00\",\"dateModified\":\"2019-08-27T15:56:26+00:00\",\"description\":\"Les plus belles photos de g\u00e9ologie, botanique et sciences de la vie.\",\"breadcrumb\":{\"@id\":\"https:\/\/svt-dalaine.fr\/svt\/gallery\/#breadcrumb\"},\"inLanguage\":\"fr-FR\",\"potentialAction\":[{\"@type\":\"ReadAction\",\"target\":[\"https:\/\/svt-dalaine.fr\/svt\/gallery\/\"]}]},{\"@type\":\"BreadcrumbList\",\"@id\":\"https:\/\/svt-dalaine.fr\/svt\/gallery\/#breadcrumb\",\"itemListElement\":[{\"@type\":\"ListItem\",\"position\":1,\"name\":\"Accueil\",\"item\":\"https:\/\/svt-dalaine.fr\/svt\/\"},{\"@type\":\"ListItem\",\"position\":2,\"name\":\"Galerie\"}]},{\"@type\":\"WebSite\",\"@id\":\"https:\/\/svt-dalaine.fr\/svt\/#website\",\"url\":\"https:\/\/svt-dalaine.fr\/svt\/\",\"name\":\"Bienvenue sur le site de Sciences de la Vie et de la Terre\",\"description\":\"Ressources en SVT de St\u00e9phanie Dalaine, professeure agr\u00e9g\u00e9e exer\u00e7ant en BCPST1 ENCPB\",\"potentialAction\":[{\"@type\":\"SearchAction\",\"target\":{\"@type\":\"EntryPoint\",\"urlTemplate\":\"https:\/\/svt-dalaine.fr\/svt\/?s={search_term_string}\"},\"query-input\":\"required name=search_term_string\"}],\"inLanguage\":\"fr-FR\"}]}<\/script>\n<!-- \/ Yoast SEO plugin. -->","yoast_head_json":{"title":"Galerie - Bienvenue sur le site de Sciences de la Vie et de la Terre","description":"Les plus belles photos de g\u00e9ologie, botanique et sciences de la vie.","robots":{"index":"index","follow":"follow","max-snippet":"max-snippet:-1","max-image-preview":"max-image-preview:large","max-video-preview":"max-video-preview:-1"},"canonical":"https:\/\/svt-dalaine.fr\/svt\/gallery\/","og_locale":"fr_FR","og_type":"article","og_title":"Galerie - Bienvenue sur le site de Sciences de la Vie et de la Terre","og_description":"Les plus belles photos de g\u00e9ologie, botanique et sciences de la vie.","og_url":"https:\/\/svt-dalaine.fr\/svt\/gallery\/","og_site_name":"Bienvenue sur le site de Sciences de la Vie et de la Terre","article_modified_time":"2019-08-27T15:56:26+00:00","og_image":[{"url":"https:\/\/svt-dalaine.fr\/svt\/wp-content\/uploads\/2019\/03\/IMG_3154-1024x683.jpg"}],"twitter_card":"summary_large_image","schema":{"@context":"https:\/\/schema.org","@graph":[{"@type":"WebPage","@id":"https:\/\/svt-dalaine.fr\/svt\/gallery\/","url":"https:\/\/svt-dalaine.fr\/svt\/gallery\/","name":"Galerie - Bienvenue sur le site de Sciences de la Vie et de la Terre","isPartOf":{"@id":"https:\/\/svt-dalaine.fr\/svt\/#website"},"datePublished":"2018-01-08T13:59:39+00:00","dateModified":"2019-08-27T15:56:26+00:00","description":"Les plus belles photos de g\u00e9ologie, botanique et sciences de la vie.","breadcrumb":{"@id":"https:\/\/svt-dalaine.fr\/svt\/gallery\/#breadcrumb"},"inLanguage":"fr-FR","potentialAction":[{"@type":"ReadAction","target":["https:\/\/svt-dalaine.fr\/svt\/gallery\/"]}]},{"@type":"BreadcrumbList","@id":"https:\/\/svt-dalaine.fr\/svt\/gallery\/#breadcrumb","itemListElement":[{"@type":"ListItem","position":1,"name":"Accueil","item":"https:\/\/svt-dalaine.fr\/svt\/"},{"@type":"ListItem","position":2,"name":"Galerie"}]},{"@type":"WebSite","@id":"https:\/\/svt-dalaine.fr\/svt\/#website","url":"https:\/\/svt-dalaine.fr\/svt\/","name":"Bienvenue sur le site de Sciences de la Vie et de la Terre","description":"Ressources en SVT de St\u00e9phanie Dalaine, professeure agr\u00e9g\u00e9e exer\u00e7ant en BCPST1 ENCPB","potentialAction":[{"@type":"SearchAction","target":{"@type":"EntryPoint","urlTemplate":"https:\/\/svt-dalaine.fr\/svt\/?s={search_term_string}"},"query-input":"required name=search_term_string"}],"inLanguage":"fr-FR"}]}},"_links":{"self":[{"href":"https:\/\/svt-dalaine.fr\/svt\/wp-json\/wp\/v2\/pages\/387","targetHints":{"allow":["GET"]}}],"collection":[{"href":"https:\/\/svt-dalaine.fr\/svt\/wp-json\/wp\/v2\/pages"}],"about":[{"href":"https:\/\/svt-dalaine.fr\/svt\/wp-json\/wp\/v2\/types\/page"}],"author":[{"embeddable":true,"href":"https:\/\/svt-dalaine.fr\/svt\/wp-json\/wp\/v2\/users\/1"}],"replies":[{"embeddable":true,"href":"https:\/\/svt-dalaine.fr\/svt\/wp-json\/wp\/v2\/comments?post=387"}],"version-history":[{"count":10,"href":"https:\/\/svt-dalaine.fr\/svt\/wp-json\/wp\/v2\/pages\/387\/revisions"}],"predecessor-version":[{"id":910,"href":"https:\/\/svt-dalaine.fr\/svt\/wp-json\/wp\/v2\/pages\/387\/revisions\/910"}],"wp:attachment":[{"href":"https:\/\/svt-dalaine.fr\/svt\/wp-json\/wp\/v2\/media?parent=387"}],"wp:term":[{"taxonomy":"category","embeddable":true,"href":"https:\/\/svt-dalaine.fr\/svt\/wp-json\/wp\/v2\/categories?post=387"},{"taxonomy":"post_tag","embeddable":true,"href":"https:\/\/svt-dalaine.fr\/svt\/wp-json\/wp\/v2\/tags?post=387"}],"curies":[{"name":"wp","href":"https:\/\/api.w.org\/{rel}","templated":true}]}}